{"id":5626,"date":"2022-08-05T13:05:00","date_gmt":"2022-08-05T17:05:00","guid":{"rendered":"https:\/\/medicina.udd.cl\/kinesiologia-santiago\/?page_id=5626"},"modified":"2022-08-08T09:59:38","modified_gmt":"2022-08-08T13:59:38","slug":"satisfaccion-percepcion-de-efectividad-barreras-y-limitaciones-de-la-telerehabilitacion-en-chile","status":"publish","type":"page","link":"https:\/\/medicina.udd.cl\/kinesiologia-santiago\/satisfaccion-percepcion-de-efectividad-barreras-y-limitaciones-de-la-telerehabilitacion-en-chile\/","title":{"rendered":"Satisfacci\u00f3n, Percepci\u00f3n de Efectividad, Barreras y Limitaciones de la Telerehabilitaci\u00f3n en Chile"},"content":{"rendered":"<nav class=\"tabs js-tabs\" role=\"tablist\">\n\t\t<a\n\t\tdata-uid=\"4n16zm\"\n\t\tdata-slug=\"sobre-el-estudio\"\n\t\tclass=\"active js-tab\"\n\t\tid=\"udd-tabs-row--1__tab--0\"\n\t\thref=\"#udd-tabs-row--4n16zm\"\n\t\trole=\"tab\"\n\t\taria-controls=\"udd-tabs-row--1--0\"\n\t\taria-selected=\"true\"\n\t>sobre el estudio<\/a>\n\t\t<a\n\t\tdata-uid=\"l2gk3g\"\n\t\tdata-slug=\"consentimiento-informado\"\n\t\tclass=\"js-tab\"\n\t\tid=\"udd-tabs-row--1__tab--1\"\n\t\thref=\"#udd-tabs-row--l2gk3g\"\n\t\trole=\"tab\"\n\t\taria-controls=\"udd-tabs-row--1--1\"\n\t\taria-selected=\"false\"\n\t>consentimiento informado<\/a>\n\t\t<a\n\t\tdata-uid=\"7u6t2x\"\n\t\tdata-slug=\"equipo-a-cargo\"\n\t\tclass=\"js-tab\"\n\t\tid=\"udd-tabs-row--1__tab--2\"\n\t\thref=\"#udd-tabs-row--7u6t2x\"\n\t\trole=\"tab\"\n\t\taria-controls=\"udd-tabs-row--1--2\"\n\t\taria-selected=\"false\"\n\t>equipo a cargo<\/a>\n\t<\/nav>\n<div class=\"tab-content\">\n\t<div\n\t\tdata-uid=\"4n16zm\"\n\t\tdata-slug=\"sobre-el-estudio\"\n\t\tclass=\"tab-pane tabs-content udd-tab-content active\"\n\t\tid=\"udd-tabs-row--4n16zm\"\n\t\trole=\"tabpanel\"\n\t\taria-labelledby=\"udd-tabs-row--1__tab--0\"\n\t>\n\t\t<div class=\"text container\">\n\t\t\t\n<p>El estudio titulado\n\u201cExperiencias y percepciones del proceso de telerehabilitaci\u00f3n por parte de\nusuarios y kinesi\u00f3logos chilenos: un estudio mixto\u201d, busca determinar las\nexperiencias y percepciones de kinesi\u00f3logos y usuarios de servicios\nterap\u00e9uticos ofrecidos por v\u00eda de telerehabilitaci\u00f3n durante la pandemia por\nCOVID-19.<\/p>\n\n<p>La telesalud supone el uso de\ntelecomunicaciones y tecnolog\u00eda virtual para prestar servicios fuera de los\ncentros de atenci\u00f3n de la salud tradicionales cuando la distancia y acceso son\nfactores cr\u00edticos.&nbsp; La telerehabilitaci\u00f3n, por su parte, es considerada\nparte de la telesalud, donde se utilizan tecnolog\u00edas de telecomunicaci\u00f3n para\nel control o monitoreo de la rehabilitaci\u00f3n a distancia, permitiendo aumentar\nla accesibilidad y mejorar la continuidad de la atenci\u00f3n en poblaciones con\ndiscapacidades y alejadas geogr\u00e1ficamente con el potencial ahorro de tiempo y\ndinero. Espec\u00edficamente en el \u00e1rea de la terapia f\u00edsica, recientemente se ha\ndiscutido sobre los beneficios y limitaciones de una pr\u00e1ctica digital o de\ntelesalud, la que tendr\u00eda como prop\u00f3sito facilitar una prestaci\u00f3n eficaz de\nservicios de fisioterapia o terapia f\u00edsica mediante la mejora del acceso a la\natenci\u00f3n.<\/p>\n\n<p>Conocer las experiencias y\npercepciones de usuarios y tratantes sobre el uso de telerehabilitaci\u00f3n durante\nla pandemia COVID-19 ayudar\u00eda a poder generar mejoras en cuanto a la implementaci\u00f3n\nde esta estrategia de rehabilitaci\u00f3n, y potencialmente brindar una atenci\u00f3n de\ncalidad transversal para los usuarios.<\/p>\n\n<p><strong>PROPOSITO<\/strong><\/p>\n\n<p>Este estudio permitir\u00e1\nrealizar una primera aproximaci\u00f3n a la caracterizaci\u00f3n de los servicios de\ntelerehabilitaci\u00f3n implementados desde la pandemia por COVID-19, y las\nexperiencias y percepciones de usuarios y tratantes kinesi\u00f3logos sobre su\nefectividad cl\u00ednica, satisfacci\u00f3n usuaria, y barreras y facilitadores de su\npr\u00e1ctica. <\/p>\n\n<p><strong>OBJETIVO\nGENERAL<\/strong><\/p>\n\n<p>Determinar las experiencias y\npercepciones de kinesi\u00f3logos y usuarios de servicios terap\u00e9uticos ofrecidos por\nv\u00eda de telerehabilitaci\u00f3n durante la pandemia por COVID-19.<\/p>\n\n<p><strong>OBJETIVOS\nESPEC\u00cdFICOS<\/strong><\/p>\n\n<ul class=\"wp-block-list\"><li>En participantes kinesi\u00f3logos se pretende,\ncaracterizar seg\u00fan variables sociodemogr\u00e1ficas, experiencia cl\u00ednica,\nexperiencia y caracterizaci\u00f3n del servicio de telerehabilitaci\u00f3n, estrategias\nde atenci\u00f3n, barreras y facilitadores de su pr\u00e1ctica, y percepci\u00f3n de\nefectividad cl\u00ednica y satisfacci\u00f3n usuaria.<\/li><li>En participantes usuarios\/pacientes se pretende,\ncaracterizar seg\u00fan variables sociodemogr\u00e1ficas, caracter\u00edsticas de salud,\nconfianza con el uso de tecnolog\u00eda, experiencia en telerehabilitaci\u00f3n barreras\ny facilitadores de su pr\u00e1ctica, y percepci\u00f3n de efectividad cl\u00ednica y\nsatisfacci\u00f3n usuaria.<\/li><li>Explorar las experiencias y percepciones de\nkinesi\u00f3logos y usuarios de servicios terap\u00e9uticos ofrecidos por v\u00eda de\ntelerehabilitaci\u00f3n respecto a las barreras y facilitadores para su uso.<\/li><\/ul>\n\n<p><strong>DISE\u00d1O\nDEL ESTUDIO<\/strong><\/p>\n\n<p>Mixto (cuantitativo y\ncualitativo) explicatorio secuencial, consiste en una primera fase de\nlevantamiento de informaci\u00f3n cuantitativa y a partir de \u00e9sta, se realiza la\nfase cualitativa.<\/p>\n\n<p><strong>CRITERIOS\nDE INCLUSI\u00d3N<\/strong><\/p>\n\n<ul class=\"wp-block-list\"><li>Profesionales kinesi\u00f3logos y usuarios de\ntelerehabilitaci\u00f3n durante la pandemia COVID-19.<\/li><li>Residentes en Chile.<\/li><li>Contar con acceso a internet\/Smartphone.<\/li><li>Capaz de acceder a las sesiones de\ntelerehabilitaci\u00f3n de forma aut\u00f3noma (solo para usuarios).<\/li><\/ul>\n\n<p><strong>CRITERIOS\nDE EXCLUSI\u00d3N<\/strong><\/p>\n\n<p>Menores de 18 a\u00f1os.<\/p>\n\n<p><strong>MEDICIONES<\/strong><\/p>\n\n<p>Componente cuantitativo: Se\nrealizar\u00e1 un muestreo por cuotas, seg\u00fan zona geogr\u00e1fica (rural y urbano) y\nsistema de salud (p\u00fablico y privado). <\/p>\n\n<p>Componente cualitativo: Se\nrealizar\u00e1 un muestreo sistem\u00e1tico, por cuotas, para asegurar una adecuada\nrepresentatividad seg\u00fan: ubicaci\u00f3n geogr\u00e1fica (rural vs urbano), tipo de\nservicio cl\u00ednico, nivel de satisfacci\u00f3n, y g\u00e9nero de acuerdo con las respuestas\nencontradas en la fase cuantitativa, tanto para usuarios como kinesi\u00f3logos.<\/p>\n\t\t<\/div>\n\t<\/div>\n\t<div\n\t\tdata-uid=\"l2gk3g\"\n\t\tdata-slug=\"consentimiento-informado\"\n\t\tclass=\"tab-pane tabs-content udd-tab-content\"\n\t\tid=\"udd-tabs-row--l2gk3g\"\n\t\trole=\"tabpanel\"\n\t\taria-labelledby=\"udd-tabs-row--1__tab--1\"\n\t>\n\t\t<div class=\"text container\">\n\t\t\t\n<p><strong>PROTOCOLO\nDE CONSENTIMIENTO INFORMADO<\/strong><\/p>\n\n<p><strong>USUARIOS\nY TRATANTES: FASE CUANTITATIVA<\/strong><\/p>\n\n<p><strong>Nombre\ndel estudio y del Investigador Principal<\/strong><\/p>\n\n<p>Usted est\u00e1 siendo invitado a\nparticipar en el proyecto de investigaci\u00f3n titulado \u201cExperiencias y\npercepciones del proceso de telerehabilitaci\u00f3n por parte de usuarios y\nkinesi\u00f3logos chilenos: un estudio mixto\u201d.<\/p>\n\n<p>Investigador principal: Dra.\nManuela Besomi. <\/p>\n\n<p><strong>Introducci\u00f3n&nbsp;&nbsp;&nbsp;&nbsp;&nbsp;&nbsp;&nbsp;&nbsp;&nbsp;&nbsp;&nbsp;&nbsp;&nbsp;&nbsp;&nbsp;&nbsp;&nbsp;&nbsp;&nbsp;&nbsp;&nbsp;&nbsp;&nbsp;&nbsp;&nbsp;&nbsp;&nbsp;&nbsp;&nbsp;&nbsp;&nbsp;&nbsp;&nbsp;&nbsp;&nbsp;&nbsp;&nbsp;&nbsp;&nbsp;&nbsp;&nbsp;&nbsp;&nbsp;&nbsp;&nbsp;&nbsp;&nbsp;&nbsp;&nbsp;&nbsp;&nbsp;&nbsp;&nbsp;&nbsp;&nbsp;&nbsp;&nbsp;&nbsp;&nbsp;&nbsp;&nbsp;&nbsp;&nbsp;&nbsp;&nbsp;&nbsp;&nbsp;&nbsp;&nbsp;&nbsp;&nbsp;&nbsp;&nbsp;&nbsp;&nbsp;&nbsp;&nbsp;&nbsp;\n<\/strong><\/p>\n\n<p>La pandemia por COVID-19 ha\npermitido la r\u00e1pida implementaci\u00f3n y desarrollo de un sistema de salud digital,\nlo que oblig\u00f3 a profesionales chilenos de la salud a reconvertir sus servicios\ny realizar esfuerzos por mantener la calidad de sus atenciones en formato\ntelem\u00e1tico. En este escenario, y si bien el uso de la telerehabilitaci\u00f3n se ha\nincorporado como una herramienta \u00fatil, no existen estudios locales ni a nivel\nde la regi\u00f3n latinoamericana que eval\u00faen la aceptaci\u00f3n cultural tanto por parte\nde los profesionales que ofrecen los servicios, como por parte de los usuarios\nque los reciben. Tampoco se sabe si los pacientes beneficiarios de servicios de\nrehabilitaci\u00f3n cuentan con las habilidades que permitan independencia en la\ninteracci\u00f3n con los tratantes, ni si estas pr\u00e1cticas son percibidas de igual\ncalidad que la atenci\u00f3n presencial o si afectan la relaci\u00f3n paciente-tratante.<\/p>\n\n<p><strong>Objetivo<\/strong><\/p>\n\n<p>Determinar las experiencias y\npercepciones de kinesi\u00f3logos y usuarios de servicios terap\u00e9uticos ofrecidos por\nv\u00eda de telerehabilitaci\u00f3n durante la pandemia por COVID-19.<\/p>\n\n<p><strong>\u00bfQui\u00e9nes\npueden participar en este estudio?<\/strong><\/p>\n\n<p>Pueden participar todos\naquellos kinesi\u00f3logos y usuarios de servicios terap\u00e9uticos ofrecidos por v\u00eda de\ntelerehabilitaci\u00f3n durante la pandemia por COVID-19 (entre los a\u00f1os 2020 &#8211;\n2021), que residan en Chile, y sean mayores de 18 a\u00f1os. Los usuarios de estos\nservicios deben ser autovalentes (que no necesitaron ayuda durante la\natenci\u00f3n). Se requiere de acceso a internet para contestar encuesta.<\/p>\n\n<p><strong>Procedimientos\ndel estudio<\/strong><\/p>\n\n<p>Los kinesi\u00f3logos que accedan a\nparticipar deber\u00e1n completar un cuestionario con informaci\u00f3n sociodemogr\u00e1ficas,\nexperiencia cl\u00ednica, experiencia y caracterizaci\u00f3n del servicio de\ntelerehabilitaci\u00f3n, estrategias de atenci\u00f3n, barreras y facilitadores de su\npr\u00e1ctica, percepci\u00f3n de efectividad cl\u00ednica y satisfacci\u00f3n usuaria. Los\nusuarios del servicio de telerehabilitaci\u00f3n deber\u00e1n completar un cuestionario\ncon informaci\u00f3n sociodemogr\u00e1ficas, caracter\u00edsticas de salud, confianza con el\nuso de tecnolog\u00eda, experiencia en telerehabilitaci\u00f3n barreras y facilitadores\nde su pr\u00e1ctica, percepci\u00f3n de efectividad cl\u00ednica y satisfacci\u00f3n usuaria. La\nencuesta tiene una duraci\u00f3n aproximada de 15 minutos y se responde mediante una\nplataforma web (online), la cual ser\u00e1 enviada a su correo electr\u00f3nico. Usted\ntambi\u00e9n podr\u00eda ser invitado a participar de una fase cualitativa, consistente\nen una entrevista realizada por un encuestador una vez finalizada la encuesta.<\/p>\n\n<p><strong>Riesgos\ny beneficios<\/strong><\/p>\n\n<p>Su participaci\u00f3n no implica\nning\u00fan riesgo. Toda su informaci\u00f3n es estrictamente confidencial y s\u00f3lo ser\u00e1\nutilizada con fines de investigaci\u00f3n. Finalizado todo el proceso del estudio,\nusted ser\u00e1 invitado a una charla para la presentaci\u00f3n de los resultados. <\/p>\n\n<p><strong>\u00bfQui\u00e9n\ndise\u00f1\u00f3 el estudio?<\/strong><\/p>\n\n<p>El estudio fue dise\u00f1ado por\nManuela Besomi, Orlando Flores, Pamela Seron, Felipe Parada, Jose Antonio\nMichell, Jaime Leppe, Paulina Araya, Eduardo N\u00fa\u00f1ez, Alfonso Pe\u00f1a, Ximena\nNeculhueque, Elizabeth Lorena Prado, Ra\u00fal Valenzuela, y Camilo \u00c1guila.<\/p>\n\n<p><strong>Costos<\/strong><\/p>\n\n<p>Su participaci\u00f3n en el estudio\nNO le generar\u00e1 ning\u00fan gasto en dinero.<\/p>\n\n<p><strong>Participaci\u00f3n\nvoluntaria<\/strong><\/p>\n\n<p>Su participaci\u00f3n en este\nestudio es completamente voluntaria. Usted puede rechazar su participaci\u00f3n o\nsuspender la encuesta en todo momento.<\/p>\n\n<p><strong>Confidencialidad<\/strong><\/p>\n\n<p>La confidencialidad de sus\ndatos est\u00e1 resguardada bajo las leyes vigentes de nuestro pa\u00eds, es decir, nadie\npodr\u00e1 conocer sus resultados ni identificar su identidad. La informaci\u00f3n del\nestudio ser\u00e1 manejada s\u00f3lo por los investigadores.<\/p>\n\n<p><strong>M\u00e1s\ninformaci\u00f3n<\/strong><\/p>\n\n<p><strong>Investigador\nresponsable:<\/strong> Dra. Manuela Besomi, usted puede contactarnos\nal tel\u00e9fono de la carrera de Kinesiolog\u00eda de la Universidad del Desarrollo +56 2\n23279648 o al m\u00f3vil +56 9 78872527.<\/p>\n\n<p><strong>Aprobaci\u00f3n:<\/strong> Este\nestudio ha sido aprobado por el Comit\u00e9 de \u00c9tica de la Investigaci\u00f3n Cl\u00ednica\nAlemana Universidad del Desarrollo.<\/p>\n\n<p>Presidente Dr. Marcial Osorio. Universidad del Desarrollo. Tel\u00e9fono +56223279157.<\/p>\n\n<p><strong>DESCARGA<\/strong><\/p>\n\n<ul class=\"wp-block-list\"><li><strong><a href=\"https:\/\/medicina.udd.cl\/kinesiologia-santiago\/files\/2022\/08\/Consentimiento-informado-fase-cuantitativa-.pdf\">Consentimiento informado fase cuantitativa<\/a><\/strong><\/li><li><strong><a href=\"https:\/\/medicina.udd.cl\/kinesiologia-santiago\/files\/2022\/08\/Consentimiento-informado-fase-cualitativa-.pdf\">Consentimiento informado fase cualitativa<\/a><\/strong><\/li><\/ul>\n\t\t<\/div>\n\t<\/div>\n\t<div\n\t\tdata-uid=\"7u6t2x\"\n\t\tdata-slug=\"equipo-a-cargo\"\n\t\tclass=\"tab-pane tabs-content udd-tab-content\"\n\t\tid=\"udd-tabs-row--7u6t2x\"\n\t\trole=\"tabpanel\"\n\t\taria-labelledby=\"udd-tabs-row--1__tab--2\"\n\t>\n\t\t<div class=\"text container\">\n\t\t\t\n<p><strong>Equipo<\/strong><\/p>\n\n<ul class=\"wp-block-list\"><li>Dr Manuela Besomi \u2013 Universidad del Desarrollo; The University of Queensland.<\/li><li>Prof Pamela Seron \u2013 Universidad de La Frontera.<\/li><li>Dr Orlando Flores \u2013 Coaniquem; The University of Queensland.<\/li><li>Felipe Parada \u2013 Universidad de Concepci\u00f3n.<\/li><li>Jose Antonio Michell \u2013 The George Institute for Global Health Australia.<\/li><li>Eduardo N\u00fa\u00f1ez \u2013 Universidad del Desarrollo; Programa de Magister en Terapia F\u00edsica y Rehabilitaci\u00f3n. <\/li><li>Alfonso Pe\u00f1a \u2013 Universidad del Desarrollo; Programa de Magister en Terapia F\u00edsica y Rehabilitaci\u00f3n.<\/li><li>Prof Jaime Leppe \u2013 Universidad del Desarrollo; Programa de Magister en Terapia F\u00edsica y Rehabilitaci\u00f3n.<\/li><li>Prof Paulina Araya \u2013 Universidad del Desarrollo; Programa de Magister en Terapia F\u00edsica y Rehabilitaci\u00f3n.<\/li><li>Dra.\u00a0Ximena\u00a0Neculhueque \u2013\u00a0Departamento de Rehabilitaci\u00f3n y Discapacidad, Ministerio de Salud.<\/li><li>Dra. Elizabeth Lorena Prado\u00a0\u2013\u00a0Departamento de Rehabilitaci\u00f3n y Discapacidad, Ministerio de Salud.<\/li><li>Klgo. Raul Valenzuela\u00a0\u2013\u00a0Departamento de Rehabilitaci\u00f3n y Discapacidad, Ministerio de Salud.<\/li><li>T.O. Camilo \u00c1guila\u00a0\u2013\u00a0Departamento de Rehabilitaci\u00f3n y Discapacidad, Ministerio de Salud.    <\/li><\/ul>\n\n<p><strong>RESPONSABLE\nDEL ESTUDIO<\/strong><\/p>\n\n<p>Manuela Besomi (PT, MSc, PhD).<\/p>\n\n<p>Correo: <a href=\"mailto:mbesomim@udd.cl\">mbesomim@udd.cl<\/a><\/p>\n\t\t<\/div>\n\t<\/div>\n<\/div>\n\n\n\n<figure class=\"wp-block-embed-youtube aligncenter wp-block-embed is-type-video is-provider-youtube wp-embed-aspect-16-9 wp-has-aspect-ratio\"><div class=\"wp-block-embed__wrapper\">\n<iframe loading=\"lazy\" title=\"Experiencias y percepciones del proceso de telerehabilitaci\u00f3n\" width=\"500\" height=\"281\" src=\"https:\/\/www.youtube.com\/embed\/cCaYQsDqM3E?feature=oembed&#038;rel=0&#038;modestbranding=1&#038;autohide=1&#038;autoplay=0&#038;enablejsapi=1&#038;showinfo=0\" allowautoplay=\"allowautoplay\" frameborder=\"0\" allow=\"accelerometer; autoplay; clipboard-write; encrypted-media; gyroscope; picture-in-picture; web-share\" referrerpolicy=\"strict-origin-when-cross-origin\" allowfullscreen><\/iframe>\n<\/div><\/figure>\n","protected":false},"excerpt":{"rendered":"","protected":false},"author":9192219,"featured_media":0,"parent":0,"menu_order":0,"comment_status":"closed","ping_status":"closed","template":"","meta":{"footnotes":""},"class_list":["post-5626","page","type-page","status-publish","hentry"],"yoast_head":"<!-- This site is optimized with the Yoast SEO plugin v26.9 - https:\/\/yoast.com\/product\/yoast-seo-wordpress\/ -->\n<title>Satisfacci\u00f3n, Percepci\u00f3n de Efectividad, Barreras y Limitaciones de la Telerehabilitaci\u00f3n en Chile - Kinesiolog\u00eda<\/title>\n<meta name=\"robots\" content=\"index, follow, max-snippet:-1, max-image-preview:large, max-video-preview:-1\" \/>\n<link rel=\"canonical\" href=\"https:\/\/medicina.udd.cl\/kinesiologia-santiago\/satisfaccion-percepcion-de-efectividad-barreras-y-limitaciones-de-la-telerehabilitacion-en-chile\/\" \/>\n<meta property=\"og:locale\" content=\"es_ES\" \/>\n<meta property=\"og:type\" content=\"article\" \/>\n<meta property=\"og:title\" content=\"Satisfacci\u00f3n, Percepci\u00f3n de Efectividad, Barreras y Limitaciones de la Telerehabilitaci\u00f3n en Chile - Kinesiolog\u00eda\" \/>\n<meta property=\"og:url\" content=\"https:\/\/medicina.udd.cl\/kinesiologia-santiago\/satisfaccion-percepcion-de-efectividad-barreras-y-limitaciones-de-la-telerehabilitacion-en-chile\/\" \/>\n<meta property=\"og:site_name\" content=\"Kinesiolog\u00eda\" \/>\n<meta property=\"article:modified_time\" content=\"2022-08-08T13:59:38+00:00\" \/>\n<meta name=\"twitter:label1\" content=\"Tiempo de lectura\" \/>\n\t<meta name=\"twitter:data1\" content=\"8 minutos\" \/>\n<script type=\"application\/ld+json\" class=\"yoast-schema-graph\">{\"@context\":\"https:\/\/schema.org\",\"@graph\":[{\"@type\":\"WebPage\",\"@id\":\"https:\/\/medicina.udd.cl\/kinesiologia-santiago\/satisfaccion-percepcion-de-efectividad-barreras-y-limitaciones-de-la-telerehabilitacion-en-chile\/\",\"url\":\"https:\/\/medicina.udd.cl\/kinesiologia-santiago\/satisfaccion-percepcion-de-efectividad-barreras-y-limitaciones-de-la-telerehabilitacion-en-chile\/\",\"name\":\"Satisfacci\u00f3n, Percepci\u00f3n de Efectividad, Barreras y Limitaciones de la Telerehabilitaci\u00f3n en Chile - Kinesiolog\u00eda\",\"isPartOf\":{\"@id\":\"https:\/\/medicina.udd.cl\/kinesiologia-santiago\/#website\"},\"datePublished\":\"2022-08-05T17:05:00+00:00\",\"dateModified\":\"2022-08-08T13:59:38+00:00\",\"breadcrumb\":{\"@id\":\"https:\/\/medicina.udd.cl\/kinesiologia-santiago\/satisfaccion-percepcion-de-efectividad-barreras-y-limitaciones-de-la-telerehabilitacion-en-chile\/#breadcrumb\"},\"inLanguage\":\"es\",\"potentialAction\":[{\"@type\":\"ReadAction\",\"target\":[\"https:\/\/medicina.udd.cl\/kinesiologia-santiago\/satisfaccion-percepcion-de-efectividad-barreras-y-limitaciones-de-la-telerehabilitacion-en-chile\/\"]}]},{\"@type\":\"BreadcrumbList\",\"@id\":\"https:\/\/medicina.udd.cl\/kinesiologia-santiago\/satisfaccion-percepcion-de-efectividad-barreras-y-limitaciones-de-la-telerehabilitacion-en-chile\/#breadcrumb\",\"itemListElement\":[{\"@type\":\"ListItem\",\"position\":1,\"name\":\"Home\",\"item\":\"https:\/\/medicina.udd.cl\/kinesiologia-santiago\/\"},{\"@type\":\"ListItem\",\"position\":2,\"name\":\"Satisfacci\u00f3n, Percepci\u00f3n de Efectividad, Barreras y Limitaciones de la Telerehabilitaci\u00f3n en Chile\"}]},{\"@type\":\"WebSite\",\"@id\":\"https:\/\/medicina.udd.cl\/kinesiologia-santiago\/#website\",\"url\":\"https:\/\/medicina.udd.cl\/kinesiologia-santiago\/\",\"name\":\"Kinesiolog\u00eda\",\"description\":\"Facultad de Medicina Cl\u00ednica Alemana Universidad del Desarrollo\",\"inLanguage\":\"es\"}]}<\/script>\n<!-- \/ Yoast SEO plugin. -->","yoast_head_json":{"title":"Satisfacci\u00f3n, Percepci\u00f3n de Efectividad, Barreras y Limitaciones de la Telerehabilitaci\u00f3n en Chile - Kinesiolog\u00eda","robots":{"index":"index","follow":"follow","max-snippet":"max-snippet:-1","max-image-preview":"max-image-preview:large","max-video-preview":"max-video-preview:-1"},"canonical":"https:\/\/medicina.udd.cl\/kinesiologia-santiago\/satisfaccion-percepcion-de-efectividad-barreras-y-limitaciones-de-la-telerehabilitacion-en-chile\/","og_locale":"es_ES","og_type":"article","og_title":"Satisfacci\u00f3n, Percepci\u00f3n de Efectividad, Barreras y Limitaciones de la Telerehabilitaci\u00f3n en Chile - Kinesiolog\u00eda","og_url":"https:\/\/medicina.udd.cl\/kinesiologia-santiago\/satisfaccion-percepcion-de-efectividad-barreras-y-limitaciones-de-la-telerehabilitacion-en-chile\/","og_site_name":"Kinesiolog\u00eda","article_modified_time":"2022-08-08T13:59:38+00:00","twitter_misc":{"Tiempo de lectura":"8 minutos"},"schema":{"@context":"https:\/\/schema.org","@graph":[{"@type":"WebPage","@id":"https:\/\/medicina.udd.cl\/kinesiologia-santiago\/satisfaccion-percepcion-de-efectividad-barreras-y-limitaciones-de-la-telerehabilitacion-en-chile\/","url":"https:\/\/medicina.udd.cl\/kinesiologia-santiago\/satisfaccion-percepcion-de-efectividad-barreras-y-limitaciones-de-la-telerehabilitacion-en-chile\/","name":"Satisfacci\u00f3n, Percepci\u00f3n de Efectividad, Barreras y Limitaciones de la Telerehabilitaci\u00f3n en Chile - Kinesiolog\u00eda","isPartOf":{"@id":"https:\/\/medicina.udd.cl\/kinesiologia-santiago\/#website"},"datePublished":"2022-08-05T17:05:00+00:00","dateModified":"2022-08-08T13:59:38+00:00","breadcrumb":{"@id":"https:\/\/medicina.udd.cl\/kinesiologia-santiago\/satisfaccion-percepcion-de-efectividad-barreras-y-limitaciones-de-la-telerehabilitacion-en-chile\/#breadcrumb"},"inLanguage":"es","potentialAction":[{"@type":"ReadAction","target":["https:\/\/medicina.udd.cl\/kinesiologia-santiago\/satisfaccion-percepcion-de-efectividad-barreras-y-limitaciones-de-la-telerehabilitacion-en-chile\/"]}]},{"@type":"BreadcrumbList","@id":"https:\/\/medicina.udd.cl\/kinesiologia-santiago\/satisfaccion-percepcion-de-efectividad-barreras-y-limitaciones-de-la-telerehabilitacion-en-chile\/#breadcrumb","itemListElement":[{"@type":"ListItem","position":1,"name":"Home","item":"https:\/\/medicina.udd.cl\/kinesiologia-santiago\/"},{"@type":"ListItem","position":2,"name":"Satisfacci\u00f3n, Percepci\u00f3n de Efectividad, Barreras y Limitaciones de la Telerehabilitaci\u00f3n en Chile"}]},{"@type":"WebSite","@id":"https:\/\/medicina.udd.cl\/kinesiologia-santiago\/#website","url":"https:\/\/medicina.udd.cl\/kinesiologia-santiago\/","name":"Kinesiolog\u00eda","description":"Facultad de Medicina Cl\u00ednica Alemana Universidad del Desarrollo","inLanguage":"es"}]}},"_links":{"self":[{"href":"https:\/\/medicina.udd.cl\/kinesiologia-santiago\/wp-json\/wp\/v2\/pages\/5626","targetHints":{"allow":["GET"]}}],"collection":[{"href":"https:\/\/medicina.udd.cl\/kinesiologia-santiago\/wp-json\/wp\/v2\/pages"}],"about":[{"href":"https:\/\/medicina.udd.cl\/kinesiologia-santiago\/wp-json\/wp\/v2\/types\/page"}],"author":[{"embeddable":true,"href":"https:\/\/medicina.udd.cl\/kinesiologia-santiago\/wp-json\/wp\/v2\/users\/9192219"}],"replies":[{"embeddable":true,"href":"https:\/\/medicina.udd.cl\/kinesiologia-santiago\/wp-json\/wp\/v2\/comments?post=5626"}],"version-history":[{"count":4,"href":"https:\/\/medicina.udd.cl\/kinesiologia-santiago\/wp-json\/wp\/v2\/pages\/5626\/revisions"}],"predecessor-version":[{"id":5641,"href":"https:\/\/medicina.udd.cl\/kinesiologia-santiago\/wp-json\/wp\/v2\/pages\/5626\/revisions\/5641"}],"wp:attachment":[{"href":"https:\/\/medicina.udd.cl\/kinesiologia-santiago\/wp-json\/wp\/v2\/media?parent=5626"}],"curies":[{"name":"wp","href":"https:\/\/api.w.org\/{rel}","templated":true}]}}