{"id":30,"date":"2022-07-04T18:19:13","date_gmt":"2022-07-04T18:19:13","guid":{"rendered":"https:\/\/medicina.udd.cl\/labsaludpoblacional\/?page_id=30"},"modified":"2024-03-15T11:57:30","modified_gmt":"2024-03-15T14:57:30","slug":"sobre-lsp","status":"publish","type":"page","link":"https:\/\/medicina.udd.cl\/labsaludpoblacional\/sobre-lsp\/","title":{"rendered":"Sobre Laboratorio de Salud Poblacional (LSP)"},"content":{"rendered":"\n<p><br><\/p>\n\n\n\n<figure class=\"wp-block-image aligncenter size-large is-resized\"><img loading=\"lazy\" decoding=\"async\" width=\"1024\" height=\"614\" src=\"https:\/\/medicina.udd.cl\/labsaludpoblacional\/files\/2024\/03\/sobre-lsp-1024x614.jpg\" alt=\"\" class=\"wp-image-396\" style=\"width:714px;height:auto\" srcset=\"https:\/\/medicina.udd.cl\/labsaludpoblacional\/files\/2024\/03\/sobre-lsp-1024x614.jpg 1024w, https:\/\/medicina.udd.cl\/labsaludpoblacional\/files\/2024\/03\/sobre-lsp-300x180.jpg 300w, https:\/\/medicina.udd.cl\/labsaludpoblacional\/files\/2024\/03\/sobre-lsp-768x460.jpg 768w, https:\/\/medicina.udd.cl\/labsaludpoblacional\/files\/2024\/03\/sobre-lsp.jpg 1150w\" sizes=\"auto, (max-width: 1024px) 100vw, 1024px\" \/><\/figure>\n\n\n\n<h2 class=\"wp-block-heading\"><strong>Objetivo General<\/strong><\/h2>\n\n\n\n<ul class=\"wp-block-list\">\n<li>Facilitar un entorno seguro de investigaci\u00f3n resguardando la seguridad e integridad de los datos<\/li>\n\n\n\n<li>Promoviendo la colaboraci\u00f3n entre investigadores y gestores de salud a nivel nacional.<\/li>\n\n\n\n<li>Ayudando a los investigadores a llevar a cabo estudios cient\u00edficos de manera \u00e9tica y eficiente, para promover la mejora de intervenciones en salud y la salud de la poblaci\u00f3n.&nbsp;&nbsp;<\/li>\n<\/ul>\n\n\n\n<h2 class=\"wp-block-heading\"><strong>Objetivos Espec\u00edficos <\/strong><\/h2>\n\n\n\n<ul class=\"wp-block-list\">\n<li>Generar un entorno de investigaci\u00f3n confiable soportado por un modelo de gobernanza, tecnolog\u00eda, gesti\u00f3n de los datos y capacidades de apoyo.<\/li>\n\n\n\n<li>Investigar las necesidades y determinantes de salud en un territorio.&nbsp;<\/li>\n\n\n\n<li>Evaluar el desempe\u00f1o del sistema y mejorar estrategias.&nbsp;<\/li>\n\n\n\n<li>Comprender conocimientos y pr\u00e1cticas de las comunidades.&nbsp;<\/li>\n\n\n\n<li>Optimizar estrategias de prevenci\u00f3n y tratamiento.&nbsp;<\/li>\n\n\n\n<li>Crear alianzas con instituciones nacionales e internacionales (acad\u00e9micos, universidades, servicios de salud).<\/li>\n<\/ul>\n","protected":false},"excerpt":{"rendered":"<p>Objetivo General Objetivos Espec\u00edficos<\/p>\n","protected":false},"author":9192194,"featured_media":0,"parent":0,"menu_order":0,"comment_status":"closed","ping_status":"closed","template":"","meta":{"footnotes":""},"class_list":["post-30","page","type-page","status-publish","hentry"],"yoast_head":"<!-- This site is optimized with the Yoast SEO plugin v26.9 - https:\/\/yoast.com\/product\/yoast-seo-wordpress\/ -->\n<title>Sobre Laboratorio de Salud Poblacional (LSP) - Laboratorio de Salud Poblacional<\/title>\n<meta name=\"robots\" content=\"index, follow, max-snippet:-1, max-image-preview:large, max-video-preview:-1\" \/>\n<link rel=\"canonical\" href=\"https:\/\/medicina.udd.cl\/labsaludpoblacional\/sobre-lsp\/\" \/>\n<meta property=\"og:locale\" content=\"es_ES\" \/>\n<meta property=\"og:type\" content=\"article\" \/>\n<meta property=\"og:title\" content=\"Sobre Laboratorio de Salud Poblacional (LSP) - Laboratorio de Salud Poblacional\" \/>\n<meta property=\"og:description\" content=\"Objetivo General Objetivos Espec\u00edficos\" \/>\n<meta property=\"og:url\" content=\"https:\/\/medicina.udd.cl\/labsaludpoblacional\/sobre-lsp\/\" \/>\n<meta property=\"og:site_name\" content=\"Laboratorio de Salud Poblacional\" \/>\n<meta property=\"article:modified_time\" content=\"2024-03-15T14:57:30+00:00\" \/>\n<meta property=\"og:image\" content=\"https:\/\/medicina.udd.cl\/labsaludpoblacional\/files\/2024\/03\/sobre-lsp-1024x614.jpg\" \/>\n<meta name=\"twitter:card\" content=\"summary_large_image\" \/>\n<meta name=\"twitter:label1\" content=\"Tiempo de lectura\" \/>\n\t<meta name=\"twitter:data1\" content=\"1 minuto\" \/>\n<script type=\"application\/ld+json\" class=\"yoast-schema-graph\">{\"@context\":\"https:\/\/schema.org\",\"@graph\":[{\"@type\":\"WebPage\",\"@id\":\"https:\/\/medicina.udd.cl\/labsaludpoblacional\/sobre-lsp\/\",\"url\":\"https:\/\/medicina.udd.cl\/labsaludpoblacional\/sobre-lsp\/\",\"name\":\"Sobre Laboratorio de Salud Poblacional (LSP) - Laboratorio de Salud Poblacional\",\"isPartOf\":{\"@id\":\"https:\/\/medicina.udd.cl\/labsaludpoblacional\/#website\"},\"primaryImageOfPage\":{\"@id\":\"https:\/\/medicina.udd.cl\/labsaludpoblacional\/sobre-lsp\/#primaryimage\"},\"image\":{\"@id\":\"https:\/\/medicina.udd.cl\/labsaludpoblacional\/sobre-lsp\/#primaryimage\"},\"thumbnailUrl\":\"https:\/\/medicina.udd.cl\/labsaludpoblacional\/files\/2024\/03\/sobre-lsp-1024x614.jpg\",\"datePublished\":\"2022-07-04T18:19:13+00:00\",\"dateModified\":\"2024-03-15T14:57:30+00:00\",\"breadcrumb\":{\"@id\":\"https:\/\/medicina.udd.cl\/labsaludpoblacional\/sobre-lsp\/#breadcrumb\"},\"inLanguage\":\"es\",\"potentialAction\":[{\"@type\":\"ReadAction\",\"target\":[\"https:\/\/medicina.udd.cl\/labsaludpoblacional\/sobre-lsp\/\"]}]},{\"@type\":\"ImageObject\",\"inLanguage\":\"es\",\"@id\":\"https:\/\/medicina.udd.cl\/labsaludpoblacional\/sobre-lsp\/#primaryimage\",\"url\":\"https:\/\/medicina.udd.cl\/labsaludpoblacional\/files\/2024\/03\/sobre-lsp.jpg\",\"contentUrl\":\"https:\/\/medicina.udd.cl\/labsaludpoblacional\/files\/2024\/03\/sobre-lsp.jpg\",\"width\":1150,\"height\":689},{\"@type\":\"BreadcrumbList\",\"@id\":\"https:\/\/medicina.udd.cl\/labsaludpoblacional\/sobre-lsp\/#breadcrumb\",\"itemListElement\":[{\"@type\":\"ListItem\",\"position\":1,\"name\":\"Portada\",\"item\":\"https:\/\/medicina.udd.cl\/labsaludpoblacional\/\"},{\"@type\":\"ListItem\",\"position\":2,\"name\":\"Sobre Laboratorio de Salud Poblacional (LSP)\"}]},{\"@type\":\"WebSite\",\"@id\":\"https:\/\/medicina.udd.cl\/labsaludpoblacional\/#website\",\"url\":\"https:\/\/medicina.udd.cl\/labsaludpoblacional\/\",\"name\":\"Laboratorio de Salud Poblacional\",\"description\":\"Otro sitio m\u00e1s de Medicina\",\"inLanguage\":\"es\"}]}<\/script>\n<!-- \/ Yoast SEO plugin. -->","yoast_head_json":{"title":"Sobre Laboratorio de Salud Poblacional (LSP) - Laboratorio de Salud Poblacional","robots":{"index":"index","follow":"follow","max-snippet":"max-snippet:-1","max-image-preview":"max-image-preview:large","max-video-preview":"max-video-preview:-1"},"canonical":"https:\/\/medicina.udd.cl\/labsaludpoblacional\/sobre-lsp\/","og_locale":"es_ES","og_type":"article","og_title":"Sobre Laboratorio de Salud Poblacional (LSP) - Laboratorio de Salud Poblacional","og_description":"Objetivo General Objetivos Espec\u00edficos","og_url":"https:\/\/medicina.udd.cl\/labsaludpoblacional\/sobre-lsp\/","og_site_name":"Laboratorio de Salud Poblacional","article_modified_time":"2024-03-15T14:57:30+00:00","og_image":[{"url":"https:\/\/medicina.udd.cl\/labsaludpoblacional\/files\/2024\/03\/sobre-lsp-1024x614.jpg","type":"","width":"","height":""}],"twitter_card":"summary_large_image","twitter_misc":{"Tiempo de lectura":"1 minuto"},"schema":{"@context":"https:\/\/schema.org","@graph":[{"@type":"WebPage","@id":"https:\/\/medicina.udd.cl\/labsaludpoblacional\/sobre-lsp\/","url":"https:\/\/medicina.udd.cl\/labsaludpoblacional\/sobre-lsp\/","name":"Sobre Laboratorio de Salud Poblacional (LSP) - Laboratorio de Salud Poblacional","isPartOf":{"@id":"https:\/\/medicina.udd.cl\/labsaludpoblacional\/#website"},"primaryImageOfPage":{"@id":"https:\/\/medicina.udd.cl\/labsaludpoblacional\/sobre-lsp\/#primaryimage"},"image":{"@id":"https:\/\/medicina.udd.cl\/labsaludpoblacional\/sobre-lsp\/#primaryimage"},"thumbnailUrl":"https:\/\/medicina.udd.cl\/labsaludpoblacional\/files\/2024\/03\/sobre-lsp-1024x614.jpg","datePublished":"2022-07-04T18:19:13+00:00","dateModified":"2024-03-15T14:57:30+00:00","breadcrumb":{"@id":"https:\/\/medicina.udd.cl\/labsaludpoblacional\/sobre-lsp\/#breadcrumb"},"inLanguage":"es","potentialAction":[{"@type":"ReadAction","target":["https:\/\/medicina.udd.cl\/labsaludpoblacional\/sobre-lsp\/"]}]},{"@type":"ImageObject","inLanguage":"es","@id":"https:\/\/medicina.udd.cl\/labsaludpoblacional\/sobre-lsp\/#primaryimage","url":"https:\/\/medicina.udd.cl\/labsaludpoblacional\/files\/2024\/03\/sobre-lsp.jpg","contentUrl":"https:\/\/medicina.udd.cl\/labsaludpoblacional\/files\/2024\/03\/sobre-lsp.jpg","width":1150,"height":689},{"@type":"BreadcrumbList","@id":"https:\/\/medicina.udd.cl\/labsaludpoblacional\/sobre-lsp\/#breadcrumb","itemListElement":[{"@type":"ListItem","position":1,"name":"Portada","item":"https:\/\/medicina.udd.cl\/labsaludpoblacional\/"},{"@type":"ListItem","position":2,"name":"Sobre Laboratorio de Salud Poblacional (LSP)"}]},{"@type":"WebSite","@id":"https:\/\/medicina.udd.cl\/labsaludpoblacional\/#website","url":"https:\/\/medicina.udd.cl\/labsaludpoblacional\/","name":"Laboratorio de Salud Poblacional","description":"Otro sitio m\u00e1s de Medicina","inLanguage":"es"}]}},"_links":{"self":[{"href":"https:\/\/medicina.udd.cl\/labsaludpoblacional\/wp-json\/wp\/v2\/pages\/30","targetHints":{"allow":["GET"]}}],"collection":[{"href":"https:\/\/medicina.udd.cl\/labsaludpoblacional\/wp-json\/wp\/v2\/pages"}],"about":[{"href":"https:\/\/medicina.udd.cl\/labsaludpoblacional\/wp-json\/wp\/v2\/types\/page"}],"author":[{"embeddable":true,"href":"https:\/\/medicina.udd.cl\/labsaludpoblacional\/wp-json\/wp\/v2\/users\/9192194"}],"replies":[{"embeddable":true,"href":"https:\/\/medicina.udd.cl\/labsaludpoblacional\/wp-json\/wp\/v2\/comments?post=30"}],"version-history":[{"count":13,"href":"https:\/\/medicina.udd.cl\/labsaludpoblacional\/wp-json\/wp\/v2\/pages\/30\/revisions"}],"predecessor-version":[{"id":405,"href":"https:\/\/medicina.udd.cl\/labsaludpoblacional\/wp-json\/wp\/v2\/pages\/30\/revisions\/405"}],"wp:attachment":[{"href":"https:\/\/medicina.udd.cl\/labsaludpoblacional\/wp-json\/wp\/v2\/media?parent=30"}],"curies":[{"name":"wp","href":"https:\/\/api.w.org\/{rel}","templated":true}]}}