{"id":44,"date":"2022-07-04T18:53:56","date_gmt":"2022-07-04T18:53:56","guid":{"rendered":"https:\/\/medicina.udd.cl\/labsaludpoblacional\/?page_id=44"},"modified":"2024-03-15T12:08:09","modified_gmt":"2024-03-15T15:08:09","slug":"colaboracion","status":"publish","type":"page","link":"https:\/\/medicina.udd.cl\/labsaludpoblacional\/colaboracion\/","title":{"rendered":"Colaboraci\u00f3n UDD"},"content":{"rendered":"\n<ul class=\"wp-block-list\">\n<li><a href=\"https:\/\/medicina.udd.cl\/centro-de-salud-global-intercultural\/\">Centro de Salud Global Intercultural (CeSGI)<\/a><\/li>\n\n\n\n<li><a href=\"https:\/\/medicina.udd.cl\/cibm\/\">Centro de Inform\u00e1tica Biom\u00e9dica (CIBM)<\/a><\/li>\n\n\n\n<li><a href=\"https:\/\/medicina.udd.cl\/centro-epidemiologia-politicas-salud\/\">Centro de Epidemiolog\u00eda y Pol\u00edticas de Salud (CEPS)<\/a>\u00a0\u00a0<\/li>\n\n\n\n<li><a href=\"https:\/\/medicina.udd.cl\/observatorio-bioetica-derecho\/\">Observatorio de Bio\u00e9tica y Derecho (OB&amp;D)<\/a><\/li>\n\n\n\n<li><a href=\"https:\/\/medicina.udd.cl\/comite-etico-cientifico\/\">Comit\u00e9 \u00c9tico Cient\u00edfico (CEC)<\/a><\/li>\n<\/ul>\n","protected":false},"excerpt":{"rendered":"","protected":false},"author":9192194,"featured_media":0,"parent":0,"menu_order":0,"comment_status":"closed","ping_status":"closed","template":"","meta":{"footnotes":""},"class_list":["post-44","page","type-page","status-publish","hentry"],"yoast_head":"<!-- This site is optimized with the Yoast SEO plugin v26.9 - https:\/\/yoast.com\/product\/yoast-seo-wordpress\/ -->\n<title>Colaboraci\u00f3n UDD - Laboratorio de Salud Poblacional<\/title>\n<meta name=\"robots\" content=\"index, follow, max-snippet:-1, max-image-preview:large, max-video-preview:-1\" \/>\n<link rel=\"canonical\" href=\"https:\/\/medicina.udd.cl\/labsaludpoblacional\/colaboracion\/\" \/>\n<meta property=\"og:locale\" content=\"es_ES\" \/>\n<meta property=\"og:type\" content=\"article\" \/>\n<meta property=\"og:title\" content=\"Colaboraci\u00f3n UDD - Laboratorio de Salud Poblacional\" \/>\n<meta property=\"og:url\" content=\"https:\/\/medicina.udd.cl\/labsaludpoblacional\/colaboracion\/\" \/>\n<meta property=\"og:site_name\" content=\"Laboratorio de Salud Poblacional\" \/>\n<meta property=\"article:modified_time\" content=\"2024-03-15T15:08:09+00:00\" \/>\n<meta name=\"twitter:card\" content=\"summary_large_image\" \/>\n<meta name=\"twitter:label1\" content=\"Tiempo de lectura\" \/>\n\t<meta name=\"twitter:data1\" content=\"1 minuto\" \/>\n<script type=\"application\/ld+json\" class=\"yoast-schema-graph\">{\"@context\":\"https:\/\/schema.org\",\"@graph\":[{\"@type\":\"WebPage\",\"@id\":\"https:\/\/medicina.udd.cl\/labsaludpoblacional\/colaboracion\/\",\"url\":\"https:\/\/medicina.udd.cl\/labsaludpoblacional\/colaboracion\/\",\"name\":\"Colaboraci\u00f3n UDD - Laboratorio de Salud Poblacional\",\"isPartOf\":{\"@id\":\"https:\/\/medicina.udd.cl\/labsaludpoblacional\/#website\"},\"datePublished\":\"2022-07-04T18:53:56+00:00\",\"dateModified\":\"2024-03-15T15:08:09+00:00\",\"breadcrumb\":{\"@id\":\"https:\/\/medicina.udd.cl\/labsaludpoblacional\/colaboracion\/#breadcrumb\"},\"inLanguage\":\"es\",\"potentialAction\":[{\"@type\":\"ReadAction\",\"target\":[\"https:\/\/medicina.udd.cl\/labsaludpoblacional\/colaboracion\/\"]}]},{\"@type\":\"BreadcrumbList\",\"@id\":\"https:\/\/medicina.udd.cl\/labsaludpoblacional\/colaboracion\/#breadcrumb\",\"itemListElement\":[{\"@type\":\"ListItem\",\"position\":1,\"name\":\"Portada\",\"item\":\"https:\/\/medicina.udd.cl\/labsaludpoblacional\/\"},{\"@type\":\"ListItem\",\"position\":2,\"name\":\"Colaboraci\u00f3n UDD\"}]},{\"@type\":\"WebSite\",\"@id\":\"https:\/\/medicina.udd.cl\/labsaludpoblacional\/#website\",\"url\":\"https:\/\/medicina.udd.cl\/labsaludpoblacional\/\",\"name\":\"Laboratorio de Salud Poblacional\",\"description\":\"Otro sitio m\u00e1s de Medicina\",\"inLanguage\":\"es\"}]}<\/script>\n<!-- \/ Yoast SEO plugin. -->","yoast_head_json":{"title":"Colaboraci\u00f3n UDD - Laboratorio de Salud Poblacional","robots":{"index":"index","follow":"follow","max-snippet":"max-snippet:-1","max-image-preview":"max-image-preview:large","max-video-preview":"max-video-preview:-1"},"canonical":"https:\/\/medicina.udd.cl\/labsaludpoblacional\/colaboracion\/","og_locale":"es_ES","og_type":"article","og_title":"Colaboraci\u00f3n UDD - Laboratorio de Salud Poblacional","og_url":"https:\/\/medicina.udd.cl\/labsaludpoblacional\/colaboracion\/","og_site_name":"Laboratorio de Salud Poblacional","article_modified_time":"2024-03-15T15:08:09+00:00","twitter_card":"summary_large_image","twitter_misc":{"Tiempo de lectura":"1 minuto"},"schema":{"@context":"https:\/\/schema.org","@graph":[{"@type":"WebPage","@id":"https:\/\/medicina.udd.cl\/labsaludpoblacional\/colaboracion\/","url":"https:\/\/medicina.udd.cl\/labsaludpoblacional\/colaboracion\/","name":"Colaboraci\u00f3n UDD - Laboratorio de Salud Poblacional","isPartOf":{"@id":"https:\/\/medicina.udd.cl\/labsaludpoblacional\/#website"},"datePublished":"2022-07-04T18:53:56+00:00","dateModified":"2024-03-15T15:08:09+00:00","breadcrumb":{"@id":"https:\/\/medicina.udd.cl\/labsaludpoblacional\/colaboracion\/#breadcrumb"},"inLanguage":"es","potentialAction":[{"@type":"ReadAction","target":["https:\/\/medicina.udd.cl\/labsaludpoblacional\/colaboracion\/"]}]},{"@type":"BreadcrumbList","@id":"https:\/\/medicina.udd.cl\/labsaludpoblacional\/colaboracion\/#breadcrumb","itemListElement":[{"@type":"ListItem","position":1,"name":"Portada","item":"https:\/\/medicina.udd.cl\/labsaludpoblacional\/"},{"@type":"ListItem","position":2,"name":"Colaboraci\u00f3n UDD"}]},{"@type":"WebSite","@id":"https:\/\/medicina.udd.cl\/labsaludpoblacional\/#website","url":"https:\/\/medicina.udd.cl\/labsaludpoblacional\/","name":"Laboratorio de Salud Poblacional","description":"Otro sitio m\u00e1s de Medicina","inLanguage":"es"}]}},"_links":{"self":[{"href":"https:\/\/medicina.udd.cl\/labsaludpoblacional\/wp-json\/wp\/v2\/pages\/44","targetHints":{"allow":["GET"]}}],"collection":[{"href":"https:\/\/medicina.udd.cl\/labsaludpoblacional\/wp-json\/wp\/v2\/pages"}],"about":[{"href":"https:\/\/medicina.udd.cl\/labsaludpoblacional\/wp-json\/wp\/v2\/types\/page"}],"author":[{"embeddable":true,"href":"https:\/\/medicina.udd.cl\/labsaludpoblacional\/wp-json\/wp\/v2\/users\/9192194"}],"replies":[{"embeddable":true,"href":"https:\/\/medicina.udd.cl\/labsaludpoblacional\/wp-json\/wp\/v2\/comments?post=44"}],"version-history":[{"count":4,"href":"https:\/\/medicina.udd.cl\/labsaludpoblacional\/wp-json\/wp\/v2\/pages\/44\/revisions"}],"predecessor-version":[{"id":414,"href":"https:\/\/medicina.udd.cl\/labsaludpoblacional\/wp-json\/wp\/v2\/pages\/44\/revisions\/414"}],"wp:attachment":[{"href":"https:\/\/medicina.udd.cl\/labsaludpoblacional\/wp-json\/wp\/v2\/media?parent=44"}],"curies":[{"name":"wp","href":"https:\/\/api.w.org\/{rel}","templated":true}]}}