{"id":49,"date":"2022-07-04T18:58:46","date_gmt":"2022-07-04T18:58:46","guid":{"rendered":"https:\/\/medicina.udd.cl\/labsaludpoblacional\/?page_id=49"},"modified":"2023-06-23T15:24:06","modified_gmt":"2023-06-23T15:24:06","slug":"proyectos-y-soluciones","status":"publish","type":"page","link":"https:\/\/medicina.udd.cl\/labsaludpoblacional\/proyectos-y-soluciones\/","title":{"rendered":"Proyectos y Soluciones"},"content":{"rendered":"\n<figure class=\"wp-block-image alignleft size-full is-resized\"><img loading=\"lazy\" decoding=\"async\" src=\"https:\/\/medicina.udd.cl\/labsaludpoblacional\/files\/2022\/07\/LSP_7.jpg\" alt=\"\" class=\"wp-image-51\" width=\"452\" height=\"301\" srcset=\"https:\/\/medicina.udd.cl\/labsaludpoblacional\/files\/2022\/07\/LSP_7.jpg 800w, https:\/\/medicina.udd.cl\/labsaludpoblacional\/files\/2022\/07\/LSP_7-300x200.jpg 300w, https:\/\/medicina.udd.cl\/labsaludpoblacional\/files\/2022\/07\/LSP_7-768x512.jpg 768w\" sizes=\"auto, (max-width: 452px) 100vw, 452px\" \/><\/figure>\n\n\n\n<p>Los formuladores de pol\u00edticas p\u00fablicas, los gestores de los prestadores p\u00fablicos y privados, y los actores locales y comunitarios enfrentan la siguiente problem\u00e1tica:\u00a0\u00a0\u201cDificultad de integrar, en evaluaciones continuas, sistem\u00e1ticas, rigurosas y participativas, tanto los determinantes de la salud como el an\u00e1lisis del desempe\u00f1o de los sistemas de salud; con la finalidad de mejorar el uso de la evidencia en la toma de decisiones de salud y el di\u00e1logo con la comunidad de un territorio determinado\u201d.\u00a0<\/p>\n\n\n\n<p>El Laboratorio de Salud Poblacional, RACO_Lab se sustenta en la disciplina de investigaci\u00f3n, en sistemas y servicios de salud, enfoque multidisciplinario que investiga c\u00f3mo los factores estructurales, de procesos y de comportamiento afectan el acceso a la atenci\u00f3n, los costos, la calidad y en \u00faltimo t\u00e9rmino los resultados de salud y el bienestar. Este recoge la oportunidad que brinda el creciente desarrollo de datos provenientes de m\u00faltiples sistemas y fuentes de informaci\u00f3n (registros administrativos de utilizaci\u00f3n, de enfermedades, registros de hechos vitales, de notificaci\u00f3n y vigilancia epidemiol\u00f3gica, entre otros), por lo que sustenta su quehacer en generar evidencia basada en el mundo real, con estudios que usan datos recolectados rutinariamente (DRR), a la par que se recurre a estudios experimentales en contexto real (ensayos cl\u00ednicos basados en DRR, ensayos pragm\u00e1ticos, de campo) y proyecta integrar biobancos a lo largo del ciclo del proyecto.&nbsp;<\/p>\n\n\n\n<figure class=\"wp-block-image aligncenter size-large is-resized\"><img loading=\"lazy\" decoding=\"async\" src=\"https:\/\/medicina.udd.cl\/labsaludpoblacional\/files\/2023\/06\/raco-1-1024x594.png\" alt=\"\" class=\"wp-image-254\" width=\"862\" height=\"500\" srcset=\"https:\/\/medicina.udd.cl\/labsaludpoblacional\/files\/2023\/06\/raco-1-1024x594.png 1024w, https:\/\/medicina.udd.cl\/labsaludpoblacional\/files\/2023\/06\/raco-1-300x174.png 300w, https:\/\/medicina.udd.cl\/labsaludpoblacional\/files\/2023\/06\/raco-1-768x445.png 768w, https:\/\/medicina.udd.cl\/labsaludpoblacional\/files\/2023\/06\/raco-1.png 1161w\" sizes=\"auto, (max-width: 862px) 100vw, 862px\" \/><\/figure>\n","protected":false},"excerpt":{"rendered":"<p>Los formuladores de pol\u00edticas p\u00fablicas, los gestores de los prestadores p\u00fablicos y privados, y los actores locales y comunitarios enfrentan la siguiente problem\u00e1tica:\u00a0\u00a0\u201cDificultad de integrar, en evaluaciones continuas, sistem\u00e1ticas, rigurosas y participativas, tanto los determinantes de la salud como el an\u00e1lisis del desempe\u00f1o de los sistemas de salud; con la finalidad de mejorar el uso [&hellip;]<\/p>\n","protected":false},"author":9192194,"featured_media":0,"parent":0,"menu_order":0,"comment_status":"closed","ping_status":"closed","template":"","meta":{"footnotes":""},"class_list":["post-49","page","type-page","status-publish","hentry"],"yoast_head":"<!-- This site is optimized with the Yoast SEO plugin v26.9 - https:\/\/yoast.com\/product\/yoast-seo-wordpress\/ -->\n<title>Proyectos y Soluciones - Laboratorio de Salud Poblacional<\/title>\n<meta name=\"robots\" content=\"index, follow, max-snippet:-1, max-image-preview:large, max-video-preview:-1\" \/>\n<link rel=\"canonical\" href=\"https:\/\/medicina.udd.cl\/labsaludpoblacional\/proyectos-y-soluciones\/\" \/>\n<meta property=\"og:locale\" content=\"es_ES\" \/>\n<meta property=\"og:type\" content=\"article\" \/>\n<meta property=\"og:title\" content=\"Proyectos y Soluciones - Laboratorio de Salud Poblacional\" \/>\n<meta property=\"og:description\" content=\"Los formuladores de pol\u00edticas p\u00fablicas, los gestores de los prestadores p\u00fablicos y privados, y los actores locales y comunitarios enfrentan la siguiente problem\u00e1tica:\u00a0\u00a0\u201cDificultad de integrar, en evaluaciones continuas, sistem\u00e1ticas, rigurosas y participativas, tanto los determinantes de la salud como el an\u00e1lisis del desempe\u00f1o de los sistemas de salud; con la finalidad de mejorar el uso [&hellip;]\" \/>\n<meta property=\"og:url\" content=\"https:\/\/medicina.udd.cl\/labsaludpoblacional\/proyectos-y-soluciones\/\" \/>\n<meta property=\"og:site_name\" content=\"Laboratorio de Salud Poblacional\" \/>\n<meta property=\"article:modified_time\" content=\"2023-06-23T15:24:06+00:00\" \/>\n<meta property=\"og:image\" content=\"https:\/\/medicina.udd.cl\/labsaludpoblacional\/files\/2022\/07\/LSP_7.jpg\" \/>\n<meta name=\"twitter:card\" content=\"summary_large_image\" \/>\n<meta name=\"twitter:label1\" content=\"Tiempo de lectura\" \/>\n\t<meta name=\"twitter:data1\" content=\"2 minutos\" \/>\n<script type=\"application\/ld+json\" class=\"yoast-schema-graph\">{\"@context\":\"https:\/\/schema.org\",\"@graph\":[{\"@type\":\"WebPage\",\"@id\":\"https:\/\/medicina.udd.cl\/labsaludpoblacional\/proyectos-y-soluciones\/\",\"url\":\"https:\/\/medicina.udd.cl\/labsaludpoblacional\/proyectos-y-soluciones\/\",\"name\":\"Proyectos y Soluciones - Laboratorio de Salud Poblacional\",\"isPartOf\":{\"@id\":\"https:\/\/medicina.udd.cl\/labsaludpoblacional\/#website\"},\"primaryImageOfPage\":{\"@id\":\"https:\/\/medicina.udd.cl\/labsaludpoblacional\/proyectos-y-soluciones\/#primaryimage\"},\"image\":{\"@id\":\"https:\/\/medicina.udd.cl\/labsaludpoblacional\/proyectos-y-soluciones\/#primaryimage\"},\"thumbnailUrl\":\"https:\/\/medicina.udd.cl\/labsaludpoblacional\/files\/2022\/07\/LSP_7.jpg\",\"datePublished\":\"2022-07-04T18:58:46+00:00\",\"dateModified\":\"2023-06-23T15:24:06+00:00\",\"breadcrumb\":{\"@id\":\"https:\/\/medicina.udd.cl\/labsaludpoblacional\/proyectos-y-soluciones\/#breadcrumb\"},\"inLanguage\":\"es\",\"potentialAction\":[{\"@type\":\"ReadAction\",\"target\":[\"https:\/\/medicina.udd.cl\/labsaludpoblacional\/proyectos-y-soluciones\/\"]}]},{\"@type\":\"ImageObject\",\"inLanguage\":\"es\",\"@id\":\"https:\/\/medicina.udd.cl\/labsaludpoblacional\/proyectos-y-soluciones\/#primaryimage\",\"url\":\"https:\/\/medicina.udd.cl\/labsaludpoblacional\/files\/2022\/07\/LSP_7.jpg\",\"contentUrl\":\"https:\/\/medicina.udd.cl\/labsaludpoblacional\/files\/2022\/07\/LSP_7.jpg\",\"width\":800,\"height\":533},{\"@type\":\"BreadcrumbList\",\"@id\":\"https:\/\/medicina.udd.cl\/labsaludpoblacional\/proyectos-y-soluciones\/#breadcrumb\",\"itemListElement\":[{\"@type\":\"ListItem\",\"position\":1,\"name\":\"Portada\",\"item\":\"https:\/\/medicina.udd.cl\/labsaludpoblacional\/\"},{\"@type\":\"ListItem\",\"position\":2,\"name\":\"Proyectos y Soluciones\"}]},{\"@type\":\"WebSite\",\"@id\":\"https:\/\/medicina.udd.cl\/labsaludpoblacional\/#website\",\"url\":\"https:\/\/medicina.udd.cl\/labsaludpoblacional\/\",\"name\":\"Laboratorio de Salud Poblacional\",\"description\":\"Otro sitio m\u00e1s de Medicina\",\"inLanguage\":\"es\"}]}<\/script>\n<!-- \/ Yoast SEO plugin. -->","yoast_head_json":{"title":"Proyectos y Soluciones - Laboratorio de Salud Poblacional","robots":{"index":"index","follow":"follow","max-snippet":"max-snippet:-1","max-image-preview":"max-image-preview:large","max-video-preview":"max-video-preview:-1"},"canonical":"https:\/\/medicina.udd.cl\/labsaludpoblacional\/proyectos-y-soluciones\/","og_locale":"es_ES","og_type":"article","og_title":"Proyectos y Soluciones - Laboratorio de Salud Poblacional","og_description":"Los formuladores de pol\u00edticas p\u00fablicas, los gestores de los prestadores p\u00fablicos y privados, y los actores locales y comunitarios enfrentan la siguiente problem\u00e1tica:\u00a0\u00a0\u201cDificultad de integrar, en evaluaciones continuas, sistem\u00e1ticas, rigurosas y participativas, tanto los determinantes de la salud como el an\u00e1lisis del desempe\u00f1o de los sistemas de salud; con la finalidad de mejorar el uso [&hellip;]","og_url":"https:\/\/medicina.udd.cl\/labsaludpoblacional\/proyectos-y-soluciones\/","og_site_name":"Laboratorio de Salud Poblacional","article_modified_time":"2023-06-23T15:24:06+00:00","og_image":[{"url":"https:\/\/medicina.udd.cl\/labsaludpoblacional\/files\/2022\/07\/LSP_7.jpg","type":"","width":"","height":""}],"twitter_card":"summary_large_image","twitter_misc":{"Tiempo de lectura":"2 minutos"},"schema":{"@context":"https:\/\/schema.org","@graph":[{"@type":"WebPage","@id":"https:\/\/medicina.udd.cl\/labsaludpoblacional\/proyectos-y-soluciones\/","url":"https:\/\/medicina.udd.cl\/labsaludpoblacional\/proyectos-y-soluciones\/","name":"Proyectos y Soluciones - Laboratorio de Salud Poblacional","isPartOf":{"@id":"https:\/\/medicina.udd.cl\/labsaludpoblacional\/#website"},"primaryImageOfPage":{"@id":"https:\/\/medicina.udd.cl\/labsaludpoblacional\/proyectos-y-soluciones\/#primaryimage"},"image":{"@id":"https:\/\/medicina.udd.cl\/labsaludpoblacional\/proyectos-y-soluciones\/#primaryimage"},"thumbnailUrl":"https:\/\/medicina.udd.cl\/labsaludpoblacional\/files\/2022\/07\/LSP_7.jpg","datePublished":"2022-07-04T18:58:46+00:00","dateModified":"2023-06-23T15:24:06+00:00","breadcrumb":{"@id":"https:\/\/medicina.udd.cl\/labsaludpoblacional\/proyectos-y-soluciones\/#breadcrumb"},"inLanguage":"es","potentialAction":[{"@type":"ReadAction","target":["https:\/\/medicina.udd.cl\/labsaludpoblacional\/proyectos-y-soluciones\/"]}]},{"@type":"ImageObject","inLanguage":"es","@id":"https:\/\/medicina.udd.cl\/labsaludpoblacional\/proyectos-y-soluciones\/#primaryimage","url":"https:\/\/medicina.udd.cl\/labsaludpoblacional\/files\/2022\/07\/LSP_7.jpg","contentUrl":"https:\/\/medicina.udd.cl\/labsaludpoblacional\/files\/2022\/07\/LSP_7.jpg","width":800,"height":533},{"@type":"BreadcrumbList","@id":"https:\/\/medicina.udd.cl\/labsaludpoblacional\/proyectos-y-soluciones\/#breadcrumb","itemListElement":[{"@type":"ListItem","position":1,"name":"Portada","item":"https:\/\/medicina.udd.cl\/labsaludpoblacional\/"},{"@type":"ListItem","position":2,"name":"Proyectos y Soluciones"}]},{"@type":"WebSite","@id":"https:\/\/medicina.udd.cl\/labsaludpoblacional\/#website","url":"https:\/\/medicina.udd.cl\/labsaludpoblacional\/","name":"Laboratorio de Salud Poblacional","description":"Otro sitio m\u00e1s de Medicina","inLanguage":"es"}]}},"_links":{"self":[{"href":"https:\/\/medicina.udd.cl\/labsaludpoblacional\/wp-json\/wp\/v2\/pages\/49","targetHints":{"allow":["GET"]}}],"collection":[{"href":"https:\/\/medicina.udd.cl\/labsaludpoblacional\/wp-json\/wp\/v2\/pages"}],"about":[{"href":"https:\/\/medicina.udd.cl\/labsaludpoblacional\/wp-json\/wp\/v2\/types\/page"}],"author":[{"embeddable":true,"href":"https:\/\/medicina.udd.cl\/labsaludpoblacional\/wp-json\/wp\/v2\/users\/9192194"}],"replies":[{"embeddable":true,"href":"https:\/\/medicina.udd.cl\/labsaludpoblacional\/wp-json\/wp\/v2\/comments?post=49"}],"version-history":[{"count":6,"href":"https:\/\/medicina.udd.cl\/labsaludpoblacional\/wp-json\/wp\/v2\/pages\/49\/revisions"}],"predecessor-version":[{"id":259,"href":"https:\/\/medicina.udd.cl\/labsaludpoblacional\/wp-json\/wp\/v2\/pages\/49\/revisions\/259"}],"wp:attachment":[{"href":"https:\/\/medicina.udd.cl\/labsaludpoblacional\/wp-json\/wp\/v2\/media?parent=49"}],"curies":[{"name":"wp","href":"https:\/\/api.w.org\/{rel}","templated":true}]}}