{"id":6,"date":"2022-06-28T20:27:32","date_gmt":"2022-06-28T20:27:32","guid":{"rendered":"https:\/\/medicina.udd.cl\/labsaludpoblacional\/?page_id=6"},"modified":"2024-03-15T11:57:42","modified_gmt":"2024-03-15T14:57:42","slug":"inicio","status":"publish","type":"page","link":"https:\/\/medicina.udd.cl\/labsaludpoblacional\/","title":{"rendered":"INICIO"},"content":{"rendered":"\n<figure class=\"wp-block-image aligncenter size-full is-resized\"><img loading=\"lazy\" decoding=\"async\" width=\"560\" height=\"299\" src=\"https:\/\/medicina.udd.cl\/labsaludpoblacional\/files\/2024\/03\/logo-lsp-udd.jpg\" alt=\"\" class=\"wp-image-363\" style=\"width:373px;height:auto\" srcset=\"https:\/\/medicina.udd.cl\/labsaludpoblacional\/files\/2024\/03\/logo-lsp-udd.jpg 560w, https:\/\/medicina.udd.cl\/labsaludpoblacional\/files\/2024\/03\/logo-lsp-udd-300x160.jpg 300w\" sizes=\"auto, (max-width: 560px) 100vw, 560px\" \/><\/figure>\n\n\n<!-- WP Block: UDD - Cards Alternate -->\n<section class=\"wp-block-udd-cards udd-cards-v2--1 \"\n\t\tstyle=\"--udd-blocks-has-columns-number: 2;\"\n\t>\n\t<div class=\"container\">\n\t\t\t\t\t\t\t\t\t<div class=\"block__content\">\n\t\t\t<div\n\t\t\t\t\t\t\t\t\tstyle=\"--udd-blocks-cards-v2-color: #ff6a00\"\n\t\t\t\t\t\t\t\tclass=\"cards cards-v2 \"\n\t\t\t>\n\t\t\t\t\t\t\t\t\t\t\t\t<div class=\"card-wrapper\">\n\t\t\t\t\t\t<div class=\"card\">\n\t\t\t\t\t\t\t\t\t\t\t\t\t\t<h3 class=\"card__title\">Misi\u00f3n<\/h3>\n\t\t\t\t\t\t\t\t\t\t\t\t\t\t<div\n\t\t\t\t\t\t\t\tid=\"see-more__udd-cards-v2--1-0\"\n\t\t\t\t\t\t\t\tclass=\"card__description \"\n\t\t\t\t\t\t\t>\n\t\t\t\t\t\t\t\t<div\n\t\t\t\t\t\t\t\t\tclass=\"card__description-text\"\n\t\t\t\t\t\t\t\t\t\t\t\t\t\t\t\t\t\tstyle=\"--udd-blocks--cards-v2--show-lines: 3\"\n\t\t\t\t\t\t\t\t\t\t\t\t\t\t\t\t\t>\n\t\t\t\t\t\t\t\t\t<p>Realizar investigaciones colaborativas, evaluaciones continuas y an\u00e1lisis de desempe\u00f1o de sistemas y servicios de salud. A trav\u00e9s del modelo de un Trusted Research Environment, el LSP persigue que los investigadores logren con mayor facilidad, rapidez y calidad generar evidencia con Real World Data (RWD), para impactar positivamente en las decisiones de formuladores de pol\u00edticas y gestores de salud. Con la informaci\u00f3n producida a trav\u00e9s de los RWD y con el involucramiento de la comunidad, el LSP busca finalmente contribuir a mejorar la salud, reducir desigualdades y fortalecer la atenci\u00f3n sanitaria, posicion\u00e1ndose como un catalizador de cambios positivos en el \u00e1mbito de la salud poblacional.<\/p>\n\t\t\t\t\t\t\t\t<\/div>\n\t\t\t\t\t\t\t\t\t\t\t\t\t\t\t<\/div>\n\t\t\t\t\t\t\t\t\t\t\t\t\t<\/div>\n\t\t\t\t\t<\/div>\n\t\t\t\t\t\t\t\t\t\t\t\t\t\t\t\t<div class=\"card-wrapper\">\n\t\t\t\t\t\t<div class=\"card\">\n\t\t\t\t\t\t\t\t\t\t\t\t\t\t<h3 class=\"card__title\">Visi\u00f3n<\/h3>\n\t\t\t\t\t\t\t\t\t\t\t\t\t\t<div\n\t\t\t\t\t\t\t\tid=\"see-more__udd-cards-v2--1-1\"\n\t\t\t\t\t\t\t\tclass=\"card__description \"\n\t\t\t\t\t\t\t>\n\t\t\t\t\t\t\t\t<div\n\t\t\t\t\t\t\t\t\tclass=\"card__description-text\"\n\t\t\t\t\t\t\t\t\t\t\t\t\t\t\t\t\t\tstyle=\"--udd-blocks--cards-v2--show-lines: 3\"\n\t\t\t\t\t\t\t\t\t\t\t\t\t\t\t\t\t>\n\t\t\t\t\t\t\t\t\t<p>Llegar a ser un l\u00edder nacional en la generaci\u00f3n y aplicaci\u00f3n de conocimiento cient\u00edfico en salud, para transformar positivamente la toma de decisiones en pol\u00edticas p\u00fablicas de salud. Para esto, el LSP crea una plataforma que permita mejorar el acceso seguro a los datos de salud con est\u00e1ndares de calidad, confiabilidad y trazabilidad, para contribuir a la equidad y enriquecimiento en los resultados de las investigaciones en salud.<\/p>\n\t\t\t\t\t\t\t\t<\/div>\n\t\t\t\t\t\t\t\t\t\t\t\t\t\t\t<\/div>\n\t\t\t\t\t\t\t\t\t\t\t\t\t<\/div>\n\t\t\t\t\t<\/div>\n\t\t\t\t\t\t\t\t\t\t<\/div>\n\t\t<\/div>\n\t<\/div>\n<\/section>\n\n\n<!-- WP Block: UDD - Recognitions -->\n<section class=\"wp-block-udd-recognitions\">\n\t<div class=\"container\">\n\t\t<div class=\"block__header\">\n\t\t\t<h2 class=\"block__title\">cICLO vIRTUOSO lSP<\/h2>\n\t\t<\/div>\n\t\t<ul class=\"recognitions\">\n\t\t\t\t\t<li class=\"recognition\">\n\t\t\t\t\t\t\t\t<div class=\"recognition__media\">\n\t\t\t\t\t<img decoding=\"async\" src=\"https:\/\/medicina.udd.cl\/labsaludpoblacional\/files\/2022\/08\/colabora.png\" alt=\"Colabora\" class=\"recognition__media-image\">\n\t\t\t\t<\/div>\n\t\t\t\t\t\t\t\t\t\t\t\t<h3 class=\"recognition__title\">Colabora<\/h3>\n\t\t\t\t\t\t\t\t\t\t\t\t<p class=\"recognition__description\">\n\t\t\t\t\tDialoguemos con otros, ofrezcamos nuestras habilidades, tomemos acuerdos y coordinemos acciones para mejorar la salud de la poblaci\u00f3n.\t\t\t\t<\/p>\n\t\t\t\t\t\t\t<\/li>\n\t\t\t\t\t<li class=\"recognition\">\n\t\t\t\t\t\t\t\t<div class=\"recognition__media\">\n\t\t\t\t\t<img decoding=\"async\" src=\"https:\/\/medicina.udd.cl\/labsaludpoblacional\/files\/2022\/08\/disena.png\" alt=\"Dise\u00f1a\" class=\"recognition__media-image\">\n\t\t\t\t<\/div>\n\t\t\t\t\t\t\t\t\t\t\t\t<h3 class=\"recognition__title\">Dise\u00f1a<\/h3>\n\t\t\t\t\t\t\t\t\t\t\t\t<p class=\"recognition__description\">\n\t\t\t\t\tConstruyamos,  adaptemos o proyectemos intervenciones y soluciones para mejorar el desempe\u00f1o de los sistemas de salud.\n\t\t\t\t<\/p>\n\t\t\t\t\t\t\t<\/li>\n\t\t\t\t\t<li class=\"recognition\">\n\t\t\t\t\t\t\t\t<div class=\"recognition__media\">\n\t\t\t\t\t<img decoding=\"async\" src=\"https:\/\/medicina.udd.cl\/labsaludpoblacional\/files\/2022\/08\/integra.png\" alt=\"Integra\" class=\"recognition__media-image\">\n\t\t\t\t<\/div>\n\t\t\t\t\t\t\t\t\t\t\t\t<h3 class=\"recognition__title\">Integra<\/h3>\n\t\t\t\t\t\t\t\t\t\t\t\t<p class=\"recognition__description\">\n\t\t\t\t\tAtrev\u00e1monos con la complejidad, sumemos enfoques y datos de la realidad para comprenderla mejor.\t\t\t\t<\/p>\n\t\t\t\t\t\t\t<\/li>\n\t\t\t\t\t<li class=\"recognition\">\n\t\t\t\t\t\t\t\t<div class=\"recognition__media\">\n\t\t\t\t\t<img decoding=\"async\" src=\"https:\/\/medicina.udd.cl\/labsaludpoblacional\/files\/2022\/08\/evalua.png\" alt=\"Eval\u00faa\" class=\"recognition__media-image\">\n\t\t\t\t<\/div>\n\t\t\t\t\t\t\t\t\t\t\t\t<h3 class=\"recognition__title\">Eval\u00faa<\/h3>\n\t\t\t\t\t\t\t\t\t\t\t\t<p class=\"recognition__description\">\n\t\t\t\t\tValoremos c\u00f3mo implementamos intervenciones de salud y qu\u00e9 resultados obtenemos, aprendamos de lo que hacemos.\t\t\t\t<\/p>\n\t\t\t\t\t\t\t<\/li>\n\t\t\t\t\t<li class=\"recognition\">\n\t\t\t\t\t\t\t\t<div class=\"recognition__media\">\n\t\t\t\t\t<img decoding=\"async\" src=\"https:\/\/medicina.udd.cl\/labsaludpoblacional\/files\/2022\/08\/comparte.png\" alt=\"Comparte\" class=\"recognition__media-image\">\n\t\t\t\t<\/div>\n\t\t\t\t\t\t\t\t\t\t\t\t<h3 class=\"recognition__title\">Comparte<\/h3>\n\t\t\t\t\t\t\t\t\t\t\t\t<p class=\"recognition__description\">\n\t\t\t\t\tMostremos lo avanzado y ense\u00f1emos lo aprendido.\t\t\t\t<\/p>\n\t\t\t\t\t\t\t<\/li>\n\t\t\t\t<\/ul>\n\t<\/div>\n<\/section>\n","protected":false},"excerpt":{"rendered":"","protected":false},"author":9192206,"featured_media":0,"parent":0,"menu_order":0,"comment_status":"closed","ping_status":"closed","template":"landing-page.php","meta":{"footnotes":""},"class_list":["post-6","page","type-page","status-publish","hentry"],"yoast_head":"<!-- This site is optimized with the Yoast SEO plugin v26.9 - https:\/\/yoast.com\/product\/yoast-seo-wordpress\/ -->\n<title>INICIO - Laboratorio de Salud Poblacional<\/title>\n<meta name=\"robots\" content=\"index, follow, max-snippet:-1, max-image-preview:large, max-video-preview:-1\" \/>\n<link rel=\"canonical\" href=\"https:\/\/medicina.udd.cl\/labsaludpoblacional\/\" \/>\n<meta property=\"og:locale\" content=\"es_ES\" \/>\n<meta property=\"og:type\" content=\"article\" \/>\n<meta property=\"og:title\" content=\"INICIO - Laboratorio de Salud Poblacional\" \/>\n<meta property=\"og:url\" content=\"https:\/\/medicina.udd.cl\/labsaludpoblacional\/\" \/>\n<meta property=\"og:site_name\" content=\"Laboratorio de Salud Poblacional\" \/>\n<meta property=\"article:modified_time\" content=\"2024-03-15T14:57:42+00:00\" \/>\n<meta property=\"og:image\" content=\"https:\/\/medicina.udd.cl\/labsaludpoblacional\/files\/2024\/03\/logo-lsp-udd.jpg\" \/>\n<meta name=\"twitter:card\" content=\"summary_large_image\" \/>\n<meta name=\"twitter:label1\" content=\"Tiempo de lectura\" \/>\n\t<meta name=\"twitter:data1\" content=\"1 minuto\" \/>\n<script type=\"application\/ld+json\" class=\"yoast-schema-graph\">{\"@context\":\"https:\/\/schema.org\",\"@graph\":[{\"@type\":\"WebPage\",\"@id\":\"https:\/\/medicina.udd.cl\/labsaludpoblacional\/\",\"url\":\"https:\/\/medicina.udd.cl\/labsaludpoblacional\/\",\"name\":\"INICIO - Laboratorio de Salud Poblacional\",\"isPartOf\":{\"@id\":\"https:\/\/medicina.udd.cl\/labsaludpoblacional\/#website\"},\"primaryImageOfPage\":{\"@id\":\"https:\/\/medicina.udd.cl\/labsaludpoblacional\/#primaryimage\"},\"image\":{\"@id\":\"https:\/\/medicina.udd.cl\/labsaludpoblacional\/#primaryimage\"},\"thumbnailUrl\":\"https:\/\/medicina.udd.cl\/labsaludpoblacional\/files\/2024\/03\/logo-lsp-udd.jpg\",\"datePublished\":\"2022-06-28T20:27:32+00:00\",\"dateModified\":\"2024-03-15T14:57:42+00:00\",\"breadcrumb\":{\"@id\":\"https:\/\/medicina.udd.cl\/labsaludpoblacional\/#breadcrumb\"},\"inLanguage\":\"es\",\"potentialAction\":[{\"@type\":\"ReadAction\",\"target\":[\"https:\/\/medicina.udd.cl\/labsaludpoblacional\/\"]}]},{\"@type\":\"ImageObject\",\"inLanguage\":\"es\",\"@id\":\"https:\/\/medicina.udd.cl\/labsaludpoblacional\/#primaryimage\",\"url\":\"https:\/\/medicina.udd.cl\/labsaludpoblacional\/files\/2024\/03\/logo-lsp-udd.jpg\",\"contentUrl\":\"https:\/\/medicina.udd.cl\/labsaludpoblacional\/files\/2024\/03\/logo-lsp-udd.jpg\",\"width\":560,\"height\":299},{\"@type\":\"BreadcrumbList\",\"@id\":\"https:\/\/medicina.udd.cl\/labsaludpoblacional\/#breadcrumb\",\"itemListElement\":[{\"@type\":\"ListItem\",\"position\":1,\"name\":\"Portada\",\"item\":\"https:\/\/medicina.udd.cl\/labsaludpoblacional\/\"},{\"@type\":\"ListItem\",\"position\":2,\"name\":\"INICIO\"}]},{\"@type\":\"WebSite\",\"@id\":\"https:\/\/medicina.udd.cl\/labsaludpoblacional\/#website\",\"url\":\"https:\/\/medicina.udd.cl\/labsaludpoblacional\/\",\"name\":\"Laboratorio de Salud Poblacional\",\"description\":\"Otro sitio m\u00e1s de Medicina\",\"inLanguage\":\"es\"}]}<\/script>\n<!-- \/ Yoast SEO plugin. -->","yoast_head_json":{"title":"INICIO - Laboratorio de Salud Poblacional","robots":{"index":"index","follow":"follow","max-snippet":"max-snippet:-1","max-image-preview":"max-image-preview:large","max-video-preview":"max-video-preview:-1"},"canonical":"https:\/\/medicina.udd.cl\/labsaludpoblacional\/","og_locale":"es_ES","og_type":"article","og_title":"INICIO - Laboratorio de Salud Poblacional","og_url":"https:\/\/medicina.udd.cl\/labsaludpoblacional\/","og_site_name":"Laboratorio de Salud Poblacional","article_modified_time":"2024-03-15T14:57:42+00:00","og_image":[{"url":"https:\/\/medicina.udd.cl\/labsaludpoblacional\/files\/2024\/03\/logo-lsp-udd.jpg","type":"","width":"","height":""}],"twitter_card":"summary_large_image","twitter_misc":{"Tiempo de lectura":"1 minuto"},"schema":{"@context":"https:\/\/schema.org","@graph":[{"@type":"WebPage","@id":"https:\/\/medicina.udd.cl\/labsaludpoblacional\/","url":"https:\/\/medicina.udd.cl\/labsaludpoblacional\/","name":"INICIO - Laboratorio de Salud Poblacional","isPartOf":{"@id":"https:\/\/medicina.udd.cl\/labsaludpoblacional\/#website"},"primaryImageOfPage":{"@id":"https:\/\/medicina.udd.cl\/labsaludpoblacional\/#primaryimage"},"image":{"@id":"https:\/\/medicina.udd.cl\/labsaludpoblacional\/#primaryimage"},"thumbnailUrl":"https:\/\/medicina.udd.cl\/labsaludpoblacional\/files\/2024\/03\/logo-lsp-udd.jpg","datePublished":"2022-06-28T20:27:32+00:00","dateModified":"2024-03-15T14:57:42+00:00","breadcrumb":{"@id":"https:\/\/medicina.udd.cl\/labsaludpoblacional\/#breadcrumb"},"inLanguage":"es","potentialAction":[{"@type":"ReadAction","target":["https:\/\/medicina.udd.cl\/labsaludpoblacional\/"]}]},{"@type":"ImageObject","inLanguage":"es","@id":"https:\/\/medicina.udd.cl\/labsaludpoblacional\/#primaryimage","url":"https:\/\/medicina.udd.cl\/labsaludpoblacional\/files\/2024\/03\/logo-lsp-udd.jpg","contentUrl":"https:\/\/medicina.udd.cl\/labsaludpoblacional\/files\/2024\/03\/logo-lsp-udd.jpg","width":560,"height":299},{"@type":"BreadcrumbList","@id":"https:\/\/medicina.udd.cl\/labsaludpoblacional\/#breadcrumb","itemListElement":[{"@type":"ListItem","position":1,"name":"Portada","item":"https:\/\/medicina.udd.cl\/labsaludpoblacional\/"},{"@type":"ListItem","position":2,"name":"INICIO"}]},{"@type":"WebSite","@id":"https:\/\/medicina.udd.cl\/labsaludpoblacional\/#website","url":"https:\/\/medicina.udd.cl\/labsaludpoblacional\/","name":"Laboratorio de Salud Poblacional","description":"Otro sitio m\u00e1s de Medicina","inLanguage":"es"}]}},"_links":{"self":[{"href":"https:\/\/medicina.udd.cl\/labsaludpoblacional\/wp-json\/wp\/v2\/pages\/6","targetHints":{"allow":["GET"]}}],"collection":[{"href":"https:\/\/medicina.udd.cl\/labsaludpoblacional\/wp-json\/wp\/v2\/pages"}],"about":[{"href":"https:\/\/medicina.udd.cl\/labsaludpoblacional\/wp-json\/wp\/v2\/types\/page"}],"author":[{"embeddable":true,"href":"https:\/\/medicina.udd.cl\/labsaludpoblacional\/wp-json\/wp\/v2\/users\/9192206"}],"replies":[{"embeddable":true,"href":"https:\/\/medicina.udd.cl\/labsaludpoblacional\/wp-json\/wp\/v2\/comments?post=6"}],"version-history":[{"count":27,"href":"https:\/\/medicina.udd.cl\/labsaludpoblacional\/wp-json\/wp\/v2\/pages\/6\/revisions"}],"predecessor-version":[{"id":393,"href":"https:\/\/medicina.udd.cl\/labsaludpoblacional\/wp-json\/wp\/v2\/pages\/6\/revisions\/393"}],"wp:attachment":[{"href":"https:\/\/medicina.udd.cl\/labsaludpoblacional\/wp-json\/wp\/v2\/media?parent=6"}],"curies":[{"name":"wp","href":"https:\/\/api.w.org\/{rel}","templated":true}]}}