{"id":1297,"date":"2012-10-09T11:21:19","date_gmt":"2012-10-09T14:21:19","guid":{"rendered":"http:\/\/medicina.udd.cl\/medicina-santiago\/"},"modified":"2016-09-21T11:33:05","modified_gmt":"2016-09-21T14:33:05","slug":"descripcion","status":"publish","type":"page","link":"https:\/\/medicina.udd.cl\/medicina-santiago\/la-carrera\/descripcion\/","title":{"rendered":"Descripci\u00f3n"},"content":{"rendered":"<p style=\"text-align: justify\"><img loading=\"lazy\" decoding=\"async\" class=\" wp-image-1911 alignleft\" src=\"http:\/\/medicina.udd.cl\/medicina-santiago\/files\/2012\/10\/Logo-Medicina-300x300.jpg\" alt=\"Logo Medicina\" width=\"141\" height=\"141\" srcset=\"https:\/\/medicina.udd.cl\/medicina-santiago\/files\/2012\/10\/Logo-Medicina-300x300.jpg 300w, https:\/\/medicina.udd.cl\/medicina-santiago\/files\/2012\/10\/Logo-Medicina-150x150.jpg 150w, https:\/\/medicina.udd.cl\/medicina-santiago\/files\/2012\/10\/Logo-Medicina-62x62.jpg 62w, https:\/\/medicina.udd.cl\/medicina-santiago\/files\/2012\/10\/Logo-Medicina-126x126.jpg 126w, https:\/\/medicina.udd.cl\/medicina-santiago\/files\/2012\/10\/Logo-Medicina.jpg 615w\" sizes=\"auto, (max-width: 141px) 100vw, 141px\" \/>En la <strong>carrera de Medicina<\/strong> formamos profesionales con s\u00f3lidos conocimientos te\u00f3rico-cient\u00edficos y con competencias cl\u00ednicas de excelencia, con el centro de su accionar en la persona, valor\u00e1ndola en toda su dimensi\u00f3n<br \/>\nhumana, biol\u00f3gica, psicol\u00f3gica y social.<\/p>\n<p style=\"text-align: justify\">Contamos con un cuerpo acad\u00e9mico comprometido y en constante perfeccionamiento, en el que se integran los m\u00e9dicos y profesionales de <a href=\"http:\/\/medicina.udd.cl\/infraestructura\/campus-clinicos\/clinica-alemana\/\">Cl\u00ednica Alemana<\/a>, <a href=\"http:\/\/medicina.udd.cl\/infraestructura\/campus-clinicos\/hospital-padre-hurtado\/\">Hospital Padre Hurtado<\/a> y Universidad del Desarrollo.<\/p>\n<p style=\"text-align: justify\">Fomentamos el compromiso de nuestros m\u00e9dicos con la creaci\u00f3n de condiciones para el bienestar de los pacientes y de la comunidad.<\/p>\n<p>&nbsp;<\/p>\n","protected":false},"excerpt":{"rendered":"<p>En la carrera de Medicina formamos profesionales con s\u00f3lidos conocimientos te\u00f3rico-cient\u00edficos y con competencias cl\u00ednicas de excelencia, con el centro de su accionar en la persona, valor\u00e1ndola en toda su dimensi\u00f3n humana, biol\u00f3gica, psicol\u00f3gica y social. Contamos con un cuerpo acad\u00e9mico comprometido y en constante perfeccionamiento, en el que se integran los m\u00e9dicos y profesionales [&hellip;]<\/p>\n","protected":false},"author":1,"featured_media":0,"parent":3,"menu_order":10,"comment_status":"open","ping_status":"open","template":"","meta":{"footnotes":""},"class_list":["post-1297","page","type-page","status-publish","hentry"],"yoast_head":"<!-- This site is optimized with the Yoast SEO plugin v26.9 - https:\/\/yoast.com\/product\/yoast-seo-wordpress\/ -->\n<title>Descripci\u00f3n de la Carrera | Medicina (Santiago)| Universidad del Desarrollo<\/title>\n<meta name=\"description\" content=\"Conoce la Carrera de Medicina en (Santiago) de la Universidad del Desarrollo, nuestro equipo, campos cl\u00ednicos, palabras de la directora y m\u00e1s.\" \/>\n<meta name=\"robots\" content=\"index, follow, max-snippet:-1, max-image-preview:large, max-video-preview:-1\" \/>\n<link rel=\"canonical\" href=\"https:\/\/medicina.udd.cl\/medicina-santiago\/la-carrera\/descripcion\/\" \/>\n<meta property=\"og:locale\" content=\"es_ES\" \/>\n<meta property=\"og:type\" content=\"article\" \/>\n<meta property=\"og:title\" content=\"Descripci\u00f3n de la Carrera | Medicina (Santiago)| Universidad del Desarrollo\" \/>\n<meta property=\"og:description\" content=\"Conoce la Carrera de Medicina en (Santiago) de la Universidad del Desarrollo, nuestro equipo, campos cl\u00ednicos, palabras de la directora y m\u00e1s.\" \/>\n<meta property=\"og:url\" content=\"https:\/\/medicina.udd.cl\/medicina-santiago\/la-carrera\/descripcion\/\" \/>\n<meta property=\"og:site_name\" content=\"Medicina\" \/>\n<meta property=\"article:modified_time\" content=\"2016-09-21T14:33:05+00:00\" \/>\n<meta property=\"og:image\" content=\"http:\/\/medicina.udd.cl\/medicina-santiago\/files\/2012\/10\/Logo-Medicina-300x300.jpg\" \/>\n<meta name=\"twitter:label1\" content=\"Tiempo de lectura\" \/>\n\t<meta name=\"twitter:data1\" content=\"1 minuto\" \/>\n<script type=\"application\/ld+json\" class=\"yoast-schema-graph\">{\"@context\":\"https:\/\/schema.org\",\"@graph\":[{\"@type\":\"WebPage\",\"@id\":\"https:\/\/medicina.udd.cl\/medicina-santiago\/la-carrera\/descripcion\/\",\"url\":\"https:\/\/medicina.udd.cl\/medicina-santiago\/la-carrera\/descripcion\/\",\"name\":\"Descripci\u00f3n de la Carrera | Medicina (Santiago)| Universidad del Desarrollo\",\"isPartOf\":{\"@id\":\"https:\/\/medicina.udd.cl\/medicina-santiago\/#website\"},\"primaryImageOfPage\":{\"@id\":\"https:\/\/medicina.udd.cl\/medicina-santiago\/la-carrera\/descripcion\/#primaryimage\"},\"image\":{\"@id\":\"https:\/\/medicina.udd.cl\/medicina-santiago\/la-carrera\/descripcion\/#primaryimage\"},\"thumbnailUrl\":\"http:\/\/medicina.udd.cl\/medicina-santiago\/files\/2012\/10\/Logo-Medicina-300x300.jpg\",\"datePublished\":\"2012-10-09T14:21:19+00:00\",\"dateModified\":\"2016-09-21T14:33:05+00:00\",\"description\":\"Conoce la Carrera de Medicina en (Santiago) de la Universidad del Desarrollo, nuestro equipo, campos cl\u00ednicos, palabras de la directora y m\u00e1s.\",\"breadcrumb\":{\"@id\":\"https:\/\/medicina.udd.cl\/medicina-santiago\/la-carrera\/descripcion\/#breadcrumb\"},\"inLanguage\":\"es\",\"potentialAction\":[{\"@type\":\"ReadAction\",\"target\":[\"https:\/\/medicina.udd.cl\/medicina-santiago\/la-carrera\/descripcion\/\"]}]},{\"@type\":\"ImageObject\",\"inLanguage\":\"es\",\"@id\":\"https:\/\/medicina.udd.cl\/medicina-santiago\/la-carrera\/descripcion\/#primaryimage\",\"url\":\"http:\/\/medicina.udd.cl\/medicina-santiago\/files\/2012\/10\/Logo-Medicina-300x300.jpg\",\"contentUrl\":\"http:\/\/medicina.udd.cl\/medicina-santiago\/files\/2012\/10\/Logo-Medicina-300x300.jpg\"},{\"@type\":\"BreadcrumbList\",\"@id\":\"https:\/\/medicina.udd.cl\/medicina-santiago\/la-carrera\/descripcion\/#breadcrumb\",\"itemListElement\":[{\"@type\":\"ListItem\",\"position\":1,\"name\":\"Home\",\"item\":\"https:\/\/medicina.udd.cl\/medicina-santiago\/\"},{\"@type\":\"ListItem\",\"position\":2,\"name\":\"MEDICINE\",\"item\":\"https:\/\/medicina.udd.cl\/medicina-santiago\/la-carrera\/\"},{\"@type\":\"ListItem\",\"position\":3,\"name\":\"Descripci\u00f3n\"}]},{\"@type\":\"WebSite\",\"@id\":\"https:\/\/medicina.udd.cl\/medicina-santiago\/#website\",\"url\":\"https:\/\/medicina.udd.cl\/medicina-santiago\/\",\"name\":\"Medicina\",\"description\":\"Facultad de Medicina Cl\u00ednica Alemana Universidad del Desarrollo\",\"inLanguage\":\"es\"}]}<\/script>\n<!-- \/ Yoast SEO plugin. -->","yoast_head_json":{"title":"Descripci\u00f3n de la Carrera | Medicina (Santiago)| Universidad del Desarrollo","description":"Conoce la Carrera de Medicina en (Santiago) de la Universidad del Desarrollo, nuestro equipo, campos cl\u00ednicos, palabras de la directora y m\u00e1s.","robots":{"index":"index","follow":"follow","max-snippet":"max-snippet:-1","max-image-preview":"max-image-preview:large","max-video-preview":"max-video-preview:-1"},"canonical":"https:\/\/medicina.udd.cl\/medicina-santiago\/la-carrera\/descripcion\/","og_locale":"es_ES","og_type":"article","og_title":"Descripci\u00f3n de la Carrera | Medicina (Santiago)| Universidad del Desarrollo","og_description":"Conoce la Carrera de Medicina en (Santiago) de la Universidad del Desarrollo, nuestro equipo, campos cl\u00ednicos, palabras de la directora y m\u00e1s.","og_url":"https:\/\/medicina.udd.cl\/medicina-santiago\/la-carrera\/descripcion\/","og_site_name":"Medicina","article_modified_time":"2016-09-21T14:33:05+00:00","og_image":[{"url":"http:\/\/medicina.udd.cl\/medicina-santiago\/files\/2012\/10\/Logo-Medicina-300x300.jpg","type":"","width":"","height":""}],"twitter_misc":{"Tiempo de lectura":"1 minuto"},"schema":{"@context":"https:\/\/schema.org","@graph":[{"@type":"WebPage","@id":"https:\/\/medicina.udd.cl\/medicina-santiago\/la-carrera\/descripcion\/","url":"https:\/\/medicina.udd.cl\/medicina-santiago\/la-carrera\/descripcion\/","name":"Descripci\u00f3n de la Carrera | Medicina (Santiago)| Universidad del Desarrollo","isPartOf":{"@id":"https:\/\/medicina.udd.cl\/medicina-santiago\/#website"},"primaryImageOfPage":{"@id":"https:\/\/medicina.udd.cl\/medicina-santiago\/la-carrera\/descripcion\/#primaryimage"},"image":{"@id":"https:\/\/medicina.udd.cl\/medicina-santiago\/la-carrera\/descripcion\/#primaryimage"},"thumbnailUrl":"http:\/\/medicina.udd.cl\/medicina-santiago\/files\/2012\/10\/Logo-Medicina-300x300.jpg","datePublished":"2012-10-09T14:21:19+00:00","dateModified":"2016-09-21T14:33:05+00:00","description":"Conoce la Carrera de Medicina en (Santiago) de la Universidad del Desarrollo, nuestro equipo, campos cl\u00ednicos, palabras de la directora y m\u00e1s.","breadcrumb":{"@id":"https:\/\/medicina.udd.cl\/medicina-santiago\/la-carrera\/descripcion\/#breadcrumb"},"inLanguage":"es","potentialAction":[{"@type":"ReadAction","target":["https:\/\/medicina.udd.cl\/medicina-santiago\/la-carrera\/descripcion\/"]}]},{"@type":"ImageObject","inLanguage":"es","@id":"https:\/\/medicina.udd.cl\/medicina-santiago\/la-carrera\/descripcion\/#primaryimage","url":"http:\/\/medicina.udd.cl\/medicina-santiago\/files\/2012\/10\/Logo-Medicina-300x300.jpg","contentUrl":"http:\/\/medicina.udd.cl\/medicina-santiago\/files\/2012\/10\/Logo-Medicina-300x300.jpg"},{"@type":"BreadcrumbList","@id":"https:\/\/medicina.udd.cl\/medicina-santiago\/la-carrera\/descripcion\/#breadcrumb","itemListElement":[{"@type":"ListItem","position":1,"name":"Home","item":"https:\/\/medicina.udd.cl\/medicina-santiago\/"},{"@type":"ListItem","position":2,"name":"MEDICINE","item":"https:\/\/medicina.udd.cl\/medicina-santiago\/la-carrera\/"},{"@type":"ListItem","position":3,"name":"Descripci\u00f3n"}]},{"@type":"WebSite","@id":"https:\/\/medicina.udd.cl\/medicina-santiago\/#website","url":"https:\/\/medicina.udd.cl\/medicina-santiago\/","name":"Medicina","description":"Facultad de Medicina Cl\u00ednica Alemana Universidad del Desarrollo","inLanguage":"es"}]}},"_links":{"self":[{"href":"https:\/\/medicina.udd.cl\/medicina-santiago\/wp-json\/wp\/v2\/pages\/1297","targetHints":{"allow":["GET"]}}],"collection":[{"href":"https:\/\/medicina.udd.cl\/medicina-santiago\/wp-json\/wp\/v2\/pages"}],"about":[{"href":"https:\/\/medicina.udd.cl\/medicina-santiago\/wp-json\/wp\/v2\/types\/page"}],"author":[{"embeddable":true,"href":"https:\/\/medicina.udd.cl\/medicina-santiago\/wp-json\/wp\/v2\/users\/1"}],"replies":[{"embeddable":true,"href":"https:\/\/medicina.udd.cl\/medicina-santiago\/wp-json\/wp\/v2\/comments?post=1297"}],"version-history":[{"count":16,"href":"https:\/\/medicina.udd.cl\/medicina-santiago\/wp-json\/wp\/v2\/pages\/1297\/revisions"}],"predecessor-version":[{"id":4503,"href":"https:\/\/medicina.udd.cl\/medicina-santiago\/wp-json\/wp\/v2\/pages\/1297\/revisions\/4503"}],"up":[{"embeddable":true,"href":"https:\/\/medicina.udd.cl\/medicina-santiago\/wp-json\/wp\/v2\/pages\/3"}],"wp:attachment":[{"href":"https:\/\/medicina.udd.cl\/medicina-santiago\/wp-json\/wp\/v2\/media?parent=1297"}],"curies":[{"name":"wp","href":"https:\/\/api.w.org\/{rel}","templated":true}]}}