{"id":1939,"date":"2013-09-10T10:32:13","date_gmt":"2013-09-10T14:32:13","guid":{"rendered":"http:\/\/medicina.udd.cl\/medicina-santiago\/?page_id=1939"},"modified":"2017-05-24T14:27:10","modified_gmt":"2017-05-24T18:27:10","slug":"academia-cientifica","status":"publish","type":"page","link":"https:\/\/medicina.udd.cl\/medicina-santiago\/vida-universitaria\/academia-cientifica\/","title":{"rendered":"Academia Cient\u00edfica"},"content":{"rendered":"<p style=\"text-align: center\"><a href=\"http:\/\/acemcasudd.weebly.com\" target=\"_blank\"><img loading=\"lazy\" decoding=\"async\" class=\"aligncenter size-full wp-image-1844\" src=\"http:\/\/medicina.udd.cl\/medicina-santiago\/files\/2013\/08\/acem-cas-udd.jpg\" alt=\"ACEM CAS-UDD\" width=\"170\" height=\"100\" \/><\/a><\/p>\n<p>&nbsp;<\/p>\n<p>La <strong>Academia Cient\u00edfica de Estudiantes de Medicina CAS-UDD (ACEM CAS-UDD)<\/strong>\u00a0es una de las 19 academias que conforman la <strong><a href=\"http:\/\/www.anacem.cl\/\">Asociaci\u00f3n Nacional Cient\u00edfica de Estudiantes de Medicina<\/a> (ANACEM)<\/strong>. Como toda academia cient\u00edfica, ACEM CAS-UDD busca acercar el conocimiento a los estudiantes y hacerlos part\u00edcipes de la creaci\u00f3n de \u00e9ste.<\/p>\n<p>Para cumplir este objetivo, los miembros de la academia, estudiantes de medicina de la <a href=\"http:\/\/www.udd.cl\/\"><strong>Universidad del Desarrollo<\/strong><\/a> de distintos a\u00f1os, organizan distintas actividades, tales como: Seminarios, Programa de Ayuda a la Investigaci\u00f3n Estudiantil (PAIE), Feria Cient\u00edfica, etc.<\/p>\n<p>Todos los estudiantes de medicina UDD est\u00e1n invitados a formar parte de la academia como miembros pasivos o miembros activos, o simplemente participar de las actividades organizadas por nosotros.<\/p>\n","protected":false},"excerpt":{"rendered":"<p>Revisa quienes conforman la ACEM CAS-UDD y cu\u00e1les son sus objetivos.<\/p>\n","protected":false},"author":40,"featured_media":0,"parent":7,"menu_order":2,"comment_status":"open","ping_status":"open","template":"","meta":{"footnotes":""},"class_list":["post-1939","page","type-page","status-publish","hentry"],"yoast_head":"<!-- This site is optimized with the Yoast SEO plugin v26.9 - https:\/\/yoast.com\/product\/yoast-seo-wordpress\/ -->\n<title>Academia Cient\u00edfica - Medicina<\/title>\n<meta name=\"robots\" content=\"index, follow, max-snippet:-1, max-image-preview:large, max-video-preview:-1\" \/>\n<link rel=\"canonical\" href=\"https:\/\/medicina.udd.cl\/medicina-santiago\/vida-universitaria\/academia-cientifica\/\" \/>\n<meta property=\"og:locale\" content=\"es_ES\" \/>\n<meta property=\"og:type\" content=\"article\" \/>\n<meta property=\"og:title\" content=\"Academia Cient\u00edfica - Medicina\" \/>\n<meta property=\"og:description\" content=\"Revisa quienes conforman la ACEM CAS-UDD y cu\u00e1les son sus objetivos.\" \/>\n<meta property=\"og:url\" content=\"https:\/\/medicina.udd.cl\/medicina-santiago\/vida-universitaria\/academia-cientifica\/\" \/>\n<meta property=\"og:site_name\" content=\"Medicina\" \/>\n<meta property=\"article:modified_time\" content=\"2017-05-24T18:27:10+00:00\" \/>\n<meta property=\"og:image\" content=\"http:\/\/medicina.udd.cl\/medicina-santiago\/files\/2013\/08\/acem-cas-udd.jpg\" \/>\n<meta name=\"twitter:label1\" content=\"Tiempo de lectura\" \/>\n\t<meta name=\"twitter:data1\" content=\"1 minuto\" \/>\n<script type=\"application\/ld+json\" class=\"yoast-schema-graph\">{\"@context\":\"https:\/\/schema.org\",\"@graph\":[{\"@type\":\"WebPage\",\"@id\":\"https:\/\/medicina.udd.cl\/medicina-santiago\/vida-universitaria\/academia-cientifica\/\",\"url\":\"https:\/\/medicina.udd.cl\/medicina-santiago\/vida-universitaria\/academia-cientifica\/\",\"name\":\"Academia Cient\u00edfica - Medicina\",\"isPartOf\":{\"@id\":\"https:\/\/medicina.udd.cl\/medicina-santiago\/#website\"},\"primaryImageOfPage\":{\"@id\":\"https:\/\/medicina.udd.cl\/medicina-santiago\/vida-universitaria\/academia-cientifica\/#primaryimage\"},\"image\":{\"@id\":\"https:\/\/medicina.udd.cl\/medicina-santiago\/vida-universitaria\/academia-cientifica\/#primaryimage\"},\"thumbnailUrl\":\"http:\/\/medicina.udd.cl\/medicina-santiago\/files\/2013\/08\/acem-cas-udd.jpg\",\"datePublished\":\"2013-09-10T14:32:13+00:00\",\"dateModified\":\"2017-05-24T18:27:10+00:00\",\"breadcrumb\":{\"@id\":\"https:\/\/medicina.udd.cl\/medicina-santiago\/vida-universitaria\/academia-cientifica\/#breadcrumb\"},\"inLanguage\":\"es\",\"potentialAction\":[{\"@type\":\"ReadAction\",\"target\":[\"https:\/\/medicina.udd.cl\/medicina-santiago\/vida-universitaria\/academia-cientifica\/\"]}]},{\"@type\":\"ImageObject\",\"inLanguage\":\"es\",\"@id\":\"https:\/\/medicina.udd.cl\/medicina-santiago\/vida-universitaria\/academia-cientifica\/#primaryimage\",\"url\":\"http:\/\/medicina.udd.cl\/medicina-santiago\/files\/2013\/08\/acem-cas-udd.jpg\",\"contentUrl\":\"http:\/\/medicina.udd.cl\/medicina-santiago\/files\/2013\/08\/acem-cas-udd.jpg\"},{\"@type\":\"BreadcrumbList\",\"@id\":\"https:\/\/medicina.udd.cl\/medicina-santiago\/vida-universitaria\/academia-cientifica\/#breadcrumb\",\"itemListElement\":[{\"@type\":\"ListItem\",\"position\":1,\"name\":\"Home\",\"item\":\"https:\/\/medicina.udd.cl\/medicina-santiago\/\"},{\"@type\":\"ListItem\",\"position\":2,\"name\":\"Vida universitaria\",\"item\":\"https:\/\/medicina.udd.cl\/medicina-santiago\/vida-universitaria\/\"},{\"@type\":\"ListItem\",\"position\":3,\"name\":\"Academia Cient\u00edfica\"}]},{\"@type\":\"WebSite\",\"@id\":\"https:\/\/medicina.udd.cl\/medicina-santiago\/#website\",\"url\":\"https:\/\/medicina.udd.cl\/medicina-santiago\/\",\"name\":\"Medicina\",\"description\":\"Facultad de Medicina Cl\u00ednica Alemana Universidad del Desarrollo\",\"inLanguage\":\"es\"}]}<\/script>\n<!-- \/ Yoast SEO plugin. -->","yoast_head_json":{"title":"Academia Cient\u00edfica - Medicina","robots":{"index":"index","follow":"follow","max-snippet":"max-snippet:-1","max-image-preview":"max-image-preview:large","max-video-preview":"max-video-preview:-1"},"canonical":"https:\/\/medicina.udd.cl\/medicina-santiago\/vida-universitaria\/academia-cientifica\/","og_locale":"es_ES","og_type":"article","og_title":"Academia Cient\u00edfica - Medicina","og_description":"Revisa quienes conforman la ACEM CAS-UDD y cu\u00e1les son sus objetivos.","og_url":"https:\/\/medicina.udd.cl\/medicina-santiago\/vida-universitaria\/academia-cientifica\/","og_site_name":"Medicina","article_modified_time":"2017-05-24T18:27:10+00:00","og_image":[{"url":"http:\/\/medicina.udd.cl\/medicina-santiago\/files\/2013\/08\/acem-cas-udd.jpg","type":"","width":"","height":""}],"twitter_misc":{"Tiempo de lectura":"1 minuto"},"schema":{"@context":"https:\/\/schema.org","@graph":[{"@type":"WebPage","@id":"https:\/\/medicina.udd.cl\/medicina-santiago\/vida-universitaria\/academia-cientifica\/","url":"https:\/\/medicina.udd.cl\/medicina-santiago\/vida-universitaria\/academia-cientifica\/","name":"Academia Cient\u00edfica - Medicina","isPartOf":{"@id":"https:\/\/medicina.udd.cl\/medicina-santiago\/#website"},"primaryImageOfPage":{"@id":"https:\/\/medicina.udd.cl\/medicina-santiago\/vida-universitaria\/academia-cientifica\/#primaryimage"},"image":{"@id":"https:\/\/medicina.udd.cl\/medicina-santiago\/vida-universitaria\/academia-cientifica\/#primaryimage"},"thumbnailUrl":"http:\/\/medicina.udd.cl\/medicina-santiago\/files\/2013\/08\/acem-cas-udd.jpg","datePublished":"2013-09-10T14:32:13+00:00","dateModified":"2017-05-24T18:27:10+00:00","breadcrumb":{"@id":"https:\/\/medicina.udd.cl\/medicina-santiago\/vida-universitaria\/academia-cientifica\/#breadcrumb"},"inLanguage":"es","potentialAction":[{"@type":"ReadAction","target":["https:\/\/medicina.udd.cl\/medicina-santiago\/vida-universitaria\/academia-cientifica\/"]}]},{"@type":"ImageObject","inLanguage":"es","@id":"https:\/\/medicina.udd.cl\/medicina-santiago\/vida-universitaria\/academia-cientifica\/#primaryimage","url":"http:\/\/medicina.udd.cl\/medicina-santiago\/files\/2013\/08\/acem-cas-udd.jpg","contentUrl":"http:\/\/medicina.udd.cl\/medicina-santiago\/files\/2013\/08\/acem-cas-udd.jpg"},{"@type":"BreadcrumbList","@id":"https:\/\/medicina.udd.cl\/medicina-santiago\/vida-universitaria\/academia-cientifica\/#breadcrumb","itemListElement":[{"@type":"ListItem","position":1,"name":"Home","item":"https:\/\/medicina.udd.cl\/medicina-santiago\/"},{"@type":"ListItem","position":2,"name":"Vida universitaria","item":"https:\/\/medicina.udd.cl\/medicina-santiago\/vida-universitaria\/"},{"@type":"ListItem","position":3,"name":"Academia Cient\u00edfica"}]},{"@type":"WebSite","@id":"https:\/\/medicina.udd.cl\/medicina-santiago\/#website","url":"https:\/\/medicina.udd.cl\/medicina-santiago\/","name":"Medicina","description":"Facultad de Medicina Cl\u00ednica Alemana Universidad del Desarrollo","inLanguage":"es"}]}},"_links":{"self":[{"href":"https:\/\/medicina.udd.cl\/medicina-santiago\/wp-json\/wp\/v2\/pages\/1939","targetHints":{"allow":["GET"]}}],"collection":[{"href":"https:\/\/medicina.udd.cl\/medicina-santiago\/wp-json\/wp\/v2\/pages"}],"about":[{"href":"https:\/\/medicina.udd.cl\/medicina-santiago\/wp-json\/wp\/v2\/types\/page"}],"author":[{"embeddable":true,"href":"https:\/\/medicina.udd.cl\/medicina-santiago\/wp-json\/wp\/v2\/users\/40"}],"replies":[{"embeddable":true,"href":"https:\/\/medicina.udd.cl\/medicina-santiago\/wp-json\/wp\/v2\/comments?post=1939"}],"version-history":[{"count":16,"href":"https:\/\/medicina.udd.cl\/medicina-santiago\/wp-json\/wp\/v2\/pages\/1939\/revisions"}],"predecessor-version":[{"id":5122,"href":"https:\/\/medicina.udd.cl\/medicina-santiago\/wp-json\/wp\/v2\/pages\/1939\/revisions\/5122"}],"up":[{"embeddable":true,"href":"https:\/\/medicina.udd.cl\/medicina-santiago\/wp-json\/wp\/v2\/pages\/7"}],"wp:attachment":[{"href":"https:\/\/medicina.udd.cl\/medicina-santiago\/wp-json\/wp\/v2\/media?parent=1939"}],"curies":[{"name":"wp","href":"https:\/\/api.w.org\/{rel}","templated":true}]}}