{"id":3495,"date":"2015-09-07T17:45:46","date_gmt":"2015-09-07T20:45:46","guid":{"rendered":"http:\/\/medicina.udd.cl\/medicina-santiago\/?page_id=3495"},"modified":"2015-09-11T15:08:17","modified_gmt":"2015-09-11T18:08:17","slug":"internado-electivo-asofamech-rm","status":"publish","type":"page","link":"https:\/\/medicina.udd.cl\/medicina-santiago\/internado-electivo-asofamech-rm\/","title":{"rendered":"Convenio universidades ASOFAMECH RM"},"content":{"rendered":"<p><span style=\"text-decoration: underline\"><strong>UNIVERSIDAD MAYOR<\/strong><\/span><\/p>\n<ul>\n<li>Hospital de Carabineros<\/li>\n<li>Hospital de la Fuerza A\u00e9rea de Chile<\/li>\n<li>Hospital F\u00e9lix Bulnes<\/li>\n<\/ul>\n<p><span style=\"text-decoration: underline\"><strong>UNIVERSIDAD DIEGO PORTALES<\/strong><\/span><\/p>\n<ul>\n<li>Hospital Barros Luco Trudeau (Servicio de Urgencia)<\/li>\n<li>Hospital de la Direcci\u00f3n de Previsi\u00f3n de Carabineros de Chile (DIPRECA)<\/li>\n<li>Hospital Parroquial de San Bernardo<\/li>\n<li>Instituto de Seguridad del Trabajo<\/li>\n<\/ul>\n<p><span style=\"text-decoration: underline\"><strong>UNIVERSIDAD CAT\u00d3LICA DE CHILE<\/strong><\/span><\/p>\n<ul>\n<li>Hospital Cl\u00ednico UC<\/li>\n<li>Hospital Dr. Sotero del Rio<\/li>\n<li>Hospital Josefina Mart\u00ednez<\/li>\n<li>Hospital de Urgencia Asistencia P\u00fablica<\/li>\n<li>Centro M\u00e9dico San Joaqu\u00edn<\/li>\n<li>Centro del C\u00e1ncer<\/li>\n<\/ul>\n<p><span style=\"text-decoration: underline\"><strong>UNIVERSIDAD DE CHILE<\/strong><\/span><\/p>\n<p><strong>Campus Norte:<\/strong><\/p>\n<ul>\n<li>Hospital Cl\u00ednico de la Universidad de Chile \u201cJos\u00e9 Joaqu\u00edn Aguirre\u201d<\/li>\n<li>Hospital Pedi\u00e1trico Roberto del Rio<\/li>\n<li>Hospital San Jos\u00e9<\/li>\n<li>Cl\u00ednica Psiqui\u00e1trica<\/li>\n<li>Instituto de Psiquiatr\u00eda<\/li>\n<\/ul>\n<p><strong>Campus Sur:<\/strong><\/p>\n<ul>\n<li>Hospital Barros Luco-Trudeau<\/li>\n<li>Hospital Exequiel Gonz\u00e1lez Cort\u00e9s<\/li>\n<li>Centro Docente Asistencial Doctor Luis Herv\u00e9<\/li>\n<li>Campus Centro:<\/li>\n<li>Hospital San Borja Arriar\u00e1n<\/li>\n<li>Hospital de la Asistencia P\u00fablica<\/li>\n<li>Instituto de Investigaci\u00f3n Materno Infantil (IDIMI)<\/li>\n<\/ul>\n<p><strong>Campus Oriente:<\/strong><\/p>\n<ul>\n<li>Hospital del Salvador<\/li>\n<li>Instituto Nacional del T\u00f3rax<\/li>\n<li>Instituto de Neurocirug\u00eda Asenjo<\/li>\n<li>Hospital Luis Calvo Mackenna<\/li>\n<li>Edificio Prof. Dr. Hern\u00e1n Alessandri- Hospital Santiago Oriente, Dr. Luis Tisn\u00e9 B.<\/li>\n<li>Instituto Nacional de Geriatr\u00eda<\/li>\n<\/ul>\n<p><strong>Campus Occidente:<\/strong><\/p>\n<ul>\n<li>Hospital San Juan de Dios<\/li>\n<li>Instituto de Traumatolog\u00eda<\/li>\n<\/ul>\n<p><span style=\"text-decoration: underline\"><strong>UNIVERSIDAD DE LOS ANDES<\/strong><\/span><\/p>\n<ul>\n<li>Cl\u00ednica Universidad de Los Andes<\/li>\n<li>Centro de Salud San Bernardo<\/li>\n<li>Hospital Militar de Santiago<\/li>\n<\/ul>\n<p><span style=\"text-decoration: underline\"><strong>UNIVERSIDAD DE SANTIAGO DE CHILE<\/strong><\/span><\/p>\n<ul>\n<li>Hospital San Jos\u00e9<\/li>\n<li>Hospital Barros Luco Trudeau<\/li>\n<li>Hospital El Pino<\/li>\n<li>Hospital Metropolitano<\/li>\n<\/ul>\n<p><span style=\"text-decoration: underline\"><strong>UNIVERSIDAD SAN SEBASTIAN<\/strong><\/span><\/p>\n<p><strong>Sede Santiago:<\/strong><\/p>\n<ul>\n<li>Hospital Cl\u00ednico F\u00e9lix Bulnes<\/li>\n<li>Cl\u00ednica Hospital del Profesor<\/li>\n<li>Instituto Nacional de Geriatr\u00eda<\/li>\n<li>Hospital de Rancagua<\/li>\n<li>Hospital de San Fernando<\/li>\n<\/ul>\n<p><span style=\"text-decoration: underline\"><strong>UNIVERSIDAD ANDRES \u00a0BELLO<\/strong><\/span><\/p>\n<p><strong>Sede Santiago:<\/strong><\/p>\n<ul>\n<li>Hospital y CRS El Pino<\/li>\n<li>Centro de Salud Familiar Lo Barnechea<\/li>\n<li>Cl\u00ednica Indisa<\/li>\n<\/ul>\n<p><span style=\"text-decoration: underline\"><strong>UNIVERSIDAD FINIS TERRAE<\/strong><\/span><\/p>\n<ul>\n<li>Hospital Urgencia Asistencia P\u00fablica<\/li>\n<li>Hospital El Carmen &#8211; Maip\u00fa<\/li>\n<li>Hospital Cl\u00ednico San Borja Arriar\u00e1n<\/li>\n<li>Hospital San Jos\u00e9 Melipilla<\/li>\n<li>Instituto Nacional de T\u00f3rax<\/li>\n<li>Instituto Nacional de Geriatr\u00eda<\/li>\n<li>Instituto Psiqui\u00e1trico Dr. Jos\u00e9 Horwitz<\/li>\n<\/ul>\n<p>&nbsp;<\/p>\n","protected":false},"excerpt":{"rendered":"<p>UNIVERSIDAD MAYOR Hospital de Carabineros Hospital de la Fuerza A\u00e9rea de Chile Hospital F\u00e9lix Bulnes UNIVERSIDAD DIEGO PORTALES Hospital Barros Luco Trudeau (Servicio de Urgencia) Hospital de la Direcci\u00f3n de Previsi\u00f3n de Carabineros de Chile (DIPRECA) Hospital Parroquial de San Bernardo Instituto de Seguridad del Trabajo UNIVERSIDAD CAT\u00d3LICA DE CHILE Hospital Cl\u00ednico UC Hospital Dr. [&hellip;]<\/p>\n","protected":false},"author":47,"featured_media":0,"parent":0,"menu_order":0,"comment_status":"open","ping_status":"open","template":"","meta":{"footnotes":""},"class_list":["post-3495","page","type-page","status-publish","hentry"],"yoast_head":"<!-- This site is optimized with the Yoast SEO plugin v26.9 - https:\/\/yoast.com\/product\/yoast-seo-wordpress\/ -->\n<title>Convenio universidades ASOFAMECH RM - Medicina<\/title>\n<meta name=\"robots\" content=\"index, follow, max-snippet:-1, max-image-preview:large, max-video-preview:-1\" \/>\n<link rel=\"canonical\" href=\"https:\/\/medicina.udd.cl\/medicina-santiago\/internado-electivo-asofamech-rm\/\" \/>\n<meta property=\"og:locale\" content=\"es_ES\" \/>\n<meta property=\"og:type\" content=\"article\" \/>\n<meta property=\"og:title\" content=\"Convenio universidades ASOFAMECH RM - Medicina\" \/>\n<meta property=\"og:description\" content=\"UNIVERSIDAD MAYOR Hospital de Carabineros Hospital de la Fuerza A\u00e9rea de Chile Hospital F\u00e9lix Bulnes UNIVERSIDAD DIEGO PORTALES Hospital Barros Luco Trudeau (Servicio de Urgencia) Hospital de la Direcci\u00f3n de Previsi\u00f3n de Carabineros de Chile (DIPRECA) Hospital Parroquial de San Bernardo Instituto de Seguridad del Trabajo UNIVERSIDAD CAT\u00d3LICA DE CHILE Hospital Cl\u00ednico UC Hospital Dr. [&hellip;]\" \/>\n<meta property=\"og:url\" content=\"https:\/\/medicina.udd.cl\/medicina-santiago\/internado-electivo-asofamech-rm\/\" \/>\n<meta property=\"og:site_name\" content=\"Medicina\" \/>\n<meta property=\"article:modified_time\" content=\"2015-09-11T18:08:17+00:00\" \/>\n<meta name=\"twitter:label1\" content=\"Tiempo de lectura\" \/>\n\t<meta name=\"twitter:data1\" content=\"2 minutos\" \/>\n<script type=\"application\/ld+json\" class=\"yoast-schema-graph\">{\"@context\":\"https:\/\/schema.org\",\"@graph\":[{\"@type\":\"WebPage\",\"@id\":\"https:\/\/medicina.udd.cl\/medicina-santiago\/internado-electivo-asofamech-rm\/\",\"url\":\"https:\/\/medicina.udd.cl\/medicina-santiago\/internado-electivo-asofamech-rm\/\",\"name\":\"Convenio universidades ASOFAMECH RM - Medicina\",\"isPartOf\":{\"@id\":\"https:\/\/medicina.udd.cl\/medicina-santiago\/#website\"},\"datePublished\":\"2015-09-07T20:45:46+00:00\",\"dateModified\":\"2015-09-11T18:08:17+00:00\",\"breadcrumb\":{\"@id\":\"https:\/\/medicina.udd.cl\/medicina-santiago\/internado-electivo-asofamech-rm\/#breadcrumb\"},\"inLanguage\":\"es\",\"potentialAction\":[{\"@type\":\"ReadAction\",\"target\":[\"https:\/\/medicina.udd.cl\/medicina-santiago\/internado-electivo-asofamech-rm\/\"]}]},{\"@type\":\"BreadcrumbList\",\"@id\":\"https:\/\/medicina.udd.cl\/medicina-santiago\/internado-electivo-asofamech-rm\/#breadcrumb\",\"itemListElement\":[{\"@type\":\"ListItem\",\"position\":1,\"name\":\"Home\",\"item\":\"https:\/\/medicina.udd.cl\/medicina-santiago\/\"},{\"@type\":\"ListItem\",\"position\":2,\"name\":\"Convenio universidades ASOFAMECH RM\"}]},{\"@type\":\"WebSite\",\"@id\":\"https:\/\/medicina.udd.cl\/medicina-santiago\/#website\",\"url\":\"https:\/\/medicina.udd.cl\/medicina-santiago\/\",\"name\":\"Medicina\",\"description\":\"Facultad de Medicina Cl\u00ednica Alemana Universidad del Desarrollo\",\"inLanguage\":\"es\"}]}<\/script>\n<!-- \/ Yoast SEO plugin. -->","yoast_head_json":{"title":"Convenio universidades ASOFAMECH RM - Medicina","robots":{"index":"index","follow":"follow","max-snippet":"max-snippet:-1","max-image-preview":"max-image-preview:large","max-video-preview":"max-video-preview:-1"},"canonical":"https:\/\/medicina.udd.cl\/medicina-santiago\/internado-electivo-asofamech-rm\/","og_locale":"es_ES","og_type":"article","og_title":"Convenio universidades ASOFAMECH RM - Medicina","og_description":"UNIVERSIDAD MAYOR Hospital de Carabineros Hospital de la Fuerza A\u00e9rea de Chile Hospital F\u00e9lix Bulnes UNIVERSIDAD DIEGO PORTALES Hospital Barros Luco Trudeau (Servicio de Urgencia) Hospital de la Direcci\u00f3n de Previsi\u00f3n de Carabineros de Chile (DIPRECA) Hospital Parroquial de San Bernardo Instituto de Seguridad del Trabajo UNIVERSIDAD CAT\u00d3LICA DE CHILE Hospital Cl\u00ednico UC Hospital Dr. [&hellip;]","og_url":"https:\/\/medicina.udd.cl\/medicina-santiago\/internado-electivo-asofamech-rm\/","og_site_name":"Medicina","article_modified_time":"2015-09-11T18:08:17+00:00","twitter_misc":{"Tiempo de lectura":"2 minutos"},"schema":{"@context":"https:\/\/schema.org","@graph":[{"@type":"WebPage","@id":"https:\/\/medicina.udd.cl\/medicina-santiago\/internado-electivo-asofamech-rm\/","url":"https:\/\/medicina.udd.cl\/medicina-santiago\/internado-electivo-asofamech-rm\/","name":"Convenio universidades ASOFAMECH RM - Medicina","isPartOf":{"@id":"https:\/\/medicina.udd.cl\/medicina-santiago\/#website"},"datePublished":"2015-09-07T20:45:46+00:00","dateModified":"2015-09-11T18:08:17+00:00","breadcrumb":{"@id":"https:\/\/medicina.udd.cl\/medicina-santiago\/internado-electivo-asofamech-rm\/#breadcrumb"},"inLanguage":"es","potentialAction":[{"@type":"ReadAction","target":["https:\/\/medicina.udd.cl\/medicina-santiago\/internado-electivo-asofamech-rm\/"]}]},{"@type":"BreadcrumbList","@id":"https:\/\/medicina.udd.cl\/medicina-santiago\/internado-electivo-asofamech-rm\/#breadcrumb","itemListElement":[{"@type":"ListItem","position":1,"name":"Home","item":"https:\/\/medicina.udd.cl\/medicina-santiago\/"},{"@type":"ListItem","position":2,"name":"Convenio universidades ASOFAMECH RM"}]},{"@type":"WebSite","@id":"https:\/\/medicina.udd.cl\/medicina-santiago\/#website","url":"https:\/\/medicina.udd.cl\/medicina-santiago\/","name":"Medicina","description":"Facultad de Medicina Cl\u00ednica Alemana Universidad del Desarrollo","inLanguage":"es"}]}},"_links":{"self":[{"href":"https:\/\/medicina.udd.cl\/medicina-santiago\/wp-json\/wp\/v2\/pages\/3495","targetHints":{"allow":["GET"]}}],"collection":[{"href":"https:\/\/medicina.udd.cl\/medicina-santiago\/wp-json\/wp\/v2\/pages"}],"about":[{"href":"https:\/\/medicina.udd.cl\/medicina-santiago\/wp-json\/wp\/v2\/types\/page"}],"author":[{"embeddable":true,"href":"https:\/\/medicina.udd.cl\/medicina-santiago\/wp-json\/wp\/v2\/users\/47"}],"replies":[{"embeddable":true,"href":"https:\/\/medicina.udd.cl\/medicina-santiago\/wp-json\/wp\/v2\/comments?post=3495"}],"version-history":[{"count":6,"href":"https:\/\/medicina.udd.cl\/medicina-santiago\/wp-json\/wp\/v2\/pages\/3495\/revisions"}],"predecessor-version":[{"id":3507,"href":"https:\/\/medicina.udd.cl\/medicina-santiago\/wp-json\/wp\/v2\/pages\/3495\/revisions\/3507"}],"wp:attachment":[{"href":"https:\/\/medicina.udd.cl\/medicina-santiago\/wp-json\/wp\/v2\/media?parent=3495"}],"curies":[{"name":"wp","href":"https:\/\/api.w.org\/{rel}","templated":true}]}}