{"id":3498,"date":"2015-09-07T17:47:10","date_gmt":"2015-09-07T20:47:10","guid":{"rendered":"http:\/\/medicina.udd.cl\/medicina-santiago\/?page_id=3498"},"modified":"2015-09-11T15:07:07","modified_gmt":"2015-09-11T18:07:07","slug":"internado-electivo-asofamech-regiones","status":"publish","type":"page","link":"https:\/\/medicina.udd.cl\/medicina-santiago\/internado-electivo-asofamech-regiones\/","title":{"rendered":"Convenios universidades ASOFAMECH Regiones"},"content":{"rendered":"<p><span style=\"text-decoration: underline\"><strong>UNIVERSIDAD DE VALPARAISO<\/strong><\/span><\/p>\n<ul>\n<li>Hospital Gustavo Fricke<\/li>\n<li>Hospital Carlos Van Buren<\/li>\n<li>Hospital Naval \u201cAlmirante Nef\u201d<\/li>\n<li>Hospital Dr. Eduardo Pereira<\/li>\n<\/ul>\n<p><span style=\"text-decoration: underline\"><strong>UNIVERSIDAD CAT\u00d3LICA DEL NORTE<\/strong><\/span><\/p>\n<ul>\n<li>Hospital de Coquimbo<\/li>\n<li>Hospital de La Serena<\/li>\n<\/ul>\n<p><span style=\"text-decoration: underline\"><strong>UNIVERSIDAD SAN SEBASTIAN<\/strong><\/span><\/p>\n<p><strong>Sede Concepci\u00f3n:<\/strong><\/p>\n<ul>\n<li>Hospital de Valdivia<\/li>\n<li>Hospital de Puerto Montt<\/li>\n<li>Hospital Naval de Talcahuano<\/li>\n<li>Hospital de Coronel<\/li>\n<li>Hospital de Curanilahue<\/li>\n<li>Hospital de Lota<\/li>\n<li>Hospital de Los \u00c1ngeles V\u00edctor R\u00edos<\/li>\n<\/ul>\n<p><span style=\"text-decoration: underline\"><strong>UNIVERSIDAD AUSTRAL DE CHILE<\/strong><\/span><\/p>\n<ul>\n<li>Hospital Cl\u00ednico Regional de Valdivia<\/li>\n<li>Hospital Base Osorno<\/li>\n<li>Hospital de Los Lagos<\/li>\n<li>Hospital de Coyhaique<\/li>\n<\/ul>\n<p><strong>Otros:<\/strong><\/p>\n<ul>\n<li>Hospital de Paillaco<\/li>\n<li>Hospital de Panguipulli<\/li>\n<li>Hospital de R\u00edo Bueno<\/li>\n<li>Hospital de Corral<\/li>\n<li>Hospital de San Jos\u00e9<\/li>\n<li>Hospital de La Uni\u00f3n<\/li>\n<li>Hospital de Ancud<\/li>\n<\/ul>\n<p><span style=\"text-decoration: underline\"><strong>UNIVERSIDAD ANDRES BELLO<\/strong><\/span><\/p>\n<p><strong>Sede Vi\u00f1a del Mar:<\/strong><\/p>\n<ul>\n<li>Hospital Cl\u00ednico de Vi\u00f1a del Mar<\/li>\n<li>Hospital de Ni\u00f1os y Cunas<\/li>\n<li>Hospital naval Almirante Nef<\/li>\n<li>Hospital del Instituto de Seguridad del Trabajo (IST)<\/li>\n<li>Hospital de Quilpu\u00e9<\/li>\n<li>Hospital de Quillota<\/li>\n<li>Hospital de San Antonio Claudio Vicu\u00f1a<\/li>\n<\/ul>\n<p><span style=\"text-decoration: underline\"><strong>UNIVERSIDAD DIEGO PORTALES<\/strong><\/span><\/p>\n<ul>\n<li>Servicio de Salud de la VI Regi\u00f3n, Hospital Regional de Rancagua<\/li>\n<li>Servicio de Salud de la VI Regi\u00f3n, Hospital de Lolol<\/li>\n<li>Servicio de Salud de la VI Regi\u00f3n, Hospital de Marchig\u00fce<\/li>\n<\/ul>\n<p><span style=\"text-decoration: underline\"><strong>UNIVERSIDAD CAT\u00d3LICA DEL MAULE<\/strong><\/span><\/p>\n<ul>\n<li>Hospital Regional de Talca<\/li>\n<li>Hospital de Cauquenes<\/li>\n<li>Hospital de Molina<\/li>\n<li>Hospital de Chanco<\/li>\n<\/ul>\n<p><span style=\"text-decoration: underline\"><strong>UNIVERSIDAD DE ANTOFAGASTA<\/strong><\/span><\/p>\n<ul>\n<li>Hospital Regional de Antofagasta<\/li>\n<\/ul>\n<p><span style=\"text-decoration: underline\"><strong>UNIVERSIDAD DE CONCEPCION<\/strong><\/span><\/p>\n<ul>\n<li>Hospital Regional de Concepci\u00f3n<\/li>\n<li>Hospital Las Higueras de Talcahuano<\/li>\n<\/ul>\n<p>&nbsp;<\/p>\n","protected":false},"excerpt":{"rendered":"<p>UNIVERSIDAD DE VALPARAISO Hospital Gustavo Fricke Hospital Carlos Van Buren Hospital Naval \u201cAlmirante Nef\u201d Hospital Dr. Eduardo Pereira UNIVERSIDAD CAT\u00d3LICA DEL NORTE Hospital de Coquimbo Hospital de La Serena UNIVERSIDAD SAN SEBASTIAN Sede Concepci\u00f3n: Hospital de Valdivia Hospital de Puerto Montt Hospital Naval de Talcahuano Hospital de Coronel Hospital de Curanilahue Hospital de Lota Hospital [&hellip;]<\/p>\n","protected":false},"author":47,"featured_media":0,"parent":0,"menu_order":0,"comment_status":"open","ping_status":"open","template":"","meta":{"footnotes":""},"class_list":["post-3498","page","type-page","status-publish","hentry"],"yoast_head":"<!-- This site is optimized with the Yoast SEO plugin v26.9 - https:\/\/yoast.com\/product\/yoast-seo-wordpress\/ -->\n<title>Convenios universidades ASOFAMECH Regiones - Medicina<\/title>\n<meta name=\"robots\" content=\"index, follow, max-snippet:-1, max-image-preview:large, max-video-preview:-1\" \/>\n<link rel=\"canonical\" href=\"https:\/\/medicina.udd.cl\/medicina-santiago\/internado-electivo-asofamech-regiones\/\" \/>\n<meta property=\"og:locale\" content=\"es_ES\" \/>\n<meta property=\"og:type\" content=\"article\" \/>\n<meta property=\"og:title\" content=\"Convenios universidades ASOFAMECH Regiones - Medicina\" \/>\n<meta property=\"og:description\" content=\"UNIVERSIDAD DE VALPARAISO Hospital Gustavo Fricke Hospital Carlos Van Buren Hospital Naval \u201cAlmirante Nef\u201d Hospital Dr. Eduardo Pereira UNIVERSIDAD CAT\u00d3LICA DEL NORTE Hospital de Coquimbo Hospital de La Serena UNIVERSIDAD SAN SEBASTIAN Sede Concepci\u00f3n: Hospital de Valdivia Hospital de Puerto Montt Hospital Naval de Talcahuano Hospital de Coronel Hospital de Curanilahue Hospital de Lota Hospital [&hellip;]\" \/>\n<meta property=\"og:url\" content=\"https:\/\/medicina.udd.cl\/medicina-santiago\/internado-electivo-asofamech-regiones\/\" \/>\n<meta property=\"og:site_name\" content=\"Medicina\" \/>\n<meta property=\"article:modified_time\" content=\"2015-09-11T18:07:07+00:00\" \/>\n<meta name=\"twitter:label1\" content=\"Tiempo de lectura\" \/>\n\t<meta name=\"twitter:data1\" content=\"1 minuto\" \/>\n<script type=\"application\/ld+json\" class=\"yoast-schema-graph\">{\"@context\":\"https:\/\/schema.org\",\"@graph\":[{\"@type\":\"WebPage\",\"@id\":\"https:\/\/medicina.udd.cl\/medicina-santiago\/internado-electivo-asofamech-regiones\/\",\"url\":\"https:\/\/medicina.udd.cl\/medicina-santiago\/internado-electivo-asofamech-regiones\/\",\"name\":\"Convenios universidades ASOFAMECH Regiones - Medicina\",\"isPartOf\":{\"@id\":\"https:\/\/medicina.udd.cl\/medicina-santiago\/#website\"},\"datePublished\":\"2015-09-07T20:47:10+00:00\",\"dateModified\":\"2015-09-11T18:07:07+00:00\",\"breadcrumb\":{\"@id\":\"https:\/\/medicina.udd.cl\/medicina-santiago\/internado-electivo-asofamech-regiones\/#breadcrumb\"},\"inLanguage\":\"es\",\"potentialAction\":[{\"@type\":\"ReadAction\",\"target\":[\"https:\/\/medicina.udd.cl\/medicina-santiago\/internado-electivo-asofamech-regiones\/\"]}]},{\"@type\":\"BreadcrumbList\",\"@id\":\"https:\/\/medicina.udd.cl\/medicina-santiago\/internado-electivo-asofamech-regiones\/#breadcrumb\",\"itemListElement\":[{\"@type\":\"ListItem\",\"position\":1,\"name\":\"Home\",\"item\":\"https:\/\/medicina.udd.cl\/medicina-santiago\/\"},{\"@type\":\"ListItem\",\"position\":2,\"name\":\"Convenios universidades ASOFAMECH Regiones\"}]},{\"@type\":\"WebSite\",\"@id\":\"https:\/\/medicina.udd.cl\/medicina-santiago\/#website\",\"url\":\"https:\/\/medicina.udd.cl\/medicina-santiago\/\",\"name\":\"Medicina\",\"description\":\"Facultad de Medicina Cl\u00ednica Alemana Universidad del Desarrollo\",\"inLanguage\":\"es\"}]}<\/script>\n<!-- \/ Yoast SEO plugin. -->","yoast_head_json":{"title":"Convenios universidades ASOFAMECH Regiones - Medicina","robots":{"index":"index","follow":"follow","max-snippet":"max-snippet:-1","max-image-preview":"max-image-preview:large","max-video-preview":"max-video-preview:-1"},"canonical":"https:\/\/medicina.udd.cl\/medicina-santiago\/internado-electivo-asofamech-regiones\/","og_locale":"es_ES","og_type":"article","og_title":"Convenios universidades ASOFAMECH Regiones - Medicina","og_description":"UNIVERSIDAD DE VALPARAISO Hospital Gustavo Fricke Hospital Carlos Van Buren Hospital Naval \u201cAlmirante Nef\u201d Hospital Dr. Eduardo Pereira UNIVERSIDAD CAT\u00d3LICA DEL NORTE Hospital de Coquimbo Hospital de La Serena UNIVERSIDAD SAN SEBASTIAN Sede Concepci\u00f3n: Hospital de Valdivia Hospital de Puerto Montt Hospital Naval de Talcahuano Hospital de Coronel Hospital de Curanilahue Hospital de Lota Hospital [&hellip;]","og_url":"https:\/\/medicina.udd.cl\/medicina-santiago\/internado-electivo-asofamech-regiones\/","og_site_name":"Medicina","article_modified_time":"2015-09-11T18:07:07+00:00","twitter_misc":{"Tiempo de lectura":"1 minuto"},"schema":{"@context":"https:\/\/schema.org","@graph":[{"@type":"WebPage","@id":"https:\/\/medicina.udd.cl\/medicina-santiago\/internado-electivo-asofamech-regiones\/","url":"https:\/\/medicina.udd.cl\/medicina-santiago\/internado-electivo-asofamech-regiones\/","name":"Convenios universidades ASOFAMECH Regiones - Medicina","isPartOf":{"@id":"https:\/\/medicina.udd.cl\/medicina-santiago\/#website"},"datePublished":"2015-09-07T20:47:10+00:00","dateModified":"2015-09-11T18:07:07+00:00","breadcrumb":{"@id":"https:\/\/medicina.udd.cl\/medicina-santiago\/internado-electivo-asofamech-regiones\/#breadcrumb"},"inLanguage":"es","potentialAction":[{"@type":"ReadAction","target":["https:\/\/medicina.udd.cl\/medicina-santiago\/internado-electivo-asofamech-regiones\/"]}]},{"@type":"BreadcrumbList","@id":"https:\/\/medicina.udd.cl\/medicina-santiago\/internado-electivo-asofamech-regiones\/#breadcrumb","itemListElement":[{"@type":"ListItem","position":1,"name":"Home","item":"https:\/\/medicina.udd.cl\/medicina-santiago\/"},{"@type":"ListItem","position":2,"name":"Convenios universidades ASOFAMECH Regiones"}]},{"@type":"WebSite","@id":"https:\/\/medicina.udd.cl\/medicina-santiago\/#website","url":"https:\/\/medicina.udd.cl\/medicina-santiago\/","name":"Medicina","description":"Facultad de Medicina Cl\u00ednica Alemana Universidad del Desarrollo","inLanguage":"es"}]}},"_links":{"self":[{"href":"https:\/\/medicina.udd.cl\/medicina-santiago\/wp-json\/wp\/v2\/pages\/3498","targetHints":{"allow":["GET"]}}],"collection":[{"href":"https:\/\/medicina.udd.cl\/medicina-santiago\/wp-json\/wp\/v2\/pages"}],"about":[{"href":"https:\/\/medicina.udd.cl\/medicina-santiago\/wp-json\/wp\/v2\/types\/page"}],"author":[{"embeddable":true,"href":"https:\/\/medicina.udd.cl\/medicina-santiago\/wp-json\/wp\/v2\/users\/47"}],"replies":[{"embeddable":true,"href":"https:\/\/medicina.udd.cl\/medicina-santiago\/wp-json\/wp\/v2\/comments?post=3498"}],"version-history":[{"count":5,"href":"https:\/\/medicina.udd.cl\/medicina-santiago\/wp-json\/wp\/v2\/pages\/3498\/revisions"}],"predecessor-version":[{"id":3509,"href":"https:\/\/medicina.udd.cl\/medicina-santiago\/wp-json\/wp\/v2\/pages\/3498\/revisions\/3509"}],"wp:attachment":[{"href":"https:\/\/medicina.udd.cl\/medicina-santiago\/wp-json\/wp\/v2\/media?parent=3498"}],"curies":[{"name":"wp","href":"https:\/\/api.w.org\/{rel}","templated":true}]}}