{"id":4760,"date":"2016-12-09T16:34:00","date_gmt":"2016-12-09T19:34:00","guid":{"rendered":"http:\/\/medicina.udd.cl\/medicina-santiago\/?page_id=4760"},"modified":"2017-12-27T15:06:38","modified_gmt":"2017-12-27T18:06:38","slug":"coniss-minsal","status":"publish","type":"page","link":"https:\/\/medicina.udd.cl\/medicina-santiago\/coniss-minsal\/","title":{"rendered":"CONISS MINSAL"},"content":{"rendered":"<h3 style=\"text-align: justify\"><span style=\"color: #008080\">Cronograma Ministerial\u00a0<\/span><\/h3>\n<div class=\"table-responsive\">\n<table width=\"662\">\n<tbody>\n<tr class=\"no-data\">\n<td width=\"465\"><span class=\"wrap-td\">Publicaci\u00f3n aviso<\/span><\/td>\n<td width=\"187\"><span class=\"wrap-td\">03-12-2017<\/span><\/td>\n<\/tr>\n<tr class=\"no-data\">\n<td width=\"465\"><span class=\"wrap-td\">Recepci\u00f3n de antecedentes (geri\u00e1trico) (hasta las 13:00 horas el \u00faltimo d\u00eda)<\/span><\/td>\n<td width=\"187\"><span class=\"wrap-td\">04\/12\/2017 \u2013 28\/12\/2017<\/span><\/td>\n<\/tr>\n<tr class=\"no-data\">\n<td width=\"465\"><span class=\"wrap-td\">Comisi\u00f3n revisora<\/span><\/td>\n<td width=\"187\"><span class=\"wrap-td\">02\/01\/2018 \u2013 08\/01\/2018<\/span><\/td>\n<\/tr>\n<tr class=\"no-data\">\n<td width=\"465\"><span class=\"wrap-td\">Puntajes provisorios<\/span><\/td>\n<td width=\"187\"><span class=\"wrap-td\">09-01-2018<\/span><\/td>\n<\/tr>\n<tr class=\"no-data\">\n<td width=\"465\"><span class=\"wrap-td\">Recepci\u00f3n de reposici\u00f3n y apelaci\u00f3n con subsidio (hasta las 13:00 horas el \u00faltimo d\u00eda<\/span><\/td>\n<td width=\"187\"><span class=\"wrap-td\">10\/01\/2018\u00a0<\/span><\/td>\n<\/tr>\n<tr class=\"no-data\">\n<td width=\"465\"><span class=\"wrap-td\">Comisi\u00f3n de Reposici\u00f3n<\/span><\/td>\n<td width=\"187\"><span class=\"wrap-td\">19-01-2018<\/span><\/td>\n<\/tr>\n<tr class=\"no-data\">\n<td width=\"465\"><span class=\"wrap-td\">Comisi\u00f3n de apelaci\u00f3n<\/span><\/td>\n<td width=\"187\"><span class=\"wrap-td\">22\/01\/2018 \u2013 24\/01\/2018<\/span><\/td>\n<\/tr>\n<tr class=\"no-data\">\n<td width=\"465\"><span class=\"wrap-td\">Puntajes definitivos<\/span><\/td>\n<td width=\"187\"><span class=\"wrap-td\">25-01-2018<\/span><\/td>\n<\/tr>\n<tr class=\"no-data\">\n<td width=\"465\"><span class=\"wrap-td\">Primer llamado a viva voz CARGOS Y CUPOS PARA BECAS<\/span><\/td>\n<td width=\"187\"><span class=\"wrap-td\">30-01-2018<\/span><\/td>\n<\/tr>\n<tr class=\"no-data\">\n<td width=\"465\"><span class=\"wrap-td\">Renuncias<\/span><\/td>\n<td width=\"187\"><span class=\"wrap-td\">31\/01\/2018- 06\/02\/2018<\/span><\/td>\n<\/tr>\n<tr class=\"no-data\">\n<td width=\"465\"><span class=\"wrap-td\">Listado de plazas y becas para el segundo llamado a viva voz<\/span><\/td>\n<td width=\"187\"><span class=\"wrap-td\">07-02-2018<\/span><\/td>\n<\/tr>\n<tr class=\"no-data\">\n<td width=\"465\"><span class=\"wrap-td\">Segundo llamado a viva voz plazas y becas<\/span><\/td>\n<td width=\"187\"><span class=\"wrap-td\">09-02-2018<\/span><\/td>\n<\/tr>\n<tr class=\"no-data\">\n<td width=\"465\"><span class=\"wrap-td\">Ingreso al Sistema Nacional de Servicios de Salud<\/span><\/td>\n<td width=\"187\"><span class=\"wrap-td\">01-04-2018<\/span><\/td>\n<\/tr>\n<\/tbody>\n<\/table>\n<\/div>\n<h3 style=\"text-align: justify\"><span style=\"color: #008080\">Cupos Coniss\u00a0\u00a0<\/span><\/h3>\n<p>Anestesia (1)<\/p>\n<p>Urgencia Adulto (2)<\/p>\n<p>Medicina Interna (9)<\/p>\n<p>Pediatr\u00eda (3)<\/p>\n<p>Neurolog\u00eda (1)<\/p>\n<p>Traumatolog\u00eda (1)<\/p>\n<p>Radiolog\u00eda (2)<\/p>\n<p>Fisiatr\u00eda (1)<\/p>\n<p>Ginecolog\u00eda \u2013 obstetricia (3)<\/p>\n<h3 style=\"text-align: justify\"><span style=\"color: #008080\">Revisa aqu\u00ed\u00a0\u00a0<\/span><span style=\"color: #008080\">\u00a0\u00a0<\/span><\/h3>\n<p><strong><a href=\"http:\/\/medicina.udd.cl\/criterios-generales-de-postulacion-para-los-procesos-de-habilitacion\/\">Criterios generales de postulaci\u00f3n\u00a0<\/a><\/strong><\/p>\n<p><strong><a href=\"http:\/\/medicina.udd.cl\/medicina-santiago\/noticias\/2015\/04\/28\/curriculum-vitae-postgrado-medicina-cas-udd\/\">Formato CV\u00a0<\/a><\/strong><\/p>\n","protected":false},"excerpt":{"rendered":"<p>Cronograma Ministerial\u00a0 Publicaci\u00f3n aviso 03-12-2017 Recepci\u00f3n de antecedentes (geri\u00e1trico) (hasta las 13:00 horas el \u00faltimo d\u00eda) 04\/12\/2017 \u2013 28\/12\/2017 Comisi\u00f3n revisora 02\/01\/2018 \u2013 08\/01\/2018 Puntajes provisorios 09-01-2018 Recepci\u00f3n de reposici\u00f3n y apelaci\u00f3n con subsidio (hasta las 13:00 horas el \u00faltimo d\u00eda 10\/01\/2018\u00a0 Comisi\u00f3n de Reposici\u00f3n 19-01-2018 Comisi\u00f3n de apelaci\u00f3n 22\/01\/2018 \u2013 24\/01\/2018 Puntajes definitivos 25-01-2018 [&hellip;]<\/p>\n","protected":false},"author":9192192,"featured_media":0,"parent":0,"menu_order":0,"comment_status":"closed","ping_status":"closed","template":"","meta":{"footnotes":""},"class_list":["post-4760","page","type-page","status-publish","hentry"],"yoast_head":"<!-- This site is optimized with the Yoast SEO plugin v26.9 - https:\/\/yoast.com\/product\/yoast-seo-wordpress\/ -->\n<title>CONISS MINSAL - Medicina<\/title>\n<meta name=\"robots\" content=\"index, follow, max-snippet:-1, max-image-preview:large, max-video-preview:-1\" \/>\n<link rel=\"canonical\" href=\"https:\/\/medicina.udd.cl\/medicina-santiago\/coniss-minsal\/\" \/>\n<meta property=\"og:locale\" content=\"es_ES\" \/>\n<meta property=\"og:type\" content=\"article\" \/>\n<meta property=\"og:title\" content=\"CONISS MINSAL - Medicina\" \/>\n<meta property=\"og:description\" content=\"Cronograma Ministerial\u00a0 Publicaci\u00f3n aviso 03-12-2017 Recepci\u00f3n de antecedentes (geri\u00e1trico) (hasta las 13:00 horas el \u00faltimo d\u00eda) 04\/12\/2017 \u2013 28\/12\/2017 Comisi\u00f3n revisora 02\/01\/2018 \u2013 08\/01\/2018 Puntajes provisorios 09-01-2018 Recepci\u00f3n de reposici\u00f3n y apelaci\u00f3n con subsidio (hasta las 13:00 horas el \u00faltimo d\u00eda 10\/01\/2018\u00a0 Comisi\u00f3n de Reposici\u00f3n 19-01-2018 Comisi\u00f3n de apelaci\u00f3n 22\/01\/2018 \u2013 24\/01\/2018 Puntajes definitivos 25-01-2018 [&hellip;]\" \/>\n<meta property=\"og:url\" content=\"https:\/\/medicina.udd.cl\/medicina-santiago\/coniss-minsal\/\" \/>\n<meta property=\"og:site_name\" content=\"Medicina\" \/>\n<meta property=\"article:modified_time\" content=\"2017-12-27T18:06:38+00:00\" \/>\n<meta name=\"twitter:label1\" content=\"Tiempo de lectura\" \/>\n\t<meta name=\"twitter:data1\" content=\"1 minuto\" \/>\n<script type=\"application\/ld+json\" class=\"yoast-schema-graph\">{\"@context\":\"https:\/\/schema.org\",\"@graph\":[{\"@type\":\"WebPage\",\"@id\":\"https:\/\/medicina.udd.cl\/medicina-santiago\/coniss-minsal\/\",\"url\":\"https:\/\/medicina.udd.cl\/medicina-santiago\/coniss-minsal\/\",\"name\":\"CONISS MINSAL - Medicina\",\"isPartOf\":{\"@id\":\"https:\/\/medicina.udd.cl\/medicina-santiago\/#website\"},\"datePublished\":\"2016-12-09T19:34:00+00:00\",\"dateModified\":\"2017-12-27T18:06:38+00:00\",\"breadcrumb\":{\"@id\":\"https:\/\/medicina.udd.cl\/medicina-santiago\/coniss-minsal\/#breadcrumb\"},\"inLanguage\":\"es\",\"potentialAction\":[{\"@type\":\"ReadAction\",\"target\":[\"https:\/\/medicina.udd.cl\/medicina-santiago\/coniss-minsal\/\"]}]},{\"@type\":\"BreadcrumbList\",\"@id\":\"https:\/\/medicina.udd.cl\/medicina-santiago\/coniss-minsal\/#breadcrumb\",\"itemListElement\":[{\"@type\":\"ListItem\",\"position\":1,\"name\":\"Home\",\"item\":\"https:\/\/medicina.udd.cl\/medicina-santiago\/\"},{\"@type\":\"ListItem\",\"position\":2,\"name\":\"CONISS MINSAL\"}]},{\"@type\":\"WebSite\",\"@id\":\"https:\/\/medicina.udd.cl\/medicina-santiago\/#website\",\"url\":\"https:\/\/medicina.udd.cl\/medicina-santiago\/\",\"name\":\"Medicina\",\"description\":\"Facultad de Medicina Cl\u00ednica Alemana Universidad del Desarrollo\",\"inLanguage\":\"es\"}]}<\/script>\n<!-- \/ Yoast SEO plugin. -->","yoast_head_json":{"title":"CONISS MINSAL - Medicina","robots":{"index":"index","follow":"follow","max-snippet":"max-snippet:-1","max-image-preview":"max-image-preview:large","max-video-preview":"max-video-preview:-1"},"canonical":"https:\/\/medicina.udd.cl\/medicina-santiago\/coniss-minsal\/","og_locale":"es_ES","og_type":"article","og_title":"CONISS MINSAL - Medicina","og_description":"Cronograma Ministerial\u00a0 Publicaci\u00f3n aviso 03-12-2017 Recepci\u00f3n de antecedentes (geri\u00e1trico) (hasta las 13:00 horas el \u00faltimo d\u00eda) 04\/12\/2017 \u2013 28\/12\/2017 Comisi\u00f3n revisora 02\/01\/2018 \u2013 08\/01\/2018 Puntajes provisorios 09-01-2018 Recepci\u00f3n de reposici\u00f3n y apelaci\u00f3n con subsidio (hasta las 13:00 horas el \u00faltimo d\u00eda 10\/01\/2018\u00a0 Comisi\u00f3n de Reposici\u00f3n 19-01-2018 Comisi\u00f3n de apelaci\u00f3n 22\/01\/2018 \u2013 24\/01\/2018 Puntajes definitivos 25-01-2018 [&hellip;]","og_url":"https:\/\/medicina.udd.cl\/medicina-santiago\/coniss-minsal\/","og_site_name":"Medicina","article_modified_time":"2017-12-27T18:06:38+00:00","twitter_misc":{"Tiempo de lectura":"1 minuto"},"schema":{"@context":"https:\/\/schema.org","@graph":[{"@type":"WebPage","@id":"https:\/\/medicina.udd.cl\/medicina-santiago\/coniss-minsal\/","url":"https:\/\/medicina.udd.cl\/medicina-santiago\/coniss-minsal\/","name":"CONISS MINSAL - Medicina","isPartOf":{"@id":"https:\/\/medicina.udd.cl\/medicina-santiago\/#website"},"datePublished":"2016-12-09T19:34:00+00:00","dateModified":"2017-12-27T18:06:38+00:00","breadcrumb":{"@id":"https:\/\/medicina.udd.cl\/medicina-santiago\/coniss-minsal\/#breadcrumb"},"inLanguage":"es","potentialAction":[{"@type":"ReadAction","target":["https:\/\/medicina.udd.cl\/medicina-santiago\/coniss-minsal\/"]}]},{"@type":"BreadcrumbList","@id":"https:\/\/medicina.udd.cl\/medicina-santiago\/coniss-minsal\/#breadcrumb","itemListElement":[{"@type":"ListItem","position":1,"name":"Home","item":"https:\/\/medicina.udd.cl\/medicina-santiago\/"},{"@type":"ListItem","position":2,"name":"CONISS MINSAL"}]},{"@type":"WebSite","@id":"https:\/\/medicina.udd.cl\/medicina-santiago\/#website","url":"https:\/\/medicina.udd.cl\/medicina-santiago\/","name":"Medicina","description":"Facultad de Medicina Cl\u00ednica Alemana Universidad del Desarrollo","inLanguage":"es"}]}},"_links":{"self":[{"href":"https:\/\/medicina.udd.cl\/medicina-santiago\/wp-json\/wp\/v2\/pages\/4760","targetHints":{"allow":["GET"]}}],"collection":[{"href":"https:\/\/medicina.udd.cl\/medicina-santiago\/wp-json\/wp\/v2\/pages"}],"about":[{"href":"https:\/\/medicina.udd.cl\/medicina-santiago\/wp-json\/wp\/v2\/types\/page"}],"author":[{"embeddable":true,"href":"https:\/\/medicina.udd.cl\/medicina-santiago\/wp-json\/wp\/v2\/users\/9192192"}],"replies":[{"embeddable":true,"href":"https:\/\/medicina.udd.cl\/medicina-santiago\/wp-json\/wp\/v2\/comments?post=4760"}],"version-history":[{"count":22,"href":"https:\/\/medicina.udd.cl\/medicina-santiago\/wp-json\/wp\/v2\/pages\/4760\/revisions"}],"predecessor-version":[{"id":5479,"href":"https:\/\/medicina.udd.cl\/medicina-santiago\/wp-json\/wp\/v2\/pages\/4760\/revisions\/5479"}],"wp:attachment":[{"href":"https:\/\/medicina.udd.cl\/medicina-santiago\/wp-json\/wp\/v2\/media?parent=4760"}],"curies":[{"name":"wp","href":"https:\/\/api.w.org\/{rel}","templated":true}]}}