{"id":4922,"date":"2017-02-15T15:11:50","date_gmt":"2017-02-15T18:11:50","guid":{"rendered":"http:\/\/medicina.udd.cl\/medicina-santiago\/?page_id=4922"},"modified":"2019-03-19T11:47:51","modified_gmt":"2019-03-19T14:47:51","slug":"cone-ss","status":"publish","type":"page","link":"https:\/\/medicina.udd.cl\/medicina-santiago\/cone-ss\/","title":{"rendered":"CONE SS"},"content":{"rendered":"<h3 style=\"text-align: left\"><span style=\"color: #008080\">Cronograma CONE SS<\/span><\/h3>\n<table style=\"height: 311px\" width=\"582\">\n<tbody>\n<tr>\n<td width=\"294\"><strong>Especialidades<\/strong><\/td>\n<td width=\"294\"><strong>Cupos<\/strong><\/td>\n<\/tr>\n<tr>\n<td width=\"294\">Medicina Interna<\/td>\n<td width=\"294\">1<\/td>\n<\/tr>\n<tr>\n<td width=\"294\">Ginecolog\u00eda- Obstetricia<\/td>\n<td width=\"294\">1<\/td>\n<\/tr>\n<tr>\n<td width=\"294\">Medicina Urgencia Adulto<\/td>\n<td width=\"294\">1<\/td>\n<\/tr>\n<tr>\n<td width=\"294\">Medicina Urgencia Pedi\u00e1trica<\/td>\n<td width=\"294\">2<\/td>\n<\/tr>\n<\/tbody>\n<\/table>\n<h3><span style=\"color: #008080\">Fechas<\/span><\/h3>\n<table>\n<tbody>\n<tr>\n<td width=\"294\">Postulaci\u00f3n<\/td>\n<td width=\"294\">5-03-2019 al 20-03-2019<\/td>\n<\/tr>\n<tr>\n<td width=\"294\">Entrevistas<\/td>\n<td width=\"294\">Marzo 2019<\/td>\n<\/tr>\n<tr>\n<td width=\"294\">Resultado Habilitaci\u00f3n<\/td>\n<td width=\"294\">23-03-2019<\/td>\n<\/tr>\n<\/tbody>\n<\/table>\n<ul>\n<li>\n<h4>Completar formulario en linea (<a href=\"https:\/\/redcap.ci3.cl\/surveys\/?s=8RLEC38L8D\"><span style=\"color: #008080\">aqu\u00ed<\/span><\/a>)<\/h4>\n<\/li>\n<li>\n<h4>El cv debe ir en formato (<span style=\"color: #008080\"><a style=\"color: #008080\" href=\"https:\/\/medicina.udd.cl\/medicina-santiago\/noticias\/2015\/04\/28\/curriculum-vitae-postgrado-medicina-cas-udd\/?preview=true\">exigido ac\u00e1<\/a><\/span>)<\/h4>\n<\/li>\n<li>\n<h4><span style=\"color: #0000ff\">Observaci\u00f3n: La carpeta con todos los antecedentes indicados en el cv vitae deben presentarse solo al momento de la entrevista.<\/span><\/h4>\n<\/li>\n<\/ul>\n","protected":false},"excerpt":{"rendered":"<p>Cronograma CONE SS Especialidades Cupos Medicina Interna 1 Ginecolog\u00eda- Obstetricia 1 Medicina Urgencia Adulto 1 Medicina Urgencia Pedi\u00e1trica 2 Fechas Postulaci\u00f3n 5-03-2019 al 20-03-2019 Entrevistas Marzo 2019 Resultado Habilitaci\u00f3n 23-03-2019 Completar formulario en linea (aqu\u00ed) El cv debe ir en formato (exigido ac\u00e1) Observaci\u00f3n: La carpeta con todos los antecedentes indicados en el cv vitae [&hellip;]<\/p>\n","protected":false},"author":9192192,"featured_media":0,"parent":0,"menu_order":0,"comment_status":"closed","ping_status":"closed","template":"","meta":{"footnotes":""},"class_list":["post-4922","page","type-page","status-publish","hentry"],"yoast_head":"<!-- This site is optimized with the Yoast SEO plugin v26.9 - https:\/\/yoast.com\/product\/yoast-seo-wordpress\/ -->\n<title>CONE SS - Medicina<\/title>\n<meta name=\"robots\" content=\"index, follow, max-snippet:-1, max-image-preview:large, max-video-preview:-1\" \/>\n<link rel=\"canonical\" href=\"https:\/\/medicina.udd.cl\/medicina-santiago\/cone-ss\/\" \/>\n<meta property=\"og:locale\" content=\"es_ES\" \/>\n<meta property=\"og:type\" content=\"article\" \/>\n<meta property=\"og:title\" content=\"CONE SS - Medicina\" \/>\n<meta property=\"og:description\" content=\"Cronograma CONE SS Especialidades Cupos Medicina Interna 1 Ginecolog\u00eda- Obstetricia 1 Medicina Urgencia Adulto 1 Medicina Urgencia Pedi\u00e1trica 2 Fechas Postulaci\u00f3n 5-03-2019 al 20-03-2019 Entrevistas Marzo 2019 Resultado Habilitaci\u00f3n 23-03-2019 Completar formulario en linea (aqu\u00ed) El cv debe ir en formato (exigido ac\u00e1) Observaci\u00f3n: La carpeta con todos los antecedentes indicados en el cv vitae [&hellip;]\" \/>\n<meta property=\"og:url\" content=\"https:\/\/medicina.udd.cl\/medicina-santiago\/cone-ss\/\" \/>\n<meta property=\"og:site_name\" content=\"Medicina\" \/>\n<meta property=\"article:modified_time\" content=\"2019-03-19T14:47:51+00:00\" \/>\n<script type=\"application\/ld+json\" class=\"yoast-schema-graph\">{\"@context\":\"https:\/\/schema.org\",\"@graph\":[{\"@type\":\"WebPage\",\"@id\":\"https:\/\/medicina.udd.cl\/medicina-santiago\/cone-ss\/\",\"url\":\"https:\/\/medicina.udd.cl\/medicina-santiago\/cone-ss\/\",\"name\":\"CONE SS - Medicina\",\"isPartOf\":{\"@id\":\"https:\/\/medicina.udd.cl\/medicina-santiago\/#website\"},\"datePublished\":\"2017-02-15T18:11:50+00:00\",\"dateModified\":\"2019-03-19T14:47:51+00:00\",\"breadcrumb\":{\"@id\":\"https:\/\/medicina.udd.cl\/medicina-santiago\/cone-ss\/#breadcrumb\"},\"inLanguage\":\"es\",\"potentialAction\":[{\"@type\":\"ReadAction\",\"target\":[\"https:\/\/medicina.udd.cl\/medicina-santiago\/cone-ss\/\"]}]},{\"@type\":\"BreadcrumbList\",\"@id\":\"https:\/\/medicina.udd.cl\/medicina-santiago\/cone-ss\/#breadcrumb\",\"itemListElement\":[{\"@type\":\"ListItem\",\"position\":1,\"name\":\"Home\",\"item\":\"https:\/\/medicina.udd.cl\/medicina-santiago\/\"},{\"@type\":\"ListItem\",\"position\":2,\"name\":\"CONE SS\"}]},{\"@type\":\"WebSite\",\"@id\":\"https:\/\/medicina.udd.cl\/medicina-santiago\/#website\",\"url\":\"https:\/\/medicina.udd.cl\/medicina-santiago\/\",\"name\":\"Medicina\",\"description\":\"Facultad de Medicina Cl\u00ednica Alemana Universidad del Desarrollo\",\"inLanguage\":\"es\"}]}<\/script>\n<!-- \/ Yoast SEO plugin. -->","yoast_head_json":{"title":"CONE SS - Medicina","robots":{"index":"index","follow":"follow","max-snippet":"max-snippet:-1","max-image-preview":"max-image-preview:large","max-video-preview":"max-video-preview:-1"},"canonical":"https:\/\/medicina.udd.cl\/medicina-santiago\/cone-ss\/","og_locale":"es_ES","og_type":"article","og_title":"CONE SS - Medicina","og_description":"Cronograma CONE SS Especialidades Cupos Medicina Interna 1 Ginecolog\u00eda- Obstetricia 1 Medicina Urgencia Adulto 1 Medicina Urgencia Pedi\u00e1trica 2 Fechas Postulaci\u00f3n 5-03-2019 al 20-03-2019 Entrevistas Marzo 2019 Resultado Habilitaci\u00f3n 23-03-2019 Completar formulario en linea (aqu\u00ed) El cv debe ir en formato (exigido ac\u00e1) Observaci\u00f3n: La carpeta con todos los antecedentes indicados en el cv vitae [&hellip;]","og_url":"https:\/\/medicina.udd.cl\/medicina-santiago\/cone-ss\/","og_site_name":"Medicina","article_modified_time":"2019-03-19T14:47:51+00:00","schema":{"@context":"https:\/\/schema.org","@graph":[{"@type":"WebPage","@id":"https:\/\/medicina.udd.cl\/medicina-santiago\/cone-ss\/","url":"https:\/\/medicina.udd.cl\/medicina-santiago\/cone-ss\/","name":"CONE SS - Medicina","isPartOf":{"@id":"https:\/\/medicina.udd.cl\/medicina-santiago\/#website"},"datePublished":"2017-02-15T18:11:50+00:00","dateModified":"2019-03-19T14:47:51+00:00","breadcrumb":{"@id":"https:\/\/medicina.udd.cl\/medicina-santiago\/cone-ss\/#breadcrumb"},"inLanguage":"es","potentialAction":[{"@type":"ReadAction","target":["https:\/\/medicina.udd.cl\/medicina-santiago\/cone-ss\/"]}]},{"@type":"BreadcrumbList","@id":"https:\/\/medicina.udd.cl\/medicina-santiago\/cone-ss\/#breadcrumb","itemListElement":[{"@type":"ListItem","position":1,"name":"Home","item":"https:\/\/medicina.udd.cl\/medicina-santiago\/"},{"@type":"ListItem","position":2,"name":"CONE SS"}]},{"@type":"WebSite","@id":"https:\/\/medicina.udd.cl\/medicina-santiago\/#website","url":"https:\/\/medicina.udd.cl\/medicina-santiago\/","name":"Medicina","description":"Facultad de Medicina Cl\u00ednica Alemana Universidad del Desarrollo","inLanguage":"es"}]}},"_links":{"self":[{"href":"https:\/\/medicina.udd.cl\/medicina-santiago\/wp-json\/wp\/v2\/pages\/4922","targetHints":{"allow":["GET"]}}],"collection":[{"href":"https:\/\/medicina.udd.cl\/medicina-santiago\/wp-json\/wp\/v2\/pages"}],"about":[{"href":"https:\/\/medicina.udd.cl\/medicina-santiago\/wp-json\/wp\/v2\/types\/page"}],"author":[{"embeddable":true,"href":"https:\/\/medicina.udd.cl\/medicina-santiago\/wp-json\/wp\/v2\/users\/9192192"}],"replies":[{"embeddable":true,"href":"https:\/\/medicina.udd.cl\/medicina-santiago\/wp-json\/wp\/v2\/comments?post=4922"}],"version-history":[{"count":25,"href":"https:\/\/medicina.udd.cl\/medicina-santiago\/wp-json\/wp\/v2\/pages\/4922\/revisions"}],"predecessor-version":[{"id":6066,"href":"https:\/\/medicina.udd.cl\/medicina-santiago\/wp-json\/wp\/v2\/pages\/4922\/revisions\/6066"}],"wp:attachment":[{"href":"https:\/\/medicina.udd.cl\/medicina-santiago\/wp-json\/wp\/v2\/media?parent=4922"}],"curies":[{"name":"wp","href":"https:\/\/api.w.org\/{rel}","templated":true}]}}