{"id":5161,"date":"2017-06-07T16:34:13","date_gmt":"2017-06-07T20:34:13","guid":{"rendered":"http:\/\/medicina.udd.cl\/medicina-santiago\/?page_id=5161"},"modified":"2019-03-12T09:23:18","modified_gmt":"2019-03-12T12:23:18","slug":"postitulos-tematicos","status":"publish","type":"page","link":"https:\/\/medicina.udd.cl\/medicina-santiago\/postitulos-tematicos\/","title":{"rendered":"Post\u00edtulos tem\u00e1ticos"},"content":{"rendered":"<ul>\n<li><a href=\"http:\/\/medicina.udd.cl\/postgrado\/postitulo-cirugia-artroscopica-rodilla\/\">Cirug\u00eda\u00a0Artroscopica de Rodilla*<\/a><\/li>\n<li><a href=\"http:\/\/medicina.udd.cl\/postgrado\/postitulo-en-cirugia-de-columna-vertebral\/\">Cirug\u00eda de Columna Vertebral*<\/a><\/li>\n<li><a href=\"http:\/\/medicina.udd.cl\/postgrado\/cirugia-mano-microcirugia\/informacion-general\/\">Cirug\u00eda de Mano y Microcirug\u00eda *<\/a><\/li>\n<li><a href=\"http:\/\/medicina.udd.cl\/postgrado\/postitulo-en-cirugia-de-tobillo-y-pie\/\">Cirug\u00eda de Tobillo y Pie*<\/a><\/li>\n<li><a href=\"http:\/\/medicina.udd.cl\/postgrado\/postitulo-de-cirugia-endoscopica-ginecologica\/\">Cirug\u00eda Endosc\u00f3pica Ginecol\u00f3gica<\/a><\/li>\n<li><a href=\"http:\/\/medicina.udd.cl\/postgrado\/postitulo-en-cirugia-hombro-codo\/\">Cirug\u00eda Hombro y Codo*<\/a><\/li>\n<li><a href=\"http:\/\/medicina.udd.cl\/postgrado\/postitulo-en-cirugia-reconstructiva-de-cadera-y-pelvis\/\">Cirug\u00eda Reconstructiva de Cadera y Pelvis*<\/a><\/li>\n<li><a href=\"http:\/\/medicina.udd.cl\/postgrado\/postitulo-en-ecocardiografia-en-adulto\/\">Ecocardiograf\u00eda en Adulto<\/a><\/li>\n<li><a href=\"http:\/\/medicina.udd.cl\/postgrado\/endoscopia-diagnostica-terapeutica\/informacion-general\/\">Endoscop\u00eda Diagn\u00f3stica y Terap\u00e9utica<\/a><\/li>\n<li><a href=\"http:\/\/medicina.udd.cl\/postgrado\/postitulo-endourologia-cirugia-robotica-urologica\/\">Endourolog\u00eda y Cirug\u00eda Rob\u00f3tica Urol\u00f3gica\u00a0<\/a><\/li>\n<li><a href=\"http:\/\/medicina.udd.cl\/postgrado\/postitulo-en-epilepsia-y-electroencefalografia\/\">Epilepsia y Electroencefalograf\u00eda<\/a><\/li>\n<li><a href=\"http:\/\/medicina.udd.cl\/postgrado\/postitulo-imagenologia-mamaria\/\">Imagenolog\u00eda Mamaria<\/a><\/li>\n<li><a href=\"http:\/\/medicina.udd.cl\/postgrado\/postitulo-investigacion-cirugia-ortopedica-traumatologia\/\">Investigaci\u00f3n en Cirug\u00eda Ortop\u00e9dica y Traumatolog\u00eda*<\/a><\/li>\n<li><a href=\"http:\/\/medicina.udd.cl\/postgrado\/postitulo-tematico-medicina-del-sueno-polisomnografia\/\">Medicina del sue\u00f1o y Polisomnograf\u00eda\u00a0<\/a><\/li>\n<li><a href=\"http:\/\/medicina.udd.cl\/postgrado\/medicina-reproductiva\/\">Medicina Reproductiva<\/a><\/li>\n<li><a href=\"http:\/\/medicina.udd.cl\/postgrado\/postitulo-neurofisiologia-clinica-enfermedades-neuromusculares\/\">Neurofisiolog\u00eda\u00a0Cl\u00ednica y Enfermedades Neuromusculares\u00a0<\/a><\/li>\n<li><a href=\"http:\/\/medicina.udd.cl\/postgrado\/postitulo-en-neurologia-vascular\/\">Neurolog\u00eda Vascular<\/a><\/li>\n<li><a href=\"http:\/\/medicina.udd.cl\/postgrado\/postitulo-en-radiologia-musculo-esqueletica\/\">Radiolog\u00eda M\u00fasculo-esquel\u00e9tica<\/a><\/li>\n<li><a href=\"http:\/\/medicina.udd.cl\/postgrado\/postitulo-en-radiologia-pediatrica\/\" target=\"_blank\" rel=\"noopener\">Radiolog\u00eda Pedi\u00e1trica*<\/a><\/li>\n<li><a href=\"http:\/\/medicina.udd.cl\/postgrado\/postitulo-radiologia-vascular-e-intervencionista\/\">Radiolog\u00eda Vascular e Intervencionista<\/a><\/li>\n<li><a href=\"http:\/\/medicina.udd.cl\/postgrado\/postitulo-traumatologia-infantil\/\">Traumatolog\u00eda Infantil\u00a0<\/a><\/li>\n<li><a href=\"http:\/\/medicina.udd.cl\/postgrado\/postitulo-en-tomografia-computada-resonancia-magnetica-cuerpo-osteoarticular\/\">Tomograf\u00eda Computada y Resonancia Magn\u00e9tica de Cuerpo y Osteoarticular<\/a><\/li>\n<li><a href=\"http:\/\/medicina.udd.cl\/postgrado\/postitulo-en-ultrasonido-en-urgencia\/\">Ultrasonido en Urgencia<\/a><\/li>\n<li><a href=\"http:\/\/medicina.udd.cl\/postgrado\/postitulo-en-uroginecologia-y-cirugia-reconstructiva-de-piso-pelvico\/\">Uroginecolog\u00eda y Cirug\u00eda Reconstructiva de Piso P\u00e9lvico<\/a><\/li>\n<\/ul>\n<h4><span style=\"color: #0000ff\">Los post\u00edtulos indicados con * terminan sus postulaciones el 29\/03\/2019.<\/span><\/h4>\n<h5><span style=\"color: #0000ff\">Observaci\u00f3n: Revisar fechas especificas de termino de inscripciones seg\u00fan post\u00edtulo seleccionado.<\/span><\/h5>\n<h5>FINANCIAMIENTO<\/h5>\n<ul>\n<li><strong><a href=\"https:\/\/medicina.udd.cl\/medicina-santiago\/becas-institucionales-postitulos-tematicos3\/\">Institucional<\/a><\/strong><\/li>\n<li>Otros: Podr\u00e1 existir financiamiento auto gestionado de otras instituciones o propios, siempre y cuando la capacidad formadora del programa no haya sido cubierta y el candidato este dentro de los pre seleccionados por el Comit\u00e9 Acad\u00e9mico correspondiente a cada programa.<\/li>\n<\/ul>\n<hr \/>\n<h5>\u00a0PROTOCOLO:<\/h5>\n<p><a class=\"pdf-download\" href=\"http:\/\/medicina.udd.cl\/medicina-santiago\/files\/2016\/07\/Protocolo-accidentes-cortopunzante-CAS-UDD.pdf\">Manejo de accidentes cortopunzantes para becados de la Facultad de Medicina CAS-UDD\u00a0<\/a><\/p>\n<hr \/>\n<h5>CONOCE OTROS POSTGRADOS DE LA FACULTAD DE MEDICINA CAS-UDD <a href=\"http:\/\/medicina.udd.cl\/postgrado\/\"><span style=\"text-decoration: underline\"><strong>AQU\u00cd<\/strong><\/span>.<\/a><\/h5>\n","protected":false},"excerpt":{"rendered":"<p>Cirug\u00eda\u00a0Artroscopica de Rodilla* Cirug\u00eda de Columna Vertebral* Cirug\u00eda de Mano y Microcirug\u00eda * Cirug\u00eda de Tobillo y Pie* Cirug\u00eda Endosc\u00f3pica Ginecol\u00f3gica Cirug\u00eda Hombro y Codo* Cirug\u00eda Reconstructiva de Cadera y Pelvis* Ecocardiograf\u00eda en Adulto Endoscop\u00eda Diagn\u00f3stica y Terap\u00e9utica Endourolog\u00eda y Cirug\u00eda Rob\u00f3tica Urol\u00f3gica\u00a0 Epilepsia y Electroencefalograf\u00eda Imagenolog\u00eda Mamaria Investigaci\u00f3n en Cirug\u00eda Ortop\u00e9dica y Traumatolog\u00eda* Medicina [&hellip;]<\/p>\n","protected":false},"author":9192192,"featured_media":0,"parent":0,"menu_order":0,"comment_status":"closed","ping_status":"closed","template":"","meta":{"footnotes":""},"class_list":["post-5161","page","type-page","status-publish","hentry"],"yoast_head":"<!-- This site is optimized with the Yoast SEO plugin v26.9 - https:\/\/yoast.com\/product\/yoast-seo-wordpress\/ -->\n<title>Post\u00edtulos tem\u00e1ticos - Medicina<\/title>\n<meta name=\"robots\" content=\"index, follow, max-snippet:-1, max-image-preview:large, max-video-preview:-1\" \/>\n<link rel=\"canonical\" href=\"https:\/\/medicina.udd.cl\/medicina-santiago\/postitulos-tematicos\/\" \/>\n<meta property=\"og:locale\" content=\"es_ES\" \/>\n<meta property=\"og:type\" content=\"article\" \/>\n<meta property=\"og:title\" content=\"Post\u00edtulos tem\u00e1ticos - Medicina\" \/>\n<meta property=\"og:description\" content=\"Cirug\u00eda\u00a0Artroscopica de Rodilla* Cirug\u00eda de Columna Vertebral* Cirug\u00eda de Mano y Microcirug\u00eda * Cirug\u00eda de Tobillo y Pie* Cirug\u00eda Endosc\u00f3pica Ginecol\u00f3gica Cirug\u00eda Hombro y Codo* Cirug\u00eda Reconstructiva de Cadera y Pelvis* Ecocardiograf\u00eda en Adulto Endoscop\u00eda Diagn\u00f3stica y Terap\u00e9utica Endourolog\u00eda y Cirug\u00eda Rob\u00f3tica Urol\u00f3gica\u00a0 Epilepsia y Electroencefalograf\u00eda Imagenolog\u00eda Mamaria Investigaci\u00f3n en Cirug\u00eda Ortop\u00e9dica y Traumatolog\u00eda* Medicina [&hellip;]\" \/>\n<meta property=\"og:url\" content=\"https:\/\/medicina.udd.cl\/medicina-santiago\/postitulos-tematicos\/\" \/>\n<meta property=\"og:site_name\" content=\"Medicina\" \/>\n<meta property=\"article:modified_time\" content=\"2019-03-12T12:23:18+00:00\" \/>\n<meta name=\"twitter:label1\" content=\"Tiempo de lectura\" \/>\n\t<meta name=\"twitter:data1\" content=\"1 minuto\" \/>\n<script type=\"application\/ld+json\" class=\"yoast-schema-graph\">{\"@context\":\"https:\/\/schema.org\",\"@graph\":[{\"@type\":\"WebPage\",\"@id\":\"https:\/\/medicina.udd.cl\/medicina-santiago\/postitulos-tematicos\/\",\"url\":\"https:\/\/medicina.udd.cl\/medicina-santiago\/postitulos-tematicos\/\",\"name\":\"Post\u00edtulos tem\u00e1ticos - Medicina\",\"isPartOf\":{\"@id\":\"https:\/\/medicina.udd.cl\/medicina-santiago\/#website\"},\"datePublished\":\"2017-06-07T20:34:13+00:00\",\"dateModified\":\"2019-03-12T12:23:18+00:00\",\"breadcrumb\":{\"@id\":\"https:\/\/medicina.udd.cl\/medicina-santiago\/postitulos-tematicos\/#breadcrumb\"},\"inLanguage\":\"es\",\"potentialAction\":[{\"@type\":\"ReadAction\",\"target\":[\"https:\/\/medicina.udd.cl\/medicina-santiago\/postitulos-tematicos\/\"]}]},{\"@type\":\"BreadcrumbList\",\"@id\":\"https:\/\/medicina.udd.cl\/medicina-santiago\/postitulos-tematicos\/#breadcrumb\",\"itemListElement\":[{\"@type\":\"ListItem\",\"position\":1,\"name\":\"Home\",\"item\":\"https:\/\/medicina.udd.cl\/medicina-santiago\/\"},{\"@type\":\"ListItem\",\"position\":2,\"name\":\"Post\u00edtulos tem\u00e1ticos\"}]},{\"@type\":\"WebSite\",\"@id\":\"https:\/\/medicina.udd.cl\/medicina-santiago\/#website\",\"url\":\"https:\/\/medicina.udd.cl\/medicina-santiago\/\",\"name\":\"Medicina\",\"description\":\"Facultad de Medicina Cl\u00ednica Alemana Universidad del Desarrollo\",\"inLanguage\":\"es\"}]}<\/script>\n<!-- \/ Yoast SEO plugin. -->","yoast_head_json":{"title":"Post\u00edtulos tem\u00e1ticos - Medicina","robots":{"index":"index","follow":"follow","max-snippet":"max-snippet:-1","max-image-preview":"max-image-preview:large","max-video-preview":"max-video-preview:-1"},"canonical":"https:\/\/medicina.udd.cl\/medicina-santiago\/postitulos-tematicos\/","og_locale":"es_ES","og_type":"article","og_title":"Post\u00edtulos tem\u00e1ticos - Medicina","og_description":"Cirug\u00eda\u00a0Artroscopica de Rodilla* Cirug\u00eda de Columna Vertebral* Cirug\u00eda de Mano y Microcirug\u00eda * Cirug\u00eda de Tobillo y Pie* Cirug\u00eda Endosc\u00f3pica Ginecol\u00f3gica Cirug\u00eda Hombro y Codo* Cirug\u00eda Reconstructiva de Cadera y Pelvis* Ecocardiograf\u00eda en Adulto Endoscop\u00eda Diagn\u00f3stica y Terap\u00e9utica Endourolog\u00eda y Cirug\u00eda Rob\u00f3tica Urol\u00f3gica\u00a0 Epilepsia y Electroencefalograf\u00eda Imagenolog\u00eda Mamaria Investigaci\u00f3n en Cirug\u00eda Ortop\u00e9dica y Traumatolog\u00eda* Medicina [&hellip;]","og_url":"https:\/\/medicina.udd.cl\/medicina-santiago\/postitulos-tematicos\/","og_site_name":"Medicina","article_modified_time":"2019-03-12T12:23:18+00:00","twitter_misc":{"Tiempo de lectura":"1 minuto"},"schema":{"@context":"https:\/\/schema.org","@graph":[{"@type":"WebPage","@id":"https:\/\/medicina.udd.cl\/medicina-santiago\/postitulos-tematicos\/","url":"https:\/\/medicina.udd.cl\/medicina-santiago\/postitulos-tematicos\/","name":"Post\u00edtulos tem\u00e1ticos - Medicina","isPartOf":{"@id":"https:\/\/medicina.udd.cl\/medicina-santiago\/#website"},"datePublished":"2017-06-07T20:34:13+00:00","dateModified":"2019-03-12T12:23:18+00:00","breadcrumb":{"@id":"https:\/\/medicina.udd.cl\/medicina-santiago\/postitulos-tematicos\/#breadcrumb"},"inLanguage":"es","potentialAction":[{"@type":"ReadAction","target":["https:\/\/medicina.udd.cl\/medicina-santiago\/postitulos-tematicos\/"]}]},{"@type":"BreadcrumbList","@id":"https:\/\/medicina.udd.cl\/medicina-santiago\/postitulos-tematicos\/#breadcrumb","itemListElement":[{"@type":"ListItem","position":1,"name":"Home","item":"https:\/\/medicina.udd.cl\/medicina-santiago\/"},{"@type":"ListItem","position":2,"name":"Post\u00edtulos tem\u00e1ticos"}]},{"@type":"WebSite","@id":"https:\/\/medicina.udd.cl\/medicina-santiago\/#website","url":"https:\/\/medicina.udd.cl\/medicina-santiago\/","name":"Medicina","description":"Facultad de Medicina Cl\u00ednica Alemana Universidad del Desarrollo","inLanguage":"es"}]}},"_links":{"self":[{"href":"https:\/\/medicina.udd.cl\/medicina-santiago\/wp-json\/wp\/v2\/pages\/5161","targetHints":{"allow":["GET"]}}],"collection":[{"href":"https:\/\/medicina.udd.cl\/medicina-santiago\/wp-json\/wp\/v2\/pages"}],"about":[{"href":"https:\/\/medicina.udd.cl\/medicina-santiago\/wp-json\/wp\/v2\/types\/page"}],"author":[{"embeddable":true,"href":"https:\/\/medicina.udd.cl\/medicina-santiago\/wp-json\/wp\/v2\/users\/9192192"}],"replies":[{"embeddable":true,"href":"https:\/\/medicina.udd.cl\/medicina-santiago\/wp-json\/wp\/v2\/comments?post=5161"}],"version-history":[{"count":50,"href":"https:\/\/medicina.udd.cl\/medicina-santiago\/wp-json\/wp\/v2\/pages\/5161\/revisions"}],"predecessor-version":[{"id":6063,"href":"https:\/\/medicina.udd.cl\/medicina-santiago\/wp-json\/wp\/v2\/pages\/5161\/revisions\/6063"}],"wp:attachment":[{"href":"https:\/\/medicina.udd.cl\/medicina-santiago\/wp-json\/wp\/v2\/media?parent=5161"}],"curies":[{"name":"wp","href":"https:\/\/api.w.org\/{rel}","templated":true}]}}