{"id":5202,"date":"2017-07-14T12:12:54","date_gmt":"2017-07-14T16:12:54","guid":{"rendered":"http:\/\/medicina.udd.cl\/medicina-santiago\/?page_id=5202"},"modified":"2018-08-28T14:48:38","modified_gmt":"2018-08-28T17:48:38","slug":"cronograma-edf","status":"publish","type":"page","link":"https:\/\/medicina.udd.cl\/medicina-santiago\/cronograma-edf\/","title":{"rendered":"Cronograma EDF"},"content":{"rendered":"<p style=\"text-align: center\"><strong>Proceso de Selecci\u00f3n para acceder a cupo de Especializaci\u00f3n<br \/>\n<\/strong>M\u00e9dicos cirujanos EDF \u2013 Art 8\u00b0 Ley N\u00b0 19.664<br \/>\nIngreso a\u00f1o 2019<\/p>\n<table>\n<tbody>\n<tr>\n<td width=\"294\"><strong>Detalle<\/strong><\/td>\n<td width=\"294\"><strong>Fecha<\/strong><\/td>\n<\/tr>\n<tr>\n<td width=\"294\">Publicaci\u00f3n aviso<\/td>\n<td width=\"294\">08 de julio<\/td>\n<\/tr>\n<tr>\n<td width=\"294\">Recepci\u00f3n antecedentes (hasta las 12.00 hrs.)<\/td>\n<td width=\"294\">19 de julio &#8211; 27 de julio<\/td>\n<\/tr>\n<tr>\n<td width=\"294\">Comisi\u00f3n revisora de antecedentes<\/td>\n<td width=\"294\">30 de julio &#8211; 10 de agosto<\/td>\n<\/tr>\n<tr>\n<td width=\"294\">Publicaci\u00f3n de puntajes provisorios en la p\u00e1gina web<\/td>\n<td width=\"294\">13 de agosto<\/td>\n<\/tr>\n<tr>\n<td width=\"294\">Recepci\u00f3n reposici\u00f3n (hasta las 12.00 hrs.)<\/td>\n<td width=\"294\">14 al 23 de agosto<\/td>\n<\/tr>\n<tr>\n<td width=\"294\">Comisi\u00f3n de reposici\u00f3n<\/td>\n<td width=\"294\">27 al 31 de agosto<\/td>\n<\/tr>\n<tr>\n<td width=\"294\">Publicaci\u00f3n de puntajes provisorios c\/ reposici\u00f3n (PDF)<\/td>\n<td width=\"294\">03 de septiembre<\/td>\n<\/tr>\n<tr>\n<td width=\"294\">Recepci\u00f3n de apelaciones (hasta las 12.00 hrs.)<\/td>\n<td width=\"294\">04 al 10 de septiembre<\/td>\n<\/tr>\n<tr>\n<td width=\"294\">Comisi\u00f3n de apelaci\u00f3n<\/td>\n<td width=\"294\">11 al 14 de septiembre<\/td>\n<\/tr>\n<tr>\n<td width=\"294\">Publicaci\u00f3n de puntajes definitivos<\/td>\n<td width=\"294\">20 de septiembre<\/td>\n<\/tr>\n<tr>\n<td width=\"294\"><\/td>\n<td width=\"294\"><\/td>\n<\/tr>\n<tr>\n<td width=\"294\">Primer llamado a viva voz<\/td>\n<td width=\"294\">28 de septiembre<\/td>\n<\/tr>\n<tr>\n<td width=\"294\">Renuncias (hasta las 12.00 hrs. del \u00faltimo d\u00eda)<\/td>\n<td width=\"294\">01 al 05 de octubre<\/td>\n<\/tr>\n<tr>\n<td width=\"294\">Publicaci\u00f3n de renuncias<\/td>\n<td width=\"294\">08 de octubre<\/td>\n<\/tr>\n<tr>\n<td width=\"294\">Segundo llamado a viva voz<\/td>\n<td width=\"294\">26 de octubre<\/td>\n<\/tr>\n<\/tbody>\n<\/table>\n<h4><span style=\"color: #008080\">Cupos<\/span><\/h4>\n<ul>\n<li><strong>Anestesiolog\u00eda:<\/strong>\u00a01 cupo<\/li>\n<li><strong>Obstetricia &#8211; Ginecolog\u00eda: <\/strong>3 cupos<\/li>\n<li><strong>Pediatr\u00eda: <\/strong>3 cupos<\/li>\n<li><strong>Traumatolog\u00eda:<\/strong>\u00a01 cupo<\/li>\n<li><strong>Medicina Interna:<\/strong>\u00a04 cupos<\/li>\n<li><strong>Radiolog\u00eda:<\/strong> 1 cupo<\/li>\n<li><strong>Medicina de Urgencia<\/strong>: 2 cupos<\/li>\n<li><strong>Medicina F\u00edsica y Rehabilitaci\u00f3n:<\/strong> 1 cupo<\/li>\n<li><strong>Dermatolog\u00eda<\/strong>: 1 cupo<\/li>\n<\/ul>\n<h4><span style=\"color: #008080\">Postulaciones<\/span><\/h4>\n<p>Enviar CV\u00a0<a href=\"http:\/\/medicina.udd.cl\/medicina-santiago\/noticias\/2015\/04\/28\/curriculum-vitae-postgrado-medicina-cas-udd\/?preview=true\">formato exigido aqu\u00ed<\/a>\u00a0a postgradomed@udd.cl durante los d\u00edas 1, 2 y 3 de octubre.<\/p>\n<h4><span style=\"color: #008080\">Entrevistas<\/span><\/h4>\n<p>Entre el 4 y 22 de octubre<\/p>\n<p>*Asistir con documentos legalizados solicitados previamente en CV<\/p>\n<h4><span style=\"color: #008080\">Resultados de habilitaci\u00f3n<\/span><\/h4>\n<p>25 de octubre<\/p>\n<p>*Fechas pueden estar sujetas a modificaci\u00f3n.<\/p>\n<p>&nbsp;<\/p>\n<p>&nbsp;<\/p>\n","protected":false},"excerpt":{"rendered":"<p>Proceso de Selecci\u00f3n para acceder a cupo de Especializaci\u00f3n M\u00e9dicos cirujanos EDF \u2013 Art 8\u00b0 Ley N\u00b0 19.664 Ingreso a\u00f1o 2019 Detalle Fecha Publicaci\u00f3n aviso 08 de julio Recepci\u00f3n antecedentes (hasta las 12.00 hrs.) 19 de julio &#8211; 27 de julio Comisi\u00f3n revisora de antecedentes 30 de julio &#8211; 10 de agosto Publicaci\u00f3n de puntajes [&hellip;]<\/p>\n","protected":false},"author":9192192,"featured_media":0,"parent":0,"menu_order":0,"comment_status":"closed","ping_status":"closed","template":"","meta":{"footnotes":""},"class_list":["post-5202","page","type-page","status-publish","hentry"],"yoast_head":"<!-- This site is optimized with the Yoast SEO plugin v26.9 - https:\/\/yoast.com\/product\/yoast-seo-wordpress\/ -->\n<title>Cronograma EDF - Medicina<\/title>\n<meta name=\"robots\" content=\"index, follow, max-snippet:-1, max-image-preview:large, max-video-preview:-1\" \/>\n<link rel=\"canonical\" href=\"https:\/\/medicina.udd.cl\/medicina-santiago\/cronograma-edf\/\" \/>\n<meta property=\"og:locale\" content=\"es_ES\" \/>\n<meta property=\"og:type\" content=\"article\" \/>\n<meta property=\"og:title\" content=\"Cronograma EDF - Medicina\" \/>\n<meta property=\"og:description\" content=\"Proceso de Selecci\u00f3n para acceder a cupo de Especializaci\u00f3n M\u00e9dicos cirujanos EDF \u2013 Art 8\u00b0 Ley N\u00b0 19.664 Ingreso a\u00f1o 2019 Detalle Fecha Publicaci\u00f3n aviso 08 de julio Recepci\u00f3n antecedentes (hasta las 12.00 hrs.) 19 de julio &#8211; 27 de julio Comisi\u00f3n revisora de antecedentes 30 de julio &#8211; 10 de agosto Publicaci\u00f3n de puntajes [&hellip;]\" \/>\n<meta property=\"og:url\" content=\"https:\/\/medicina.udd.cl\/medicina-santiago\/cronograma-edf\/\" \/>\n<meta property=\"og:site_name\" content=\"Medicina\" \/>\n<meta property=\"article:modified_time\" content=\"2018-08-28T17:48:38+00:00\" \/>\n<meta name=\"twitter:label1\" content=\"Tiempo de lectura\" \/>\n\t<meta name=\"twitter:data1\" content=\"1 minuto\" \/>\n<script type=\"application\/ld+json\" class=\"yoast-schema-graph\">{\"@context\":\"https:\/\/schema.org\",\"@graph\":[{\"@type\":\"WebPage\",\"@id\":\"https:\/\/medicina.udd.cl\/medicina-santiago\/cronograma-edf\/\",\"url\":\"https:\/\/medicina.udd.cl\/medicina-santiago\/cronograma-edf\/\",\"name\":\"Cronograma EDF - Medicina\",\"isPartOf\":{\"@id\":\"https:\/\/medicina.udd.cl\/medicina-santiago\/#website\"},\"datePublished\":\"2017-07-14T16:12:54+00:00\",\"dateModified\":\"2018-08-28T17:48:38+00:00\",\"breadcrumb\":{\"@id\":\"https:\/\/medicina.udd.cl\/medicina-santiago\/cronograma-edf\/#breadcrumb\"},\"inLanguage\":\"es\",\"potentialAction\":[{\"@type\":\"ReadAction\",\"target\":[\"https:\/\/medicina.udd.cl\/medicina-santiago\/cronograma-edf\/\"]}]},{\"@type\":\"BreadcrumbList\",\"@id\":\"https:\/\/medicina.udd.cl\/medicina-santiago\/cronograma-edf\/#breadcrumb\",\"itemListElement\":[{\"@type\":\"ListItem\",\"position\":1,\"name\":\"Home\",\"item\":\"https:\/\/medicina.udd.cl\/medicina-santiago\/\"},{\"@type\":\"ListItem\",\"position\":2,\"name\":\"Cronograma EDF\"}]},{\"@type\":\"WebSite\",\"@id\":\"https:\/\/medicina.udd.cl\/medicina-santiago\/#website\",\"url\":\"https:\/\/medicina.udd.cl\/medicina-santiago\/\",\"name\":\"Medicina\",\"description\":\"Facultad de Medicina Cl\u00ednica Alemana Universidad del Desarrollo\",\"inLanguage\":\"es\"}]}<\/script>\n<!-- \/ Yoast SEO plugin. -->","yoast_head_json":{"title":"Cronograma EDF - Medicina","robots":{"index":"index","follow":"follow","max-snippet":"max-snippet:-1","max-image-preview":"max-image-preview:large","max-video-preview":"max-video-preview:-1"},"canonical":"https:\/\/medicina.udd.cl\/medicina-santiago\/cronograma-edf\/","og_locale":"es_ES","og_type":"article","og_title":"Cronograma EDF - Medicina","og_description":"Proceso de Selecci\u00f3n para acceder a cupo de Especializaci\u00f3n M\u00e9dicos cirujanos EDF \u2013 Art 8\u00b0 Ley N\u00b0 19.664 Ingreso a\u00f1o 2019 Detalle Fecha Publicaci\u00f3n aviso 08 de julio Recepci\u00f3n antecedentes (hasta las 12.00 hrs.) 19 de julio &#8211; 27 de julio Comisi\u00f3n revisora de antecedentes 30 de julio &#8211; 10 de agosto Publicaci\u00f3n de puntajes [&hellip;]","og_url":"https:\/\/medicina.udd.cl\/medicina-santiago\/cronograma-edf\/","og_site_name":"Medicina","article_modified_time":"2018-08-28T17:48:38+00:00","twitter_misc":{"Tiempo de lectura":"1 minuto"},"schema":{"@context":"https:\/\/schema.org","@graph":[{"@type":"WebPage","@id":"https:\/\/medicina.udd.cl\/medicina-santiago\/cronograma-edf\/","url":"https:\/\/medicina.udd.cl\/medicina-santiago\/cronograma-edf\/","name":"Cronograma EDF - Medicina","isPartOf":{"@id":"https:\/\/medicina.udd.cl\/medicina-santiago\/#website"},"datePublished":"2017-07-14T16:12:54+00:00","dateModified":"2018-08-28T17:48:38+00:00","breadcrumb":{"@id":"https:\/\/medicina.udd.cl\/medicina-santiago\/cronograma-edf\/#breadcrumb"},"inLanguage":"es","potentialAction":[{"@type":"ReadAction","target":["https:\/\/medicina.udd.cl\/medicina-santiago\/cronograma-edf\/"]}]},{"@type":"BreadcrumbList","@id":"https:\/\/medicina.udd.cl\/medicina-santiago\/cronograma-edf\/#breadcrumb","itemListElement":[{"@type":"ListItem","position":1,"name":"Home","item":"https:\/\/medicina.udd.cl\/medicina-santiago\/"},{"@type":"ListItem","position":2,"name":"Cronograma EDF"}]},{"@type":"WebSite","@id":"https:\/\/medicina.udd.cl\/medicina-santiago\/#website","url":"https:\/\/medicina.udd.cl\/medicina-santiago\/","name":"Medicina","description":"Facultad de Medicina Cl\u00ednica Alemana Universidad del Desarrollo","inLanguage":"es"}]}},"_links":{"self":[{"href":"https:\/\/medicina.udd.cl\/medicina-santiago\/wp-json\/wp\/v2\/pages\/5202","targetHints":{"allow":["GET"]}}],"collection":[{"href":"https:\/\/medicina.udd.cl\/medicina-santiago\/wp-json\/wp\/v2\/pages"}],"about":[{"href":"https:\/\/medicina.udd.cl\/medicina-santiago\/wp-json\/wp\/v2\/types\/page"}],"author":[{"embeddable":true,"href":"https:\/\/medicina.udd.cl\/medicina-santiago\/wp-json\/wp\/v2\/users\/9192192"}],"replies":[{"embeddable":true,"href":"https:\/\/medicina.udd.cl\/medicina-santiago\/wp-json\/wp\/v2\/comments?post=5202"}],"version-history":[{"count":15,"href":"https:\/\/medicina.udd.cl\/medicina-santiago\/wp-json\/wp\/v2\/pages\/5202\/revisions"}],"predecessor-version":[{"id":5778,"href":"https:\/\/medicina.udd.cl\/medicina-santiago\/wp-json\/wp\/v2\/pages\/5202\/revisions\/5778"}],"wp:attachment":[{"href":"https:\/\/medicina.udd.cl\/medicina-santiago\/wp-json\/wp\/v2\/media?parent=5202"}],"curies":[{"name":"wp","href":"https:\/\/api.w.org\/{rel}","templated":true}]}}