{"id":5493,"date":"2017-12-29T14:27:50","date_gmt":"2017-12-29T17:27:50","guid":{"rendered":"http:\/\/medicina.udd.cl\/medicina-santiago\/?page_id=5493"},"modified":"2018-12-13T11:44:31","modified_gmt":"2018-12-13T14:44:31","slug":"5493-2","status":"publish","type":"page","link":"https:\/\/medicina.udd.cl\/medicina-santiago\/5493-2\/","title":{"rendered":"Becas Institucionales No Ministeriales &#8211; Subespecialidades M\u00e9dicas"},"content":{"rendered":"<p style=\"text-align: justify\">La Facultad de Medicina Cl\u00ednica Alemana Universidad del Desarrollo ofrece programas de Especializaci\u00f3n, Subespecializaci\u00f3n y Post\u00edtulos Tem\u00e1ticos para M\u00e9dicos Cirujanos con\u00a0becas en diferentes modalidades.<\/p>\n<p style=\"text-align: justify\">Las Becas Institucionales No Ministeriales se entregan mediante un concurso abierto. La cantidad de cupos por programa acad\u00e9mico depende de las instituciones que entregan las becas y var\u00eda a\u00f1o a a\u00f1o.\u00a0Se puede postular a una sola Especializaci\u00f3n o Subespecializaci\u00f3n.<\/p>\n<h4 style=\"text-align: justify\">CONCURSO 2019<\/h4>\n<ul style=\"text-align: justify\">\n<li>Postulaci\u00f3n en l\u00ednea:\u00a02 enero \u2013 10 abril<\/li>\n<li>Entrega carpeta de antecedentes:\u00a02 enero \u2013 16 abril (de 9 a 17 hrs)<\/li>\n<\/ul>\n<p style=\"text-align: justify\"><strong>INSCRIPCI\u00d3N DE POSTULACI\u00d3N:<\/strong>\u00a0$35.000.-<\/p>\n<p style=\"text-align: left\">Realizar transferencia a la cuenta corriente del Banco de Chile n\u00b0 69797-04 a nombre de la Universidad del Desarrollo, Rut. 71.644.300-0. Enviar comprobante a\u00a0<a href=\"mailto:margaritagonzalez@udd.cl\">margaritagonzalez@udd.cl<\/a>\u00a0y\u00a0<a href=\"mailto:areinoso@udd.cl\">areinoso@udd.cl<\/a>,\u00a0con nombre y rut del postulante.<\/p>\n<p style=\"text-align: justify\">* El pago de la inscripci\u00f3n no est\u00e1 sujeto a devoluci\u00f3n.<\/p>\n<p style=\"text-align: justify\"><strong>POSTULACI\u00d3N EN L\u00cdNEA<\/strong><\/p>\n<ul style=\"text-align: justify\">\n<li>Completar formulario <a href=\"https:\/\/docs.google.com\/forms\/d\/e\/1FAIpQLSdC28IHd521xQvEY5HBK0dCPn5e6bilDwcx_UQeE_JeMIwX0w\/viewform\">aqu\u00ed<\/a><\/li>\n<li>Enviar CV a postgradomed@udd.cl\u00a0<a href=\"http:\/\/medicina.udd.cl\/medicina-santiago\/noticias\/2015\/04\/28\/curriculum-vitae-postgrado-medicina-cas-udd\/?preview=true\">(formato exigido ac\u00e1)<\/a><\/li>\n<\/ul>\n<p style=\"text-align: justify\">Para entrega de carpeta de antecedentes: Se debe realizar en el 4to piso de la Facultad de Medicina CAS-UDD (Av. Las Condes 12.438, Lo Barnechea).<\/p>\n<p style=\"text-align: justify\">Esta carpeta debe contener en estricto orden lo siguiente:<\/p>\n<ul style=\"text-align: justify\">\n<li>Curr\u00edculum Vitae actualizado con todos sus antecedentes personales<\/li>\n<li>Certificado de t\u00edtulo (2 copias) legalizado ante notario (postulantes extranjeros leer m\u00e1s abajo)<\/li>\n<li>Carta personal de presentaci\u00f3n, que exprese la raz\u00f3n por la que postula al programa<\/li>\n<li>Concentraci\u00f3n de notas legalizadas ante notario (postulantes extranjeros deben indicar escala de calificaci\u00f3n utilizada en pa\u00eds de origen, nota m\u00e1xima y nota de aprobaci\u00f3n)<\/li>\n<li>Calificaci\u00f3n m\u00e9dica nacional legalizada ante notario<\/li>\n<li>Fotocopia simple de c\u00e9dula de identidad por ambas caras<\/li>\n<li>Fotocopia simple de Carn\u00e9 de vacunaci\u00f3n de Hepatitis B al d\u00eda o anticuerpos<\/li>\n<li>Fotocopias simples de Ayudant\u00edas en Pregrado: asignaturas y duraci\u00f3n (semestres)<\/li>\n<li>Fotocopias simples de Publicaciones (especificar t\u00edtulo, autores y revista o libro)<\/li>\n<li>Fotocopias simples de Presentaciones en congresos y otros eventos (especificar t\u00edtulo, autores y congreso o evento)<\/li>\n<li>Experiencias laborales de Post\u00edtulo (establecimiento, servicio, per\u00edodos comprendidos, responsabilidades asumidas)<\/li>\n<li>Formaci\u00f3n en Educaci\u00f3n Continua (diplomados y\/o cursos de m\u00e1s de 10 horas acad\u00e9micas)<\/li>\n<li>Comprobante pago inscripci\u00f3n<\/li>\n<\/ul>\n<p style=\"text-align: justify\"><strong>(La carpeta de antecedentes debe traer visiblemente: nombre completo del postulante y nombre de la especialidad a la que postula).<\/strong><\/p>\n<p style=\"text-align: justify\"><strong>POSTULANTES EXTRANJEROS<\/strong><\/p>\n<p style=\"text-align: justify\">Se les exigir\u00e1 el EUNACOM y la fotocopia del diploma de t\u00edtulo (con timbre legibles) visado por:<\/p>\n<ul>\n<li style=\"text-align: justify\">\u00a0Ministerio de Educaci\u00f3n de pa\u00eds de origen<\/li>\n<li style=\"text-align: justify\">\u00a0Consulado de Chile en el pa\u00eds de procedencia<\/li>\n<li style=\"text-align: justify\">\u00a0Ministerio de Relaciones Exteriores del pa\u00eds de procedencia<\/li>\n<li style=\"text-align: justify\">\u00a0Ministerio de Relaciones Exteriores de Chile<\/li>\n<li style=\"text-align: justify\">\u00a0Apostille<\/li>\n<li style=\"text-align: justify\">\u00a0Una vez obtenidos esos timbres debe ser legalizado en una notar\u00eda chilena<\/li>\n<\/ul>\n","protected":false},"excerpt":{"rendered":"<p>La Facultad de Medicina Cl\u00ednica Alemana Universidad del Desarrollo ofrece programas de Especializaci\u00f3n, Subespecializaci\u00f3n y Post\u00edtulos Tem\u00e1ticos para M\u00e9dicos Cirujanos con\u00a0becas en diferentes modalidades. Las Becas Institucionales No Ministeriales se entregan mediante un concurso abierto. La cantidad de cupos por programa acad\u00e9mico depende de las instituciones que entregan las becas y var\u00eda a\u00f1o a a\u00f1o.\u00a0Se [&hellip;]<\/p>\n","protected":false},"author":9192192,"featured_media":0,"parent":0,"menu_order":0,"comment_status":"closed","ping_status":"closed","template":"template-wide-no-sidebar.php","meta":{"footnotes":""},"class_list":["post-5493","page","type-page","status-publish","hentry"],"yoast_head":"<!-- This site is optimized with the Yoast SEO plugin v26.9 - https:\/\/yoast.com\/product\/yoast-seo-wordpress\/ -->\n<title>Becas Institucionales No Ministeriales - Subespecialidades M\u00e9dicas - Medicina<\/title>\n<meta name=\"robots\" content=\"index, follow, max-snippet:-1, max-image-preview:large, max-video-preview:-1\" \/>\n<link rel=\"canonical\" href=\"https:\/\/medicina.udd.cl\/medicina-santiago\/5493-2\/\" \/>\n<meta property=\"og:locale\" content=\"es_ES\" \/>\n<meta property=\"og:type\" content=\"article\" \/>\n<meta property=\"og:title\" content=\"Becas Institucionales No Ministeriales - Subespecialidades M\u00e9dicas - Medicina\" \/>\n<meta property=\"og:description\" content=\"La Facultad de Medicina Cl\u00ednica Alemana Universidad del Desarrollo ofrece programas de Especializaci\u00f3n, Subespecializaci\u00f3n y Post\u00edtulos Tem\u00e1ticos para M\u00e9dicos Cirujanos con\u00a0becas en diferentes modalidades. Las Becas Institucionales No Ministeriales se entregan mediante un concurso abierto. La cantidad de cupos por programa acad\u00e9mico depende de las instituciones que entregan las becas y var\u00eda a\u00f1o a a\u00f1o.\u00a0Se [&hellip;]\" \/>\n<meta property=\"og:url\" content=\"https:\/\/medicina.udd.cl\/medicina-santiago\/5493-2\/\" \/>\n<meta property=\"og:site_name\" content=\"Medicina\" \/>\n<meta property=\"article:modified_time\" content=\"2018-12-13T14:44:31+00:00\" \/>\n<meta name=\"twitter:label1\" content=\"Tiempo de lectura\" \/>\n\t<meta name=\"twitter:data1\" content=\"2 minutos\" \/>\n<script type=\"application\/ld+json\" class=\"yoast-schema-graph\">{\"@context\":\"https:\/\/schema.org\",\"@graph\":[{\"@type\":\"WebPage\",\"@id\":\"https:\/\/medicina.udd.cl\/medicina-santiago\/5493-2\/\",\"url\":\"https:\/\/medicina.udd.cl\/medicina-santiago\/5493-2\/\",\"name\":\"Becas Institucionales No Ministeriales - Subespecialidades M\u00e9dicas - Medicina\",\"isPartOf\":{\"@id\":\"https:\/\/medicina.udd.cl\/medicina-santiago\/#website\"},\"datePublished\":\"2017-12-29T17:27:50+00:00\",\"dateModified\":\"2018-12-13T14:44:31+00:00\",\"breadcrumb\":{\"@id\":\"https:\/\/medicina.udd.cl\/medicina-santiago\/5493-2\/#breadcrumb\"},\"inLanguage\":\"es\",\"potentialAction\":[{\"@type\":\"ReadAction\",\"target\":[\"https:\/\/medicina.udd.cl\/medicina-santiago\/5493-2\/\"]}]},{\"@type\":\"BreadcrumbList\",\"@id\":\"https:\/\/medicina.udd.cl\/medicina-santiago\/5493-2\/#breadcrumb\",\"itemListElement\":[{\"@type\":\"ListItem\",\"position\":1,\"name\":\"Home\",\"item\":\"https:\/\/medicina.udd.cl\/medicina-santiago\/\"},{\"@type\":\"ListItem\",\"position\":2,\"name\":\"Becas Institucionales No Ministeriales &#8211; Subespecialidades M\u00e9dicas\"}]},{\"@type\":\"WebSite\",\"@id\":\"https:\/\/medicina.udd.cl\/medicina-santiago\/#website\",\"url\":\"https:\/\/medicina.udd.cl\/medicina-santiago\/\",\"name\":\"Medicina\",\"description\":\"Facultad de Medicina Cl\u00ednica Alemana Universidad del Desarrollo\",\"inLanguage\":\"es\"}]}<\/script>\n<!-- \/ Yoast SEO plugin. -->","yoast_head_json":{"title":"Becas Institucionales No Ministeriales - Subespecialidades M\u00e9dicas - Medicina","robots":{"index":"index","follow":"follow","max-snippet":"max-snippet:-1","max-image-preview":"max-image-preview:large","max-video-preview":"max-video-preview:-1"},"canonical":"https:\/\/medicina.udd.cl\/medicina-santiago\/5493-2\/","og_locale":"es_ES","og_type":"article","og_title":"Becas Institucionales No Ministeriales - Subespecialidades M\u00e9dicas - Medicina","og_description":"La Facultad de Medicina Cl\u00ednica Alemana Universidad del Desarrollo ofrece programas de Especializaci\u00f3n, Subespecializaci\u00f3n y Post\u00edtulos Tem\u00e1ticos para M\u00e9dicos Cirujanos con\u00a0becas en diferentes modalidades. Las Becas Institucionales No Ministeriales se entregan mediante un concurso abierto. La cantidad de cupos por programa acad\u00e9mico depende de las instituciones que entregan las becas y var\u00eda a\u00f1o a a\u00f1o.\u00a0Se [&hellip;]","og_url":"https:\/\/medicina.udd.cl\/medicina-santiago\/5493-2\/","og_site_name":"Medicina","article_modified_time":"2018-12-13T14:44:31+00:00","twitter_misc":{"Tiempo de lectura":"2 minutos"},"schema":{"@context":"https:\/\/schema.org","@graph":[{"@type":"WebPage","@id":"https:\/\/medicina.udd.cl\/medicina-santiago\/5493-2\/","url":"https:\/\/medicina.udd.cl\/medicina-santiago\/5493-2\/","name":"Becas Institucionales No Ministeriales - Subespecialidades M\u00e9dicas - Medicina","isPartOf":{"@id":"https:\/\/medicina.udd.cl\/medicina-santiago\/#website"},"datePublished":"2017-12-29T17:27:50+00:00","dateModified":"2018-12-13T14:44:31+00:00","breadcrumb":{"@id":"https:\/\/medicina.udd.cl\/medicina-santiago\/5493-2\/#breadcrumb"},"inLanguage":"es","potentialAction":[{"@type":"ReadAction","target":["https:\/\/medicina.udd.cl\/medicina-santiago\/5493-2\/"]}]},{"@type":"BreadcrumbList","@id":"https:\/\/medicina.udd.cl\/medicina-santiago\/5493-2\/#breadcrumb","itemListElement":[{"@type":"ListItem","position":1,"name":"Home","item":"https:\/\/medicina.udd.cl\/medicina-santiago\/"},{"@type":"ListItem","position":2,"name":"Becas Institucionales No Ministeriales &#8211; Subespecialidades M\u00e9dicas"}]},{"@type":"WebSite","@id":"https:\/\/medicina.udd.cl\/medicina-santiago\/#website","url":"https:\/\/medicina.udd.cl\/medicina-santiago\/","name":"Medicina","description":"Facultad de Medicina Cl\u00ednica Alemana Universidad del Desarrollo","inLanguage":"es"}]}},"_links":{"self":[{"href":"https:\/\/medicina.udd.cl\/medicina-santiago\/wp-json\/wp\/v2\/pages\/5493","targetHints":{"allow":["GET"]}}],"collection":[{"href":"https:\/\/medicina.udd.cl\/medicina-santiago\/wp-json\/wp\/v2\/pages"}],"about":[{"href":"https:\/\/medicina.udd.cl\/medicina-santiago\/wp-json\/wp\/v2\/types\/page"}],"author":[{"embeddable":true,"href":"https:\/\/medicina.udd.cl\/medicina-santiago\/wp-json\/wp\/v2\/users\/9192192"}],"replies":[{"embeddable":true,"href":"https:\/\/medicina.udd.cl\/medicina-santiago\/wp-json\/wp\/v2\/comments?post=5493"}],"version-history":[{"count":9,"href":"https:\/\/medicina.udd.cl\/medicina-santiago\/wp-json\/wp\/v2\/pages\/5493\/revisions"}],"predecessor-version":[{"id":5878,"href":"https:\/\/medicina.udd.cl\/medicina-santiago\/wp-json\/wp\/v2\/pages\/5493\/revisions\/5878"}],"wp:attachment":[{"href":"https:\/\/medicina.udd.cl\/medicina-santiago\/wp-json\/wp\/v2\/media?parent=5493"}],"curies":[{"name":"wp","href":"https:\/\/api.w.org\/{rel}","templated":true}]}}