{"id":6152,"date":"2019-08-05T16:50:04","date_gmt":"2019-08-05T20:50:04","guid":{"rendered":"http:\/\/medicina.udd.cl\/medicina-santiago\/?page_id=6152"},"modified":"2024-12-11T17:04:46","modified_gmt":"2024-12-11T20:04:46","slug":"la-carrera-2","status":"publish","type":"page","link":"https:\/\/medicina.udd.cl\/medicina-santiago\/la-carrera-2\/","title":{"rendered":"La Carrera"},"content":{"rendered":"\n<p>En la&nbsp;<strong>carrera de Medicina<\/strong>&nbsp;formamos profesionales con s\u00f3lidos conocimientos te\u00f3rico-cient\u00edficos y con competencias cl\u00ednicas de excelencia, con el centro de su accionar en la persona, valor\u00e1ndola en toda su dimensi\u00f3n humana, biol\u00f3gica, psicol\u00f3gica y social.Contamos con un cuerpo acad\u00e9mico comprometido y en constante perfeccionamiento, en el que se integran los m\u00e9dicos y profesionales de <a href=\"https:\/\/medicina.udd.cl\/clinica-alemana-de-santiago\/\">Cl\u00ednica Alemana<\/a>, <a href=\"https:\/\/medicina.udd.cl\/hospital-padre-hurtado-3\/\">Hospital Padre Hurtado<\/a> y Universidad del Desarrollo.<\/p>\n\n\n\n<p>Fomentamos el compromiso de nuestros m\u00e9dicos con la creaci\u00f3n de condiciones para el bienestar de los pacientes y de la comunidad.<\/p>\n\n\n<!-- WP Block: UDD - Cards Alternate -->\n<section class=\"wp-block-udd-access-cards\">\n\t<div class=\"container\">\n\t\t\t\t<div class=\"block__content\">\n\t\t\t<div class=\"access-cards\">\n\t\t\t\t\t\t\t<div class=\"access-card-wrapper\">\n\t\t\t\t\t\t\t\t\t\t<div class=\"access-card\">\n\t\t\t\t\t\t<h3 class=\"access-card__title\">Misi\u00f3n<\/h3>\n\t\t\t\t\t\t<p class=\"access-card__description\">\n\t\t\t\t\t\t\tSer una comunidad acad\u00e9mica centrada en el respeto del ser humano, su diversidad y libertad, que forma profesionales \u00edntegros y genera conocimiento cient\u00edfico al servicio de la salud y el bienestar de las personas.<br><br><br> \t\t\t\t\t\t<\/p>\n\t\t\t\t\t\t\t\t\t\t\t\t\t\t\t\t<\/div>\n\t\t\t\t<\/div>\n\t\t\t\t\t\t\t<div class=\"access-card-wrapper\">\n\t\t\t\t\t\t\t\t\t\t<div class=\"access-card\">\n\t\t\t\t\t\t<h3 class=\"access-card__title\">Visi\u00f3n<\/h3>\n\t\t\t\t\t\t<p class=\"access-card__description\">\n\t\t\t\t\t\t\tSer referentes en la formaci\u00f3n de profesionales de excelencia, que cuidan la salud y el bienestar de la comunidad en una instituci\u00f3n que innova en educaci\u00f3n e investigaci\u00f3n al servicio de nuestra sociedad.    \t\t\t\t\t\t<\/p>\n\t\t\t\t\t\t\t\t\t\t\t\t\t\t\t\t<\/div>\n\t\t\t\t<\/div>\n\t\t\t\t\t\t\t<div class=\"access-card-wrapper\">\n\t\t\t\t\t\t\t\t\t\t<div class=\"access-card\">\n\t\t\t\t\t\t<h3 class=\"access-card__title\">Objetivos<\/h3>\n\t\t\t\t\t\t<p class=\"access-card__description\">\n\t\t\t\t\t\t\tContribuir a la formaci\u00f3n de profesionales de la Medicina, a partir de un modelo integral, que desarrolle las competencias descritas en el Perfil de Egreso y les permitan desenvolverse con propiedad en los \u00e1mbitos que se requieran.\t\t\t\t\t\t<\/p>\n\t\t\t\t\t\t\t\t\t\t\t\t\t\t\t\t<\/div>\n\t\t\t\t<\/div>\n\t\t\t\t\t\t<\/div>\n\t\t<\/div>\n\t<\/div>\n<\/section>\n\n\n<!-- WP Block: UDD - Content Gallery -->\n<section class=\"wp-block-udd-content-gallery\">\n\t<div class=\"content-gallery\">\n\t\t<main class=\"content-gallery__content\">\n\t\t\t<div class=\"content-gallery__content-inner\">\n\t\t\t\t<h2 class=\"block__title content-gallery__title\">Perfil de Egreso<\/h2>\n\t\t\t\t<div class=\"text\">\n\t\t\t\t\t\n<p>Nuestro perfil de egreso ha sido validado por egresados, empleadores y referentes de la medicina nacional. Representa las competencias que nuestros profesionales m\u00e9dicos logran al egresar y que se van trabajando durante del desarrollo de la carrera. <\/p>\n\n<p>Conoce aqu\u00ed el perfil egreso:  <a href=\"https:\/\/medicina.udd.cl\/perfil-de-egreso-2\/\">Leer m\u00e1s<\/a><\/p>\n\t\t\t\t<\/div>\n\t\t\t<\/div>\n\t\t<\/main>\n\t\t<aside class=\"content-gallery__media\">\n\t\t\t<div id=\"gallery-carousel-aaed52b2c5\" class=\"carousel slide carousel-gallery\" data-ride=\"carousel\" data-interval=\"false\">\n\t\t\t\t<div class=\"carousel-inner\" role=\"listbox\">\n\t\t\t\t\t\t\t\t\t\t\t<div class=\"carousel-item active\">\n\t\t\t\t\t\t\t<img loading=\"lazy\" decoding=\"async\" width=\"960\" height=\"639\" src=\"https:\/\/medicina.udd.cl\/medicina-santiago\/files\/2019\/11\/Estudiantes-Docentes-8-960x639.jpg\" class=\"content-gallery__media-image\" alt=\"\" srcset=\"https:\/\/medicina.udd.cl\/medicina-santiago\/files\/2019\/11\/Estudiantes-Docentes-8-960x639.jpg 960w, https:\/\/medicina.udd.cl\/medicina-santiago\/files\/2019\/11\/Estudiantes-Docentes-8-960x639-300x200.jpg 300w, https:\/\/medicina.udd.cl\/medicina-santiago\/files\/2019\/11\/Estudiantes-Docentes-8-960x639-768x511.jpg 768w\" sizes=\"auto, (max-width: 960px) 100vw, 960px\" \/>\t\t\t\t\t\t\t\t\t\t\t\t\t<\/div>\n\t\t\t\t\t\t\t\t\t<\/div>\n\t\t\t\t\t\t<\/div>\n\t\t<\/aside>\n\t<\/div>\n<\/section>\n","protected":false},"excerpt":{"rendered":"<p>En la&nbsp;carrera de Medicina&nbsp;formamos profesionales con s\u00f3lidos conocimientos te\u00f3rico-cient\u00edficos y con competencias cl\u00ednicas de excelencia, con el centro de su accionar en la persona, valor\u00e1ndola en toda su dimensi\u00f3n humana, biol\u00f3gica, psicol\u00f3gica y social.Contamos con un cuerpo acad\u00e9mico comprometido y en constante perfeccionamiento, en el que se integran los m\u00e9dicos y profesionales de Cl\u00ednica Alemana, [&hellip;]<\/p>\n","protected":false},"author":9192218,"featured_media":0,"parent":0,"menu_order":0,"comment_status":"closed","ping_status":"closed","template":"","meta":{"footnotes":""},"class_list":["post-6152","page","type-page","status-publish","hentry"],"yoast_head":"<!-- This site is optimized with the Yoast SEO plugin v26.9 - https:\/\/yoast.com\/product\/yoast-seo-wordpress\/ -->\n<title>La Carrera - Medicina<\/title>\n<meta name=\"description\" content=\"En la\u00a0carrera de Medicina\u00a0formamos profesionales con s\u00f3lidos conocimientos te\u00f3rico-cient\u00edficos y con competencias cl\u00ednicas de excelencia, con el centro de su accionar en la persona, valor\u00e1ndola en toda su dimensi\u00f3n humana, biol\u00f3gica, psicol\u00f3gica y social.Contamos con un cuerpo acad\u00e9mico comprometido y en constante perfeccionamiento, en el que se integran los m\u00e9dicos y profesionales de Cl\u00ednica Alemana, Hospital Padre Hurtado y Universidad del Desarrollo.\" \/>\n<meta name=\"robots\" content=\"index, follow, max-snippet:-1, max-image-preview:large, max-video-preview:-1\" \/>\n<link rel=\"canonical\" href=\"https:\/\/medicina.udd.cl\/medicina-santiago\/la-carrera-2\/\" \/>\n<meta property=\"og:locale\" content=\"es_ES\" \/>\n<meta property=\"og:type\" content=\"article\" \/>\n<meta property=\"og:title\" content=\"La Carrera - Medicina\" \/>\n<meta property=\"og:description\" content=\"En la\u00a0carrera de Medicina\u00a0formamos profesionales con s\u00f3lidos conocimientos te\u00f3rico-cient\u00edficos y con competencias cl\u00ednicas de excelencia, con el centro de su accionar en la persona, valor\u00e1ndola en toda su dimensi\u00f3n humana, biol\u00f3gica, psicol\u00f3gica y social.Contamos con un cuerpo acad\u00e9mico comprometido y en constante perfeccionamiento, en el que se integran los m\u00e9dicos y profesionales de Cl\u00ednica Alemana, Hospital Padre Hurtado y Universidad del Desarrollo.\" \/>\n<meta property=\"og:url\" content=\"https:\/\/medicina.udd.cl\/medicina-santiago\/la-carrera-2\/\" \/>\n<meta property=\"og:site_name\" content=\"Medicina\" \/>\n<meta property=\"article:modified_time\" content=\"2024-12-11T20:04:46+00:00\" \/>\n<meta name=\"twitter:label1\" content=\"Tiempo de lectura\" \/>\n\t<meta name=\"twitter:data1\" content=\"1 minuto\" \/>\n<script type=\"application\/ld+json\" class=\"yoast-schema-graph\">{\"@context\":\"https:\/\/schema.org\",\"@graph\":[{\"@type\":\"WebPage\",\"@id\":\"https:\/\/medicina.udd.cl\/medicina-santiago\/la-carrera-2\/\",\"url\":\"https:\/\/medicina.udd.cl\/medicina-santiago\/la-carrera-2\/\",\"name\":\"La Carrera - Medicina\",\"isPartOf\":{\"@id\":\"https:\/\/medicina.udd.cl\/medicina-santiago\/#website\"},\"datePublished\":\"2019-08-05T20:50:04+00:00\",\"dateModified\":\"2024-12-11T20:04:46+00:00\",\"description\":\"En la\u00a0carrera de Medicina\u00a0formamos profesionales con s\u00f3lidos conocimientos te\u00f3rico-cient\u00edficos y con competencias cl\u00ednicas de excelencia, con el centro de su accionar en la persona, valor\u00e1ndola en toda su dimensi\u00f3n humana, biol\u00f3gica, psicol\u00f3gica y social.Contamos con un cuerpo acad\u00e9mico comprometido y en constante perfeccionamiento, en el que se integran los m\u00e9dicos y profesionales de Cl\u00ednica Alemana, Hospital Padre Hurtado y Universidad del Desarrollo.\",\"breadcrumb\":{\"@id\":\"https:\/\/medicina.udd.cl\/medicina-santiago\/la-carrera-2\/#breadcrumb\"},\"inLanguage\":\"es\",\"potentialAction\":[{\"@type\":\"ReadAction\",\"target\":[\"https:\/\/medicina.udd.cl\/medicina-santiago\/la-carrera-2\/\"]}]},{\"@type\":\"BreadcrumbList\",\"@id\":\"https:\/\/medicina.udd.cl\/medicina-santiago\/la-carrera-2\/#breadcrumb\",\"itemListElement\":[{\"@type\":\"ListItem\",\"position\":1,\"name\":\"Home\",\"item\":\"https:\/\/medicina.udd.cl\/medicina-santiago\/\"},{\"@type\":\"ListItem\",\"position\":2,\"name\":\"La Carrera\"}]},{\"@type\":\"WebSite\",\"@id\":\"https:\/\/medicina.udd.cl\/medicina-santiago\/#website\",\"url\":\"https:\/\/medicina.udd.cl\/medicina-santiago\/\",\"name\":\"Medicina\",\"description\":\"Facultad de Medicina Cl\u00ednica Alemana Universidad del Desarrollo\",\"inLanguage\":\"es\"}]}<\/script>\n<!-- \/ Yoast SEO plugin. -->","yoast_head_json":{"title":"La Carrera - Medicina","description":"En la\u00a0carrera de Medicina\u00a0formamos profesionales con s\u00f3lidos conocimientos te\u00f3rico-cient\u00edficos y con competencias cl\u00ednicas de excelencia, con el centro de su accionar en la persona, valor\u00e1ndola en toda su dimensi\u00f3n humana, biol\u00f3gica, psicol\u00f3gica y social.Contamos con un cuerpo acad\u00e9mico comprometido y en constante perfeccionamiento, en el que se integran los m\u00e9dicos y profesionales de Cl\u00ednica Alemana, Hospital Padre Hurtado y Universidad del Desarrollo.","robots":{"index":"index","follow":"follow","max-snippet":"max-snippet:-1","max-image-preview":"max-image-preview:large","max-video-preview":"max-video-preview:-1"},"canonical":"https:\/\/medicina.udd.cl\/medicina-santiago\/la-carrera-2\/","og_locale":"es_ES","og_type":"article","og_title":"La Carrera - Medicina","og_description":"En la\u00a0carrera de Medicina\u00a0formamos profesionales con s\u00f3lidos conocimientos te\u00f3rico-cient\u00edficos y con competencias cl\u00ednicas de excelencia, con el centro de su accionar en la persona, valor\u00e1ndola en toda su dimensi\u00f3n humana, biol\u00f3gica, psicol\u00f3gica y social.Contamos con un cuerpo acad\u00e9mico comprometido y en constante perfeccionamiento, en el que se integran los m\u00e9dicos y profesionales de Cl\u00ednica Alemana, Hospital Padre Hurtado y Universidad del Desarrollo.","og_url":"https:\/\/medicina.udd.cl\/medicina-santiago\/la-carrera-2\/","og_site_name":"Medicina","article_modified_time":"2024-12-11T20:04:46+00:00","twitter_misc":{"Tiempo de lectura":"1 minuto"},"schema":{"@context":"https:\/\/schema.org","@graph":[{"@type":"WebPage","@id":"https:\/\/medicina.udd.cl\/medicina-santiago\/la-carrera-2\/","url":"https:\/\/medicina.udd.cl\/medicina-santiago\/la-carrera-2\/","name":"La Carrera - Medicina","isPartOf":{"@id":"https:\/\/medicina.udd.cl\/medicina-santiago\/#website"},"datePublished":"2019-08-05T20:50:04+00:00","dateModified":"2024-12-11T20:04:46+00:00","description":"En la\u00a0carrera de Medicina\u00a0formamos profesionales con s\u00f3lidos conocimientos te\u00f3rico-cient\u00edficos y con competencias cl\u00ednicas de excelencia, con el centro de su accionar en la persona, valor\u00e1ndola en toda su dimensi\u00f3n humana, biol\u00f3gica, psicol\u00f3gica y social.Contamos con un cuerpo acad\u00e9mico comprometido y en constante perfeccionamiento, en el que se integran los m\u00e9dicos y profesionales de Cl\u00ednica Alemana, Hospital Padre Hurtado y Universidad del Desarrollo.","breadcrumb":{"@id":"https:\/\/medicina.udd.cl\/medicina-santiago\/la-carrera-2\/#breadcrumb"},"inLanguage":"es","potentialAction":[{"@type":"ReadAction","target":["https:\/\/medicina.udd.cl\/medicina-santiago\/la-carrera-2\/"]}]},{"@type":"BreadcrumbList","@id":"https:\/\/medicina.udd.cl\/medicina-santiago\/la-carrera-2\/#breadcrumb","itemListElement":[{"@type":"ListItem","position":1,"name":"Home","item":"https:\/\/medicina.udd.cl\/medicina-santiago\/"},{"@type":"ListItem","position":2,"name":"La Carrera"}]},{"@type":"WebSite","@id":"https:\/\/medicina.udd.cl\/medicina-santiago\/#website","url":"https:\/\/medicina.udd.cl\/medicina-santiago\/","name":"Medicina","description":"Facultad de Medicina Cl\u00ednica Alemana Universidad del Desarrollo","inLanguage":"es"}]}},"_links":{"self":[{"href":"https:\/\/medicina.udd.cl\/medicina-santiago\/wp-json\/wp\/v2\/pages\/6152","targetHints":{"allow":["GET"]}}],"collection":[{"href":"https:\/\/medicina.udd.cl\/medicina-santiago\/wp-json\/wp\/v2\/pages"}],"about":[{"href":"https:\/\/medicina.udd.cl\/medicina-santiago\/wp-json\/wp\/v2\/types\/page"}],"author":[{"embeddable":true,"href":"https:\/\/medicina.udd.cl\/medicina-santiago\/wp-json\/wp\/v2\/users\/9192218"}],"replies":[{"embeddable":true,"href":"https:\/\/medicina.udd.cl\/medicina-santiago\/wp-json\/wp\/v2\/comments?post=6152"}],"version-history":[{"count":44,"href":"https:\/\/medicina.udd.cl\/medicina-santiago\/wp-json\/wp\/v2\/pages\/6152\/revisions"}],"predecessor-version":[{"id":8039,"href":"https:\/\/medicina.udd.cl\/medicina-santiago\/wp-json\/wp\/v2\/pages\/6152\/revisions\/8039"}],"wp:attachment":[{"href":"https:\/\/medicina.udd.cl\/medicina-santiago\/wp-json\/wp\/v2\/media?parent=6152"}],"curies":[{"name":"wp","href":"https:\/\/api.w.org\/{rel}","templated":true}]}}