{"id":6810,"date":"2020-04-28T14:16:08","date_gmt":"2020-04-28T18:16:08","guid":{"rendered":"http:\/\/medicina.udd.cl\/medicina-santiago\/?page_id=6810"},"modified":"2022-08-22T11:51:01","modified_gmt":"2022-08-22T15:51:01","slug":"por-que-estudiar-medicina","status":"publish","type":"page","link":"https:\/\/medicina.udd.cl\/medicina-santiago\/por-que-estudiar-medicina\/","title":{"rendered":"\u00bfPor qu\u00e9 estudiar Medicina en la UDD?"},"content":{"rendered":"<section class=\"wp-block-udd-text-row block--bg-gray\">\n\t<div class=\"text-row\">\n\t\t<div class=\"text-row__content\">\n\t\t\t<div class=\"text-row__content-inner text\">\n\t\t\t\t\t\t\t\t<h2>Carrera Acreditada<\/h2>\n\t\t\t\t\t\t\t\t\n<p>La carrera de Medicina est\u00e1 <strong>acreditada por 7 a\u00f1os<\/strong>.<\/p>\n\t\t\t<\/div>\n\t\t<\/div>\n\t\t<div class=\"text-row__media\">\n\t\t\t<img loading=\"lazy\" decoding=\"async\" width=\"952\" height=\"534\" src=\"https:\/\/medicina.udd.cl\/medicina-santiago\/files\/2022\/08\/acre_medicina-952x534.png\" class=\"text-row__media-image\" alt=\"\" srcset=\"https:\/\/medicina.udd.cl\/medicina-santiago\/files\/2022\/08\/acre_medicina-952x534.png 952w, https:\/\/medicina.udd.cl\/medicina-santiago\/files\/2022\/08\/acre_medicina-680x382.png 680w\" sizes=\"auto, (max-width: 952px) 100vw, 952px\" \/>\t\t<\/div>\n\t<\/div>\n<\/section>\n\n\n<!-- WP Block: UDD - Content Gallery -->\n<section class=\"wp-block-udd-content-gallery block--bg-gray wp-block-udd-content-gallery--align-left\">\n\t<div class=\"content-gallery\">\n\t\t<main class=\"content-gallery__content\">\n\t\t\t<div class=\"content-gallery__content-inner\">\n\t\t\t\t<h2 class=\"block__title content-gallery__title\">Campos cl\u00ednicos<\/h2>\n\t\t\t\t<div class=\"text\">\n\t\t\t\t\t\n<p><strong>Contamos con campos cl\u00ednicos exclusivos, como la Cl\u00ednica Alemana, el Hospital Padre Hurtado y <a href=\"https:\/\/clinicaudd.udd.cl\/\">Cl\u00ednica UDD<\/a>, a lo que se suma una amplia red de consultorios y el Instituto Nacional del C\u00e1ncer.<\/strong><\/p>\n\t\t\t\t<\/div>\n\t\t\t<\/div>\n\t\t<\/main>\n\t\t<aside class=\"content-gallery__media\">\n\t\t\t<div id=\"gallery-carousel-98c8417584\" class=\"carousel slide carousel-gallery\" data-ride=\"carousel\" data-interval=\"false\">\n\t\t\t\t<div class=\"carousel-inner\" role=\"listbox\">\n\t\t\t\t\t\t\t\t\t\t\t<div class=\"carousel-item active\">\n\t\t\t\t\t\t\t<img loading=\"lazy\" decoding=\"async\" width=\"1366\" height=\"768\" src=\"https:\/\/medicina.udd.cl\/medicina-santiago\/files\/2019\/08\/Im\u00e1gen-DRON-HPH-1366x768.jpg\" class=\"content-gallery__media-image\" alt=\"\" srcset=\"https:\/\/medicina.udd.cl\/medicina-santiago\/files\/2019\/08\/Im\u00e1gen-DRON-HPH-1366x768.jpg 1366w, https:\/\/medicina.udd.cl\/medicina-santiago\/files\/2019\/08\/Im\u00e1gen-DRON-HPH-1920x1080.jpg 1920w, https:\/\/medicina.udd.cl\/medicina-santiago\/files\/2019\/08\/Im\u00e1gen-DRON-HPH-952x534.jpg 952w, https:\/\/medicina.udd.cl\/medicina-santiago\/files\/2019\/08\/Im\u00e1gen-DRON-HPH-680x382.jpg 680w\" sizes=\"auto, (max-width: 1366px) 100vw, 1366px\" \/>\t\t\t\t\t\t\t\t\t\t\t\t\t<\/div>\n\t\t\t\t\t\t\t\t\t<\/div>\n\t\t\t\t\t\t<\/div>\n\t\t<\/aside>\n\t<\/div>\n<\/section>\n\n\n<!-- WP Block: UDD - Content Gallery -->\n<section class=\"wp-block-udd-content-gallery\">\n\t<div class=\"content-gallery\">\n\t\t<main class=\"content-gallery__content\">\n\t\t\t<div class=\"content-gallery__content-inner\">\n\t\t\t\t<h2 class=\"block__title content-gallery__title\">Profesionales diferentes<\/h2>\n\t\t\t\t<div class=\"text\">\n\t\t\t\t\t\n<p><strong>Formamos l\u00edderes de opini\u00f3n en investigaci\u00f3n en salud<\/strong>,<strong> innovadores y con un fuerte sello de responsabilidad social de verdad<\/strong>.<\/p>\n\t\t\t\t<\/div>\n\t\t\t<\/div>\n\t\t<\/main>\n\t\t<aside class=\"content-gallery__media\">\n\t\t\t<div id=\"gallery-carousel-1b87533d8c\" class=\"carousel slide carousel-gallery\" data-ride=\"carousel\" data-interval=\"false\">\n\t\t\t\t<div class=\"carousel-inner\" role=\"listbox\">\n\t\t\t\t\t\t\t\t\t\t\t<div class=\"carousel-item active\">\n\t\t\t\t\t\t\t<img loading=\"lazy\" decoding=\"async\" width=\"669\" height=\"450\" src=\"https:\/\/medicina.udd.cl\/medicina-santiago\/files\/2015\/12\/Titulacion-Medicina-y-Odonto-2015-13.jpg\" class=\"content-gallery__media-image\" alt=\"\" srcset=\"https:\/\/medicina.udd.cl\/medicina-santiago\/files\/2015\/12\/Titulacion-Medicina-y-Odonto-2015-13.jpg 669w, https:\/\/medicina.udd.cl\/medicina-santiago\/files\/2015\/12\/Titulacion-Medicina-y-Odonto-2015-13-300x202.jpg 300w\" sizes=\"auto, (max-width: 669px) 100vw, 669px\" \/>\t\t\t\t\t\t\t\t\t\t\t\t\t<\/div>\n\t\t\t\t\t\t\t\t\t<\/div>\n\t\t\t\t\t\t<\/div>\n\t\t<\/aside>\n\t<\/div>\n<\/section>\n\n\n<!-- WP Block: UDD - Content Gallery -->\n<section class=\"wp-block-udd-content-gallery block--bg-gray wp-block-udd-content-gallery--align-left\">\n\t<div class=\"content-gallery\">\n\t\t<main class=\"content-gallery__content\">\n\t\t\t<div class=\"content-gallery__content-inner\">\n\t\t\t\t<h2 class=\"block__title content-gallery__title\">Modelo educativo<\/h2>\n\t\t\t\t<div class=\"text\">\n\t\t\t\t\t\n<p><strong>Contamos con un modelo educativo innovador, que combina la mejor formaci\u00f3n disciplinaria de la medicina con aprendizajes, para ser un profesional exitoso en el cambiante mundo laboral del siglo XXI.<\/strong> <\/p>\n\t\t\t\t<\/div>\n\t\t\t<\/div>\n\t\t<\/main>\n\t\t<aside class=\"content-gallery__media\">\n\t\t\t<div id=\"gallery-carousel-6918913316\" class=\"carousel slide carousel-gallery\" data-ride=\"carousel\" data-interval=\"false\">\n\t\t\t\t<div class=\"carousel-inner\" role=\"listbox\">\n\t\t\t\t\t\t\t\t\t\t\t<div class=\"carousel-item active\">\n\t\t\t\t\t\t\t<img loading=\"lazy\" decoding=\"async\" width=\"1024\" height=\"768\" src=\"https:\/\/medicina.udd.cl\/medicina-santiago\/files\/2010\/12\/hph-042.jpg\" class=\"content-gallery__media-image\" alt=\"\" srcset=\"https:\/\/medicina.udd.cl\/medicina-santiago\/files\/2010\/12\/hph-042.jpg 3648w, https:\/\/medicina.udd.cl\/medicina-santiago\/files\/2010\/12\/hph-042-300x225.jpg 300w, https:\/\/medicina.udd.cl\/medicina-santiago\/files\/2010\/12\/hph-042-768x576.jpg 768w, https:\/\/medicina.udd.cl\/medicina-santiago\/files\/2010\/12\/hph-042-1024x768.jpg 1024w, https:\/\/medicina.udd.cl\/medicina-santiago\/files\/2010\/12\/hph-042-960x720.jpg 960w\" sizes=\"auto, (max-width: 1024px) 100vw, 1024px\" \/>\t\t\t\t\t\t\t\t\t\t\t\t\t<\/div>\n\t\t\t\t\t\t\t\t\t<\/div>\n\t\t\t\t\t\t<\/div>\n\t\t<\/aside>\n\t<\/div>\n<\/section>\n\n\n<!-- WP Block: UDD - Content Gallery -->\n<section class=\"wp-block-udd-content-gallery block--bg-gray\">\n\t<div class=\"content-gallery\">\n\t\t<main class=\"content-gallery__content\">\n\t\t\t<div class=\"content-gallery__content-inner\">\n\t\t\t\t<h2 class=\"block__title content-gallery__title\">Apoyo al estudiante<\/h2>\n\t\t\t\t<div class=\"text\">\n\t\t\t\t\t\n<p><strong>Como Facultad, mantenemos un contacto permanente con los estudiantes, para orientarlos y apoyarlos en esta etapa<\/strong>.<\/p>\n\t\t\t\t<\/div>\n\t\t\t<\/div>\n\t\t<\/main>\n\t\t<aside class=\"content-gallery__media\">\n\t\t\t<div id=\"gallery-carousel-041f6de6c1\" class=\"carousel slide carousel-gallery\" data-ride=\"carousel\" data-interval=\"false\">\n\t\t\t\t<div class=\"carousel-inner\" role=\"listbox\">\n\t\t\t\t\t\t\t\t\t\t\t<div class=\"carousel-item active\">\n\t\t\t\t\t\t\t<img loading=\"lazy\" decoding=\"async\" width=\"1024\" height=\"721\" src=\"https:\/\/medicina.udd.cl\/medicina-santiago\/files\/2020\/04\/tutor\u00edas.jpg\" class=\"content-gallery__media-image\" alt=\"\" srcset=\"https:\/\/medicina.udd.cl\/medicina-santiago\/files\/2020\/04\/tutor\u00edas.jpg 1024w, https:\/\/medicina.udd.cl\/medicina-santiago\/files\/2020\/04\/tutor\u00edas-300x211.jpg 300w, https:\/\/medicina.udd.cl\/medicina-santiago\/files\/2020\/04\/tutor\u00edas-768x541.jpg 768w, https:\/\/medicina.udd.cl\/medicina-santiago\/files\/2020\/04\/tutor\u00edas-87x62.jpg 87w\" sizes=\"auto, (max-width: 1024px) 100vw, 1024px\" \/>\t\t\t\t\t\t\t\t\t\t\t\t\t<\/div>\n\t\t\t\t\t\t\t\t\t<\/div>\n\t\t\t\t\t\t<\/div>\n\t\t<\/aside>\n\t<\/div>\n<\/section>\n\n\n<!-- WP Block: UDD - Content Gallery -->\n<section class=\"wp-block-udd-content-gallery block--bg-gray wp-block-udd-content-gallery--align-left\">\n\t<div class=\"content-gallery\">\n\t\t<main class=\"content-gallery__content\">\n\t\t\t<div class=\"content-gallery__content-inner\">\n\t\t\t\t<h2 class=\"block__title content-gallery__title\">Nuevo edificio Facultad<\/h2>\n\t\t\t\t<div class=\"text\">\n\t\t\t\t\t\n<p><strong>Desde 2022, la Facultad de Medicina Cl\u00ednica Alemana Universidad del Desarrollo, cuenta con un nuevo edificio de 16 mil m2 en el campus Rector Ernesto Silva Bafalluy (San Carlos de Apoquindo). Esto permiti\u00f3 tener a todas las carreras de la salud reunidas en un mismo campus, favoreciendo el trabajo interdisciplinario y la vida universitaria<\/strong>.<\/p>\n\t\t\t\t<\/div>\n\t\t\t<\/div>\n\t\t<\/main>\n\t\t<aside class=\"content-gallery__media\">\n\t\t\t<div id=\"gallery-carousel-6dd44b21c3\" class=\"carousel slide carousel-gallery\" data-ride=\"carousel\" data-interval=\"false\">\n\t\t\t\t<div class=\"carousel-inner\" role=\"listbox\">\n\t\t\t\t\t\t\t\t\t\t\t<div class=\"carousel-item active\">\n\t\t\t\t\t\t\t<img loading=\"lazy\" decoding=\"async\" width=\"1366\" height=\"768\" src=\"https:\/\/medicina.udd.cl\/medicina-santiago\/files\/2020\/04\/EDIF-Facultad-1366x768.jpg\" class=\"content-gallery__media-image\" alt=\"\" srcset=\"https:\/\/medicina.udd.cl\/medicina-santiago\/files\/2020\/04\/EDIF-Facultad-1366x768.jpg 1366w, https:\/\/medicina.udd.cl\/medicina-santiago\/files\/2020\/04\/EDIF-Facultad-1920x1080.jpg 1920w, https:\/\/medicina.udd.cl\/medicina-santiago\/files\/2020\/04\/EDIF-Facultad-952x534.jpg 952w, https:\/\/medicina.udd.cl\/medicina-santiago\/files\/2020\/04\/EDIF-Facultad-680x382.jpg 680w\" sizes=\"auto, (max-width: 1366px) 100vw, 1366px\" \/>\t\t\t\t\t\t\t\t\t\t\t\t\t<\/div>\n\t\t\t\t\t\t\t\t\t<\/div>\n\t\t\t\t\t\t<\/div>\n\t\t<\/aside>\n\t<\/div>\n<\/section>\n","protected":false},"excerpt":{"rendered":"","protected":false},"author":9192219,"featured_media":0,"parent":0,"menu_order":0,"comment_status":"closed","ping_status":"closed","template":"","meta":{"footnotes":""},"class_list":["post-6810","page","type-page","status-publish","hentry"],"yoast_head":"<!-- This site is optimized with the Yoast SEO plugin v26.9 - https:\/\/yoast.com\/product\/yoast-seo-wordpress\/ -->\n<title>\u00bfPor qu\u00e9 estudiar Medicina en la UDD? - Medicina<\/title>\n<meta name=\"robots\" content=\"index, follow, max-snippet:-1, max-image-preview:large, max-video-preview:-1\" \/>\n<link rel=\"canonical\" href=\"https:\/\/medicina.udd.cl\/medicina-santiago\/por-que-estudiar-medicina\/\" \/>\n<meta property=\"og:locale\" content=\"es_ES\" \/>\n<meta property=\"og:type\" content=\"article\" \/>\n<meta property=\"og:title\" content=\"\u00bfPor qu\u00e9 estudiar Medicina en la UDD? - Medicina\" \/>\n<meta property=\"og:url\" content=\"https:\/\/medicina.udd.cl\/medicina-santiago\/por-que-estudiar-medicina\/\" \/>\n<meta property=\"og:site_name\" content=\"Medicina\" \/>\n<meta property=\"article:modified_time\" content=\"2022-08-22T15:51:01+00:00\" \/>\n<meta property=\"og:image\" content=\"https:\/\/medicina.udd.cl\/medicina-santiago\/files\/2022\/08\/acre_medicina.png\" \/>\n<meta name=\"twitter:label1\" content=\"Tiempo de lectura\" \/>\n\t<meta name=\"twitter:data1\" content=\"1 minuto\" \/>\n<script type=\"application\/ld+json\" class=\"yoast-schema-graph\">{\"@context\":\"https:\/\/schema.org\",\"@graph\":[{\"@type\":\"WebPage\",\"@id\":\"https:\/\/medicina.udd.cl\/medicina-santiago\/por-que-estudiar-medicina\/\",\"url\":\"https:\/\/medicina.udd.cl\/medicina-santiago\/por-que-estudiar-medicina\/\",\"name\":\"\u00bfPor qu\u00e9 estudiar Medicina en la UDD? - Medicina\",\"isPartOf\":{\"@id\":\"https:\/\/medicina.udd.cl\/medicina-santiago\/#website\"},\"primaryImageOfPage\":{\"@id\":\"https:\/\/medicina.udd.cl\/medicina-santiago\/por-que-estudiar-medicina\/#primaryimage\"},\"image\":{\"@id\":\"https:\/\/medicina.udd.cl\/medicina-santiago\/por-que-estudiar-medicina\/#primaryimage\"},\"thumbnailUrl\":\"https:\/\/medicina.udd.cl\/medicina-santiago\/files\/2022\/08\/acre_medicina.png\",\"datePublished\":\"2020-04-28T18:16:08+00:00\",\"dateModified\":\"2022-08-22T15:51:01+00:00\",\"breadcrumb\":{\"@id\":\"https:\/\/medicina.udd.cl\/medicina-santiago\/por-que-estudiar-medicina\/#breadcrumb\"},\"inLanguage\":\"es\",\"potentialAction\":[{\"@type\":\"ReadAction\",\"target\":[\"https:\/\/medicina.udd.cl\/medicina-santiago\/por-que-estudiar-medicina\/\"]}]},{\"@type\":\"ImageObject\",\"inLanguage\":\"es\",\"@id\":\"https:\/\/medicina.udd.cl\/medicina-santiago\/por-que-estudiar-medicina\/#primaryimage\",\"url\":\"https:\/\/medicina.udd.cl\/medicina-santiago\/files\/2022\/08\/acre_medicina.png\",\"contentUrl\":\"https:\/\/medicina.udd.cl\/medicina-santiago\/files\/2022\/08\/acre_medicina.png\",\"width\":1024,\"height\":768},{\"@type\":\"BreadcrumbList\",\"@id\":\"https:\/\/medicina.udd.cl\/medicina-santiago\/por-que-estudiar-medicina\/#breadcrumb\",\"itemListElement\":[{\"@type\":\"ListItem\",\"position\":1,\"name\":\"Home\",\"item\":\"https:\/\/medicina.udd.cl\/medicina-santiago\/\"},{\"@type\":\"ListItem\",\"position\":2,\"name\":\"\u00bfPor qu\u00e9 estudiar Medicina en la UDD?\"}]},{\"@type\":\"WebSite\",\"@id\":\"https:\/\/medicina.udd.cl\/medicina-santiago\/#website\",\"url\":\"https:\/\/medicina.udd.cl\/medicina-santiago\/\",\"name\":\"Medicina\",\"description\":\"Facultad de Medicina Cl\u00ednica Alemana Universidad del Desarrollo\",\"inLanguage\":\"es\"}]}<\/script>\n<!-- \/ Yoast SEO plugin. -->","yoast_head_json":{"title":"\u00bfPor qu\u00e9 estudiar Medicina en la UDD? - Medicina","robots":{"index":"index","follow":"follow","max-snippet":"max-snippet:-1","max-image-preview":"max-image-preview:large","max-video-preview":"max-video-preview:-1"},"canonical":"https:\/\/medicina.udd.cl\/medicina-santiago\/por-que-estudiar-medicina\/","og_locale":"es_ES","og_type":"article","og_title":"\u00bfPor qu\u00e9 estudiar Medicina en la UDD? - Medicina","og_url":"https:\/\/medicina.udd.cl\/medicina-santiago\/por-que-estudiar-medicina\/","og_site_name":"Medicina","article_modified_time":"2022-08-22T15:51:01+00:00","og_image":[{"url":"https:\/\/medicina.udd.cl\/medicina-santiago\/files\/2022\/08\/acre_medicina.png","type":"","width":"","height":""}],"twitter_misc":{"Tiempo de lectura":"1 minuto"},"schema":{"@context":"https:\/\/schema.org","@graph":[{"@type":"WebPage","@id":"https:\/\/medicina.udd.cl\/medicina-santiago\/por-que-estudiar-medicina\/","url":"https:\/\/medicina.udd.cl\/medicina-santiago\/por-que-estudiar-medicina\/","name":"\u00bfPor qu\u00e9 estudiar Medicina en la UDD? - Medicina","isPartOf":{"@id":"https:\/\/medicina.udd.cl\/medicina-santiago\/#website"},"primaryImageOfPage":{"@id":"https:\/\/medicina.udd.cl\/medicina-santiago\/por-que-estudiar-medicina\/#primaryimage"},"image":{"@id":"https:\/\/medicina.udd.cl\/medicina-santiago\/por-que-estudiar-medicina\/#primaryimage"},"thumbnailUrl":"https:\/\/medicina.udd.cl\/medicina-santiago\/files\/2022\/08\/acre_medicina.png","datePublished":"2020-04-28T18:16:08+00:00","dateModified":"2022-08-22T15:51:01+00:00","breadcrumb":{"@id":"https:\/\/medicina.udd.cl\/medicina-santiago\/por-que-estudiar-medicina\/#breadcrumb"},"inLanguage":"es","potentialAction":[{"@type":"ReadAction","target":["https:\/\/medicina.udd.cl\/medicina-santiago\/por-que-estudiar-medicina\/"]}]},{"@type":"ImageObject","inLanguage":"es","@id":"https:\/\/medicina.udd.cl\/medicina-santiago\/por-que-estudiar-medicina\/#primaryimage","url":"https:\/\/medicina.udd.cl\/medicina-santiago\/files\/2022\/08\/acre_medicina.png","contentUrl":"https:\/\/medicina.udd.cl\/medicina-santiago\/files\/2022\/08\/acre_medicina.png","width":1024,"height":768},{"@type":"BreadcrumbList","@id":"https:\/\/medicina.udd.cl\/medicina-santiago\/por-que-estudiar-medicina\/#breadcrumb","itemListElement":[{"@type":"ListItem","position":1,"name":"Home","item":"https:\/\/medicina.udd.cl\/medicina-santiago\/"},{"@type":"ListItem","position":2,"name":"\u00bfPor qu\u00e9 estudiar Medicina en la UDD?"}]},{"@type":"WebSite","@id":"https:\/\/medicina.udd.cl\/medicina-santiago\/#website","url":"https:\/\/medicina.udd.cl\/medicina-santiago\/","name":"Medicina","description":"Facultad de Medicina Cl\u00ednica Alemana Universidad del Desarrollo","inLanguage":"es"}]}},"_links":{"self":[{"href":"https:\/\/medicina.udd.cl\/medicina-santiago\/wp-json\/wp\/v2\/pages\/6810","targetHints":{"allow":["GET"]}}],"collection":[{"href":"https:\/\/medicina.udd.cl\/medicina-santiago\/wp-json\/wp\/v2\/pages"}],"about":[{"href":"https:\/\/medicina.udd.cl\/medicina-santiago\/wp-json\/wp\/v2\/types\/page"}],"author":[{"embeddable":true,"href":"https:\/\/medicina.udd.cl\/medicina-santiago\/wp-json\/wp\/v2\/users\/9192219"}],"replies":[{"embeddable":true,"href":"https:\/\/medicina.udd.cl\/medicina-santiago\/wp-json\/wp\/v2\/comments?post=6810"}],"version-history":[{"count":31,"href":"https:\/\/medicina.udd.cl\/medicina-santiago\/wp-json\/wp\/v2\/pages\/6810\/revisions"}],"predecessor-version":[{"id":8261,"href":"https:\/\/medicina.udd.cl\/medicina-santiago\/wp-json\/wp\/v2\/pages\/6810\/revisions\/8261"}],"wp:attachment":[{"href":"https:\/\/medicina.udd.cl\/medicina-santiago\/wp-json\/wp\/v2\/media?parent=6810"}],"curies":[{"name":"wp","href":"https:\/\/api.w.org\/{rel}","templated":true}]}}