{"id":7014,"date":"2020-08-13T17:06:53","date_gmt":"2020-08-13T21:06:53","guid":{"rendered":"http:\/\/medicina.udd.cl\/medicina-santiago\/?page_id=7014"},"modified":"2025-11-21T12:03:03","modified_gmt":"2025-11-21T15:03:03","slug":"admision-directa","status":"publish","type":"page","link":"https:\/\/medicina.udd.cl\/medicina-santiago\/admision-directa\/","title":{"rendered":"Admisi\u00f3n Directa"},"content":{"rendered":"\n<h2 class=\"wp-block-heading\">Proceso cerrado<\/h2>\n\n\n\n<h3 class=\"wp-block-heading\"><span style=\"font-weight: 400\">RECEPCI\u00d3N DE DOCUMENTOS<\/span><\/h3>\n\n\n\n<h3 class=\"wp-block-heading\">Todos los documentos se deben enviar a trav\u00e9s de los enlaces indicados. No habr\u00e1 recepci\u00f3n presencial.<\/h3>\n\n\n<!-- WP Block: UDD - Cards Alternate -->\n<section class=\"wp-block-udd-cards udd-cards-v2--1 \"\n\t\tstyle=\"--udd-blocks-has-columns-number: 4;\"\n\t>\n\t<div class=\"container\">\n\t\t\t\t\t<header class=\"header__innerblock block__header\">\n\t\t\t\n<h4 class=\"wp-block-heading\">Fechas Importantes de postulaci\u00f3n y recepci\u00f3n de documentos:<\/h4>\n\t\n\t\n\t<\/header>\n\t\t\t\t<div class=\"block__content\">\n\t\t\t<div\n\t\t\t\t\t\t\t\tclass=\"cards cards-v2 \"\n\t\t\t>\n\t\t\t\t\t\t\t\t\t\t\t\t<div class=\"card-wrapper\">\n\t\t\t\t\t\t<div class=\"card\">\n\t\t\t\t\t\t\t\t\t\t\t\t\t\t<h3 class=\"card__title\">CAMBIO DE CARRERA<\/h3>\n\t\t\t\t\t\t\t\t\t\t\t\t\t\t<div\n\t\t\t\t\t\t\t\tid=\"see-more__udd-cards-v2--1-0\"\n\t\t\t\t\t\t\t\tclass=\"card__description \"\n\t\t\t\t\t\t\t>\n\t\t\t\t\t\t\t\t<div\n\t\t\t\t\t\t\t\t\tclass=\"card__description-text\"\n\t\t\t\t\t\t\t\t\t\t\t\t\t\t\t\t\t\tstyle=\"--udd-blocks--cards-v2--show-lines: 3\"\n\t\t\t\t\t\t\t\t\t\t\t\t\t\t\t\t\t>\n\t\t\t\t\t\t\t\t\t<p>11 de agosto &#8211; 30 de septiembre de 2025<\/p>\n\t\t\t\t\t\t\t\t<\/div>\n\t\t\t\t\t\t\t\t\t\t\t\t\t\t\t<\/div>\n\t\t\t\t\t\t\t\t\t\t\t\t\t<\/div>\n\t\t\t\t\t<\/div>\n\t\t\t\t\t\t\t\t\t\t\t\t\t\t\t\t<div class=\"card-wrapper\">\n\t\t\t\t\t\t<div class=\"card\">\n\t\t\t\t\t\t\t\t\t\t\t\t\t\t<h3 class=\"card__title\">BACHILLERATOS Y PROGRAMAS INTERNACIONALES<\/h3>\n\t\t\t\t\t\t\t\t\t\t\t\t\t\t<div\n\t\t\t\t\t\t\t\tid=\"see-more__udd-cards-v2--1-1\"\n\t\t\t\t\t\t\t\tclass=\"card__description \"\n\t\t\t\t\t\t\t>\n\t\t\t\t\t\t\t\t<div\n\t\t\t\t\t\t\t\t\tclass=\"card__description-text\"\n\t\t\t\t\t\t\t\t\t\t\t\t\t\t\t\t\t\tstyle=\"--udd-blocks--cards-v2--show-lines: 3\"\n\t\t\t\t\t\t\t\t\t\t\t\t\t\t\t\t\t>\n\t\t\t\t\t\t\t\t\t<p>11 de agosto &#8211; 21 de octubre de 2025<\/p>\n\t\t\t\t\t\t\t\t<\/div>\n\t\t\t\t\t\t\t\t\t\t\t\t\t\t\t<\/div>\n\t\t\t\t\t\t\t\t\t\t\t\t\t<\/div>\n\t\t\t\t\t<\/div>\n\t\t\t\t\t\t\t\t\t\t\t\t\t\t\t\t<div class=\"card-wrapper\">\n\t\t\t\t\t\t<div class=\"card\">\n\t\t\t\t\t\t\t\t\t\t\t\t\t\t<h3 class=\"card__title\">HIJO\/A DE FUNCIONARIO<\/h3>\n\t\t\t\t\t\t\t\t\t\t\t\t\t\t<div\n\t\t\t\t\t\t\t\tid=\"see-more__udd-cards-v2--1-2\"\n\t\t\t\t\t\t\t\tclass=\"card__description \"\n\t\t\t\t\t\t\t>\n\t\t\t\t\t\t\t\t<div\n\t\t\t\t\t\t\t\t\tclass=\"card__description-text\"\n\t\t\t\t\t\t\t\t\t\t\t\t\t\t\t\t\t\tstyle=\"--udd-blocks--cards-v2--show-lines: 3\"\n\t\t\t\t\t\t\t\t\t\t\t\t\t\t\t\t\t>\n\t\t\t\t\t\t\t\t\t<p>Despu\u00e9s de los resultados de la Admisi\u00f3n Regular 2026<\/p>\n\t\t\t\t\t\t\t\t<\/div>\n\t\t\t\t\t\t\t\t\t\t\t\t\t\t\t<\/div>\n\t\t\t\t\t\t\t\t\t\t\t\t\t<\/div>\n\t\t\t\t\t<\/div>\n\t\t\t\t\t\t\t\t\t\t\t\t\t\t\t\t<div class=\"card-wrapper\">\n\t\t\t\t\t\t<div class=\"card\">\n\t\t\t\t\t\t\t\t\t\t\t\t\t\t<h3 class=\"card__title\">TRASLADO DE UNIVERSIDAD<\/h3>\n\t\t\t\t\t\t\t\t\t\t\t\t\t\t<div\n\t\t\t\t\t\t\t\tid=\"see-more__udd-cards-v2--1-3\"\n\t\t\t\t\t\t\t\tclass=\"card__description \"\n\t\t\t\t\t\t\t>\n\t\t\t\t\t\t\t\t<div\n\t\t\t\t\t\t\t\t\tclass=\"card__description-text\"\n\t\t\t\t\t\t\t\t\t\t\t\t\t\t\t\t\t\tstyle=\"--udd-blocks--cards-v2--show-lines: 3\"\n\t\t\t\t\t\t\t\t\t\t\t\t\t\t\t\t\t>\n\t\t\t\t\t\t\t\t\t<p><strong>No disponible por cambio de malla<\/strong><\/p>\n\t\t\t\t\t\t\t\t<\/div>\n\t\t\t\t\t\t\t\t\t\t\t\t\t\t\t<\/div>\n\t\t\t\t\t\t\t\t\t\t\t\t\t<\/div>\n\t\t\t\t\t<\/div>\n\t\t\t\t\t\t\t\t\t\t<\/div>\n\t\t<\/div>\n\t<\/div>\n<\/section>\n\n\n\n<p>Las entrevistas se realizar\u00e1n durante octubre y noviembre, los resultados ser\u00e1n entregados por correo electr\u00f3nico.<\/p>\n\n\n\n<h4 class=\"wp-block-heading\">Recuerda:<\/h4>\n\n\n\n<ul class=\"wp-block-list\">\n<li>Cumplir todos los requisitos y enviar los documentos solicitados.<\/li>\n\n\n\n<li>Solo puedes postular a trav\u00e9s de una v\u00eda de admisi\u00f3n directa.<\/li>\n<\/ul>\n\n\n<!-- WP Block: UDD - People -->\n<section class=\"wp-block-udd-contacts is-style-clear\">\n\t\t<div class=\"container\">\n\t\t<header class=\"block__header\">\n\t\t\t<h2 class=\"block__title\">Contacto<\/h2>\n\t\t<\/header>\n\t\t<div class=\"block__content\">\n\t\t\t<ul class=\"contacts\">\n\t\t\t\t\t\t\t<li class=\"contact\">\n\t\t\t\t\t<div class=\"person-contact\">\n\t\t\t\t\t\t\t\t\t\t\t\t\t\t\t\t\t\t\t\t\t\t\t\t\t\t\t\t\t\t\t\t\t\t\t\t\t<span class=\"person-contact__email\">Email: <a href=\"mailto:&#97;&#98;&#97;ndera&#64;ud&#100;.c&#108;\">a&#98;&#97;&#110;der&#97;&#64;&#117;dd&#46;c&#108;<\/a><\/span>\n\t\t\t\t\t\t\t\t\t\t\t<\/div>\n\t\t\t\t<\/li>\n\t\t\t\t\t\t<\/ul>\n\t\t<\/div>\n\t<\/div>\n<\/section>\n\n\n\n<h2 class=\"wp-block-heading\">V\u00edas de Admisi\u00f3n Disponibles:<\/h2>\n\n\n<div id=\"seccion-1-cambio-de-carrera-desde-las-carreras-de-la-salud-udd-a-medicina-udd-6-cupos\" class=\"js-accordion accordion\">\n\t<div class=\"accordion__header\">\n\t\t<h3 class=\"accordion__title\"><a href=\"#!\/seccion-1-cambio-de-carrera-desde-las-carreras-de-la-salud-udd-a-medicina-udd-6-cupos\" class=\"js-accordion-collapse\" aria-expanded=\"true\" aria-controls=\"collapseOne\">1. Cambio de Carrera desde las Carreras de la Salud UDD a Medicina UDD (6 cupos)<\/a><\/h3>\n\t<\/div>\n\t<div class=\"js-accordion-content accordion__content text\">\n\t\t<\/p>\n\n\n\n<h3 class=\"wp-block-heading\">\u00bfQui\u00e9nes pueden postular?<\/h3>\n\n\n\n<p>Alumnos vigentes de las 9 carreras de la Facultad de Medicina Cl\u00ednica Alemana UDD y la Facultad de Ciencias de Salud de la sede Concepci\u00f3n (excepto Medicina).<\/p>\n\n\n\n<h3 class=\"wp-block-heading\">Requisitos:<\/h3>\n\n\n\n<ol start=\"1\" class=\"wp-block-list\">\n<li>No haber participado en procesos de admisi\u00f3n directa anteriormente.<\/li>\n\n\n\n<li>Documentos necesarios:\n<ul class=\"wp-block-list\">\n<li>Curr\u00edculum Vitae.<\/li>\n\n\n\n<li>PDF de c\u00e9dula de identidad (ambos lados).<\/li>\n\n\n\n<li>Concentraci\u00f3n de notas de Ense\u00f1anza Media (promedio \u2265 6.0).<\/li>\n\n\n\n<li>Certificado de alumno regular vigente UDD.<\/li>\n\n\n\n<li>Concentraci\u00f3n de notas en la UDD hasta el 1er. semestre de 2025 (promedio \u2265 6.0).<\/li>\n\n\n\n<li>No tener asignaturas reprobadas.<\/li>\n\n\n\n<li>Bolet\u00edn con puntaje PAES de ingreso.<\/li>\n\n\n\n<li>Promedio Competencia Lectora y Matem\u00e1tica 1 PAES \u2265 750 puntos.<\/li>\n<\/ul>\n<\/li>\n\n\n\n<li>Entrevista personal con la comisi\u00f3n de Medicina.<\/li>\n\n\n\n<li>Mantener promedio final de 6.0 para matricularse.<\/li>\n\n\n\n<li>Nacidos en 2004 o antes: Certificado de Vacuna contra Hepatitis B (<a href=\"https:\/\/mevacuno.gob.cl\/\">mevacuno.gob.cl<\/a>). Si no est\u00e1s vacunado, inf\u00f3rmalo por correo. <\/li>\n<\/ol>\n\n\n<p class=\"wp-block-udd-button text-left\"><a class=\"btn btn-primary btn-lg\" href=\"\" data-url=\"\" target=\"_blank\" rel=\"noreferrer noopener\"><svg class=\"svg-external-dims\"><use xlink:href='https:\/\/medicina.udd.cl\/medicina-santiago\/wp-content\/themes\/facultades-2018\/assets\/img\/svg\/dist\/main.svg?version=1695853099#external'><\/use><\/svg> Postulaci\u00f3n cerrada <\/a><\/p>\n\n\n<p>\t<\/div>\n<\/div>\n\n\n\n<div id=\"seccion-2-bachilleratos-y-programas-internacionales-ib-dia-bac-ecs-8-cupos\" class=\"js-accordion accordion\">\n\t<div class=\"accordion__header\">\n\t\t<h3 class=\"accordion__title\"><a href=\"#!\/seccion-2-bachilleratos-y-programas-internacionales-ib-dia-bac-ecs-8-cupos\" class=\"js-accordion-collapse\" aria-expanded=\"true\" aria-controls=\"collapseOne\">2. Bachilleratos y Programas Internacionales (IB\/DIA\/BAC\/ECS) (8 cupos)<\/a><\/h3>\n\t<\/div>\n\t<div class=\"js-accordion-content accordion__content text\">\n\t\t<\/p>\n<h3 class=\"wp-block-heading\">Requisitos:<\/h3>\n<ol start=\"1\" class=\"wp-block-list\">\n<li>No haber participado en procesos de admisi\u00f3n directa anteriormente.<\/li>\n<li>Puntajes m\u00ednimos:\n<ul class=\"wp-block-list\">\n<li>IB: 32 puntos. Convenio firmado con la Asociaci\u00f3n Chilena de Bachillerato Internacional (ACHBI)<\/li>\n<li>DIA: 2.0 (643 puntos). Convenio firmado con Colegio Alem\u00e1n de Santiago<\/li>\n<li>BAC: 14 puntos (al menos dos especialidades: Matem\u00e1tica, F\u00edsica\/Qu\u00edmica, Ciencias de la vida y de la tierra). Convenio firmado con la Embajada de Francia en Chile.<\/li>\n<li>ECS: 90 puntos. Convenio firmado con la Scuola Italiana Vittorio Montiglio<\/li>\n<\/ul>\n<\/li>\n<li>Documentos necesarios:\n<ul class=\"wp-block-list\">\n<li>Certificado del puntaje obtenido (2024 o 2025). Si es predictivo, certificado del colegio, siendo obligaci\u00f3n entregar los resultados y documentos oficiales una vez recibidos estos.<\/li>\n<li>Curr\u00edculum Vitae.<\/li>\n<li>PDF de c\u00e9dula de identidad (ambos lados).<\/li>\n<li>Licencia de Ense\u00f1anza Media o certificado de alumno regular.<\/li>\n<li>Concentraci\u00f3n de notas de Ense\u00f1anza Media (promedio \u2265 6.0). Si no est\u00e1 disponible, presentar notas de I a III Medio.<\/li>\n<\/ul>\n<\/li>\n<li>Nacidos en 2004 o antes: Certificado de Vacuna contra Hepatitis B (<a href=\"https:\/\/mevacuno.gob.cl\/\">mevacuno.gob.cl<\/a>). Si no est\u00e1s vacunado, inf\u00f3rmalo por correo.<\/li>\n<li>Entrevista personal con la comisi\u00f3n de Medicina.<\/li>\n<\/ol>\n<p class=\"wp-block-udd-button text-left\"><a class=\"btn btn-primary btn-lg\" href=\"\" data-url=\"\" target=\"_blank\" rel=\"noreferrer noopener\"><svg class=\"svg-external-dims\"><use xlink:href='https:\/\/medicina.udd.cl\/medicina-santiago\/wp-content\/themes\/facultades-2018\/assets\/img\/svg\/dist\/main.svg?version=1695853099#external'><\/use><\/svg> Postulaci\u00f3n cerrada <\/a><\/p>\n<p>\n\t<\/div>\n<\/div>\n\n\n\n<div id=\"seccion-3-hijo-a-de-funcionario-de-la-udd-2-cupos\" class=\"js-accordion accordion\">\n\t<div class=\"accordion__header\">\n\t\t<h3 class=\"accordion__title\"><a href=\"#!\/seccion-3-hijo-a-de-funcionario-de-la-udd-2-cupos\" class=\"js-accordion-collapse\" aria-expanded=\"true\" aria-controls=\"collapseOne\">3. Hijo\/a de Funcionario de la UDD (2 cupos)<\/a><\/h3>\n\t<\/div>\n\t<div class=\"js-accordion-content accordion__content text\">\n\t\t<\/p>\n<h3 class=\"wp-block-heading\">Requisitos:<\/h3>\n<ol start=\"1\" class=\"wp-block-list\">\n<li>Postulaci\u00f3n despu\u00e9s de los resultados de la Admisi\u00f3n Regular 2026.<\/li>\n<li>No haber participado en procesos de admisi\u00f3n directa anteriormente.<\/li>\n<li>Hijos de funcionarios contratados al menos media jornada y vinculados a la UDD por un a\u00f1o m\u00ednimo.<\/li>\n<li>En tu postulaci\u00f3n de admisi\u00f3n regular tienes que haber quedado en la mitad superior de la lista de espera.<\/li>\n<\/ol>\n<ol start=\"1\" class=\"wp-block-list\">\n<li>Documentos necesarios:\n<ul class=\"wp-block-list\">\n<li>Certificado de la Direcci\u00f3n de Recursos Humanos de la UDD.<\/li>\n<li>Certificado de nacimiento indicando parentesco.<\/li>\n<li>Curr\u00edculum Vitae.<\/li>\n<li>PDF de c\u00e9dula de identidad (ambos lados).<\/li>\n<li>Licencia de Ense\u00f1anza Media.<\/li>\n<\/ul>\n<\/li>\n<li>Nacidos en 2004 o antes: Certificado de Vacuna contra Hepatitis B (<a href=\"https:\/\/mevacuno.gob.cl\/\">mevacuno.gob.cl<\/a>). Si no est\u00e1s vacunado, inf\u00f3rmalo por correo.<\/li>\n<\/ol>\n<p>\n\t<\/div>\n<\/div>\n\n\n\n\n<p><em>La UDD se reserva el derecho de no completar todos los cupos si los postulantes no cumpliesen con los requisitos solicitados.<\/em><\/p>\n","protected":false},"excerpt":{"rendered":"<p>Proceso cerrado RECEPCI\u00d3N DE DOCUMENTOS Todos los documentos se deben enviar a trav\u00e9s de los enlaces indicados. No habr\u00e1 recepci\u00f3n presencial. Las entrevistas se realizar\u00e1n durante octubre y noviembre, los resultados ser\u00e1n entregados por correo electr\u00f3nico. Recuerda: V\u00edas de Admisi\u00f3n Disponibles: La UDD se reserva el derecho de no completar todos los cupos si los [&hellip;]<\/p>\n","protected":false},"author":9192217,"featured_media":0,"parent":0,"menu_order":0,"comment_status":"closed","ping_status":"closed","template":"","meta":{"footnotes":""},"class_list":["post-7014","page","type-page","status-publish","hentry"],"yoast_head":"<!-- This site is optimized with the Yoast SEO plugin v26.9 - https:\/\/yoast.com\/product\/yoast-seo-wordpress\/ -->\n<title>Admisi\u00f3n Directa - Medicina<\/title>\n<meta name=\"robots\" content=\"index, follow, max-snippet:-1, max-image-preview:large, max-video-preview:-1\" \/>\n<link rel=\"canonical\" href=\"https:\/\/medicina.udd.cl\/medicina-santiago\/admision-directa\/\" \/>\n<meta property=\"og:locale\" content=\"es_ES\" \/>\n<meta property=\"og:type\" content=\"article\" \/>\n<meta property=\"og:title\" content=\"Admisi\u00f3n Directa - Medicina\" \/>\n<meta property=\"og:description\" content=\"Proceso cerrado RECEPCI\u00d3N DE DOCUMENTOS Todos los documentos se deben enviar a trav\u00e9s de los enlaces indicados. No habr\u00e1 recepci\u00f3n presencial. Las entrevistas se realizar\u00e1n durante octubre y noviembre, los resultados ser\u00e1n entregados por correo electr\u00f3nico. Recuerda: V\u00edas de Admisi\u00f3n Disponibles: La UDD se reserva el derecho de no completar todos los cupos si los [&hellip;]\" \/>\n<meta property=\"og:url\" content=\"https:\/\/medicina.udd.cl\/medicina-santiago\/admision-directa\/\" \/>\n<meta property=\"og:site_name\" content=\"Medicina\" \/>\n<meta property=\"article:modified_time\" content=\"2025-11-21T15:03:03+00:00\" \/>\n<meta name=\"twitter:label1\" content=\"Tiempo de lectura\" \/>\n\t<meta name=\"twitter:data1\" content=\"3 minutos\" \/>\n<script type=\"application\/ld+json\" class=\"yoast-schema-graph\">{\"@context\":\"https:\/\/schema.org\",\"@graph\":[{\"@type\":\"WebPage\",\"@id\":\"https:\/\/medicina.udd.cl\/medicina-santiago\/admision-directa\/\",\"url\":\"https:\/\/medicina.udd.cl\/medicina-santiago\/admision-directa\/\",\"name\":\"Admisi\u00f3n Directa - Medicina\",\"isPartOf\":{\"@id\":\"https:\/\/medicina.udd.cl\/medicina-santiago\/#website\"},\"datePublished\":\"2020-08-13T21:06:53+00:00\",\"dateModified\":\"2025-11-21T15:03:03+00:00\",\"breadcrumb\":{\"@id\":\"https:\/\/medicina.udd.cl\/medicina-santiago\/admision-directa\/#breadcrumb\"},\"inLanguage\":\"es\",\"potentialAction\":[{\"@type\":\"ReadAction\",\"target\":[\"https:\/\/medicina.udd.cl\/medicina-santiago\/admision-directa\/\"]}]},{\"@type\":\"BreadcrumbList\",\"@id\":\"https:\/\/medicina.udd.cl\/medicina-santiago\/admision-directa\/#breadcrumb\",\"itemListElement\":[{\"@type\":\"ListItem\",\"position\":1,\"name\":\"Home\",\"item\":\"https:\/\/medicina.udd.cl\/medicina-santiago\/\"},{\"@type\":\"ListItem\",\"position\":2,\"name\":\"Admisi\u00f3n Directa\"}]},{\"@type\":\"WebSite\",\"@id\":\"https:\/\/medicina.udd.cl\/medicina-santiago\/#website\",\"url\":\"https:\/\/medicina.udd.cl\/medicina-santiago\/\",\"name\":\"Medicina\",\"description\":\"Facultad de Medicina Cl\u00ednica Alemana Universidad del Desarrollo\",\"inLanguage\":\"es\"}]}<\/script>\n<!-- \/ Yoast SEO plugin. -->","yoast_head_json":{"title":"Admisi\u00f3n Directa - Medicina","robots":{"index":"index","follow":"follow","max-snippet":"max-snippet:-1","max-image-preview":"max-image-preview:large","max-video-preview":"max-video-preview:-1"},"canonical":"https:\/\/medicina.udd.cl\/medicina-santiago\/admision-directa\/","og_locale":"es_ES","og_type":"article","og_title":"Admisi\u00f3n Directa - Medicina","og_description":"Proceso cerrado RECEPCI\u00d3N DE DOCUMENTOS Todos los documentos se deben enviar a trav\u00e9s de los enlaces indicados. No habr\u00e1 recepci\u00f3n presencial. Las entrevistas se realizar\u00e1n durante octubre y noviembre, los resultados ser\u00e1n entregados por correo electr\u00f3nico. Recuerda: V\u00edas de Admisi\u00f3n Disponibles: La UDD se reserva el derecho de no completar todos los cupos si los [&hellip;]","og_url":"https:\/\/medicina.udd.cl\/medicina-santiago\/admision-directa\/","og_site_name":"Medicina","article_modified_time":"2025-11-21T15:03:03+00:00","twitter_misc":{"Tiempo de lectura":"3 minutos"},"schema":{"@context":"https:\/\/schema.org","@graph":[{"@type":"WebPage","@id":"https:\/\/medicina.udd.cl\/medicina-santiago\/admision-directa\/","url":"https:\/\/medicina.udd.cl\/medicina-santiago\/admision-directa\/","name":"Admisi\u00f3n Directa - Medicina","isPartOf":{"@id":"https:\/\/medicina.udd.cl\/medicina-santiago\/#website"},"datePublished":"2020-08-13T21:06:53+00:00","dateModified":"2025-11-21T15:03:03+00:00","breadcrumb":{"@id":"https:\/\/medicina.udd.cl\/medicina-santiago\/admision-directa\/#breadcrumb"},"inLanguage":"es","potentialAction":[{"@type":"ReadAction","target":["https:\/\/medicina.udd.cl\/medicina-santiago\/admision-directa\/"]}]},{"@type":"BreadcrumbList","@id":"https:\/\/medicina.udd.cl\/medicina-santiago\/admision-directa\/#breadcrumb","itemListElement":[{"@type":"ListItem","position":1,"name":"Home","item":"https:\/\/medicina.udd.cl\/medicina-santiago\/"},{"@type":"ListItem","position":2,"name":"Admisi\u00f3n Directa"}]},{"@type":"WebSite","@id":"https:\/\/medicina.udd.cl\/medicina-santiago\/#website","url":"https:\/\/medicina.udd.cl\/medicina-santiago\/","name":"Medicina","description":"Facultad de Medicina Cl\u00ednica Alemana Universidad del Desarrollo","inLanguage":"es"}]}},"_links":{"self":[{"href":"https:\/\/medicina.udd.cl\/medicina-santiago\/wp-json\/wp\/v2\/pages\/7014","targetHints":{"allow":["GET"]}}],"collection":[{"href":"https:\/\/medicina.udd.cl\/medicina-santiago\/wp-json\/wp\/v2\/pages"}],"about":[{"href":"https:\/\/medicina.udd.cl\/medicina-santiago\/wp-json\/wp\/v2\/types\/page"}],"author":[{"embeddable":true,"href":"https:\/\/medicina.udd.cl\/medicina-santiago\/wp-json\/wp\/v2\/users\/9192217"}],"replies":[{"embeddable":true,"href":"https:\/\/medicina.udd.cl\/medicina-santiago\/wp-json\/wp\/v2\/comments?post=7014"}],"version-history":[{"count":50,"href":"https:\/\/medicina.udd.cl\/medicina-santiago\/wp-json\/wp\/v2\/pages\/7014\/revisions"}],"predecessor-version":[{"id":10585,"href":"https:\/\/medicina.udd.cl\/medicina-santiago\/wp-json\/wp\/v2\/pages\/7014\/revisions\/10585"}],"wp:attachment":[{"href":"https:\/\/medicina.udd.cl\/medicina-santiago\/wp-json\/wp\/v2\/media?parent=7014"}],"curies":[{"name":"wp","href":"https:\/\/api.w.org\/{rel}","templated":true}]}}