{"id":7441,"date":"2021-05-03T13:23:03","date_gmt":"2021-05-03T17:23:03","guid":{"rendered":"https:\/\/medicina.udd.cl\/medicina-santiago\/?page_id=7441"},"modified":"2021-07-23T12:19:02","modified_gmt":"2021-07-23T16:19:02","slug":"home","status":"publish","type":"page","link":"https:\/\/medicina.udd.cl\/medicina-santiago\/home\/","title":{"rendered":"Home"},"content":{"rendered":"","protected":false},"excerpt":{"rendered":"","protected":false},"author":9192209,"featured_media":0,"parent":0,"menu_order":0,"comment_status":"closed","ping_status":"closed","template":"","meta":{"footnotes":""},"class_list":["post-7441","page","type-page","status-publish","hentry"],"yoast_head":"<!-- This site is optimized with the Yoast SEO plugin v26.9 - https:\/\/yoast.com\/product\/yoast-seo-wordpress\/ -->\n<title>Medicina - Facultad de Medicina Cl\u00ednica Alemana Universidad del Desarrollo<\/title>\n<meta name=\"description\" content=\"Carrera acreditada por 6 a\u00f1os. Contamos con un cuerpo acad\u00e9mico comprometido y en constante perfeccionamiento. Ingresa y conoce el proceso de Admisi\u00f3n 2020.\" \/>\n<meta name=\"robots\" content=\"index, follow, max-snippet:-1, max-image-preview:large, max-video-preview:-1\" \/>\n<link rel=\"canonical\" href=\"https:\/\/medicina.udd.cl\/medicina-santiago\/home\/\" \/>\n<meta property=\"og:locale\" content=\"es_ES\" \/>\n<meta property=\"og:type\" content=\"article\" \/>\n<meta property=\"og:title\" content=\"Medicina - Facultad de Medicina Cl\u00ednica Alemana Universidad del Desarrollo\" \/>\n<meta property=\"og:description\" content=\"Carrera acreditada por 6 a\u00f1os. Contamos con un cuerpo acad\u00e9mico comprometido y en constante perfeccionamiento. Ingresa y conoce el proceso de Admisi\u00f3n 2020.\" \/>\n<meta property=\"og:url\" content=\"https:\/\/medicina.udd.cl\/medicina-santiago\/home\/\" \/>\n<meta property=\"og:site_name\" content=\"Medicina\" \/>\n<meta property=\"article:modified_time\" content=\"2021-07-23T16:19:02+00:00\" \/>\n<script type=\"application\/ld+json\" class=\"yoast-schema-graph\">{\"@context\":\"https:\/\/schema.org\",\"@graph\":[{\"@type\":\"WebPage\",\"@id\":\"https:\/\/medicina.udd.cl\/medicina-santiago\/home\/\",\"url\":\"https:\/\/medicina.udd.cl\/medicina-santiago\/home\/\",\"name\":\"Medicina - Facultad de Medicina Cl\u00ednica Alemana Universidad del Desarrollo\",\"isPartOf\":{\"@id\":\"https:\/\/medicina.udd.cl\/medicina-santiago\/#website\"},\"datePublished\":\"2021-05-03T17:23:03+00:00\",\"dateModified\":\"2021-07-23T16:19:02+00:00\",\"description\":\"Carrera acreditada por 6 a\u00f1os. Contamos con un cuerpo acad\u00e9mico comprometido y en constante perfeccionamiento. Ingresa y conoce el proceso de Admisi\u00f3n 2020.\",\"breadcrumb\":{\"@id\":\"https:\/\/medicina.udd.cl\/medicina-santiago\/home\/#breadcrumb\"},\"inLanguage\":\"es\",\"potentialAction\":[{\"@type\":\"ReadAction\",\"target\":[\"https:\/\/medicina.udd.cl\/medicina-santiago\/home\/\"]}]},{\"@type\":\"BreadcrumbList\",\"@id\":\"https:\/\/medicina.udd.cl\/medicina-santiago\/home\/#breadcrumb\",\"itemListElement\":[{\"@type\":\"ListItem\",\"position\":1,\"name\":\"Home\",\"item\":\"https:\/\/medicina.udd.cl\/medicina-santiago\/\"},{\"@type\":\"ListItem\",\"position\":2,\"name\":\"Home\"}]},{\"@type\":\"WebSite\",\"@id\":\"https:\/\/medicina.udd.cl\/medicina-santiago\/#website\",\"url\":\"https:\/\/medicina.udd.cl\/medicina-santiago\/\",\"name\":\"Medicina\",\"description\":\"Facultad de Medicina Cl\u00ednica Alemana Universidad del Desarrollo\",\"inLanguage\":\"es\"}]}<\/script>\n<!-- \/ Yoast SEO plugin. -->","yoast_head_json":{"title":"Medicina - Facultad de Medicina Cl\u00ednica Alemana Universidad del Desarrollo","description":"Carrera acreditada por 6 a\u00f1os. Contamos con un cuerpo acad\u00e9mico comprometido y en constante perfeccionamiento. Ingresa y conoce el proceso de Admisi\u00f3n 2020.","robots":{"index":"index","follow":"follow","max-snippet":"max-snippet:-1","max-image-preview":"max-image-preview:large","max-video-preview":"max-video-preview:-1"},"canonical":"https:\/\/medicina.udd.cl\/medicina-santiago\/home\/","og_locale":"es_ES","og_type":"article","og_title":"Medicina - Facultad de Medicina Cl\u00ednica Alemana Universidad del Desarrollo","og_description":"Carrera acreditada por 6 a\u00f1os. Contamos con un cuerpo acad\u00e9mico comprometido y en constante perfeccionamiento. Ingresa y conoce el proceso de Admisi\u00f3n 2020.","og_url":"https:\/\/medicina.udd.cl\/medicina-santiago\/home\/","og_site_name":"Medicina","article_modified_time":"2021-07-23T16:19:02+00:00","schema":{"@context":"https:\/\/schema.org","@graph":[{"@type":"WebPage","@id":"https:\/\/medicina.udd.cl\/medicina-santiago\/home\/","url":"https:\/\/medicina.udd.cl\/medicina-santiago\/home\/","name":"Medicina - Facultad de Medicina Cl\u00ednica Alemana Universidad del Desarrollo","isPartOf":{"@id":"https:\/\/medicina.udd.cl\/medicina-santiago\/#website"},"datePublished":"2021-05-03T17:23:03+00:00","dateModified":"2021-07-23T16:19:02+00:00","description":"Carrera acreditada por 6 a\u00f1os. Contamos con un cuerpo acad\u00e9mico comprometido y en constante perfeccionamiento. Ingresa y conoce el proceso de Admisi\u00f3n 2020.","breadcrumb":{"@id":"https:\/\/medicina.udd.cl\/medicina-santiago\/home\/#breadcrumb"},"inLanguage":"es","potentialAction":[{"@type":"ReadAction","target":["https:\/\/medicina.udd.cl\/medicina-santiago\/home\/"]}]},{"@type":"BreadcrumbList","@id":"https:\/\/medicina.udd.cl\/medicina-santiago\/home\/#breadcrumb","itemListElement":[{"@type":"ListItem","position":1,"name":"Home","item":"https:\/\/medicina.udd.cl\/medicina-santiago\/"},{"@type":"ListItem","position":2,"name":"Home"}]},{"@type":"WebSite","@id":"https:\/\/medicina.udd.cl\/medicina-santiago\/#website","url":"https:\/\/medicina.udd.cl\/medicina-santiago\/","name":"Medicina","description":"Facultad de Medicina Cl\u00ednica Alemana Universidad del Desarrollo","inLanguage":"es"}]}},"_links":{"self":[{"href":"https:\/\/medicina.udd.cl\/medicina-santiago\/wp-json\/wp\/v2\/pages\/7441","targetHints":{"allow":["GET"]}}],"collection":[{"href":"https:\/\/medicina.udd.cl\/medicina-santiago\/wp-json\/wp\/v2\/pages"}],"about":[{"href":"https:\/\/medicina.udd.cl\/medicina-santiago\/wp-json\/wp\/v2\/types\/page"}],"author":[{"embeddable":true,"href":"https:\/\/medicina.udd.cl\/medicina-santiago\/wp-json\/wp\/v2\/users\/9192209"}],"replies":[{"embeddable":true,"href":"https:\/\/medicina.udd.cl\/medicina-santiago\/wp-json\/wp\/v2\/comments?post=7441"}],"version-history":[{"count":3,"href":"https:\/\/medicina.udd.cl\/medicina-santiago\/wp-json\/wp\/v2\/pages\/7441\/revisions"}],"predecessor-version":[{"id":7583,"href":"https:\/\/medicina.udd.cl\/medicina-santiago\/wp-json\/wp\/v2\/pages\/7441\/revisions\/7583"}],"wp:attachment":[{"href":"https:\/\/medicina.udd.cl\/medicina-santiago\/wp-json\/wp\/v2\/media?parent=7441"}],"curies":[{"name":"wp","href":"https:\/\/api.w.org\/{rel}","templated":true}]}}