{"id":100,"date":"2011-09-15T16:50:11","date_gmt":"2011-09-15T19:50:11","guid":{"rendered":"http:\/\/medicina.udd.cl\/neurologia\/"},"modified":"2013-07-03T09:32:49","modified_gmt":"2013-07-03T13:32:49","slug":"postulacion-3","status":"publish","type":"page","link":"https:\/\/medicina.udd.cl\/neurologia\/postulacion-3\/","title":{"rendered":"Postulaci\u00f3n"},"content":{"rendered":"<p><strong>Proceso de Postulaci\u00f3n a Becas Universitarias UDD y FOREBAS<\/strong><strong><\/strong><\/p>\n<p>El proceso de postulaci\u00f3n se realizar\u00e1 entre los d\u00edas 2 y 13 de Diciembre 2013. Este proceso consta de 3 pasos.<\/p>\n<ol>\n<li><strong>Postulaci\u00f3n en L\u00ednea<\/strong> : Los postulantes deber\u00e1n completar ficha online que se publicar\u00e1 en la fecha indicada.<\/li>\n<li><strong>Envio de Antecedentes por mail:<\/strong> Los postulantes deber\u00e1n enviar su\u00a0<strong><a rel=\"External\" class=\"out\" href=\"http:\/\/medicina.udd.cl\/2012\/11\/curriculum-vitae-para-proceso-de-postulacion-a-becas-universitarias-udd-y-forebas\/\">Curr\u00edculum Vitae<\/a><\/strong> (no se requiere adjuntar certificados) al mail\u00a0<a class=\"out\" rel=\"External\" href=\"mailto:postgradomed@udd.cl\" target=\"_blank\">postgradomed@udd.cl<\/a>.<\/li>\n<li><strong>Entrega de antecedentes<\/strong> : El postulante debe\u00a0presentar una carpeta con sus antecedentes \u00a0en la oficina de Postgrado (4\u00b0 piso)\u00a0de la\u00a0Facultad de Medicina Cl\u00ednica Alemana Universidad del Desarrollo, ubicada en\u00a0\u00a0Avenida Las Condes 12.438, Lo Barnechea. \u2013 Horario de atenci\u00f3n: Desde las 09:00\u00a0hasta las 17:00 horas.\u00a0 En caso de dudas llamar al tel\u00e9fono (2) 3279680.<\/li>\n<\/ol>\n<p>La \u00a0carpeta debe incluir los documentos en el siguiente orden:<\/p>\n<ol>\n<li><strong><a rel=\"External\" class=\"out\" href=\"http:\/\/medicina.udd.cl\/2012\/11\/curriculum-vitae-para-proceso-de-postulacion-a-becas-universitarias-udd-y-forebas\/\">Curr\u00edculum Vitae<\/a><\/strong><\/li>\n<li>Carta de Intenci\u00f3n personal que especifique sus razones para postular a \u00e9ste programa.<\/li>\n<li>Dos cartas de recomendaci\u00f3n cerradas.<\/li>\n<li>Certificado de T\u00edtulo de M\u00e9dico Cirujano o copia legalizada<\/li>\n<li>Certificado calificaci\u00f3n m\u00e9dica \u00a0nacional o copia legalizada<\/li>\n<li>Concentraci\u00f3n de notas o copia legalizada<\/li>\n<li>Documento de EUNACOM<\/li>\n<li>Certificado de ayudant\u00eda(s) otorgado por\u00a0 escuela de medicina respectiva especificando \u00e1rea y semestres<\/li>\n<li>Copia de publicaci\u00f3n en revistas<\/li>\n<li>Certificado de presentaci\u00f3n\u00a0en congresos<\/li>\n<li>Certificado de aprobaci\u00f3n o asistencia de cursos y otras actividades de postgrado<\/li>\n<li>Certificado de experiencias laborales<\/li>\n<li>Copia de pago de arancel de postulaci\u00f3n<\/li>\n<\/ol>\n<p><strong>Postulantes extranjeros:<\/strong><\/p>\n<p>S\u00f3lo podr\u00e1n postular los m\u00e9dicos extranjeros que tengan su t\u00edtulo de m\u00e9dico cirujano acreditado en Chile y aquellos que hayan rendido el EUNACOM de acuerdo a las normas vigentes, deben presentar el certificado correspondiente.<\/p>\n<p><strong>Arancel de postulaci\u00f3n<\/strong><\/p>\n<p><strong>Valor: $20.000<\/strong><\/p>\n<p>Realizar transferencia electr\u00f3nica a la cuenta corriente del Banco de Chile n\u00ba 69797-04, a nombre de Universidad del Desarrollo.<\/p>\n<p>Rut 71644300-0, enviar correo electr\u00f3nico a\u00a0<a class=\"out\" rel=\"External\" href=\"mailto:mzuppiani@udd.cl\" target=\"_blank\">mzuppiani@udd.cl<\/a> con copia a\u00a0<a class=\"out\" rel=\"External\" href=\"mailto:areinoso@udd.cl\" target=\"_blank\">areinoso@udd.cl<\/a> con nombre y rut del postulantes.<\/p>\n<p>Imprimir copia y adjuntar a carpeta de antecedentes.<\/p>\n<p><strong>Financiamiento<br \/>\n<\/strong>El financiamiento de los aranceles de los programas est\u00e1 cubierto por las instituciones que otorgan las becas (UDD, Cl\u00ednica Alemana, Servicios de Salud, MINSAL u otra). El m\u00e9dico en formaci\u00f3n recibe una remuneraci\u00f3n o estipendio, seg\u00fan la instituci\u00f3n que otorga la beca. Los M\u00e9dicos en Formaci\u00f3n s\u00f3lo cancelan la matr\u00edcula anual, cuando la instituci\u00f3n que otorga la beca no la cubre.<\/p>\n","protected":false},"excerpt":{"rendered":"<p>El proceso de postulaci\u00f3n para el a\u00f1o 2014 se iniciar\u00e1 la primera semana de diciembre.<\/p>\n","protected":false},"author":9192219,"featured_media":0,"parent":0,"menu_order":0,"comment_status":"open","ping_status":"open","template":"indice.php","meta":{"footnotes":""},"class_list":["post-100","page","type-page","status-publish","hentry"],"yoast_head":"<!-- This site is optimized with the Yoast SEO plugin v26.9 - https:\/\/yoast.com\/product\/yoast-seo-wordpress\/ -->\n<title>Postulaci\u00f3n<\/title>\n<meta name=\"description\" content=\"Proceso consta de tres pasos: postulaci\u00f3n online, env\u00edo de documentos y entrega de los antecedentes.\" \/>\n<meta name=\"robots\" content=\"index, follow, max-snippet:-1, max-image-preview:large, max-video-preview:-1\" \/>\n<link rel=\"canonical\" href=\"https:\/\/medicina.udd.cl\/neurologia\/postulacion-3\/\" \/>\n<meta property=\"og:locale\" content=\"es_ES\" \/>\n<meta property=\"og:type\" content=\"article\" \/>\n<meta property=\"og:title\" content=\"Postulaci\u00f3n\" \/>\n<meta property=\"og:description\" content=\"Proceso consta de tres pasos: postulaci\u00f3n online, env\u00edo de documentos y entrega de los antecedentes.\" \/>\n<meta property=\"og:url\" content=\"https:\/\/medicina.udd.cl\/neurologia\/postulacion-3\/\" \/>\n<meta property=\"og:site_name\" content=\"Especialidad en Neurolog\u00eda\" \/>\n<meta property=\"article:modified_time\" content=\"2013-07-03T13:32:49+00:00\" \/>\n<meta name=\"twitter:label1\" content=\"Tiempo de lectura\" \/>\n\t<meta name=\"twitter:data1\" content=\"2 minutos\" \/>\n<script type=\"application\/ld+json\" class=\"yoast-schema-graph\">{\"@context\":\"https:\/\/schema.org\",\"@graph\":[{\"@type\":\"WebPage\",\"@id\":\"https:\/\/medicina.udd.cl\/neurologia\/postulacion-3\/\",\"url\":\"https:\/\/medicina.udd.cl\/neurologia\/postulacion-3\/\",\"name\":\"Postulaci\u00f3n\",\"isPartOf\":{\"@id\":\"https:\/\/medicina.udd.cl\/neurologia\/#website\"},\"datePublished\":\"2011-09-15T19:50:11+00:00\",\"dateModified\":\"2013-07-03T13:32:49+00:00\",\"description\":\"Proceso consta de tres pasos: postulaci\u00f3n online, env\u00edo de documentos y entrega de los antecedentes.\",\"breadcrumb\":{\"@id\":\"https:\/\/medicina.udd.cl\/neurologia\/postulacion-3\/#breadcrumb\"},\"inLanguage\":\"es\",\"potentialAction\":[{\"@type\":\"ReadAction\",\"target\":[\"https:\/\/medicina.udd.cl\/neurologia\/postulacion-3\/\"]}]},{\"@type\":\"BreadcrumbList\",\"@id\":\"https:\/\/medicina.udd.cl\/neurologia\/postulacion-3\/#breadcrumb\",\"itemListElement\":[{\"@type\":\"ListItem\",\"position\":1,\"name\":\"Home\",\"item\":\"https:\/\/medicina.udd.cl\/neurologia\/\"},{\"@type\":\"ListItem\",\"position\":2,\"name\":\"Postulaci\u00f3n\"}]},{\"@type\":\"WebSite\",\"@id\":\"https:\/\/medicina.udd.cl\/neurologia\/#website\",\"url\":\"https:\/\/medicina.udd.cl\/neurologia\/\",\"name\":\"Especialidad en Neurolog\u00eda\",\"description\":\"Otro sitio m\u00e1s de Medicina\",\"potentialAction\":[{\"@type\":\"SearchAction\",\"target\":{\"@type\":\"EntryPoint\",\"urlTemplate\":\"https:\/\/medicina.udd.cl\/neurologia\/?s={search_term_string}\"},\"query-input\":{\"@type\":\"PropertyValueSpecification\",\"valueRequired\":true,\"valueName\":\"search_term_string\"}}],\"inLanguage\":\"es\"}]}<\/script>\n<!-- \/ Yoast SEO plugin. -->","yoast_head_json":{"title":"Postulaci\u00f3n","description":"Proceso consta de tres pasos: postulaci\u00f3n online, env\u00edo de documentos y entrega de los antecedentes.","robots":{"index":"index","follow":"follow","max-snippet":"max-snippet:-1","max-image-preview":"max-image-preview:large","max-video-preview":"max-video-preview:-1"},"canonical":"https:\/\/medicina.udd.cl\/neurologia\/postulacion-3\/","og_locale":"es_ES","og_type":"article","og_title":"Postulaci\u00f3n","og_description":"Proceso consta de tres pasos: postulaci\u00f3n online, env\u00edo de documentos y entrega de los antecedentes.","og_url":"https:\/\/medicina.udd.cl\/neurologia\/postulacion-3\/","og_site_name":"Especialidad en Neurolog\u00eda","article_modified_time":"2013-07-03T13:32:49+00:00","twitter_misc":{"Tiempo de lectura":"2 minutos"},"schema":{"@context":"https:\/\/schema.org","@graph":[{"@type":"WebPage","@id":"https:\/\/medicina.udd.cl\/neurologia\/postulacion-3\/","url":"https:\/\/medicina.udd.cl\/neurologia\/postulacion-3\/","name":"Postulaci\u00f3n","isPartOf":{"@id":"https:\/\/medicina.udd.cl\/neurologia\/#website"},"datePublished":"2011-09-15T19:50:11+00:00","dateModified":"2013-07-03T13:32:49+00:00","description":"Proceso consta de tres pasos: postulaci\u00f3n online, env\u00edo de documentos y entrega de los antecedentes.","breadcrumb":{"@id":"https:\/\/medicina.udd.cl\/neurologia\/postulacion-3\/#breadcrumb"},"inLanguage":"es","potentialAction":[{"@type":"ReadAction","target":["https:\/\/medicina.udd.cl\/neurologia\/postulacion-3\/"]}]},{"@type":"BreadcrumbList","@id":"https:\/\/medicina.udd.cl\/neurologia\/postulacion-3\/#breadcrumb","itemListElement":[{"@type":"ListItem","position":1,"name":"Home","item":"https:\/\/medicina.udd.cl\/neurologia\/"},{"@type":"ListItem","position":2,"name":"Postulaci\u00f3n"}]},{"@type":"WebSite","@id":"https:\/\/medicina.udd.cl\/neurologia\/#website","url":"https:\/\/medicina.udd.cl\/neurologia\/","name":"Especialidad en Neurolog\u00eda","description":"Otro sitio m\u00e1s de Medicina","potentialAction":[{"@type":"SearchAction","target":{"@type":"EntryPoint","urlTemplate":"https:\/\/medicina.udd.cl\/neurologia\/?s={search_term_string}"},"query-input":{"@type":"PropertyValueSpecification","valueRequired":true,"valueName":"search_term_string"}}],"inLanguage":"es"}]}},"_links":{"self":[{"href":"https:\/\/medicina.udd.cl\/neurologia\/wp-json\/wp\/v2\/pages\/100","targetHints":{"allow":["GET"]}}],"collection":[{"href":"https:\/\/medicina.udd.cl\/neurologia\/wp-json\/wp\/v2\/pages"}],"about":[{"href":"https:\/\/medicina.udd.cl\/neurologia\/wp-json\/wp\/v2\/types\/page"}],"author":[{"embeddable":true,"href":"https:\/\/medicina.udd.cl\/neurologia\/wp-json\/wp\/v2\/users\/9192219"}],"replies":[{"embeddable":true,"href":"https:\/\/medicina.udd.cl\/neurologia\/wp-json\/wp\/v2\/comments?post=100"}],"version-history":[{"count":6,"href":"https:\/\/medicina.udd.cl\/neurologia\/wp-json\/wp\/v2\/pages\/100\/revisions"}],"predecessor-version":[{"id":159,"href":"https:\/\/medicina.udd.cl\/neurologia\/wp-json\/wp\/v2\/pages\/100\/revisions\/159"}],"wp:attachment":[{"href":"https:\/\/medicina.udd.cl\/neurologia\/wp-json\/wp\/v2\/media?parent=100"}],"curies":[{"name":"wp","href":"https:\/\/api.w.org\/{rel}","templated":true}]}}