{"id":14,"date":"2010-11-25T15:38:16","date_gmt":"2010-11-25T18:38:16","guid":{"rendered":"http:\/\/medicina.udd.cl\/neurologia\/postulacion\/postulacion-online\/"},"modified":"2011-12-02T12:50:50","modified_gmt":"2011-12-02T15:50:50","slug":"postulacion-online","status":"publish","type":"page","link":"https:\/\/medicina.udd.cl\/neurologia\/postulacion-online\/","title":{"rendered":"Ficha de postulaci\u00f3n"},"content":{"rendered":"<p><script type=\"text\/javascript\">var host = ((\"https:\" == document.location.protocol) ? \"https:\/\/secure.\" : \"http:\/\/\");document.write(unescape(\"%3Cscript src='\" + host + \"wufoo.com\/scripts\/embed\/form.js' type='text\/javascript'%3E%3C\/script%3E\"));<\/script><\/p>\n<p><script type=\"text\/javascript\">\nvar z7s5m3 = new WufooForm();\nz7s5m3.initialize({\n'userName':'udesarrollo', \n'formHash':'z7s5m3', \n'autoResize':true,\n'height':'1384',\n'header':'show', \n'ssl':true});\nz7s5m3.display();\n<\/script><\/p>\n","protected":false},"excerpt":{"rendered":"<p>Ingresa aqu\u00ed para acceder a la ficha de postulaci\u00f3n. <\/p>\n","protected":false},"author":9192219,"featured_media":0,"parent":0,"menu_order":20,"comment_status":"open","ping_status":"open","template":"wide-default.php","meta":{"footnotes":""},"class_list":["post-14","page","type-page","status-publish","hentry"],"yoast_head":"<!-- This site is optimized with the Yoast SEO plugin v26.9 - https:\/\/yoast.com\/product\/yoast-seo-wordpress\/ -->\n<title>Ficha de postulaci\u00f3n - Especialidad en Neurolog\u00eda<\/title>\n<meta name=\"robots\" content=\"index, follow, max-snippet:-1, max-image-preview:large, max-video-preview:-1\" \/>\n<link rel=\"canonical\" href=\"https:\/\/medicina.udd.cl\/neurologia\/postulacion-online\/\" \/>\n<meta property=\"og:locale\" content=\"es_ES\" \/>\n<meta property=\"og:type\" content=\"article\" \/>\n<meta property=\"og:title\" content=\"Ficha de postulaci\u00f3n - Especialidad en Neurolog\u00eda\" \/>\n<meta property=\"og:description\" content=\"Ingresa aqu\u00ed para acceder a la ficha de postulaci\u00f3n.\" \/>\n<meta property=\"og:url\" content=\"https:\/\/medicina.udd.cl\/neurologia\/postulacion-online\/\" \/>\n<meta property=\"og:site_name\" content=\"Especialidad en Neurolog\u00eda\" \/>\n<meta property=\"article:modified_time\" content=\"2011-12-02T15:50:50+00:00\" \/>\n<script type=\"application\/ld+json\" class=\"yoast-schema-graph\">{\"@context\":\"https:\/\/schema.org\",\"@graph\":[{\"@type\":\"WebPage\",\"@id\":\"https:\/\/medicina.udd.cl\/neurologia\/postulacion-online\/\",\"url\":\"https:\/\/medicina.udd.cl\/neurologia\/postulacion-online\/\",\"name\":\"Ficha de postulaci\u00f3n - Especialidad en Neurolog\u00eda\",\"isPartOf\":{\"@id\":\"https:\/\/medicina.udd.cl\/neurologia\/#website\"},\"datePublished\":\"2010-11-25T18:38:16+00:00\",\"dateModified\":\"2011-12-02T15:50:50+00:00\",\"breadcrumb\":{\"@id\":\"https:\/\/medicina.udd.cl\/neurologia\/postulacion-online\/#breadcrumb\"},\"inLanguage\":\"es\",\"potentialAction\":[{\"@type\":\"ReadAction\",\"target\":[\"https:\/\/medicina.udd.cl\/neurologia\/postulacion-online\/\"]}]},{\"@type\":\"BreadcrumbList\",\"@id\":\"https:\/\/medicina.udd.cl\/neurologia\/postulacion-online\/#breadcrumb\",\"itemListElement\":[{\"@type\":\"ListItem\",\"position\":1,\"name\":\"Home\",\"item\":\"https:\/\/medicina.udd.cl\/neurologia\/\"},{\"@type\":\"ListItem\",\"position\":2,\"name\":\"Ficha de postulaci\u00f3n\"}]},{\"@type\":\"WebSite\",\"@id\":\"https:\/\/medicina.udd.cl\/neurologia\/#website\",\"url\":\"https:\/\/medicina.udd.cl\/neurologia\/\",\"name\":\"Especialidad en Neurolog\u00eda\",\"description\":\"Otro sitio m\u00e1s de Medicina\",\"potentialAction\":[{\"@type\":\"SearchAction\",\"target\":{\"@type\":\"EntryPoint\",\"urlTemplate\":\"https:\/\/medicina.udd.cl\/neurologia\/?s={search_term_string}\"},\"query-input\":{\"@type\":\"PropertyValueSpecification\",\"valueRequired\":true,\"valueName\":\"search_term_string\"}}],\"inLanguage\":\"es\"}]}<\/script>\n<!-- \/ Yoast SEO plugin. -->","yoast_head_json":{"title":"Ficha de postulaci\u00f3n - Especialidad en Neurolog\u00eda","robots":{"index":"index","follow":"follow","max-snippet":"max-snippet:-1","max-image-preview":"max-image-preview:large","max-video-preview":"max-video-preview:-1"},"canonical":"https:\/\/medicina.udd.cl\/neurologia\/postulacion-online\/","og_locale":"es_ES","og_type":"article","og_title":"Ficha de postulaci\u00f3n - Especialidad en Neurolog\u00eda","og_description":"Ingresa aqu\u00ed para acceder a la ficha de postulaci\u00f3n.","og_url":"https:\/\/medicina.udd.cl\/neurologia\/postulacion-online\/","og_site_name":"Especialidad en Neurolog\u00eda","article_modified_time":"2011-12-02T15:50:50+00:00","schema":{"@context":"https:\/\/schema.org","@graph":[{"@type":"WebPage","@id":"https:\/\/medicina.udd.cl\/neurologia\/postulacion-online\/","url":"https:\/\/medicina.udd.cl\/neurologia\/postulacion-online\/","name":"Ficha de postulaci\u00f3n - Especialidad en Neurolog\u00eda","isPartOf":{"@id":"https:\/\/medicina.udd.cl\/neurologia\/#website"},"datePublished":"2010-11-25T18:38:16+00:00","dateModified":"2011-12-02T15:50:50+00:00","breadcrumb":{"@id":"https:\/\/medicina.udd.cl\/neurologia\/postulacion-online\/#breadcrumb"},"inLanguage":"es","potentialAction":[{"@type":"ReadAction","target":["https:\/\/medicina.udd.cl\/neurologia\/postulacion-online\/"]}]},{"@type":"BreadcrumbList","@id":"https:\/\/medicina.udd.cl\/neurologia\/postulacion-online\/#breadcrumb","itemListElement":[{"@type":"ListItem","position":1,"name":"Home","item":"https:\/\/medicina.udd.cl\/neurologia\/"},{"@type":"ListItem","position":2,"name":"Ficha de postulaci\u00f3n"}]},{"@type":"WebSite","@id":"https:\/\/medicina.udd.cl\/neurologia\/#website","url":"https:\/\/medicina.udd.cl\/neurologia\/","name":"Especialidad en Neurolog\u00eda","description":"Otro sitio m\u00e1s de Medicina","potentialAction":[{"@type":"SearchAction","target":{"@type":"EntryPoint","urlTemplate":"https:\/\/medicina.udd.cl\/neurologia\/?s={search_term_string}"},"query-input":{"@type":"PropertyValueSpecification","valueRequired":true,"valueName":"search_term_string"}}],"inLanguage":"es"}]}},"_links":{"self":[{"href":"https:\/\/medicina.udd.cl\/neurologia\/wp-json\/wp\/v2\/pages\/14","targetHints":{"allow":["GET"]}}],"collection":[{"href":"https:\/\/medicina.udd.cl\/neurologia\/wp-json\/wp\/v2\/pages"}],"about":[{"href":"https:\/\/medicina.udd.cl\/neurologia\/wp-json\/wp\/v2\/types\/page"}],"author":[{"embeddable":true,"href":"https:\/\/medicina.udd.cl\/neurologia\/wp-json\/wp\/v2\/users\/9192219"}],"replies":[{"embeddable":true,"href":"https:\/\/medicina.udd.cl\/neurologia\/wp-json\/wp\/v2\/comments?post=14"}],"version-history":[{"count":4,"href":"https:\/\/medicina.udd.cl\/neurologia\/wp-json\/wp\/v2\/pages\/14\/revisions"}],"predecessor-version":[{"id":118,"href":"https:\/\/medicina.udd.cl\/neurologia\/wp-json\/wp\/v2\/pages\/14\/revisions\/118"}],"wp:attachment":[{"href":"https:\/\/medicina.udd.cl\/neurologia\/wp-json\/wp\/v2\/media?parent=14"}],"curies":[{"name":"wp","href":"https:\/\/api.w.org\/{rel}","templated":true}]}}