{"id":7,"date":"2010-11-25T15:38:15","date_gmt":"2010-11-25T18:38:15","guid":{"rendered":"http:\/\/medicina.udd.cl\/neurologia\/presentacion\/descripcion\/"},"modified":"2013-07-03T09:48:58","modified_gmt":"2013-07-03T13:48:58","slug":"descripcion","status":"publish","type":"page","link":"https:\/\/medicina.udd.cl\/neurologia\/presentacion\/descripcion\/","title":{"rendered":"Descripci\u00f3n"},"content":{"rendered":"<p style=\"text-align: justify;\"><strong>En este programa de post grado, el alumno se incorpora, junto a sus docentes, a un amplio equipo de trabajo, lo que constituye una excelente oportunidad para su formaci\u00f3n integral, humana y profesional.<\/strong><\/p>\n<p><strong>La Facultad de Medicina Clinica Alemana-Universidad del Desarrollo al contar con un Instituto de Neurociencias\u00a0 y \u00a0con un equipo de neurol\u00f3gos con dedicaci\u00f3n a todas las subespecialidades de esta disciplina m\u00e9dica<\/strong> -as\u00ed como neuroradi\u00f3logos, neurocirujanos, neuropediatras, psiquiatras y otras especialidades m\u00e9dicas y param\u00e9dicas afines, con un campo cl\u00ednico extenso tanto en el \u00e1rea privada, como es Cl\u00ednica Alemana, y p\u00fablica, en el Hospital Padre Hurtado- <strong>se encuentra en posici\u00f3n privilegiada para formar un especialista en Neurolog\u00eda capaz de desempe\u00f1arse en forma destacada tanto en el campo asistencial privado o p\u00fablico, as\u00ed como en el campo acad\u00e9mico y de investigaci\u00f3n<\/strong>.<\/p>\n<p>Para nuestro conocimiento ninguna universidad nacional agrupa esta diversidad de profesionales y campos cl\u00ednicos disponibles para una formaci\u00f3n cabal de un especialista.<\/p>\n<p>El egresado ser\u00e1 un m\u00e9dico cirujano capacitado para el ejercicio eficiente y actualizado de la Neurolog\u00eda en la pr\u00e1ctica p\u00fablica y privada en Chile, en centros de salud de mediana y alta complejidad en atenci\u00f3n ambulatoria como intrahospitalaria.<\/p>\n<p>El egresado estar\u00e1 en condiciones de continuar su desarrollo profesional en alguna de las subespecialidades de la Neurolog\u00eda.<\/p>\n<p>Al contar con programas de formaci\u00f3n en metodolog\u00edas de la investigaci\u00f3n y docencia el proceso de formaci\u00f3n permite que el egresado, eventualmente, si sigue la carrera acad\u00e9mica, pueda constituirse en un investigador y docente que genere l\u00edneas de investigaci\u00f3n originales.<\/p>\n<p>La formaci\u00f3n dentro del programa contempla la adquisici\u00f3n de los conocimientos te\u00f3ricos y las habilidades correspondientes a trav\u00e9s de una capacitaci\u00f3n progresiva, dirigida a resolver problemas m\u00e9dicos complejos y actuales. El aprendizaje te\u00f3rico se basa en la discusi\u00f3n con el equipo docente de la situaci\u00f3n particular de cada paciente, y en reuniones bibliogr\u00e1ficas, cl\u00ednicas y an\u00e1tomo-cl\u00ednicas, donde es un valor fundamental la actitud cr\u00edtica, la indagaci\u00f3n y la producci\u00f3n de conocimiento.<\/p>\n","protected":false},"excerpt":{"rendered":"<p>En este programa el alumno se incorpora a un amplio equipo de trabajo, lo que constituye una excelente oportunidad para su formaci\u00f3n integral, humana y profesional.<\/p>\n","protected":false},"author":9192219,"featured_media":0,"parent":3,"menu_order":0,"comment_status":"open","ping_status":"open","template":"","meta":{"footnotes":""},"class_list":["post-7","page","type-page","status-publish","hentry"],"yoast_head":"<!-- This site is optimized with the Yoast SEO plugin v26.9 - https:\/\/yoast.com\/product\/yoast-seo-wordpress\/ -->\n<title>Especialidad en Neurolog\u00eda CAS-UDD<\/title>\n<meta name=\"description\" content=\"La Facultad, al contar con un Instituto de Neurociencias, est\u00e1 en una posici\u00f3n privilegiada para formar un especialista capaz de desempe\u00f1arse en forma destacada\" \/>\n<meta name=\"robots\" content=\"index, follow, max-snippet:-1, max-image-preview:large, max-video-preview:-1\" \/>\n<link rel=\"canonical\" href=\"https:\/\/medicina.udd.cl\/neurologia\/presentacion\/descripcion\/\" \/>\n<meta property=\"og:locale\" content=\"es_ES\" \/>\n<meta property=\"og:type\" content=\"article\" \/>\n<meta property=\"og:title\" content=\"Especialidad en Neurolog\u00eda CAS-UDD\" \/>\n<meta property=\"og:description\" content=\"La Facultad, al contar con un Instituto de Neurociencias, est\u00e1 en una posici\u00f3n privilegiada para formar un especialista capaz de desempe\u00f1arse en forma destacada\" \/>\n<meta property=\"og:url\" content=\"https:\/\/medicina.udd.cl\/neurologia\/presentacion\/descripcion\/\" \/>\n<meta property=\"og:site_name\" content=\"Especialidad en Neurolog\u00eda\" \/>\n<meta property=\"article:modified_time\" content=\"2013-07-03T13:48:58+00:00\" \/>\n<meta name=\"twitter:label1\" content=\"Tiempo de lectura\" \/>\n\t<meta name=\"twitter:data1\" content=\"2 minutos\" \/>\n<script type=\"application\/ld+json\" class=\"yoast-schema-graph\">{\"@context\":\"https:\/\/schema.org\",\"@graph\":[{\"@type\":\"WebPage\",\"@id\":\"https:\/\/medicina.udd.cl\/neurologia\/presentacion\/descripcion\/\",\"url\":\"https:\/\/medicina.udd.cl\/neurologia\/presentacion\/descripcion\/\",\"name\":\"Especialidad en Neurolog\u00eda CAS-UDD\",\"isPartOf\":{\"@id\":\"https:\/\/medicina.udd.cl\/neurologia\/#website\"},\"datePublished\":\"2010-11-25T18:38:15+00:00\",\"dateModified\":\"2013-07-03T13:48:58+00:00\",\"description\":\"La Facultad, al contar con un Instituto de Neurociencias, est\u00e1 en una posici\u00f3n privilegiada para formar un especialista capaz de desempe\u00f1arse en forma destacada\",\"breadcrumb\":{\"@id\":\"https:\/\/medicina.udd.cl\/neurologia\/presentacion\/descripcion\/#breadcrumb\"},\"inLanguage\":\"es\",\"potentialAction\":[{\"@type\":\"ReadAction\",\"target\":[\"https:\/\/medicina.udd.cl\/neurologia\/presentacion\/descripcion\/\"]}]},{\"@type\":\"BreadcrumbList\",\"@id\":\"https:\/\/medicina.udd.cl\/neurologia\/presentacion\/descripcion\/#breadcrumb\",\"itemListElement\":[{\"@type\":\"ListItem\",\"position\":1,\"name\":\"Home\",\"item\":\"https:\/\/medicina.udd.cl\/neurologia\/\"},{\"@type\":\"ListItem\",\"position\":2,\"name\":\"Presentaci\u00f3n\",\"item\":\"https:\/\/medicina.udd.cl\/neurologia\/presentacion\/\"},{\"@type\":\"ListItem\",\"position\":3,\"name\":\"Descripci\u00f3n\"}]},{\"@type\":\"WebSite\",\"@id\":\"https:\/\/medicina.udd.cl\/neurologia\/#website\",\"url\":\"https:\/\/medicina.udd.cl\/neurologia\/\",\"name\":\"Especialidad en Neurolog\u00eda\",\"description\":\"Otro sitio m\u00e1s de Medicina\",\"potentialAction\":[{\"@type\":\"SearchAction\",\"target\":{\"@type\":\"EntryPoint\",\"urlTemplate\":\"https:\/\/medicina.udd.cl\/neurologia\/?s={search_term_string}\"},\"query-input\":{\"@type\":\"PropertyValueSpecification\",\"valueRequired\":true,\"valueName\":\"search_term_string\"}}],\"inLanguage\":\"es\"}]}<\/script>\n<!-- \/ Yoast SEO plugin. -->","yoast_head_json":{"title":"Especialidad en Neurolog\u00eda CAS-UDD","description":"La Facultad, al contar con un Instituto de Neurociencias, est\u00e1 en una posici\u00f3n privilegiada para formar un especialista capaz de desempe\u00f1arse en forma destacada","robots":{"index":"index","follow":"follow","max-snippet":"max-snippet:-1","max-image-preview":"max-image-preview:large","max-video-preview":"max-video-preview:-1"},"canonical":"https:\/\/medicina.udd.cl\/neurologia\/presentacion\/descripcion\/","og_locale":"es_ES","og_type":"article","og_title":"Especialidad en Neurolog\u00eda CAS-UDD","og_description":"La Facultad, al contar con un Instituto de Neurociencias, est\u00e1 en una posici\u00f3n privilegiada para formar un especialista capaz de desempe\u00f1arse en forma destacada","og_url":"https:\/\/medicina.udd.cl\/neurologia\/presentacion\/descripcion\/","og_site_name":"Especialidad en Neurolog\u00eda","article_modified_time":"2013-07-03T13:48:58+00:00","twitter_misc":{"Tiempo de lectura":"2 minutos"},"schema":{"@context":"https:\/\/schema.org","@graph":[{"@type":"WebPage","@id":"https:\/\/medicina.udd.cl\/neurologia\/presentacion\/descripcion\/","url":"https:\/\/medicina.udd.cl\/neurologia\/presentacion\/descripcion\/","name":"Especialidad en Neurolog\u00eda CAS-UDD","isPartOf":{"@id":"https:\/\/medicina.udd.cl\/neurologia\/#website"},"datePublished":"2010-11-25T18:38:15+00:00","dateModified":"2013-07-03T13:48:58+00:00","description":"La Facultad, al contar con un Instituto de Neurociencias, est\u00e1 en una posici\u00f3n privilegiada para formar un especialista capaz de desempe\u00f1arse en forma destacada","breadcrumb":{"@id":"https:\/\/medicina.udd.cl\/neurologia\/presentacion\/descripcion\/#breadcrumb"},"inLanguage":"es","potentialAction":[{"@type":"ReadAction","target":["https:\/\/medicina.udd.cl\/neurologia\/presentacion\/descripcion\/"]}]},{"@type":"BreadcrumbList","@id":"https:\/\/medicina.udd.cl\/neurologia\/presentacion\/descripcion\/#breadcrumb","itemListElement":[{"@type":"ListItem","position":1,"name":"Home","item":"https:\/\/medicina.udd.cl\/neurologia\/"},{"@type":"ListItem","position":2,"name":"Presentaci\u00f3n","item":"https:\/\/medicina.udd.cl\/neurologia\/presentacion\/"},{"@type":"ListItem","position":3,"name":"Descripci\u00f3n"}]},{"@type":"WebSite","@id":"https:\/\/medicina.udd.cl\/neurologia\/#website","url":"https:\/\/medicina.udd.cl\/neurologia\/","name":"Especialidad en Neurolog\u00eda","description":"Otro sitio m\u00e1s de Medicina","potentialAction":[{"@type":"SearchAction","target":{"@type":"EntryPoint","urlTemplate":"https:\/\/medicina.udd.cl\/neurologia\/?s={search_term_string}"},"query-input":{"@type":"PropertyValueSpecification","valueRequired":true,"valueName":"search_term_string"}}],"inLanguage":"es"}]}},"_links":{"self":[{"href":"https:\/\/medicina.udd.cl\/neurologia\/wp-json\/wp\/v2\/pages\/7","targetHints":{"allow":["GET"]}}],"collection":[{"href":"https:\/\/medicina.udd.cl\/neurologia\/wp-json\/wp\/v2\/pages"}],"about":[{"href":"https:\/\/medicina.udd.cl\/neurologia\/wp-json\/wp\/v2\/types\/page"}],"author":[{"embeddable":true,"href":"https:\/\/medicina.udd.cl\/neurologia\/wp-json\/wp\/v2\/users\/9192219"}],"replies":[{"embeddable":true,"href":"https:\/\/medicina.udd.cl\/neurologia\/wp-json\/wp\/v2\/comments?post=7"}],"version-history":[{"count":2,"href":"https:\/\/medicina.udd.cl\/neurologia\/wp-json\/wp\/v2\/pages\/7\/revisions"}],"predecessor-version":[{"id":161,"href":"https:\/\/medicina.udd.cl\/neurologia\/wp-json\/wp\/v2\/pages\/7\/revisions\/161"}],"up":[{"embeddable":true,"href":"https:\/\/medicina.udd.cl\/neurologia\/wp-json\/wp\/v2\/pages\/3"}],"wp:attachment":[{"href":"https:\/\/medicina.udd.cl\/neurologia\/wp-json\/wp\/v2\/media?parent=7"}],"curies":[{"name":"wp","href":"https:\/\/api.w.org\/{rel}","templated":true}]}}