{"id":9,"date":"2010-11-25T15:38:15","date_gmt":"2010-11-25T18:38:15","guid":{"rendered":"http:\/\/medicina.udd.cl\/neurologia\/presentacion\/malla\/"},"modified":"2013-07-03T09:58:23","modified_gmt":"2013-07-03T13:58:23","slug":"malla","status":"publish","type":"page","link":"https:\/\/medicina.udd.cl\/neurologia\/presentacion\/malla\/","title":{"rendered":"Malla"},"content":{"rendered":"<table border=\"3\">\n<tbody>\n<tr>\n<td>A\u00f1o<\/td>\n<td>1\u00b0 semestre<\/td>\n<td>2\u00b0 semestre<\/td>\n<\/tr>\n<tr>\n<td>Primero<\/td>\n<td>\n<ul>\n<li><span style=\"line-height: 19px;\">Medicina Intensiva<\/span><\/li>\n<li><span style=\"line-height: 19px;\">Neurolog\u00eda I CAS<\/span><\/li>\n<li><span style=\"line-height: 19px;\">Policl\u00ednico Epilepsia<\/span><\/li>\n<li><span style=\"line-height: 19px;\">Neurolog\u00eda de Urgencia<\/span><\/li>\n<li><span style=\"line-height: 19px;\">Bio\u00e9tica<\/span><\/li>\n<li><span style=\"line-height: 19px;\">Lectura Cr\u00edtica de Literatura M\u00e9dica<\/span><\/li>\n<\/ul>\n<\/td>\n<td>\n<ul>\n<li><span style=\"line-height: 19px;\">Neurolog\u00eda Vascular<\/span><\/li>\n<li><span style=\"line-height: 19px;\">Neurolog\u00eda I<\/span><\/li>\n<li><span style=\"line-height: 19px;\">Policl\u00ednico Epilepsia<\/span><\/li>\n<li><span style=\"line-height: 19px;\">Neurolog\u00eda de Urgencia<\/span><\/li>\n<li><span style=\"line-height: 19px;\">Bio\u00e9tica<\/span><\/li>\n<li><span style=\"line-height: 19px;\">Lectura Cr\u00edtica de Literatura M\u00e9dica<\/span><\/li>\n<\/ul>\n<\/td>\n<\/tr>\n<tr>\n<td>Segundo<\/td>\n<td>\n<ul>\n<li><span style=\"line-height: 19px;\">Neurolog\u00eda II<\/span><\/li>\n<li><span style=\"line-height: 19px;\">Neurorradiolog\u00eda<\/span><\/li>\n<li><span style=\"line-height: 19px;\">Neurolog\u00eda de Urgencia<\/span><\/li>\n<li><span style=\"line-height: 19px;\">Bio\u00e9tica<\/span><\/li>\n<li><span style=\"line-height: 19px;\">Lectura Cr\u00edtica de Literatura M\u00e9dica<\/span><\/li>\n<\/ul>\n<\/td>\n<td>\n<ul>\n<li><span style=\"line-height: 19px;\">Psiquiatr\u00eda<\/span><\/li>\n<li><span style=\"line-height: 19px;\">Neurolog\u00eda de Urgencia<\/span><\/li>\n<li><span style=\"line-height: 19px;\">Bio\u00e9tica<\/span><\/li>\n<li><span style=\"line-height: 19px;\">Lectura Cr\u00edtica de Literatura M\u00e9dica<\/span><\/li>\n<\/ul>\n<\/td>\n<\/tr>\n<tr>\n<td>Tercero<\/td>\n<td>\n<ul>\n<li><span style=\"line-height: 19px;\">Electroencefalograf\u00eda y M Sue\u00f1o<\/span><\/li>\n<li><span style=\"line-height: 19px;\">Neurocirug\u00eda<\/span><\/li>\n<li><span style=\"line-height: 19px;\">Neurolog\u00eda Infantil<\/span><\/li>\n<li><span style=\"line-height: 19px;\">Neurolog\u00eda de Urgencia<\/span><\/li>\n<li><span style=\"line-height: 19px;\">Bio\u00e9tica<\/span><\/li>\n<li><span style=\"line-height: 19px;\">Lectura Cr\u00edtica de Literatura M\u00e9dica<\/span><\/li>\n<li><span style=\"line-height: 19px;\">Electromiograf\u00eda<\/span><\/li>\n<\/ul>\n<\/td>\n<td>\n<ul>\n<li><span style=\"line-height: 19px;\">Neuropsicolog\u00eda<\/span><\/li>\n<li><span style=\"line-height: 19px;\">Neurolog\u00eda III<\/span><\/li>\n<li><span style=\"line-height: 19px;\">Neurolog\u00eda IV<\/span><\/li>\n<li><span style=\"line-height: 19px;\">Neurolog\u00eda de Urgencia<\/span><\/li>\n<li><span style=\"line-height: 19px;\">Bio\u00e9tica<\/span><\/li>\n<li><span style=\"line-height: 19px;\">Lectura Cr\u00edtica de Literatura M\u00e9dica<\/span><\/li>\n<\/ul>\n<\/td>\n<\/tr>\n<\/tbody>\n<\/table>\n<p><strong>Descarga malla curricular en PDF <a rel=\"External\" class=\"out\" href=\"http:\/\/medicina.udd.cl\/neurologia\/files\/2010\/11\/Malla-Especialidad-en-Neurolog\u00eda-Facultad-de-Medicina-CAS-UDD.pdf\">Malla Especialidad en Neurolog\u00eda-Facultad de Medicina CAS-UDD<\/a><\/strong><\/p>\n","protected":false},"excerpt":{"rendered":"<p>Aqu\u00ed encontrar\u00e1s los contenidos de la especialidad<\/p>\n","protected":false},"author":9192219,"featured_media":0,"parent":3,"menu_order":20,"comment_status":"open","ping_status":"open","template":"","meta":{"footnotes":""},"class_list":["post-9","page","type-page","status-publish","hentry"],"yoast_head":"<!-- This site is optimized with the Yoast SEO plugin v26.9 - https:\/\/yoast.com\/product\/yoast-seo-wordpress\/ -->\n<title>Malla de Neurolog\u00eda CAS-UDD<\/title>\n<meta name=\"description\" content=\"Esta especialidad dura tres a\u00f1os, los que tendr\u00e1 un enfoque profundo en la bio\u00e9tica.\" \/>\n<meta name=\"robots\" content=\"index, follow, max-snippet:-1, max-image-preview:large, max-video-preview:-1\" \/>\n<link rel=\"canonical\" href=\"https:\/\/medicina.udd.cl\/neurologia\/presentacion\/malla\/\" \/>\n<meta property=\"og:locale\" content=\"es_ES\" \/>\n<meta property=\"og:type\" content=\"article\" \/>\n<meta property=\"og:title\" content=\"Malla de Neurolog\u00eda CAS-UDD\" \/>\n<meta property=\"og:description\" content=\"Esta especialidad dura tres a\u00f1os, los que tendr\u00e1 un enfoque profundo en la bio\u00e9tica.\" \/>\n<meta property=\"og:url\" content=\"https:\/\/medicina.udd.cl\/neurologia\/presentacion\/malla\/\" \/>\n<meta property=\"og:site_name\" content=\"Especialidad en Neurolog\u00eda\" \/>\n<meta property=\"article:modified_time\" content=\"2013-07-03T13:58:23+00:00\" \/>\n<meta name=\"twitter:label1\" content=\"Tiempo de lectura\" \/>\n\t<meta name=\"twitter:data1\" content=\"1 minuto\" \/>\n<script type=\"application\/ld+json\" class=\"yoast-schema-graph\">{\"@context\":\"https:\/\/schema.org\",\"@graph\":[{\"@type\":\"WebPage\",\"@id\":\"https:\/\/medicina.udd.cl\/neurologia\/presentacion\/malla\/\",\"url\":\"https:\/\/medicina.udd.cl\/neurologia\/presentacion\/malla\/\",\"name\":\"Malla de Neurolog\u00eda CAS-UDD\",\"isPartOf\":{\"@id\":\"https:\/\/medicina.udd.cl\/neurologia\/#website\"},\"datePublished\":\"2010-11-25T18:38:15+00:00\",\"dateModified\":\"2013-07-03T13:58:23+00:00\",\"description\":\"Esta especialidad dura tres a\u00f1os, los que tendr\u00e1 un enfoque profundo en la bio\u00e9tica.\",\"breadcrumb\":{\"@id\":\"https:\/\/medicina.udd.cl\/neurologia\/presentacion\/malla\/#breadcrumb\"},\"inLanguage\":\"es\",\"potentialAction\":[{\"@type\":\"ReadAction\",\"target\":[\"https:\/\/medicina.udd.cl\/neurologia\/presentacion\/malla\/\"]}]},{\"@type\":\"BreadcrumbList\",\"@id\":\"https:\/\/medicina.udd.cl\/neurologia\/presentacion\/malla\/#breadcrumb\",\"itemListElement\":[{\"@type\":\"ListItem\",\"position\":1,\"name\":\"Home\",\"item\":\"https:\/\/medicina.udd.cl\/neurologia\/\"},{\"@type\":\"ListItem\",\"position\":2,\"name\":\"Presentaci\u00f3n\",\"item\":\"https:\/\/medicina.udd.cl\/neurologia\/presentacion\/\"},{\"@type\":\"ListItem\",\"position\":3,\"name\":\"Malla\"}]},{\"@type\":\"WebSite\",\"@id\":\"https:\/\/medicina.udd.cl\/neurologia\/#website\",\"url\":\"https:\/\/medicina.udd.cl\/neurologia\/\",\"name\":\"Especialidad en Neurolog\u00eda\",\"description\":\"Otro sitio m\u00e1s de Medicina\",\"potentialAction\":[{\"@type\":\"SearchAction\",\"target\":{\"@type\":\"EntryPoint\",\"urlTemplate\":\"https:\/\/medicina.udd.cl\/neurologia\/?s={search_term_string}\"},\"query-input\":{\"@type\":\"PropertyValueSpecification\",\"valueRequired\":true,\"valueName\":\"search_term_string\"}}],\"inLanguage\":\"es\"}]}<\/script>\n<!-- \/ Yoast SEO plugin. -->","yoast_head_json":{"title":"Malla de Neurolog\u00eda CAS-UDD","description":"Esta especialidad dura tres a\u00f1os, los que tendr\u00e1 un enfoque profundo en la bio\u00e9tica.","robots":{"index":"index","follow":"follow","max-snippet":"max-snippet:-1","max-image-preview":"max-image-preview:large","max-video-preview":"max-video-preview:-1"},"canonical":"https:\/\/medicina.udd.cl\/neurologia\/presentacion\/malla\/","og_locale":"es_ES","og_type":"article","og_title":"Malla de Neurolog\u00eda CAS-UDD","og_description":"Esta especialidad dura tres a\u00f1os, los que tendr\u00e1 un enfoque profundo en la bio\u00e9tica.","og_url":"https:\/\/medicina.udd.cl\/neurologia\/presentacion\/malla\/","og_site_name":"Especialidad en Neurolog\u00eda","article_modified_time":"2013-07-03T13:58:23+00:00","twitter_misc":{"Tiempo de lectura":"1 minuto"},"schema":{"@context":"https:\/\/schema.org","@graph":[{"@type":"WebPage","@id":"https:\/\/medicina.udd.cl\/neurologia\/presentacion\/malla\/","url":"https:\/\/medicina.udd.cl\/neurologia\/presentacion\/malla\/","name":"Malla de Neurolog\u00eda CAS-UDD","isPartOf":{"@id":"https:\/\/medicina.udd.cl\/neurologia\/#website"},"datePublished":"2010-11-25T18:38:15+00:00","dateModified":"2013-07-03T13:58:23+00:00","description":"Esta especialidad dura tres a\u00f1os, los que tendr\u00e1 un enfoque profundo en la bio\u00e9tica.","breadcrumb":{"@id":"https:\/\/medicina.udd.cl\/neurologia\/presentacion\/malla\/#breadcrumb"},"inLanguage":"es","potentialAction":[{"@type":"ReadAction","target":["https:\/\/medicina.udd.cl\/neurologia\/presentacion\/malla\/"]}]},{"@type":"BreadcrumbList","@id":"https:\/\/medicina.udd.cl\/neurologia\/presentacion\/malla\/#breadcrumb","itemListElement":[{"@type":"ListItem","position":1,"name":"Home","item":"https:\/\/medicina.udd.cl\/neurologia\/"},{"@type":"ListItem","position":2,"name":"Presentaci\u00f3n","item":"https:\/\/medicina.udd.cl\/neurologia\/presentacion\/"},{"@type":"ListItem","position":3,"name":"Malla"}]},{"@type":"WebSite","@id":"https:\/\/medicina.udd.cl\/neurologia\/#website","url":"https:\/\/medicina.udd.cl\/neurologia\/","name":"Especialidad en Neurolog\u00eda","description":"Otro sitio m\u00e1s de Medicina","potentialAction":[{"@type":"SearchAction","target":{"@type":"EntryPoint","urlTemplate":"https:\/\/medicina.udd.cl\/neurologia\/?s={search_term_string}"},"query-input":{"@type":"PropertyValueSpecification","valueRequired":true,"valueName":"search_term_string"}}],"inLanguage":"es"}]}},"_links":{"self":[{"href":"https:\/\/medicina.udd.cl\/neurologia\/wp-json\/wp\/v2\/pages\/9","targetHints":{"allow":["GET"]}}],"collection":[{"href":"https:\/\/medicina.udd.cl\/neurologia\/wp-json\/wp\/v2\/pages"}],"about":[{"href":"https:\/\/medicina.udd.cl\/neurologia\/wp-json\/wp\/v2\/types\/page"}],"author":[{"embeddable":true,"href":"https:\/\/medicina.udd.cl\/neurologia\/wp-json\/wp\/v2\/users\/9192219"}],"replies":[{"embeddable":true,"href":"https:\/\/medicina.udd.cl\/neurologia\/wp-json\/wp\/v2\/comments?post=9"}],"version-history":[{"count":5,"href":"https:\/\/medicina.udd.cl\/neurologia\/wp-json\/wp\/v2\/pages\/9\/revisions"}],"predecessor-version":[{"id":165,"href":"https:\/\/medicina.udd.cl\/neurologia\/wp-json\/wp\/v2\/pages\/9\/revisions\/165"}],"up":[{"embeddable":true,"href":"https:\/\/medicina.udd.cl\/neurologia\/wp-json\/wp\/v2\/pages\/3"}],"wp:attachment":[{"href":"https:\/\/medicina.udd.cl\/neurologia\/wp-json\/wp\/v2\/media?parent=9"}],"curies":[{"name":"wp","href":"https:\/\/api.w.org\/{rel}","templated":true}]}}