{"id":12,"date":"2017-11-14T14:15:36","date_gmt":"2017-11-14T14:15:36","guid":{"rendered":"http:\/\/medicina.udd.cl\/nucleodesimulacion\/?page_id=12"},"modified":"2017-11-14T14:34:02","modified_gmt":"2017-11-14T14:34:02","slug":"laboratorios","status":"publish","type":"page","link":"https:\/\/medicina.udd.cl\/nucleodesimulacion\/laboratorios\/","title":{"rendered":"Laboratorios"},"content":{"rendered":"<p style=\"text-align: justify\">Como Laboratorios de Simulaci\u00f3n se entender\u00e1 a los espacios donde exista infraestructura y equipamiento para la realizaci\u00f3n de simulaci\u00f3n de baja fidelidad o procedimentales. Estos espacios no contar\u00e1n con audio video y requieren de un Auxiliar de Laboratorio, cuya formaci\u00f3n se realizar\u00e1 s\u00f3lo con recursos internos.<\/p>\n<p style=\"text-align: justify\">La denominaci\u00f3n de Laboratorio de Simulaci\u00f3n se escogi\u00f3 para respetar la definici\u00f3n ya existente en la carrera de Enfermer\u00eda. Estos Laboratorios, deber\u00e1n denominarse de acuerdo a las tareas principales para los cuales est\u00e1n habilitados (Laboratorio de Simulaci\u00f3n para habilidades procedimentales de: enfermer\u00eda, diagn\u00f3stico y rehabilitaci\u00f3n kin\u00e9sica, diagn\u00f3stico y terapia fonoaudiol\u00f3gica, etc.) Esta definici\u00f3n gen\u00e9rica permite que no se identifiquen particularmente con una sola carrera y puedan ser declarados como recursos disponibles por todos los potenciales usuarios de pregrado, postgrado y educaci\u00f3n continua.<\/p>\n<p style=\"text-align: justify\">Encargados por carrera<\/p>\n","protected":false},"excerpt":{"rendered":"<p>Como Laboratorios de Simulaci\u00f3n se entender\u00e1 a los espacios donde exista infraestructura y equipamiento para la realizaci\u00f3n de simulaci\u00f3n de baja fidelidad o procedimentales. Estos espacios no contar\u00e1n con audio video y requieren de un Auxiliar de Laboratorio, cuya formaci\u00f3n se realizar\u00e1 s\u00f3lo con recursos internos. La denominaci\u00f3n de Laboratorio de Simulaci\u00f3n se escogi\u00f3 para [&hellip;]<\/p>\n","protected":false},"author":9192210,"featured_media":0,"parent":0,"menu_order":0,"comment_status":"closed","ping_status":"closed","template":"","meta":{"footnotes":""},"class_list":["post-12","page","type-page","status-publish","hentry"],"yoast_head":"<!-- This site is optimized with the Yoast SEO plugin v26.9 - https:\/\/yoast.com\/product\/yoast-seo-wordpress\/ -->\n<title>Laboratorios - Nucleo de Simulaci\u00f3n<\/title>\n<meta name=\"robots\" content=\"index, follow, max-snippet:-1, max-image-preview:large, max-video-preview:-1\" \/>\n<link rel=\"canonical\" href=\"https:\/\/medicina.udd.cl\/nucleodesimulacion\/laboratorios\/\" \/>\n<meta property=\"og:locale\" content=\"es_ES\" \/>\n<meta property=\"og:type\" content=\"article\" \/>\n<meta property=\"og:title\" content=\"Laboratorios - Nucleo de Simulaci\u00f3n\" \/>\n<meta property=\"og:description\" content=\"Como Laboratorios de Simulaci\u00f3n se entender\u00e1 a los espacios donde exista infraestructura y equipamiento para la realizaci\u00f3n de simulaci\u00f3n de baja fidelidad o procedimentales. Estos espacios no contar\u00e1n con audio video y requieren de un Auxiliar de Laboratorio, cuya formaci\u00f3n se realizar\u00e1 s\u00f3lo con recursos internos. La denominaci\u00f3n de Laboratorio de Simulaci\u00f3n se escogi\u00f3 para [&hellip;]\" \/>\n<meta property=\"og:url\" content=\"https:\/\/medicina.udd.cl\/nucleodesimulacion\/laboratorios\/\" \/>\n<meta property=\"og:site_name\" content=\"Nucleo de Simulaci\u00f3n\" \/>\n<meta property=\"article:modified_time\" content=\"2017-11-14T14:34:02+00:00\" \/>\n<meta name=\"twitter:card\" content=\"summary_large_image\" \/>\n<meta name=\"twitter:label1\" content=\"Tiempo de lectura\" \/>\n\t<meta name=\"twitter:data1\" content=\"1 minuto\" \/>\n<script type=\"application\/ld+json\" class=\"yoast-schema-graph\">{\"@context\":\"https:\/\/schema.org\",\"@graph\":[{\"@type\":\"WebPage\",\"@id\":\"https:\/\/medicina.udd.cl\/nucleodesimulacion\/laboratorios\/\",\"url\":\"https:\/\/medicina.udd.cl\/nucleodesimulacion\/laboratorios\/\",\"name\":\"Laboratorios - Nucleo de Simulaci\u00f3n\",\"isPartOf\":{\"@id\":\"https:\/\/medicina.udd.cl\/nucleodesimulacion\/#website\"},\"datePublished\":\"2017-11-14T14:15:36+00:00\",\"dateModified\":\"2017-11-14T14:34:02+00:00\",\"breadcrumb\":{\"@id\":\"https:\/\/medicina.udd.cl\/nucleodesimulacion\/laboratorios\/#breadcrumb\"},\"inLanguage\":\"es\",\"potentialAction\":[{\"@type\":\"ReadAction\",\"target\":[\"https:\/\/medicina.udd.cl\/nucleodesimulacion\/laboratorios\/\"]}]},{\"@type\":\"BreadcrumbList\",\"@id\":\"https:\/\/medicina.udd.cl\/nucleodesimulacion\/laboratorios\/#breadcrumb\",\"itemListElement\":[{\"@type\":\"ListItem\",\"position\":1,\"name\":\"Portada\",\"item\":\"https:\/\/medicina.udd.cl\/nucleodesimulacion\/\"},{\"@type\":\"ListItem\",\"position\":2,\"name\":\"Laboratorios\"}]},{\"@type\":\"WebSite\",\"@id\":\"https:\/\/medicina.udd.cl\/nucleodesimulacion\/#website\",\"url\":\"https:\/\/medicina.udd.cl\/nucleodesimulacion\/\",\"name\":\"Nucleo de Simulaci\u00f3n\",\"description\":\"Otro sitio m\u00e1s de Medicina\",\"potentialAction\":[{\"@type\":\"SearchAction\",\"target\":{\"@type\":\"EntryPoint\",\"urlTemplate\":\"https:\/\/medicina.udd.cl\/nucleodesimulacion\/?s={search_term_string}\"},\"query-input\":{\"@type\":\"PropertyValueSpecification\",\"valueRequired\":true,\"valueName\":\"search_term_string\"}}],\"inLanguage\":\"es\"}]}<\/script>\n<!-- \/ Yoast SEO plugin. -->","yoast_head_json":{"title":"Laboratorios - Nucleo de Simulaci\u00f3n","robots":{"index":"index","follow":"follow","max-snippet":"max-snippet:-1","max-image-preview":"max-image-preview:large","max-video-preview":"max-video-preview:-1"},"canonical":"https:\/\/medicina.udd.cl\/nucleodesimulacion\/laboratorios\/","og_locale":"es_ES","og_type":"article","og_title":"Laboratorios - Nucleo de Simulaci\u00f3n","og_description":"Como Laboratorios de Simulaci\u00f3n se entender\u00e1 a los espacios donde exista infraestructura y equipamiento para la realizaci\u00f3n de simulaci\u00f3n de baja fidelidad o procedimentales. Estos espacios no contar\u00e1n con audio video y requieren de un Auxiliar de Laboratorio, cuya formaci\u00f3n se realizar\u00e1 s\u00f3lo con recursos internos. La denominaci\u00f3n de Laboratorio de Simulaci\u00f3n se escogi\u00f3 para [&hellip;]","og_url":"https:\/\/medicina.udd.cl\/nucleodesimulacion\/laboratorios\/","og_site_name":"Nucleo de Simulaci\u00f3n","article_modified_time":"2017-11-14T14:34:02+00:00","twitter_card":"summary_large_image","twitter_misc":{"Tiempo de lectura":"1 minuto"},"schema":{"@context":"https:\/\/schema.org","@graph":[{"@type":"WebPage","@id":"https:\/\/medicina.udd.cl\/nucleodesimulacion\/laboratorios\/","url":"https:\/\/medicina.udd.cl\/nucleodesimulacion\/laboratorios\/","name":"Laboratorios - Nucleo de Simulaci\u00f3n","isPartOf":{"@id":"https:\/\/medicina.udd.cl\/nucleodesimulacion\/#website"},"datePublished":"2017-11-14T14:15:36+00:00","dateModified":"2017-11-14T14:34:02+00:00","breadcrumb":{"@id":"https:\/\/medicina.udd.cl\/nucleodesimulacion\/laboratorios\/#breadcrumb"},"inLanguage":"es","potentialAction":[{"@type":"ReadAction","target":["https:\/\/medicina.udd.cl\/nucleodesimulacion\/laboratorios\/"]}]},{"@type":"BreadcrumbList","@id":"https:\/\/medicina.udd.cl\/nucleodesimulacion\/laboratorios\/#breadcrumb","itemListElement":[{"@type":"ListItem","position":1,"name":"Portada","item":"https:\/\/medicina.udd.cl\/nucleodesimulacion\/"},{"@type":"ListItem","position":2,"name":"Laboratorios"}]},{"@type":"WebSite","@id":"https:\/\/medicina.udd.cl\/nucleodesimulacion\/#website","url":"https:\/\/medicina.udd.cl\/nucleodesimulacion\/","name":"Nucleo de Simulaci\u00f3n","description":"Otro sitio m\u00e1s de Medicina","potentialAction":[{"@type":"SearchAction","target":{"@type":"EntryPoint","urlTemplate":"https:\/\/medicina.udd.cl\/nucleodesimulacion\/?s={search_term_string}"},"query-input":{"@type":"PropertyValueSpecification","valueRequired":true,"valueName":"search_term_string"}}],"inLanguage":"es"}]}},"_links":{"self":[{"href":"https:\/\/medicina.udd.cl\/nucleodesimulacion\/wp-json\/wp\/v2\/pages\/12","targetHints":{"allow":["GET"]}}],"collection":[{"href":"https:\/\/medicina.udd.cl\/nucleodesimulacion\/wp-json\/wp\/v2\/pages"}],"about":[{"href":"https:\/\/medicina.udd.cl\/nucleodesimulacion\/wp-json\/wp\/v2\/types\/page"}],"author":[{"embeddable":true,"href":"https:\/\/medicina.udd.cl\/nucleodesimulacion\/wp-json\/wp\/v2\/users\/9192210"}],"replies":[{"embeddable":true,"href":"https:\/\/medicina.udd.cl\/nucleodesimulacion\/wp-json\/wp\/v2\/comments?post=12"}],"version-history":[{"count":3,"href":"https:\/\/medicina.udd.cl\/nucleodesimulacion\/wp-json\/wp\/v2\/pages\/12\/revisions"}],"predecessor-version":[{"id":25,"href":"https:\/\/medicina.udd.cl\/nucleodesimulacion\/wp-json\/wp\/v2\/pages\/12\/revisions\/25"}],"wp:attachment":[{"href":"https:\/\/medicina.udd.cl\/nucleodesimulacion\/wp-json\/wp\/v2\/media?parent=12"}],"curies":[{"name":"wp","href":"https:\/\/api.w.org\/{rel}","templated":true}]}}