{"id":15,"date":"2017-11-14T14:21:03","date_gmt":"2017-11-14T14:21:03","guid":{"rendered":"http:\/\/medicina.udd.cl\/nucleodesimulacion\/?page_id=15"},"modified":"2017-11-14T14:34:58","modified_gmt":"2017-11-14T14:34:58","slug":"programas-asociados","status":"publish","type":"page","link":"https:\/\/medicina.udd.cl\/nucleodesimulacion\/programas-asociados\/","title":{"rendered":"Programas Asociados"},"content":{"rendered":"<p>Como programas asociados nos referimos a los grupos de personas que desarrollan labores rutinarias en la docencia de pre y postgrado. Corresponden a programas asociados:<\/p>\n<ul>\n<li>Programa de Pacientes Entenados (PROPAE), que traslada su supervisi\u00f3n directa a la Direcci\u00f3n de Simulaci\u00f3n. Coordinadora de Actores, Alejandra Rubio<\/li>\n<\/ul>\n<ul>\n<li>Programas de Inserci\u00f3n Curricular de carreras de pregrado y postgrado. Ac\u00e1 hay que resumir la historia del programa de entrenamiento de habilidades quir\u00fargicas, a cargo de Yanina Labarca y Marcela Castillo, con \u00e1reas de desarrollo en Ginecolog\u00eda a cargos e Ignacio Miranda.<\/li>\n<\/ul>\n<ul>\n<li>Programa de Innovaci\u00f3n y Desarrollo de Simuladores y Tecnolog\u00eda: asociaci\u00f3n de Escuelas de Dise\u00f1o y N\u00facleo de Simulaci\u00f3n.<\/li>\n<\/ul>\n","protected":false},"excerpt":{"rendered":"<p>Como programas asociados nos referimos a los grupos de personas que desarrollan labores rutinarias en la docencia de pre y postgrado. Corresponden a programas asociados: Programa de Pacientes Entenados (PROPAE), que traslada su supervisi\u00f3n directa a la Direcci\u00f3n de Simulaci\u00f3n. Coordinadora de Actores, Alejandra Rubio Programas de Inserci\u00f3n Curricular de carreras de pregrado y postgrado. [&hellip;]<\/p>\n","protected":false},"author":9192210,"featured_media":0,"parent":0,"menu_order":0,"comment_status":"closed","ping_status":"closed","template":"","meta":{"footnotes":""},"class_list":["post-15","page","type-page","status-publish","hentry"],"yoast_head":"<!-- This site is optimized with the Yoast SEO plugin v26.9 - https:\/\/yoast.com\/product\/yoast-seo-wordpress\/ -->\n<title>Programas Asociados - Nucleo de Simulaci\u00f3n<\/title>\n<meta name=\"robots\" content=\"index, follow, max-snippet:-1, max-image-preview:large, max-video-preview:-1\" \/>\n<link rel=\"canonical\" href=\"https:\/\/medicina.udd.cl\/nucleodesimulacion\/programas-asociados\/\" \/>\n<meta property=\"og:locale\" content=\"es_ES\" \/>\n<meta property=\"og:type\" content=\"article\" \/>\n<meta property=\"og:title\" content=\"Programas Asociados - Nucleo de Simulaci\u00f3n\" \/>\n<meta property=\"og:description\" content=\"Como programas asociados nos referimos a los grupos de personas que desarrollan labores rutinarias en la docencia de pre y postgrado. Corresponden a programas asociados: Programa de Pacientes Entenados (PROPAE), que traslada su supervisi\u00f3n directa a la Direcci\u00f3n de Simulaci\u00f3n. Coordinadora de Actores, Alejandra Rubio Programas de Inserci\u00f3n Curricular de carreras de pregrado y postgrado. [&hellip;]\" \/>\n<meta property=\"og:url\" content=\"https:\/\/medicina.udd.cl\/nucleodesimulacion\/programas-asociados\/\" \/>\n<meta property=\"og:site_name\" content=\"Nucleo de Simulaci\u00f3n\" \/>\n<meta property=\"article:modified_time\" content=\"2017-11-14T14:34:58+00:00\" \/>\n<meta name=\"twitter:card\" content=\"summary_large_image\" \/>\n<meta name=\"twitter:label1\" content=\"Tiempo de lectura\" \/>\n\t<meta name=\"twitter:data1\" content=\"1 minuto\" \/>\n<script type=\"application\/ld+json\" class=\"yoast-schema-graph\">{\"@context\":\"https:\/\/schema.org\",\"@graph\":[{\"@type\":\"WebPage\",\"@id\":\"https:\/\/medicina.udd.cl\/nucleodesimulacion\/programas-asociados\/\",\"url\":\"https:\/\/medicina.udd.cl\/nucleodesimulacion\/programas-asociados\/\",\"name\":\"Programas Asociados - Nucleo de Simulaci\u00f3n\",\"isPartOf\":{\"@id\":\"https:\/\/medicina.udd.cl\/nucleodesimulacion\/#website\"},\"datePublished\":\"2017-11-14T14:21:03+00:00\",\"dateModified\":\"2017-11-14T14:34:58+00:00\",\"breadcrumb\":{\"@id\":\"https:\/\/medicina.udd.cl\/nucleodesimulacion\/programas-asociados\/#breadcrumb\"},\"inLanguage\":\"es\",\"potentialAction\":[{\"@type\":\"ReadAction\",\"target\":[\"https:\/\/medicina.udd.cl\/nucleodesimulacion\/programas-asociados\/\"]}]},{\"@type\":\"BreadcrumbList\",\"@id\":\"https:\/\/medicina.udd.cl\/nucleodesimulacion\/programas-asociados\/#breadcrumb\",\"itemListElement\":[{\"@type\":\"ListItem\",\"position\":1,\"name\":\"Portada\",\"item\":\"https:\/\/medicina.udd.cl\/nucleodesimulacion\/\"},{\"@type\":\"ListItem\",\"position\":2,\"name\":\"Programas Asociados\"}]},{\"@type\":\"WebSite\",\"@id\":\"https:\/\/medicina.udd.cl\/nucleodesimulacion\/#website\",\"url\":\"https:\/\/medicina.udd.cl\/nucleodesimulacion\/\",\"name\":\"Nucleo de Simulaci\u00f3n\",\"description\":\"Otro sitio m\u00e1s de Medicina\",\"potentialAction\":[{\"@type\":\"SearchAction\",\"target\":{\"@type\":\"EntryPoint\",\"urlTemplate\":\"https:\/\/medicina.udd.cl\/nucleodesimulacion\/?s={search_term_string}\"},\"query-input\":{\"@type\":\"PropertyValueSpecification\",\"valueRequired\":true,\"valueName\":\"search_term_string\"}}],\"inLanguage\":\"es\"}]}<\/script>\n<!-- \/ Yoast SEO plugin. -->","yoast_head_json":{"title":"Programas Asociados - Nucleo de Simulaci\u00f3n","robots":{"index":"index","follow":"follow","max-snippet":"max-snippet:-1","max-image-preview":"max-image-preview:large","max-video-preview":"max-video-preview:-1"},"canonical":"https:\/\/medicina.udd.cl\/nucleodesimulacion\/programas-asociados\/","og_locale":"es_ES","og_type":"article","og_title":"Programas Asociados - Nucleo de Simulaci\u00f3n","og_description":"Como programas asociados nos referimos a los grupos de personas que desarrollan labores rutinarias en la docencia de pre y postgrado. Corresponden a programas asociados: Programa de Pacientes Entenados (PROPAE), que traslada su supervisi\u00f3n directa a la Direcci\u00f3n de Simulaci\u00f3n. Coordinadora de Actores, Alejandra Rubio Programas de Inserci\u00f3n Curricular de carreras de pregrado y postgrado. [&hellip;]","og_url":"https:\/\/medicina.udd.cl\/nucleodesimulacion\/programas-asociados\/","og_site_name":"Nucleo de Simulaci\u00f3n","article_modified_time":"2017-11-14T14:34:58+00:00","twitter_card":"summary_large_image","twitter_misc":{"Tiempo de lectura":"1 minuto"},"schema":{"@context":"https:\/\/schema.org","@graph":[{"@type":"WebPage","@id":"https:\/\/medicina.udd.cl\/nucleodesimulacion\/programas-asociados\/","url":"https:\/\/medicina.udd.cl\/nucleodesimulacion\/programas-asociados\/","name":"Programas Asociados - Nucleo de Simulaci\u00f3n","isPartOf":{"@id":"https:\/\/medicina.udd.cl\/nucleodesimulacion\/#website"},"datePublished":"2017-11-14T14:21:03+00:00","dateModified":"2017-11-14T14:34:58+00:00","breadcrumb":{"@id":"https:\/\/medicina.udd.cl\/nucleodesimulacion\/programas-asociados\/#breadcrumb"},"inLanguage":"es","potentialAction":[{"@type":"ReadAction","target":["https:\/\/medicina.udd.cl\/nucleodesimulacion\/programas-asociados\/"]}]},{"@type":"BreadcrumbList","@id":"https:\/\/medicina.udd.cl\/nucleodesimulacion\/programas-asociados\/#breadcrumb","itemListElement":[{"@type":"ListItem","position":1,"name":"Portada","item":"https:\/\/medicina.udd.cl\/nucleodesimulacion\/"},{"@type":"ListItem","position":2,"name":"Programas Asociados"}]},{"@type":"WebSite","@id":"https:\/\/medicina.udd.cl\/nucleodesimulacion\/#website","url":"https:\/\/medicina.udd.cl\/nucleodesimulacion\/","name":"Nucleo de Simulaci\u00f3n","description":"Otro sitio m\u00e1s de Medicina","potentialAction":[{"@type":"SearchAction","target":{"@type":"EntryPoint","urlTemplate":"https:\/\/medicina.udd.cl\/nucleodesimulacion\/?s={search_term_string}"},"query-input":{"@type":"PropertyValueSpecification","valueRequired":true,"valueName":"search_term_string"}}],"inLanguage":"es"}]}},"_links":{"self":[{"href":"https:\/\/medicina.udd.cl\/nucleodesimulacion\/wp-json\/wp\/v2\/pages\/15","targetHints":{"allow":["GET"]}}],"collection":[{"href":"https:\/\/medicina.udd.cl\/nucleodesimulacion\/wp-json\/wp\/v2\/pages"}],"about":[{"href":"https:\/\/medicina.udd.cl\/nucleodesimulacion\/wp-json\/wp\/v2\/types\/page"}],"author":[{"embeddable":true,"href":"https:\/\/medicina.udd.cl\/nucleodesimulacion\/wp-json\/wp\/v2\/users\/9192210"}],"replies":[{"embeddable":true,"href":"https:\/\/medicina.udd.cl\/nucleodesimulacion\/wp-json\/wp\/v2\/comments?post=15"}],"version-history":[{"count":2,"href":"https:\/\/medicina.udd.cl\/nucleodesimulacion\/wp-json\/wp\/v2\/pages\/15\/revisions"}],"predecessor-version":[{"id":26,"href":"https:\/\/medicina.udd.cl\/nucleodesimulacion\/wp-json\/wp\/v2\/pages\/15\/revisions\/26"}],"wp:attachment":[{"href":"https:\/\/medicina.udd.cl\/nucleodesimulacion\/wp-json\/wp\/v2\/media?parent=15"}],"curies":[{"name":"wp","href":"https:\/\/api.w.org\/{rel}","templated":true}]}}