{"id":9,"date":"2017-11-14T14:10:00","date_gmt":"2017-11-14T14:10:00","guid":{"rendered":"http:\/\/medicina.udd.cl\/nucleodesimulacion\/?page_id=9"},"modified":"2017-11-14T14:32:22","modified_gmt":"2017-11-14T14:32:22","slug":"centros-de-simulacion","status":"publish","type":"page","link":"https:\/\/medicina.udd.cl\/nucleodesimulacion\/centros-de-simulacion\/","title":{"rendered":"Centros de Simulaci\u00f3n"},"content":{"rendered":"<p style=\"text-align: justify\">Como Centros de Simulaci\u00f3n se entender\u00e1n aquellos espacios donde exista infraestructura y equipamiento para la realizaci\u00f3n de simulaci\u00f3n de alta fidelidad con tecnolog\u00eda. Estos lugares contar\u00e1n con sistemas de audio y video, control de acceso con clave para personal, recursos humanos con entrenamientos y capacitaciones de alto nivel acad\u00e9mico y en ellos se podr\u00e1 desarrollar los proyectos de trabajo multiprofesional y de desarrollo.<\/p>\n<p style=\"text-align: justify\">Se considera en esta categor\u00eda el Centro de Simulaci\u00f3n y Seguridad Cl\u00ednica ubicado en el m\u00f3dulo 3 del Hospital Padre Hurtado, implementado en Julio del a\u00f1o 2016.<\/p>\n<ul>\n<li>Coordinadora: Viviana Acevedo<\/li>\n<li>T\u00e9cnico de Simulaci\u00f3n Javiera Troncoso<\/li>\n<\/ul>\n<p>plano, fotos, lista de recursos,<\/p>\n","protected":false},"excerpt":{"rendered":"<p>Como Centros de Simulaci\u00f3n se entender\u00e1n aquellos espacios donde exista infraestructura y equipamiento para la realizaci\u00f3n de simulaci\u00f3n de alta fidelidad con tecnolog\u00eda. Estos lugares contar\u00e1n con sistemas de audio y video, control de acceso con clave para personal, recursos humanos con entrenamientos y capacitaciones de alto nivel acad\u00e9mico y en ellos se podr\u00e1 desarrollar [&hellip;]<\/p>\n","protected":false},"author":9192210,"featured_media":0,"parent":0,"menu_order":0,"comment_status":"closed","ping_status":"closed","template":"","meta":{"footnotes":""},"class_list":["post-9","page","type-page","status-publish","hentry"],"yoast_head":"<!-- This site is optimized with the Yoast SEO plugin v26.9 - https:\/\/yoast.com\/product\/yoast-seo-wordpress\/ -->\n<title>Centros de Simulaci\u00f3n - Nucleo de Simulaci\u00f3n<\/title>\n<meta name=\"robots\" content=\"index, follow, max-snippet:-1, max-image-preview:large, max-video-preview:-1\" \/>\n<link rel=\"canonical\" href=\"https:\/\/medicina.udd.cl\/nucleodesimulacion\/centros-de-simulacion\/\" \/>\n<meta property=\"og:locale\" content=\"es_ES\" \/>\n<meta property=\"og:type\" content=\"article\" \/>\n<meta property=\"og:title\" content=\"Centros de Simulaci\u00f3n - Nucleo de Simulaci\u00f3n\" \/>\n<meta property=\"og:description\" content=\"Como Centros de Simulaci\u00f3n se entender\u00e1n aquellos espacios donde exista infraestructura y equipamiento para la realizaci\u00f3n de simulaci\u00f3n de alta fidelidad con tecnolog\u00eda. Estos lugares contar\u00e1n con sistemas de audio y video, control de acceso con clave para personal, recursos humanos con entrenamientos y capacitaciones de alto nivel acad\u00e9mico y en ellos se podr\u00e1 desarrollar [&hellip;]\" \/>\n<meta property=\"og:url\" content=\"https:\/\/medicina.udd.cl\/nucleodesimulacion\/centros-de-simulacion\/\" \/>\n<meta property=\"og:site_name\" content=\"Nucleo de Simulaci\u00f3n\" \/>\n<meta property=\"article:modified_time\" content=\"2017-11-14T14:32:22+00:00\" \/>\n<meta name=\"twitter:card\" content=\"summary_large_image\" \/>\n<meta name=\"twitter:label1\" content=\"Tiempo de lectura\" \/>\n\t<meta name=\"twitter:data1\" content=\"1 minuto\" \/>\n<script type=\"application\/ld+json\" class=\"yoast-schema-graph\">{\"@context\":\"https:\/\/schema.org\",\"@graph\":[{\"@type\":\"WebPage\",\"@id\":\"https:\/\/medicina.udd.cl\/nucleodesimulacion\/centros-de-simulacion\/\",\"url\":\"https:\/\/medicina.udd.cl\/nucleodesimulacion\/centros-de-simulacion\/\",\"name\":\"Centros de Simulaci\u00f3n - Nucleo de Simulaci\u00f3n\",\"isPartOf\":{\"@id\":\"https:\/\/medicina.udd.cl\/nucleodesimulacion\/#website\"},\"datePublished\":\"2017-11-14T14:10:00+00:00\",\"dateModified\":\"2017-11-14T14:32:22+00:00\",\"breadcrumb\":{\"@id\":\"https:\/\/medicina.udd.cl\/nucleodesimulacion\/centros-de-simulacion\/#breadcrumb\"},\"inLanguage\":\"es\",\"potentialAction\":[{\"@type\":\"ReadAction\",\"target\":[\"https:\/\/medicina.udd.cl\/nucleodesimulacion\/centros-de-simulacion\/\"]}]},{\"@type\":\"BreadcrumbList\",\"@id\":\"https:\/\/medicina.udd.cl\/nucleodesimulacion\/centros-de-simulacion\/#breadcrumb\",\"itemListElement\":[{\"@type\":\"ListItem\",\"position\":1,\"name\":\"Portada\",\"item\":\"https:\/\/medicina.udd.cl\/nucleodesimulacion\/\"},{\"@type\":\"ListItem\",\"position\":2,\"name\":\"Centros de Simulaci\u00f3n\"}]},{\"@type\":\"WebSite\",\"@id\":\"https:\/\/medicina.udd.cl\/nucleodesimulacion\/#website\",\"url\":\"https:\/\/medicina.udd.cl\/nucleodesimulacion\/\",\"name\":\"Nucleo de Simulaci\u00f3n\",\"description\":\"Otro sitio m\u00e1s de Medicina\",\"potentialAction\":[{\"@type\":\"SearchAction\",\"target\":{\"@type\":\"EntryPoint\",\"urlTemplate\":\"https:\/\/medicina.udd.cl\/nucleodesimulacion\/?s={search_term_string}\"},\"query-input\":{\"@type\":\"PropertyValueSpecification\",\"valueRequired\":true,\"valueName\":\"search_term_string\"}}],\"inLanguage\":\"es\"}]}<\/script>\n<!-- \/ Yoast SEO plugin. -->","yoast_head_json":{"title":"Centros de Simulaci\u00f3n - Nucleo de Simulaci\u00f3n","robots":{"index":"index","follow":"follow","max-snippet":"max-snippet:-1","max-image-preview":"max-image-preview:large","max-video-preview":"max-video-preview:-1"},"canonical":"https:\/\/medicina.udd.cl\/nucleodesimulacion\/centros-de-simulacion\/","og_locale":"es_ES","og_type":"article","og_title":"Centros de Simulaci\u00f3n - Nucleo de Simulaci\u00f3n","og_description":"Como Centros de Simulaci\u00f3n se entender\u00e1n aquellos espacios donde exista infraestructura y equipamiento para la realizaci\u00f3n de simulaci\u00f3n de alta fidelidad con tecnolog\u00eda. Estos lugares contar\u00e1n con sistemas de audio y video, control de acceso con clave para personal, recursos humanos con entrenamientos y capacitaciones de alto nivel acad\u00e9mico y en ellos se podr\u00e1 desarrollar [&hellip;]","og_url":"https:\/\/medicina.udd.cl\/nucleodesimulacion\/centros-de-simulacion\/","og_site_name":"Nucleo de Simulaci\u00f3n","article_modified_time":"2017-11-14T14:32:22+00:00","twitter_card":"summary_large_image","twitter_misc":{"Tiempo de lectura":"1 minuto"},"schema":{"@context":"https:\/\/schema.org","@graph":[{"@type":"WebPage","@id":"https:\/\/medicina.udd.cl\/nucleodesimulacion\/centros-de-simulacion\/","url":"https:\/\/medicina.udd.cl\/nucleodesimulacion\/centros-de-simulacion\/","name":"Centros de Simulaci\u00f3n - Nucleo de Simulaci\u00f3n","isPartOf":{"@id":"https:\/\/medicina.udd.cl\/nucleodesimulacion\/#website"},"datePublished":"2017-11-14T14:10:00+00:00","dateModified":"2017-11-14T14:32:22+00:00","breadcrumb":{"@id":"https:\/\/medicina.udd.cl\/nucleodesimulacion\/centros-de-simulacion\/#breadcrumb"},"inLanguage":"es","potentialAction":[{"@type":"ReadAction","target":["https:\/\/medicina.udd.cl\/nucleodesimulacion\/centros-de-simulacion\/"]}]},{"@type":"BreadcrumbList","@id":"https:\/\/medicina.udd.cl\/nucleodesimulacion\/centros-de-simulacion\/#breadcrumb","itemListElement":[{"@type":"ListItem","position":1,"name":"Portada","item":"https:\/\/medicina.udd.cl\/nucleodesimulacion\/"},{"@type":"ListItem","position":2,"name":"Centros de Simulaci\u00f3n"}]},{"@type":"WebSite","@id":"https:\/\/medicina.udd.cl\/nucleodesimulacion\/#website","url":"https:\/\/medicina.udd.cl\/nucleodesimulacion\/","name":"Nucleo de Simulaci\u00f3n","description":"Otro sitio m\u00e1s de Medicina","potentialAction":[{"@type":"SearchAction","target":{"@type":"EntryPoint","urlTemplate":"https:\/\/medicina.udd.cl\/nucleodesimulacion\/?s={search_term_string}"},"query-input":{"@type":"PropertyValueSpecification","valueRequired":true,"valueName":"search_term_string"}}],"inLanguage":"es"}]}},"_links":{"self":[{"href":"https:\/\/medicina.udd.cl\/nucleodesimulacion\/wp-json\/wp\/v2\/pages\/9","targetHints":{"allow":["GET"]}}],"collection":[{"href":"https:\/\/medicina.udd.cl\/nucleodesimulacion\/wp-json\/wp\/v2\/pages"}],"about":[{"href":"https:\/\/medicina.udd.cl\/nucleodesimulacion\/wp-json\/wp\/v2\/types\/page"}],"author":[{"embeddable":true,"href":"https:\/\/medicina.udd.cl\/nucleodesimulacion\/wp-json\/wp\/v2\/users\/9192210"}],"replies":[{"embeddable":true,"href":"https:\/\/medicina.udd.cl\/nucleodesimulacion\/wp-json\/wp\/v2\/comments?post=9"}],"version-history":[{"count":4,"href":"https:\/\/medicina.udd.cl\/nucleodesimulacion\/wp-json\/wp\/v2\/pages\/9\/revisions"}],"predecessor-version":[{"id":23,"href":"https:\/\/medicina.udd.cl\/nucleodesimulacion\/wp-json\/wp\/v2\/pages\/9\/revisions\/23"}],"wp:attachment":[{"href":"https:\/\/medicina.udd.cl\/nucleodesimulacion\/wp-json\/wp\/v2\/media?parent=9"}],"curies":[{"name":"wp","href":"https:\/\/api.w.org\/{rel}","templated":true}]}}