{"id":10,"date":"2010-03-31T19:29:33","date_gmt":"2010-03-31T22:29:33","guid":{"rendered":"http:\/\/medicina.udd.cl\/nutricion-dietetica\/sobre-la-carrera\/malla-curricular\/"},"modified":"2025-07-09T13:04:04","modified_gmt":"2025-07-09T17:04:04","slug":"malla-curricular","status":"publish","type":"page","link":"https:\/\/medicina.udd.cl\/nutricion-dietetica-santiago\/admision\/malla-curricular\/","title":{"rendered":"Malla Curricular"},"content":{"rendered":"\n<p><\/p>\n\n\n\n<div class=\"wp-block-media-text alignfull is-stacked-on-mobile\" style=\"grid-template-columns:35% auto\"><figure class=\"wp-block-media-text__media\"><img loading=\"lazy\" decoding=\"async\" width=\"1024\" height=\"768\" src=\"https:\/\/medicina.udd.cl\/nutricion-dietetica-santiago\/files\/2025\/07\/puente-nutri-2-1024x768.jpg\" alt=\"\" class=\"wp-image-9328 size-large\" srcset=\"https:\/\/medicina.udd.cl\/nutricion-dietetica-santiago\/files\/2025\/07\/puente-nutri-2-1024x768.jpg 1024w, https:\/\/medicina.udd.cl\/nutricion-dietetica-santiago\/files\/2025\/07\/puente-nutri-2-300x225.jpg 300w, https:\/\/medicina.udd.cl\/nutricion-dietetica-santiago\/files\/2025\/07\/puente-nutri-2-768x576.jpg 768w, https:\/\/medicina.udd.cl\/nutricion-dietetica-santiago\/files\/2025\/07\/puente-nutri-2.jpg 1280w\" sizes=\"auto, (max-width: 1024px) 100vw, 1024px\" \/><\/figure><div class=\"wp-block-media-text__content\">\n<p>Estudiar Nutrici\u00f3n y Diet\u00e9tica en la UDD es proyectarte al mundo con <strong>opciones de doble titulaci\u00f3n<\/strong> y <strong>pr\u00e1cticas internacionales<\/strong> desde 2025. Su malla destaca por el enfoque en <strong>gesti\u00f3n, emprendimiento e innovaci\u00f3n<\/strong>, impulsando proyectos como <em>Sabores sin culpa<\/em> o <em>Kuna Foods<\/em>. Adem\u00e1s, cuenta con una s\u00f3lida red de <strong>campos pr\u00e1cticos<\/strong> como Cl\u00ednica Alemana, Hospital Padre Hurtado, ACHS y centros especializados, que permiten una formaci\u00f3n integral en diversas \u00e1reas de la nutrici\u00f3n.<\/p>\n<\/div><\/div>\n\n\n<p class=\"wp-block-udd-button text-center\"><a class=\"btn btn-primary btn-lg\" href=\"https:\/\/www.udd.cl\/mallas\/nutricion_scl.pdf\" data-url=\"https:\/\/www.udd.cl\/mallas\/nutricion_scl.pdf\" target=\"_blank\" rel=\"noreferrer noopener\"><svg class=\"svg-download-dims\"><use xlink:href='https:\/\/medicina.udd.cl\/nutricion-dietetica-santiago\/wp-content\/themes\/facultades-2018\/assets\/img\/svg\/dist\/main.svg?version=1695853099#download'><\/use><\/svg> Descarga la malla en .PDF <\/a><\/p>\n","protected":false},"excerpt":{"rendered":"<p>Conoce nuestra malla curricular.<\/p>\n","protected":false},"author":1,"featured_media":0,"parent":4988,"menu_order":20,"comment_status":"open","ping_status":"closed","template":"","meta":{"footnotes":""},"class_list":["post-10","page","type-page","status-publish","hentry"],"yoast_head":"<!-- This site is optimized with the Yoast SEO plugin v26.9 - https:\/\/yoast.com\/product\/yoast-seo-wordpress\/ -->\n<title>Malla Curricular | Nutrici\u00f3n y Diet\u00e9tica (Santiago) | UDD<\/title>\n<meta name=\"description\" content=\"Conoce la malla de la carrera de Nutrici\u00f3n y Diet\u00e9tica de la Facultad de Medicina de la Universidad del Desarrollo - Cl\u00ednica Alemana. Admisi\u00f3n 2025.\" \/>\n<meta name=\"robots\" content=\"index, follow, max-snippet:-1, max-image-preview:large, max-video-preview:-1\" \/>\n<link rel=\"canonical\" href=\"https:\/\/medicina.udd.cl\/nutricion-dietetica-santiago\/admision\/malla-curricular\/\" \/>\n<meta property=\"og:locale\" content=\"es_ES\" \/>\n<meta property=\"og:type\" content=\"article\" \/>\n<meta property=\"og:title\" content=\"Malla Curricular | Nutrici\u00f3n y Diet\u00e9tica (Santiago) | UDD\" \/>\n<meta property=\"og:description\" content=\"Conoce la malla de la carrera de Nutrici\u00f3n y Diet\u00e9tica de la Facultad de Medicina de la Universidad del Desarrollo - Cl\u00ednica Alemana. Admisi\u00f3n 2025.\" \/>\n<meta property=\"og:url\" content=\"https:\/\/medicina.udd.cl\/nutricion-dietetica-santiago\/admision\/malla-curricular\/\" \/>\n<meta property=\"og:site_name\" content=\"Nutrici\u00f3n y Diet\u00e9tica\" \/>\n<meta property=\"article:modified_time\" content=\"2025-07-09T17:04:04+00:00\" \/>\n<meta property=\"og:image\" content=\"https:\/\/medicina.udd.cl\/nutricion-dietetica-santiago\/files\/2025\/07\/puente-nutri-2-1024x768.jpg\" \/>\n<meta name=\"twitter:label1\" content=\"Tiempo de lectura\" \/>\n\t<meta name=\"twitter:data1\" content=\"1 minuto\" \/>\n<script type=\"application\/ld+json\" class=\"yoast-schema-graph\">{\"@context\":\"https:\/\/schema.org\",\"@graph\":[{\"@type\":\"WebPage\",\"@id\":\"https:\/\/medicina.udd.cl\/nutricion-dietetica-santiago\/admision\/malla-curricular\/\",\"url\":\"https:\/\/medicina.udd.cl\/nutricion-dietetica-santiago\/admision\/malla-curricular\/\",\"name\":\"Malla Curricular | Nutrici\u00f3n y Diet\u00e9tica (Santiago) | UDD\",\"isPartOf\":{\"@id\":\"https:\/\/medicina.udd.cl\/nutricion-dietetica-santiago\/#website\"},\"primaryImageOfPage\":{\"@id\":\"https:\/\/medicina.udd.cl\/nutricion-dietetica-santiago\/admision\/malla-curricular\/#primaryimage\"},\"image\":{\"@id\":\"https:\/\/medicina.udd.cl\/nutricion-dietetica-santiago\/admision\/malla-curricular\/#primaryimage\"},\"thumbnailUrl\":\"https:\/\/medicina.udd.cl\/nutricion-dietetica-santiago\/files\/2025\/07\/puente-nutri-2-1024x768.jpg\",\"datePublished\":\"2010-03-31T22:29:33+00:00\",\"dateModified\":\"2025-07-09T17:04:04+00:00\",\"description\":\"Conoce la malla de la carrera de Nutrici\u00f3n y Diet\u00e9tica de la Facultad de Medicina de la Universidad del Desarrollo - Cl\u00ednica Alemana. Admisi\u00f3n 2025.\",\"breadcrumb\":{\"@id\":\"https:\/\/medicina.udd.cl\/nutricion-dietetica-santiago\/admision\/malla-curricular\/#breadcrumb\"},\"inLanguage\":\"es\",\"potentialAction\":[{\"@type\":\"ReadAction\",\"target\":[\"https:\/\/medicina.udd.cl\/nutricion-dietetica-santiago\/admision\/malla-curricular\/\"]}]},{\"@type\":\"ImageObject\",\"inLanguage\":\"es\",\"@id\":\"https:\/\/medicina.udd.cl\/nutricion-dietetica-santiago\/admision\/malla-curricular\/#primaryimage\",\"url\":\"https:\/\/medicina.udd.cl\/nutricion-dietetica-santiago\/files\/2025\/07\/puente-nutri-2.jpg\",\"contentUrl\":\"https:\/\/medicina.udd.cl\/nutricion-dietetica-santiago\/files\/2025\/07\/puente-nutri-2.jpg\",\"width\":1280,\"height\":960},{\"@type\":\"BreadcrumbList\",\"@id\":\"https:\/\/medicina.udd.cl\/nutricion-dietetica-santiago\/admision\/malla-curricular\/#breadcrumb\",\"itemListElement\":[{\"@type\":\"ListItem\",\"position\":1,\"name\":\"Home\",\"item\":\"https:\/\/medicina.udd.cl\/nutricion-dietetica-santiago\/\"},{\"@type\":\"ListItem\",\"position\":2,\"name\":\"Admisi\u00f3n\",\"item\":\"https:\/\/medicina.udd.cl\/nutricion-dietetica-santiago\/admision\/\"},{\"@type\":\"ListItem\",\"position\":3,\"name\":\"Malla Curricular\"}]},{\"@type\":\"WebSite\",\"@id\":\"https:\/\/medicina.udd.cl\/nutricion-dietetica-santiago\/#website\",\"url\":\"https:\/\/medicina.udd.cl\/nutricion-dietetica-santiago\/\",\"name\":\"Nutrici\u00f3n y Diet\u00e9tica\",\"description\":\"Facultad de Medicina C\u00ednica Alemana Universidad del Desarrollo\",\"inLanguage\":\"es\"}]}<\/script>\n<!-- \/ Yoast SEO plugin. -->","yoast_head_json":{"title":"Malla Curricular | Nutrici\u00f3n y Diet\u00e9tica (Santiago) | UDD","description":"Conoce la malla de la carrera de Nutrici\u00f3n y Diet\u00e9tica de la Facultad de Medicina de la Universidad del Desarrollo - Cl\u00ednica Alemana. Admisi\u00f3n 2025.","robots":{"index":"index","follow":"follow","max-snippet":"max-snippet:-1","max-image-preview":"max-image-preview:large","max-video-preview":"max-video-preview:-1"},"canonical":"https:\/\/medicina.udd.cl\/nutricion-dietetica-santiago\/admision\/malla-curricular\/","og_locale":"es_ES","og_type":"article","og_title":"Malla Curricular | Nutrici\u00f3n y Diet\u00e9tica (Santiago) | UDD","og_description":"Conoce la malla de la carrera de Nutrici\u00f3n y Diet\u00e9tica de la Facultad de Medicina de la Universidad del Desarrollo - Cl\u00ednica Alemana. Admisi\u00f3n 2025.","og_url":"https:\/\/medicina.udd.cl\/nutricion-dietetica-santiago\/admision\/malla-curricular\/","og_site_name":"Nutrici\u00f3n y Diet\u00e9tica","article_modified_time":"2025-07-09T17:04:04+00:00","og_image":[{"url":"https:\/\/medicina.udd.cl\/nutricion-dietetica-santiago\/files\/2025\/07\/puente-nutri-2-1024x768.jpg","type":"","width":"","height":""}],"twitter_misc":{"Tiempo de lectura":"1 minuto"},"schema":{"@context":"https:\/\/schema.org","@graph":[{"@type":"WebPage","@id":"https:\/\/medicina.udd.cl\/nutricion-dietetica-santiago\/admision\/malla-curricular\/","url":"https:\/\/medicina.udd.cl\/nutricion-dietetica-santiago\/admision\/malla-curricular\/","name":"Malla Curricular | Nutrici\u00f3n y Diet\u00e9tica (Santiago) | UDD","isPartOf":{"@id":"https:\/\/medicina.udd.cl\/nutricion-dietetica-santiago\/#website"},"primaryImageOfPage":{"@id":"https:\/\/medicina.udd.cl\/nutricion-dietetica-santiago\/admision\/malla-curricular\/#primaryimage"},"image":{"@id":"https:\/\/medicina.udd.cl\/nutricion-dietetica-santiago\/admision\/malla-curricular\/#primaryimage"},"thumbnailUrl":"https:\/\/medicina.udd.cl\/nutricion-dietetica-santiago\/files\/2025\/07\/puente-nutri-2-1024x768.jpg","datePublished":"2010-03-31T22:29:33+00:00","dateModified":"2025-07-09T17:04:04+00:00","description":"Conoce la malla de la carrera de Nutrici\u00f3n y Diet\u00e9tica de la Facultad de Medicina de la Universidad del Desarrollo - Cl\u00ednica Alemana. Admisi\u00f3n 2025.","breadcrumb":{"@id":"https:\/\/medicina.udd.cl\/nutricion-dietetica-santiago\/admision\/malla-curricular\/#breadcrumb"},"inLanguage":"es","potentialAction":[{"@type":"ReadAction","target":["https:\/\/medicina.udd.cl\/nutricion-dietetica-santiago\/admision\/malla-curricular\/"]}]},{"@type":"ImageObject","inLanguage":"es","@id":"https:\/\/medicina.udd.cl\/nutricion-dietetica-santiago\/admision\/malla-curricular\/#primaryimage","url":"https:\/\/medicina.udd.cl\/nutricion-dietetica-santiago\/files\/2025\/07\/puente-nutri-2.jpg","contentUrl":"https:\/\/medicina.udd.cl\/nutricion-dietetica-santiago\/files\/2025\/07\/puente-nutri-2.jpg","width":1280,"height":960},{"@type":"BreadcrumbList","@id":"https:\/\/medicina.udd.cl\/nutricion-dietetica-santiago\/admision\/malla-curricular\/#breadcrumb","itemListElement":[{"@type":"ListItem","position":1,"name":"Home","item":"https:\/\/medicina.udd.cl\/nutricion-dietetica-santiago\/"},{"@type":"ListItem","position":2,"name":"Admisi\u00f3n","item":"https:\/\/medicina.udd.cl\/nutricion-dietetica-santiago\/admision\/"},{"@type":"ListItem","position":3,"name":"Malla Curricular"}]},{"@type":"WebSite","@id":"https:\/\/medicina.udd.cl\/nutricion-dietetica-santiago\/#website","url":"https:\/\/medicina.udd.cl\/nutricion-dietetica-santiago\/","name":"Nutrici\u00f3n y Diet\u00e9tica","description":"Facultad de Medicina C\u00ednica Alemana Universidad del Desarrollo","inLanguage":"es"}]}},"_links":{"self":[{"href":"https:\/\/medicina.udd.cl\/nutricion-dietetica-santiago\/wp-json\/wp\/v2\/pages\/10","targetHints":{"allow":["GET"]}}],"collection":[{"href":"https:\/\/medicina.udd.cl\/nutricion-dietetica-santiago\/wp-json\/wp\/v2\/pages"}],"about":[{"href":"https:\/\/medicina.udd.cl\/nutricion-dietetica-santiago\/wp-json\/wp\/v2\/types\/page"}],"author":[{"embeddable":true,"href":"https:\/\/medicina.udd.cl\/nutricion-dietetica-santiago\/wp-json\/wp\/v2\/users\/1"}],"replies":[{"embeddable":true,"href":"https:\/\/medicina.udd.cl\/nutricion-dietetica-santiago\/wp-json\/wp\/v2\/comments?post=10"}],"version-history":[{"count":50,"href":"https:\/\/medicina.udd.cl\/nutricion-dietetica-santiago\/wp-json\/wp\/v2\/pages\/10\/revisions"}],"predecessor-version":[{"id":9329,"href":"https:\/\/medicina.udd.cl\/nutricion-dietetica-santiago\/wp-json\/wp\/v2\/pages\/10\/revisions\/9329"}],"up":[{"embeddable":true,"href":"https:\/\/medicina.udd.cl\/nutricion-dietetica-santiago\/wp-json\/wp\/v2\/pages\/4988"}],"wp:attachment":[{"href":"https:\/\/medicina.udd.cl\/nutricion-dietetica-santiago\/wp-json\/wp\/v2\/media?parent=10"}],"curies":[{"name":"wp","href":"https:\/\/api.w.org\/{rel}","templated":true}]}}