{"id":20,"date":"2010-03-31T19:29:33","date_gmt":"2010-03-31T22:29:33","guid":{"rendered":"http:\/\/medicina.udd.cl\/nutricion-dietetica\/vida-universitaria\/centro-de-alumnos\/"},"modified":"2013-11-26T15:22:57","modified_gmt":"2013-11-26T18:22:57","slug":"centro-de-alumnos","status":"publish","type":"page","link":"https:\/\/medicina.udd.cl\/nutricion-dietetica-santiago\/vida-universitaria\/centro-de-alumnos\/","title":{"rendered":"Centro de Alumnos"},"content":{"rendered":"<ul>\n<li><strong>Presidenta: <\/strong>Daniela Volke<\/li>\n<li><strong>Vicepresidenta 1: <\/strong>Valentina Fabia<\/li>\n<li><strong>Vicepresidenta 2: <\/strong>Bernardita Lecaros<\/li>\n<li><strong>Tesorera: <\/strong>Sof\u00eda Iturralde<\/li>\n<li><strong>Secretaria general:<\/strong> Fernanda G\u00e1lvez<\/li>\n<li><strong>Secretaria ejecutiva:<\/strong> Consuelo Rivera<\/li>\n<\/ul>\n","protected":false},"excerpt":{"rendered":"<p>Conoce al equipo del Centro de Estudiantes de Nutrici\u00f3n y Diet\u00e9tica 2013, conformado por alumnas de segundo y tercer a\u00f1o.<\/p>\n","protected":false},"author":1,"featured_media":0,"parent":7,"menu_order":10,"comment_status":"open","ping_status":"closed","template":"","meta":{"footnotes":""},"class_list":["post-20","page","type-page","status-publish","hentry"],"yoast_head":"<!-- This site is optimized with the Yoast SEO plugin v26.9 - https:\/\/yoast.com\/product\/yoast-seo-wordpress\/ -->\n<title>Centro de Alumnos| Carrera de Nutrici\u00f3n y Diet\u00e9tica (Santiago) | Admisi\u00f3n 2014 UDD<\/title>\n<meta name=\"description\" content=\"Conoce al destacado equipo de alumnos que conforman el Centro de Alumnos de Nutrici\u00f3n y Diet\u00e9tica UDD.\" \/>\n<meta name=\"robots\" content=\"index, follow, max-snippet:-1, max-image-preview:large, max-video-preview:-1\" \/>\n<link rel=\"canonical\" href=\"https:\/\/medicina.udd.cl\/nutricion-dietetica-santiago\/vida-universitaria\/centro-de-alumnos\/\" \/>\n<meta property=\"og:locale\" content=\"es_ES\" \/>\n<meta property=\"og:type\" content=\"article\" \/>\n<meta property=\"og:title\" content=\"Centro de Alumnos| Carrera de Nutrici\u00f3n y Diet\u00e9tica (Santiago) | Admisi\u00f3n 2014 UDD\" \/>\n<meta property=\"og:description\" content=\"Conoce al destacado equipo de alumnos que conforman el Centro de Alumnos de Nutrici\u00f3n y Diet\u00e9tica UDD.\" \/>\n<meta property=\"og:url\" content=\"https:\/\/medicina.udd.cl\/nutricion-dietetica-santiago\/vida-universitaria\/centro-de-alumnos\/\" \/>\n<meta property=\"og:site_name\" content=\"Nutrici\u00f3n y Diet\u00e9tica\" \/>\n<meta property=\"article:modified_time\" content=\"2013-11-26T18:22:57+00:00\" \/>\n<script type=\"application\/ld+json\" class=\"yoast-schema-graph\">{\"@context\":\"https:\/\/schema.org\",\"@graph\":[{\"@type\":\"WebPage\",\"@id\":\"https:\/\/medicina.udd.cl\/nutricion-dietetica-santiago\/vida-universitaria\/centro-de-alumnos\/\",\"url\":\"https:\/\/medicina.udd.cl\/nutricion-dietetica-santiago\/vida-universitaria\/centro-de-alumnos\/\",\"name\":\"Centro de Alumnos| Carrera de Nutrici\u00f3n y Diet\u00e9tica (Santiago) | Admisi\u00f3n 2014 UDD\",\"isPartOf\":{\"@id\":\"https:\/\/medicina.udd.cl\/nutricion-dietetica-santiago\/#website\"},\"datePublished\":\"2010-03-31T22:29:33+00:00\",\"dateModified\":\"2013-11-26T18:22:57+00:00\",\"description\":\"Conoce al destacado equipo de alumnos que conforman el Centro de Alumnos de Nutrici\u00f3n y Diet\u00e9tica UDD.\",\"breadcrumb\":{\"@id\":\"https:\/\/medicina.udd.cl\/nutricion-dietetica-santiago\/vida-universitaria\/centro-de-alumnos\/#breadcrumb\"},\"inLanguage\":\"es\",\"potentialAction\":[{\"@type\":\"ReadAction\",\"target\":[\"https:\/\/medicina.udd.cl\/nutricion-dietetica-santiago\/vida-universitaria\/centro-de-alumnos\/\"]}]},{\"@type\":\"BreadcrumbList\",\"@id\":\"https:\/\/medicina.udd.cl\/nutricion-dietetica-santiago\/vida-universitaria\/centro-de-alumnos\/#breadcrumb\",\"itemListElement\":[{\"@type\":\"ListItem\",\"position\":1,\"name\":\"Home\",\"item\":\"https:\/\/medicina.udd.cl\/nutricion-dietetica-santiago\/\"},{\"@type\":\"ListItem\",\"position\":2,\"name\":\"Vida Universitaria\",\"item\":\"https:\/\/medicina.udd.cl\/nutricion-dietetica-santiago\/vida-universitaria\/\"},{\"@type\":\"ListItem\",\"position\":3,\"name\":\"Centro de Alumnos\"}]},{\"@type\":\"WebSite\",\"@id\":\"https:\/\/medicina.udd.cl\/nutricion-dietetica-santiago\/#website\",\"url\":\"https:\/\/medicina.udd.cl\/nutricion-dietetica-santiago\/\",\"name\":\"Nutrici\u00f3n y Diet\u00e9tica\",\"description\":\"Facultad de Medicina C\u00ednica Alemana Universidad del Desarrollo\",\"inLanguage\":\"es\"}]}<\/script>\n<!-- \/ Yoast SEO plugin. -->","yoast_head_json":{"title":"Centro de Alumnos| Carrera de Nutrici\u00f3n y Diet\u00e9tica (Santiago) | Admisi\u00f3n 2014 UDD","description":"Conoce al destacado equipo de alumnos que conforman el Centro de Alumnos de Nutrici\u00f3n y Diet\u00e9tica UDD.","robots":{"index":"index","follow":"follow","max-snippet":"max-snippet:-1","max-image-preview":"max-image-preview:large","max-video-preview":"max-video-preview:-1"},"canonical":"https:\/\/medicina.udd.cl\/nutricion-dietetica-santiago\/vida-universitaria\/centro-de-alumnos\/","og_locale":"es_ES","og_type":"article","og_title":"Centro de Alumnos| Carrera de Nutrici\u00f3n y Diet\u00e9tica (Santiago) | Admisi\u00f3n 2014 UDD","og_description":"Conoce al destacado equipo de alumnos que conforman el Centro de Alumnos de Nutrici\u00f3n y Diet\u00e9tica UDD.","og_url":"https:\/\/medicina.udd.cl\/nutricion-dietetica-santiago\/vida-universitaria\/centro-de-alumnos\/","og_site_name":"Nutrici\u00f3n y Diet\u00e9tica","article_modified_time":"2013-11-26T18:22:57+00:00","schema":{"@context":"https:\/\/schema.org","@graph":[{"@type":"WebPage","@id":"https:\/\/medicina.udd.cl\/nutricion-dietetica-santiago\/vida-universitaria\/centro-de-alumnos\/","url":"https:\/\/medicina.udd.cl\/nutricion-dietetica-santiago\/vida-universitaria\/centro-de-alumnos\/","name":"Centro de Alumnos| Carrera de Nutrici\u00f3n y Diet\u00e9tica (Santiago) | Admisi\u00f3n 2014 UDD","isPartOf":{"@id":"https:\/\/medicina.udd.cl\/nutricion-dietetica-santiago\/#website"},"datePublished":"2010-03-31T22:29:33+00:00","dateModified":"2013-11-26T18:22:57+00:00","description":"Conoce al destacado equipo de alumnos que conforman el Centro de Alumnos de Nutrici\u00f3n y Diet\u00e9tica UDD.","breadcrumb":{"@id":"https:\/\/medicina.udd.cl\/nutricion-dietetica-santiago\/vida-universitaria\/centro-de-alumnos\/#breadcrumb"},"inLanguage":"es","potentialAction":[{"@type":"ReadAction","target":["https:\/\/medicina.udd.cl\/nutricion-dietetica-santiago\/vida-universitaria\/centro-de-alumnos\/"]}]},{"@type":"BreadcrumbList","@id":"https:\/\/medicina.udd.cl\/nutricion-dietetica-santiago\/vida-universitaria\/centro-de-alumnos\/#breadcrumb","itemListElement":[{"@type":"ListItem","position":1,"name":"Home","item":"https:\/\/medicina.udd.cl\/nutricion-dietetica-santiago\/"},{"@type":"ListItem","position":2,"name":"Vida Universitaria","item":"https:\/\/medicina.udd.cl\/nutricion-dietetica-santiago\/vida-universitaria\/"},{"@type":"ListItem","position":3,"name":"Centro de Alumnos"}]},{"@type":"WebSite","@id":"https:\/\/medicina.udd.cl\/nutricion-dietetica-santiago\/#website","url":"https:\/\/medicina.udd.cl\/nutricion-dietetica-santiago\/","name":"Nutrici\u00f3n y Diet\u00e9tica","description":"Facultad de Medicina C\u00ednica Alemana Universidad del Desarrollo","inLanguage":"es"}]}},"_links":{"self":[{"href":"https:\/\/medicina.udd.cl\/nutricion-dietetica-santiago\/wp-json\/wp\/v2\/pages\/20","targetHints":{"allow":["GET"]}}],"collection":[{"href":"https:\/\/medicina.udd.cl\/nutricion-dietetica-santiago\/wp-json\/wp\/v2\/pages"}],"about":[{"href":"https:\/\/medicina.udd.cl\/nutricion-dietetica-santiago\/wp-json\/wp\/v2\/types\/page"}],"author":[{"embeddable":true,"href":"https:\/\/medicina.udd.cl\/nutricion-dietetica-santiago\/wp-json\/wp\/v2\/users\/1"}],"replies":[{"embeddable":true,"href":"https:\/\/medicina.udd.cl\/nutricion-dietetica-santiago\/wp-json\/wp\/v2\/comments?post=20"}],"version-history":[{"count":15,"href":"https:\/\/medicina.udd.cl\/nutricion-dietetica-santiago\/wp-json\/wp\/v2\/pages\/20\/revisions"}],"predecessor-version":[{"id":1846,"href":"https:\/\/medicina.udd.cl\/nutricion-dietetica-santiago\/wp-json\/wp\/v2\/pages\/20\/revisions\/1846"}],"up":[{"embeddable":true,"href":"https:\/\/medicina.udd.cl\/nutricion-dietetica-santiago\/wp-json\/wp\/v2\/pages\/7"}],"wp:attachment":[{"href":"https:\/\/medicina.udd.cl\/nutricion-dietetica-santiago\/wp-json\/wp\/v2\/media?parent=20"}],"curies":[{"name":"wp","href":"https:\/\/api.w.org\/{rel}","templated":true}]}}