{"id":2692,"date":"2015-08-10T11:48:16","date_gmt":"2015-08-10T14:48:16","guid":{"rendered":"http:\/\/medicina.udd.cl\/nutricion-dietetica-santiago\/?page_id=2692"},"modified":"2015-08-10T11:59:27","modified_gmt":"2015-08-10T14:59:27","slug":"guias-de-alimentacion-sana","status":"publish","type":"page","link":"https:\/\/medicina.udd.cl\/nutricion-dietetica-santiago\/guias-de-alimentacion-sana\/","title":{"rendered":"Gu\u00edas de Alimentaci\u00f3n Sana"},"content":{"rendered":"<p><a href=\"http:\/\/medicina.udd.cl\/nutricion-dietetica-santiago\/files\/2015\/08\/Gu\u00edas-Alimentarias-MINSAL-2013-fundamentos.pdf\" class=\"banner banner-background\"><br \/>\n\t<img decoding=\"async\" src=\"http:\/\/medicina.udd.cl\/nutricion-dietetica-santiago\/files\/2015\/08\/destacado_guias2.jpg\" alt=\"\"><br \/>\n<span class=\"banner-tagline\">16 de mayo 2013<\/span><br \/>\n<span class=\"banner-title\">INFORME FINAL<\/span><br \/>\n<span class=\"banner-description\">\u201cESTUDIO PARA REVISI\u00d3N Y ACTUALIZACI\u00d3N DE LAS GU\u00cdAS ALIMENTARIAS PARA LA POBLACI\u00d3N CHILENA\u201d<\/span><br \/>\n<span class=\"btn btn-small\">Ver gu\u00eda<\/span><br \/>\n<\/a><\/p>\n<p><a href=\"http:\/\/medicina.udd.cl\/nutricion-dietetica-santiago\/files\/2015\/08\/Informe-final-Icono-GABA-27-01-2015.pdf\" class=\"banner banner-background\"><br \/>\n\t<img decoding=\"async\" src=\"http:\/\/medicina.udd.cl\/nutricion-dietetica-santiago\/files\/2015\/08\/destacado_guias2.jpg\" alt=\"\"><br \/>\n<span class=\"banner-tagline\">27 de enero de 2015<\/span><br \/>\n<span class=\"banner-title\">INFORME FINAL<\/span><br \/>\n<span class=\"banner-description\">\u201cESTUDIO PARA LA CONSTRUCCI\u00d3N DE UNA IMAGEN GR\u00c1FICA DID\u00c1CTICA QUE ILUSTRE LA INFORMACI\u00d3N CONTENIDA EN LAS GU\u00cdAS ALIMENTARIAS PARA LA POBLACI\u00d3N CHILENA\u201d<\/span><br \/>\n<span class=\"btn btn-small\">Ver gu\u00eda<\/span><br \/>\n<\/a><\/p>\n","protected":false},"excerpt":{"rendered":"<p>16 de mayo 2013 INFORME FINAL \u201cESTUDIO PARA REVISI\u00d3N Y ACTUALIZACI\u00d3N DE LAS GU\u00cdAS ALIMENTARIAS PARA LA POBLACI\u00d3N CHILENA\u201d Ver gu\u00eda 27 de enero de 2015 INFORME FINAL \u201cESTUDIO PARA LA CONSTRUCCI\u00d3N DE UNA IMAGEN GR\u00c1FICA DID\u00c1CTICA QUE ILUSTRE LA INFORMACI\u00d3N CONTENIDA EN LAS GU\u00cdAS ALIMENTARIAS PARA LA POBLACI\u00d3N CHILENA\u201d Ver gu\u00eda<\/p>\n","protected":false},"author":1,"featured_media":0,"parent":0,"menu_order":0,"comment_status":"open","ping_status":"open","template":"template-wide-content.php","meta":{"footnotes":""},"class_list":["post-2692","page","type-page","status-publish","hentry"],"yoast_head":"<!-- This site is optimized with the Yoast SEO plugin v26.9 - https:\/\/yoast.com\/product\/yoast-seo-wordpress\/ -->\n<title>Gu\u00edas de Alimentaci\u00f3n Sana - Nutrici\u00f3n y Diet\u00e9tica<\/title>\n<meta name=\"robots\" content=\"index, follow, max-snippet:-1, max-image-preview:large, max-video-preview:-1\" \/>\n<link rel=\"canonical\" href=\"https:\/\/medicina.udd.cl\/nutricion-dietetica-santiago\/guias-de-alimentacion-sana\/\" \/>\n<meta property=\"og:locale\" content=\"es_ES\" \/>\n<meta property=\"og:type\" content=\"article\" \/>\n<meta property=\"og:title\" content=\"Gu\u00edas de Alimentaci\u00f3n Sana - Nutrici\u00f3n y Diet\u00e9tica\" \/>\n<meta property=\"og:description\" content=\"16 de mayo 2013 INFORME FINAL \u201cESTUDIO PARA REVISI\u00d3N Y ACTUALIZACI\u00d3N DE LAS GU\u00cdAS ALIMENTARIAS PARA LA POBLACI\u00d3N CHILENA\u201d Ver gu\u00eda 27 de enero de 2015 INFORME FINAL \u201cESTUDIO PARA LA CONSTRUCCI\u00d3N DE UNA IMAGEN GR\u00c1FICA DID\u00c1CTICA QUE ILUSTRE LA INFORMACI\u00d3N CONTENIDA EN LAS GU\u00cdAS ALIMENTARIAS PARA LA POBLACI\u00d3N CHILENA\u201d Ver gu\u00eda\" \/>\n<meta property=\"og:url\" content=\"https:\/\/medicina.udd.cl\/nutricion-dietetica-santiago\/guias-de-alimentacion-sana\/\" \/>\n<meta property=\"og:site_name\" content=\"Nutrici\u00f3n y Diet\u00e9tica\" \/>\n<meta property=\"article:modified_time\" content=\"2015-08-10T14:59:27+00:00\" \/>\n<meta property=\"og:image\" content=\"http:\/\/medicina.udd.cl\/nutricion-dietetica-santiago\/files\/2015\/08\/destacado_guias2.jpg\" \/>\n<script type=\"application\/ld+json\" class=\"yoast-schema-graph\">{\"@context\":\"https:\/\/schema.org\",\"@graph\":[{\"@type\":\"WebPage\",\"@id\":\"https:\/\/medicina.udd.cl\/nutricion-dietetica-santiago\/guias-de-alimentacion-sana\/\",\"url\":\"https:\/\/medicina.udd.cl\/nutricion-dietetica-santiago\/guias-de-alimentacion-sana\/\",\"name\":\"Gu\u00edas de Alimentaci\u00f3n Sana - Nutrici\u00f3n y Diet\u00e9tica\",\"isPartOf\":{\"@id\":\"https:\/\/medicina.udd.cl\/nutricion-dietetica-santiago\/#website\"},\"primaryImageOfPage\":{\"@id\":\"https:\/\/medicina.udd.cl\/nutricion-dietetica-santiago\/guias-de-alimentacion-sana\/#primaryimage\"},\"image\":{\"@id\":\"https:\/\/medicina.udd.cl\/nutricion-dietetica-santiago\/guias-de-alimentacion-sana\/#primaryimage\"},\"thumbnailUrl\":\"http:\/\/medicina.udd.cl\/nutricion-dietetica-santiago\/files\/2015\/08\/destacado_guias2.jpg\",\"datePublished\":\"2015-08-10T14:48:16+00:00\",\"dateModified\":\"2015-08-10T14:59:27+00:00\",\"breadcrumb\":{\"@id\":\"https:\/\/medicina.udd.cl\/nutricion-dietetica-santiago\/guias-de-alimentacion-sana\/#breadcrumb\"},\"inLanguage\":\"es\",\"potentialAction\":[{\"@type\":\"ReadAction\",\"target\":[\"https:\/\/medicina.udd.cl\/nutricion-dietetica-santiago\/guias-de-alimentacion-sana\/\"]}]},{\"@type\":\"ImageObject\",\"inLanguage\":\"es\",\"@id\":\"https:\/\/medicina.udd.cl\/nutricion-dietetica-santiago\/guias-de-alimentacion-sana\/#primaryimage\",\"url\":\"http:\/\/medicina.udd.cl\/nutricion-dietetica-santiago\/files\/2015\/08\/destacado_guias2.jpg\",\"contentUrl\":\"http:\/\/medicina.udd.cl\/nutricion-dietetica-santiago\/files\/2015\/08\/destacado_guias2.jpg\"},{\"@type\":\"BreadcrumbList\",\"@id\":\"https:\/\/medicina.udd.cl\/nutricion-dietetica-santiago\/guias-de-alimentacion-sana\/#breadcrumb\",\"itemListElement\":[{\"@type\":\"ListItem\",\"position\":1,\"name\":\"Home\",\"item\":\"https:\/\/medicina.udd.cl\/nutricion-dietetica-santiago\/\"},{\"@type\":\"ListItem\",\"position\":2,\"name\":\"Gu\u00edas de Alimentaci\u00f3n Sana\"}]},{\"@type\":\"WebSite\",\"@id\":\"https:\/\/medicina.udd.cl\/nutricion-dietetica-santiago\/#website\",\"url\":\"https:\/\/medicina.udd.cl\/nutricion-dietetica-santiago\/\",\"name\":\"Nutrici\u00f3n y Diet\u00e9tica\",\"description\":\"Facultad de Medicina C\u00ednica Alemana Universidad del Desarrollo\",\"inLanguage\":\"es\"}]}<\/script>\n<!-- \/ Yoast SEO plugin. -->","yoast_head_json":{"title":"Gu\u00edas de Alimentaci\u00f3n Sana - Nutrici\u00f3n y Diet\u00e9tica","robots":{"index":"index","follow":"follow","max-snippet":"max-snippet:-1","max-image-preview":"max-image-preview:large","max-video-preview":"max-video-preview:-1"},"canonical":"https:\/\/medicina.udd.cl\/nutricion-dietetica-santiago\/guias-de-alimentacion-sana\/","og_locale":"es_ES","og_type":"article","og_title":"Gu\u00edas de Alimentaci\u00f3n Sana - Nutrici\u00f3n y Diet\u00e9tica","og_description":"16 de mayo 2013 INFORME FINAL \u201cESTUDIO PARA REVISI\u00d3N Y ACTUALIZACI\u00d3N DE LAS GU\u00cdAS ALIMENTARIAS PARA LA POBLACI\u00d3N CHILENA\u201d Ver gu\u00eda 27 de enero de 2015 INFORME FINAL \u201cESTUDIO PARA LA CONSTRUCCI\u00d3N DE UNA IMAGEN GR\u00c1FICA DID\u00c1CTICA QUE ILUSTRE LA INFORMACI\u00d3N CONTENIDA EN LAS GU\u00cdAS ALIMENTARIAS PARA LA POBLACI\u00d3N CHILENA\u201d Ver gu\u00eda","og_url":"https:\/\/medicina.udd.cl\/nutricion-dietetica-santiago\/guias-de-alimentacion-sana\/","og_site_name":"Nutrici\u00f3n y Diet\u00e9tica","article_modified_time":"2015-08-10T14:59:27+00:00","og_image":[{"url":"http:\/\/medicina.udd.cl\/nutricion-dietetica-santiago\/files\/2015\/08\/destacado_guias2.jpg","type":"","width":"","height":""}],"schema":{"@context":"https:\/\/schema.org","@graph":[{"@type":"WebPage","@id":"https:\/\/medicina.udd.cl\/nutricion-dietetica-santiago\/guias-de-alimentacion-sana\/","url":"https:\/\/medicina.udd.cl\/nutricion-dietetica-santiago\/guias-de-alimentacion-sana\/","name":"Gu\u00edas de Alimentaci\u00f3n Sana - Nutrici\u00f3n y Diet\u00e9tica","isPartOf":{"@id":"https:\/\/medicina.udd.cl\/nutricion-dietetica-santiago\/#website"},"primaryImageOfPage":{"@id":"https:\/\/medicina.udd.cl\/nutricion-dietetica-santiago\/guias-de-alimentacion-sana\/#primaryimage"},"image":{"@id":"https:\/\/medicina.udd.cl\/nutricion-dietetica-santiago\/guias-de-alimentacion-sana\/#primaryimage"},"thumbnailUrl":"http:\/\/medicina.udd.cl\/nutricion-dietetica-santiago\/files\/2015\/08\/destacado_guias2.jpg","datePublished":"2015-08-10T14:48:16+00:00","dateModified":"2015-08-10T14:59:27+00:00","breadcrumb":{"@id":"https:\/\/medicina.udd.cl\/nutricion-dietetica-santiago\/guias-de-alimentacion-sana\/#breadcrumb"},"inLanguage":"es","potentialAction":[{"@type":"ReadAction","target":["https:\/\/medicina.udd.cl\/nutricion-dietetica-santiago\/guias-de-alimentacion-sana\/"]}]},{"@type":"ImageObject","inLanguage":"es","@id":"https:\/\/medicina.udd.cl\/nutricion-dietetica-santiago\/guias-de-alimentacion-sana\/#primaryimage","url":"http:\/\/medicina.udd.cl\/nutricion-dietetica-santiago\/files\/2015\/08\/destacado_guias2.jpg","contentUrl":"http:\/\/medicina.udd.cl\/nutricion-dietetica-santiago\/files\/2015\/08\/destacado_guias2.jpg"},{"@type":"BreadcrumbList","@id":"https:\/\/medicina.udd.cl\/nutricion-dietetica-santiago\/guias-de-alimentacion-sana\/#breadcrumb","itemListElement":[{"@type":"ListItem","position":1,"name":"Home","item":"https:\/\/medicina.udd.cl\/nutricion-dietetica-santiago\/"},{"@type":"ListItem","position":2,"name":"Gu\u00edas de Alimentaci\u00f3n Sana"}]},{"@type":"WebSite","@id":"https:\/\/medicina.udd.cl\/nutricion-dietetica-santiago\/#website","url":"https:\/\/medicina.udd.cl\/nutricion-dietetica-santiago\/","name":"Nutrici\u00f3n y Diet\u00e9tica","description":"Facultad de Medicina C\u00ednica Alemana Universidad del Desarrollo","inLanguage":"es"}]}},"_links":{"self":[{"href":"https:\/\/medicina.udd.cl\/nutricion-dietetica-santiago\/wp-json\/wp\/v2\/pages\/2692","targetHints":{"allow":["GET"]}}],"collection":[{"href":"https:\/\/medicina.udd.cl\/nutricion-dietetica-santiago\/wp-json\/wp\/v2\/pages"}],"about":[{"href":"https:\/\/medicina.udd.cl\/nutricion-dietetica-santiago\/wp-json\/wp\/v2\/types\/page"}],"author":[{"embeddable":true,"href":"https:\/\/medicina.udd.cl\/nutricion-dietetica-santiago\/wp-json\/wp\/v2\/users\/1"}],"replies":[{"embeddable":true,"href":"https:\/\/medicina.udd.cl\/nutricion-dietetica-santiago\/wp-json\/wp\/v2\/comments?post=2692"}],"version-history":[{"count":10,"href":"https:\/\/medicina.udd.cl\/nutricion-dietetica-santiago\/wp-json\/wp\/v2\/pages\/2692\/revisions"}],"predecessor-version":[{"id":2695,"href":"https:\/\/medicina.udd.cl\/nutricion-dietetica-santiago\/wp-json\/wp\/v2\/pages\/2692\/revisions\/2695"}],"wp:attachment":[{"href":"https:\/\/medicina.udd.cl\/nutricion-dietetica-santiago\/wp-json\/wp\/v2\/media?parent=2692"}],"curies":[{"name":"wp","href":"https:\/\/api.w.org\/{rel}","templated":true}]}}