{"id":3,"date":"2010-03-31T19:29:33","date_gmt":"2010-03-31T23:29:33","guid":{"rendered":"http:\/\/medicina.udd.cl\/nutricion-dietetica\/sobre-la-carrera\/"},"modified":"2013-11-26T12:58:50","modified_gmt":"2013-11-26T15:58:50","slug":"la-carrera","status":"publish","type":"page","link":"https:\/\/medicina.udd.cl\/nutricion-dietetica-santiago\/la-carrera\/","title":{"rendered":"La Carrera"},"content":{"rendered":"","protected":false},"excerpt":{"rendered":"","protected":false},"author":1,"featured_media":0,"parent":0,"menu_order":0,"comment_status":"open","ping_status":"open","template":"template-indice.php","meta":{"footnotes":""},"class_list":["post-3","page","type-page","status-publish","hentry"],"yoast_head":"<!-- This site is optimized with the Yoast SEO plugin v26.9 - https:\/\/yoast.com\/product\/yoast-seo-wordpress\/ -->\n<title>Sobre la Carrera | Nutrici\u00f3n y Diet\u00e9tica (Santiago) | Universidad del Desarrollo<\/title>\n<meta name=\"description\" content=\"Conoce todo sobre la Carrera de Nutrici\u00f3n y Diet\u00e9tica en nuestra Facultad de Medicina de la Universidad del Desarrollo.\" \/>\n<meta name=\"robots\" content=\"index, follow, max-snippet:-1, max-image-preview:large, max-video-preview:-1\" \/>\n<link rel=\"canonical\" href=\"https:\/\/medicina.udd.cl\/nutricion-dietetica-santiago\/la-carrera\/\" \/>\n<meta property=\"og:locale\" content=\"es_ES\" \/>\n<meta property=\"og:type\" content=\"article\" \/>\n<meta property=\"og:title\" content=\"Sobre la Carrera | Nutrici\u00f3n y Diet\u00e9tica (Santiago) | Universidad del Desarrollo\" \/>\n<meta property=\"og:description\" content=\"Conoce todo sobre la Carrera de Nutrici\u00f3n y Diet\u00e9tica en nuestra Facultad de Medicina de la Universidad del Desarrollo.\" \/>\n<meta property=\"og:url\" content=\"https:\/\/medicina.udd.cl\/nutricion-dietetica-santiago\/la-carrera\/\" \/>\n<meta property=\"og:site_name\" content=\"Nutrici\u00f3n y Diet\u00e9tica\" \/>\n<meta property=\"article:modified_time\" content=\"2013-11-26T15:58:50+00:00\" \/>\n<script type=\"application\/ld+json\" class=\"yoast-schema-graph\">{\"@context\":\"https:\/\/schema.org\",\"@graph\":[{\"@type\":\"WebPage\",\"@id\":\"https:\/\/medicina.udd.cl\/nutricion-dietetica-santiago\/la-carrera\/\",\"url\":\"https:\/\/medicina.udd.cl\/nutricion-dietetica-santiago\/la-carrera\/\",\"name\":\"Sobre la Carrera | Nutrici\u00f3n y Diet\u00e9tica (Santiago) | Universidad del Desarrollo\",\"isPartOf\":{\"@id\":\"https:\/\/medicina.udd.cl\/nutricion-dietetica-santiago\/#website\"},\"datePublished\":\"2010-03-31T23:29:33+00:00\",\"dateModified\":\"2013-11-26T15:58:50+00:00\",\"description\":\"Conoce todo sobre la Carrera de Nutrici\u00f3n y Diet\u00e9tica en nuestra Facultad de Medicina de la Universidad del Desarrollo.\",\"breadcrumb\":{\"@id\":\"https:\/\/medicina.udd.cl\/nutricion-dietetica-santiago\/la-carrera\/#breadcrumb\"},\"inLanguage\":\"es\",\"potentialAction\":[{\"@type\":\"ReadAction\",\"target\":[\"https:\/\/medicina.udd.cl\/nutricion-dietetica-santiago\/la-carrera\/\"]}]},{\"@type\":\"BreadcrumbList\",\"@id\":\"https:\/\/medicina.udd.cl\/nutricion-dietetica-santiago\/la-carrera\/#breadcrumb\",\"itemListElement\":[{\"@type\":\"ListItem\",\"position\":1,\"name\":\"Home\",\"item\":\"https:\/\/medicina.udd.cl\/nutricion-dietetica-santiago\/\"},{\"@type\":\"ListItem\",\"position\":2,\"name\":\"La Carrera\"}]},{\"@type\":\"WebSite\",\"@id\":\"https:\/\/medicina.udd.cl\/nutricion-dietetica-santiago\/#website\",\"url\":\"https:\/\/medicina.udd.cl\/nutricion-dietetica-santiago\/\",\"name\":\"Nutrici\u00f3n y Diet\u00e9tica\",\"description\":\"Facultad de Medicina C\u00ednica Alemana Universidad del Desarrollo\",\"inLanguage\":\"es\"}]}<\/script>\n<!-- \/ Yoast SEO plugin. -->","yoast_head_json":{"title":"Sobre la Carrera | Nutrici\u00f3n y Diet\u00e9tica (Santiago) | Universidad del Desarrollo","description":"Conoce todo sobre la Carrera de Nutrici\u00f3n y Diet\u00e9tica en nuestra Facultad de Medicina de la Universidad del Desarrollo.","robots":{"index":"index","follow":"follow","max-snippet":"max-snippet:-1","max-image-preview":"max-image-preview:large","max-video-preview":"max-video-preview:-1"},"canonical":"https:\/\/medicina.udd.cl\/nutricion-dietetica-santiago\/la-carrera\/","og_locale":"es_ES","og_type":"article","og_title":"Sobre la Carrera | Nutrici\u00f3n y Diet\u00e9tica (Santiago) | Universidad del Desarrollo","og_description":"Conoce todo sobre la Carrera de Nutrici\u00f3n y Diet\u00e9tica en nuestra Facultad de Medicina de la Universidad del Desarrollo.","og_url":"https:\/\/medicina.udd.cl\/nutricion-dietetica-santiago\/la-carrera\/","og_site_name":"Nutrici\u00f3n y Diet\u00e9tica","article_modified_time":"2013-11-26T15:58:50+00:00","schema":{"@context":"https:\/\/schema.org","@graph":[{"@type":"WebPage","@id":"https:\/\/medicina.udd.cl\/nutricion-dietetica-santiago\/la-carrera\/","url":"https:\/\/medicina.udd.cl\/nutricion-dietetica-santiago\/la-carrera\/","name":"Sobre la Carrera | Nutrici\u00f3n y Diet\u00e9tica (Santiago) | Universidad del Desarrollo","isPartOf":{"@id":"https:\/\/medicina.udd.cl\/nutricion-dietetica-santiago\/#website"},"datePublished":"2010-03-31T23:29:33+00:00","dateModified":"2013-11-26T15:58:50+00:00","description":"Conoce todo sobre la Carrera de Nutrici\u00f3n y Diet\u00e9tica en nuestra Facultad de Medicina de la Universidad del Desarrollo.","breadcrumb":{"@id":"https:\/\/medicina.udd.cl\/nutricion-dietetica-santiago\/la-carrera\/#breadcrumb"},"inLanguage":"es","potentialAction":[{"@type":"ReadAction","target":["https:\/\/medicina.udd.cl\/nutricion-dietetica-santiago\/la-carrera\/"]}]},{"@type":"BreadcrumbList","@id":"https:\/\/medicina.udd.cl\/nutricion-dietetica-santiago\/la-carrera\/#breadcrumb","itemListElement":[{"@type":"ListItem","position":1,"name":"Home","item":"https:\/\/medicina.udd.cl\/nutricion-dietetica-santiago\/"},{"@type":"ListItem","position":2,"name":"La Carrera"}]},{"@type":"WebSite","@id":"https:\/\/medicina.udd.cl\/nutricion-dietetica-santiago\/#website","url":"https:\/\/medicina.udd.cl\/nutricion-dietetica-santiago\/","name":"Nutrici\u00f3n y Diet\u00e9tica","description":"Facultad de Medicina C\u00ednica Alemana Universidad del Desarrollo","inLanguage":"es"}]}},"_links":{"self":[{"href":"https:\/\/medicina.udd.cl\/nutricion-dietetica-santiago\/wp-json\/wp\/v2\/pages\/3","targetHints":{"allow":["GET"]}}],"collection":[{"href":"https:\/\/medicina.udd.cl\/nutricion-dietetica-santiago\/wp-json\/wp\/v2\/pages"}],"about":[{"href":"https:\/\/medicina.udd.cl\/nutricion-dietetica-santiago\/wp-json\/wp\/v2\/types\/page"}],"author":[{"embeddable":true,"href":"https:\/\/medicina.udd.cl\/nutricion-dietetica-santiago\/wp-json\/wp\/v2\/users\/1"}],"replies":[{"embeddable":true,"href":"https:\/\/medicina.udd.cl\/nutricion-dietetica-santiago\/wp-json\/wp\/v2\/comments?post=3"}],"version-history":[{"count":6,"href":"https:\/\/medicina.udd.cl\/nutricion-dietetica-santiago\/wp-json\/wp\/v2\/pages\/3\/revisions"}],"predecessor-version":[{"id":1832,"href":"https:\/\/medicina.udd.cl\/nutricion-dietetica-santiago\/wp-json\/wp\/v2\/pages\/3\/revisions\/1832"}],"wp:attachment":[{"href":"https:\/\/medicina.udd.cl\/nutricion-dietetica-santiago\/wp-json\/wp\/v2\/media?parent=3"}],"curies":[{"name":"wp","href":"https:\/\/api.w.org\/{rel}","templated":true}]}}