{"id":318,"date":"2011-09-29T15:14:50","date_gmt":"2011-09-29T18:14:50","guid":{"rendered":"http:\/\/medicina.udd.cl\/nutricion-dietetica-santiago\/"},"modified":"2013-11-26T15:07:34","modified_gmt":"2013-11-26T18:07:34","slug":"programa-vive-sano","status":"publish","type":"page","link":"https:\/\/medicina.udd.cl\/nutricion-dietetica-santiago\/la-carrera\/programa-vive-sano\/","title":{"rendered":"Programa Vive Sano"},"content":{"rendered":"<p style=\"text-align: justify;\"><a href=\"http:\/\/medicina.udd.cl\/nutricion-dietetica-santiago\/files\/2011\/07\/Rinat-ni\u00f1os-y-equipo.jpg\"><img loading=\"lazy\" decoding=\"async\" class=\"aligncenter size-medium wp-image-218\" alt=\"Vive Sano en Maip\u00fa\" src=\"http:\/\/medicina.udd.cl\/nutricion-dietetica-santiago\/files\/2011\/07\/Rinat-ni\u00f1os-y-equipo-300x199.jpg\" width=\"300\" height=\"199\" \/><\/a><\/p>\n<p style=\"text-align: justify;\">El <strong>Programa Vive Sano<\/strong> naci\u00f3 gracias a la iniciativa de la carrera de Nutrici\u00f3n y Diet\u00e9tica de la Facultad de Medicina Cl\u00ednica Alemana Universidad del Desarrollo y la Fundaci\u00f3n Banm\u00e9dica con la finalidad de concientizar, motivar y educar h\u00e1bitos alimenticios saludables en escolares, su grupo familiar y los docentes de los colegios intervenidos.<\/p>\n<p style=\"text-align: justify;\">El objetivo es intervenir\u00a0durante 24 meses a\u00a0distintos colegios con el fin de conocer en sus diferentes etapas el estado nutricional de los beneficiarios, a trav\u00e9s de evaluaci\u00f3n antropom\u00e9trica; caracterizar la alimentaci\u00f3n de \u00e9stos mediante encuestas de cumplimiento de la Gu\u00edas de alimentaci\u00f3n para la poblaci\u00f3n chilena; determinar niveles de actividad f\u00edsica de los beneficiarios; y analizar la oferta de alimentos a trav\u00e9s de servicios de alimentaci\u00f3n Institucionales.<\/p>\n<p style=\"text-align: justify;\">Rinat Ratner, coordinadora del programa y directora de Nutrici\u00f3n y Diet\u00e9tica, afirma que en nuestro pa\u00eds la prevalencia de la obesidad ha aumentado considerablemente en todos los grupos et\u00e1reos y en todos los niveles socio-econ\u00f3micos. \u201cPor esta raz\u00f3n es importante promover el autocuidado y para ello debemos educar a la poblaci\u00f3n en cuanto a la elecci\u00f3n de estilos de vida para propiciar un estado de salud a largo plazo\u201d, afirm\u00f3 la profesional.<\/p>\n<p style=\"text-align: justify;\">Adem\u00e1s, agreg\u00f3 que \u201cnuestra intenci\u00f3n es aportar activamente a uno de los grandes desaf\u00edos actuales de la salud p\u00fablica, que es el combate de la obesidad infantil, problema en el que Chile ocupa uno de los primeros lugares en el ranking mundial\u00bb.<\/p>\n<p style=\"text-align: justify;\">El programa naci\u00f3 el a\u00f1o 2007, entabl\u00e1ndose en\u00a0las comunas de Santiago, Estaci\u00f3n Central, Pe\u00f1alol\u00e9n y Maip\u00fa. En 2013, Vive Sano se lanz\u00f3 en Concepci\u00f3n, en la comuna de San Pedro de la Paz.<\/p>\n<p style=\"text-align: justify;\"><a href=\"http:\/\/medicina.udd.cl\/nutricion-dietetica-santiago\/files\/2011\/09\/Logo-ViveSano-Final_Alta.jpg\"><img loading=\"lazy\" decoding=\"async\" class=\"aligncenter size-medium wp-image-1448\" alt=\"Logo ViveSano Final_Alta\" src=\"http:\/\/medicina.udd.cl\/nutricion-dietetica-santiago\/files\/2011\/09\/Logo-ViveSano-Final_Alta-300x207.jpg\" width=\"300\" height=\"207\" \/><\/a><\/p>\n","protected":false},"excerpt":{"rendered":"<p>El Programa Vive Sano naci\u00f3 gracias a la iniciativa de la carrera de Nutrici\u00f3n y Diet\u00e9tica de la Facultad de Medicina Cl\u00ednica Alemana Universidad del Desarrollo y la Fundaci\u00f3n Banm\u00e9dica con la finalidad de concientizar, motivar y educar h\u00e1bitos alimenticios saludables en escolares, su grupo familiar y los docentes de los colegios intervenidos. El objetivo [&hellip;]<\/p>\n","protected":false},"author":1,"featured_media":0,"parent":3,"menu_order":50,"comment_status":"open","ping_status":"open","template":"","meta":{"footnotes":""},"class_list":["post-318","page","type-page","status-publish","hentry"],"yoast_head":"<!-- This site is optimized with the Yoast SEO plugin v26.9 - https:\/\/yoast.com\/product\/yoast-seo-wordpress\/ -->\n<title>Elige vivir sano | Carrera de Nutrici\u00f3n y Diet\u00e9tica (Santiago) | UDD<\/title>\n<meta name=\"description\" content=\"El Programa Vive Sano, a cargo de Nutricionistas UDD, naci\u00f3 con la finalidad de concientizar, motivar y educar h\u00e1bitos alimenticios saludables en escolares.\" \/>\n<meta name=\"robots\" content=\"index, follow, max-snippet:-1, max-image-preview:large, max-video-preview:-1\" \/>\n<link rel=\"canonical\" href=\"https:\/\/medicina.udd.cl\/nutricion-dietetica-santiago\/la-carrera\/programa-vive-sano\/\" \/>\n<meta property=\"og:locale\" content=\"es_ES\" \/>\n<meta property=\"og:type\" content=\"article\" \/>\n<meta property=\"og:title\" content=\"Elige vivir sano | Carrera de Nutrici\u00f3n y Diet\u00e9tica (Santiago) | UDD\" \/>\n<meta property=\"og:description\" content=\"El Programa Vive Sano, a cargo de Nutricionistas UDD, naci\u00f3 con la finalidad de concientizar, motivar y educar h\u00e1bitos alimenticios saludables en escolares.\" \/>\n<meta property=\"og:url\" content=\"https:\/\/medicina.udd.cl\/nutricion-dietetica-santiago\/la-carrera\/programa-vive-sano\/\" \/>\n<meta property=\"og:site_name\" content=\"Nutrici\u00f3n y Diet\u00e9tica\" \/>\n<meta property=\"article:modified_time\" content=\"2013-11-26T18:07:34+00:00\" \/>\n<meta property=\"og:image\" content=\"http:\/\/medicina.udd.cl\/nutricion-dietetica-santiago\/files\/2011\/09\/Logo-ViveSano-Final_Alta-300x207.jpg\" \/>\n<meta name=\"twitter:label1\" content=\"Tiempo de lectura\" \/>\n\t<meta name=\"twitter:data1\" content=\"2 minutos\" \/>\n<script type=\"application\/ld+json\" class=\"yoast-schema-graph\">{\"@context\":\"https:\/\/schema.org\",\"@graph\":[{\"@type\":\"WebPage\",\"@id\":\"https:\/\/medicina.udd.cl\/nutricion-dietetica-santiago\/la-carrera\/programa-vive-sano\/\",\"url\":\"https:\/\/medicina.udd.cl\/nutricion-dietetica-santiago\/la-carrera\/programa-vive-sano\/\",\"name\":\"Elige vivir sano | Carrera de Nutrici\u00f3n y Diet\u00e9tica (Santiago) | UDD\",\"isPartOf\":{\"@id\":\"https:\/\/medicina.udd.cl\/nutricion-dietetica-santiago\/#website\"},\"primaryImageOfPage\":{\"@id\":\"https:\/\/medicina.udd.cl\/nutricion-dietetica-santiago\/la-carrera\/programa-vive-sano\/#primaryimage\"},\"image\":{\"@id\":\"https:\/\/medicina.udd.cl\/nutricion-dietetica-santiago\/la-carrera\/programa-vive-sano\/#primaryimage\"},\"thumbnailUrl\":\"http:\/\/medicina.udd.cl\/nutricion-dietetica-santiago\/files\/2011\/09\/Logo-ViveSano-Final_Alta-300x207.jpg\",\"datePublished\":\"2011-09-29T18:14:50+00:00\",\"dateModified\":\"2013-11-26T18:07:34+00:00\",\"description\":\"El Programa Vive Sano, a cargo de Nutricionistas UDD, naci\u00f3 con la finalidad de concientizar, motivar y educar h\u00e1bitos alimenticios saludables en escolares.\",\"breadcrumb\":{\"@id\":\"https:\/\/medicina.udd.cl\/nutricion-dietetica-santiago\/la-carrera\/programa-vive-sano\/#breadcrumb\"},\"inLanguage\":\"es\",\"potentialAction\":[{\"@type\":\"ReadAction\",\"target\":[\"https:\/\/medicina.udd.cl\/nutricion-dietetica-santiago\/la-carrera\/programa-vive-sano\/\"]}]},{\"@type\":\"ImageObject\",\"inLanguage\":\"es\",\"@id\":\"https:\/\/medicina.udd.cl\/nutricion-dietetica-santiago\/la-carrera\/programa-vive-sano\/#primaryimage\",\"url\":\"http:\/\/medicina.udd.cl\/nutricion-dietetica-santiago\/files\/2011\/09\/Logo-ViveSano-Final_Alta-300x207.jpg\",\"contentUrl\":\"http:\/\/medicina.udd.cl\/nutricion-dietetica-santiago\/files\/2011\/09\/Logo-ViveSano-Final_Alta-300x207.jpg\"},{\"@type\":\"BreadcrumbList\",\"@id\":\"https:\/\/medicina.udd.cl\/nutricion-dietetica-santiago\/la-carrera\/programa-vive-sano\/#breadcrumb\",\"itemListElement\":[{\"@type\":\"ListItem\",\"position\":1,\"name\":\"Home\",\"item\":\"https:\/\/medicina.udd.cl\/nutricion-dietetica-santiago\/\"},{\"@type\":\"ListItem\",\"position\":2,\"name\":\"La Carrera\",\"item\":\"https:\/\/medicina.udd.cl\/nutricion-dietetica-santiago\/la-carrera\/\"},{\"@type\":\"ListItem\",\"position\":3,\"name\":\"Programa Vive Sano\"}]},{\"@type\":\"WebSite\",\"@id\":\"https:\/\/medicina.udd.cl\/nutricion-dietetica-santiago\/#website\",\"url\":\"https:\/\/medicina.udd.cl\/nutricion-dietetica-santiago\/\",\"name\":\"Nutrici\u00f3n y Diet\u00e9tica\",\"description\":\"Facultad de Medicina C\u00ednica Alemana Universidad del Desarrollo\",\"inLanguage\":\"es\"}]}<\/script>\n<!-- \/ Yoast SEO plugin. -->","yoast_head_json":{"title":"Elige vivir sano | Carrera de Nutrici\u00f3n y Diet\u00e9tica (Santiago) | UDD","description":"El Programa Vive Sano, a cargo de Nutricionistas UDD, naci\u00f3 con la finalidad de concientizar, motivar y educar h\u00e1bitos alimenticios saludables en escolares.","robots":{"index":"index","follow":"follow","max-snippet":"max-snippet:-1","max-image-preview":"max-image-preview:large","max-video-preview":"max-video-preview:-1"},"canonical":"https:\/\/medicina.udd.cl\/nutricion-dietetica-santiago\/la-carrera\/programa-vive-sano\/","og_locale":"es_ES","og_type":"article","og_title":"Elige vivir sano | Carrera de Nutrici\u00f3n y Diet\u00e9tica (Santiago) | UDD","og_description":"El Programa Vive Sano, a cargo de Nutricionistas UDD, naci\u00f3 con la finalidad de concientizar, motivar y educar h\u00e1bitos alimenticios saludables en escolares.","og_url":"https:\/\/medicina.udd.cl\/nutricion-dietetica-santiago\/la-carrera\/programa-vive-sano\/","og_site_name":"Nutrici\u00f3n y Diet\u00e9tica","article_modified_time":"2013-11-26T18:07:34+00:00","og_image":[{"url":"http:\/\/medicina.udd.cl\/nutricion-dietetica-santiago\/files\/2011\/09\/Logo-ViveSano-Final_Alta-300x207.jpg","type":"","width":"","height":""}],"twitter_misc":{"Tiempo de lectura":"2 minutos"},"schema":{"@context":"https:\/\/schema.org","@graph":[{"@type":"WebPage","@id":"https:\/\/medicina.udd.cl\/nutricion-dietetica-santiago\/la-carrera\/programa-vive-sano\/","url":"https:\/\/medicina.udd.cl\/nutricion-dietetica-santiago\/la-carrera\/programa-vive-sano\/","name":"Elige vivir sano | Carrera de Nutrici\u00f3n y Diet\u00e9tica (Santiago) | UDD","isPartOf":{"@id":"https:\/\/medicina.udd.cl\/nutricion-dietetica-santiago\/#website"},"primaryImageOfPage":{"@id":"https:\/\/medicina.udd.cl\/nutricion-dietetica-santiago\/la-carrera\/programa-vive-sano\/#primaryimage"},"image":{"@id":"https:\/\/medicina.udd.cl\/nutricion-dietetica-santiago\/la-carrera\/programa-vive-sano\/#primaryimage"},"thumbnailUrl":"http:\/\/medicina.udd.cl\/nutricion-dietetica-santiago\/files\/2011\/09\/Logo-ViveSano-Final_Alta-300x207.jpg","datePublished":"2011-09-29T18:14:50+00:00","dateModified":"2013-11-26T18:07:34+00:00","description":"El Programa Vive Sano, a cargo de Nutricionistas UDD, naci\u00f3 con la finalidad de concientizar, motivar y educar h\u00e1bitos alimenticios saludables en escolares.","breadcrumb":{"@id":"https:\/\/medicina.udd.cl\/nutricion-dietetica-santiago\/la-carrera\/programa-vive-sano\/#breadcrumb"},"inLanguage":"es","potentialAction":[{"@type":"ReadAction","target":["https:\/\/medicina.udd.cl\/nutricion-dietetica-santiago\/la-carrera\/programa-vive-sano\/"]}]},{"@type":"ImageObject","inLanguage":"es","@id":"https:\/\/medicina.udd.cl\/nutricion-dietetica-santiago\/la-carrera\/programa-vive-sano\/#primaryimage","url":"http:\/\/medicina.udd.cl\/nutricion-dietetica-santiago\/files\/2011\/09\/Logo-ViveSano-Final_Alta-300x207.jpg","contentUrl":"http:\/\/medicina.udd.cl\/nutricion-dietetica-santiago\/files\/2011\/09\/Logo-ViveSano-Final_Alta-300x207.jpg"},{"@type":"BreadcrumbList","@id":"https:\/\/medicina.udd.cl\/nutricion-dietetica-santiago\/la-carrera\/programa-vive-sano\/#breadcrumb","itemListElement":[{"@type":"ListItem","position":1,"name":"Home","item":"https:\/\/medicina.udd.cl\/nutricion-dietetica-santiago\/"},{"@type":"ListItem","position":2,"name":"La Carrera","item":"https:\/\/medicina.udd.cl\/nutricion-dietetica-santiago\/la-carrera\/"},{"@type":"ListItem","position":3,"name":"Programa Vive Sano"}]},{"@type":"WebSite","@id":"https:\/\/medicina.udd.cl\/nutricion-dietetica-santiago\/#website","url":"https:\/\/medicina.udd.cl\/nutricion-dietetica-santiago\/","name":"Nutrici\u00f3n y Diet\u00e9tica","description":"Facultad de Medicina C\u00ednica Alemana Universidad del Desarrollo","inLanguage":"es"}]}},"_links":{"self":[{"href":"https:\/\/medicina.udd.cl\/nutricion-dietetica-santiago\/wp-json\/wp\/v2\/pages\/318","targetHints":{"allow":["GET"]}}],"collection":[{"href":"https:\/\/medicina.udd.cl\/nutricion-dietetica-santiago\/wp-json\/wp\/v2\/pages"}],"about":[{"href":"https:\/\/medicina.udd.cl\/nutricion-dietetica-santiago\/wp-json\/wp\/v2\/types\/page"}],"author":[{"embeddable":true,"href":"https:\/\/medicina.udd.cl\/nutricion-dietetica-santiago\/wp-json\/wp\/v2\/users\/1"}],"replies":[{"embeddable":true,"href":"https:\/\/medicina.udd.cl\/nutricion-dietetica-santiago\/wp-json\/wp\/v2\/comments?post=318"}],"version-history":[{"count":11,"href":"https:\/\/medicina.udd.cl\/nutricion-dietetica-santiago\/wp-json\/wp\/v2\/pages\/318\/revisions"}],"predecessor-version":[{"id":1837,"href":"https:\/\/medicina.udd.cl\/nutricion-dietetica-santiago\/wp-json\/wp\/v2\/pages\/318\/revisions\/1837"}],"up":[{"embeddable":true,"href":"https:\/\/medicina.udd.cl\/nutricion-dietetica-santiago\/wp-json\/wp\/v2\/pages\/3"}],"wp:attachment":[{"href":"https:\/\/medicina.udd.cl\/nutricion-dietetica-santiago\/wp-json\/wp\/v2\/media?parent=318"}],"curies":[{"name":"wp","href":"https:\/\/api.w.org\/{rel}","templated":true}]}}