{"id":9,"date":"2010-03-31T19:29:33","date_gmt":"2010-03-31T23:29:33","guid":{"rendered":"http:\/\/medicina.udd.cl\/nutricion-dietetica\/sobre-la-carrera\/descripcion\/"},"modified":"2016-09-21T12:21:21","modified_gmt":"2016-09-21T15:21:21","slug":"descripcion","status":"publish","type":"page","link":"https:\/\/medicina.udd.cl\/nutricion-dietetica-santiago\/la-carrera\/descripcion\/","title":{"rendered":"Descripci\u00f3n"},"content":{"rendered":"<p style=\"text-align: justify\"><img loading=\"lazy\" decoding=\"async\" class=\" wp-image-1574 alignleft\" src=\"http:\/\/medicina.udd.cl\/nutricion-dietetica-santiago\/files\/2010\/03\/Logo-Nutrici\u00f3n-298x300.jpg\" alt=\"Logo Nutrici\u00f3n\" width=\"149\" height=\"150\" srcset=\"https:\/\/medicina.udd.cl\/nutricion-dietetica-santiago\/files\/2010\/03\/Logo-Nutrici\u00f3n-298x300.jpg 298w, https:\/\/medicina.udd.cl\/nutricion-dietetica-santiago\/files\/2010\/03\/Logo-Nutrici\u00f3n-150x150.jpg 150w, https:\/\/medicina.udd.cl\/nutricion-dietetica-santiago\/files\/2010\/03\/Logo-Nutrici\u00f3n-62x62.jpg 62w, https:\/\/medicina.udd.cl\/nutricion-dietetica-santiago\/files\/2010\/03\/Logo-Nutrici\u00f3n-300x300.jpg 300w, https:\/\/medicina.udd.cl\/nutricion-dietetica-santiago\/files\/2010\/03\/Logo-Nutrici\u00f3n-126x126.jpg 126w, https:\/\/medicina.udd.cl\/nutricion-dietetica-santiago\/files\/2010\/03\/Logo-Nutrici\u00f3n.jpg 615w\" sizes=\"auto, (max-width: 149px) 100vw, 149px\" \/>En la carrera de Nutrici\u00f3n y Diet\u00e9tica formamos profesionales de alto nivel, con capacidad emprendedora y de liderazgo, valorados por su vocaci\u00f3n de servicio, \u00e9tica profesional y compromiso con el desarrollo cient\u00edfico y social del pa\u00eds. Esto se evidencia en su alta empleabilidad y reconocimiento en las distintas \u00e1reas de la nutrici\u00f3n, incluyendo emprendimientos personales.<\/p>\n<p style=\"text-align: justify\">Se trata de un profesional con una s\u00f3lida base cient\u00edfica y visi\u00f3n hol\u00edstica del ser humano, altamente capacitado para desempe\u00f1arse en el \u00e1rea cl\u00ednica, salud p\u00fablica, deporte, negocios e industria alimentaria.<\/p>\n<p style=\"text-align: justify\">La Escuela de Nutrici\u00f3n y Diet\u00e9tica UDD se caracteriza por su vinculaci\u00f3n con el medio, a trav\u00e9s de diversos programas de intervenci\u00f3n en la comunidad tales como:<\/p>\n<ul>\n<li style=\"text-align: justify\"><strong>Vive Sano<\/strong>: programa para combatir la obesidad en escuelas municipalizadas.<\/li>\n<li style=\"text-align: justify\"><strong>Programa Materno &#8211; Infantil en <a href=\"http:\/\/medicina.udd.cl\/infraestructura\/campus-clinicos\/clinica-udd\/\">Cl\u00ednica UDD<\/a><\/strong>: se desarrolla en La Florida, con apoyo a ni\u00f1os y embarazadas en la prevenci\u00f3n y tratamiento de sobrepeso y\/o por d\u00e9ficit nutricional.<\/li>\n<li style=\"text-align: justify\"><strong>\u00a1C\u00f3metelas todas!: <\/strong>programa<strong>\u00a0<\/strong>de promoci\u00f3n de ingesta de frutas y verduras, dise\u00f1ada e implementada por los estudiantes de la carrera.<\/li>\n<\/ul>\n","protected":false},"excerpt":{"rendered":"<p>En la carrera de Nutrici\u00f3n y Diet\u00e9tica formamos profesionales de alto nivel, con capacidad emprendedora y de liderazgo, valorados por su vocaci\u00f3n de servicio, \u00e9tica profesional y compromiso con el desarrollo cient\u00edfico y social del pa\u00eds. Esto se evidencia en su alta empleabilidad y reconocimiento en las distintas \u00e1reas de la nutrici\u00f3n, incluyendo emprendimientos personales. [&hellip;]<\/p>\n","protected":false},"author":1,"featured_media":0,"parent":3,"menu_order":10,"comment_status":"open","ping_status":"open","template":"","meta":{"footnotes":""},"class_list":["post-9","page","type-page","status-publish","hentry"],"yoast_head":"<!-- This site is optimized with the Yoast SEO plugin v26.9 - https:\/\/yoast.com\/product\/yoast-seo-wordpress\/ -->\n<title>Descripci\u00f3n de la Carrera | Nutrici\u00f3n y Diet\u00e9tica (Santiago)| Universidad del Desarrollo<\/title>\n<meta name=\"description\" content=\"Nutrici\u00f3n y Diet\u00e9tica en la UDD involucra todos los aspectos del ser humano durante todo su ciclo vital sano y enfermo, en lo personal y en lo colectivo.\" \/>\n<meta name=\"robots\" content=\"index, follow, max-snippet:-1, max-image-preview:large, max-video-preview:-1\" \/>\n<link rel=\"canonical\" href=\"https:\/\/medicina.udd.cl\/nutricion-dietetica-santiago\/la-carrera\/descripcion\/\" \/>\n<meta property=\"og:locale\" content=\"es_ES\" \/>\n<meta property=\"og:type\" content=\"article\" \/>\n<meta property=\"og:title\" content=\"Descripci\u00f3n de la Carrera | Nutrici\u00f3n y Diet\u00e9tica (Santiago)| Universidad del Desarrollo\" \/>\n<meta property=\"og:description\" content=\"Nutrici\u00f3n y Diet\u00e9tica en la UDD involucra todos los aspectos del ser humano durante todo su ciclo vital sano y enfermo, en lo personal y en lo colectivo.\" \/>\n<meta property=\"og:url\" content=\"https:\/\/medicina.udd.cl\/nutricion-dietetica-santiago\/la-carrera\/descripcion\/\" \/>\n<meta property=\"og:site_name\" content=\"Nutrici\u00f3n y Diet\u00e9tica\" \/>\n<meta property=\"article:modified_time\" content=\"2016-09-21T15:21:21+00:00\" \/>\n<meta name=\"twitter:label1\" content=\"Tiempo de lectura\" \/>\n\t<meta name=\"twitter:data1\" content=\"1 minuto\" \/>\n<script type=\"application\/ld+json\" class=\"yoast-schema-graph\">{\"@context\":\"https:\/\/schema.org\",\"@graph\":[{\"@type\":\"WebPage\",\"@id\":\"https:\/\/medicina.udd.cl\/nutricion-dietetica-santiago\/la-carrera\/descripcion\/\",\"url\":\"https:\/\/medicina.udd.cl\/nutricion-dietetica-santiago\/la-carrera\/descripcion\/\",\"name\":\"Descripci\u00f3n de la Carrera | Nutrici\u00f3n y Diet\u00e9tica (Santiago)| Universidad del Desarrollo\",\"isPartOf\":{\"@id\":\"https:\/\/medicina.udd.cl\/nutricion-dietetica-santiago\/#website\"},\"datePublished\":\"2010-03-31T23:29:33+00:00\",\"dateModified\":\"2016-09-21T15:21:21+00:00\",\"description\":\"Nutrici\u00f3n y Diet\u00e9tica en la UDD involucra todos los aspectos del ser humano durante todo su ciclo vital sano y enfermo, en lo personal y en lo colectivo.\",\"breadcrumb\":{\"@id\":\"https:\/\/medicina.udd.cl\/nutricion-dietetica-santiago\/la-carrera\/descripcion\/#breadcrumb\"},\"inLanguage\":\"es\",\"potentialAction\":[{\"@type\":\"ReadAction\",\"target\":[\"https:\/\/medicina.udd.cl\/nutricion-dietetica-santiago\/la-carrera\/descripcion\/\"]}]},{\"@type\":\"BreadcrumbList\",\"@id\":\"https:\/\/medicina.udd.cl\/nutricion-dietetica-santiago\/la-carrera\/descripcion\/#breadcrumb\",\"itemListElement\":[{\"@type\":\"ListItem\",\"position\":1,\"name\":\"Home\",\"item\":\"https:\/\/medicina.udd.cl\/nutricion-dietetica-santiago\/\"},{\"@type\":\"ListItem\",\"position\":2,\"name\":\"La Carrera\",\"item\":\"https:\/\/medicina.udd.cl\/nutricion-dietetica-santiago\/la-carrera\/\"},{\"@type\":\"ListItem\",\"position\":3,\"name\":\"Descripci\u00f3n\"}]},{\"@type\":\"WebSite\",\"@id\":\"https:\/\/medicina.udd.cl\/nutricion-dietetica-santiago\/#website\",\"url\":\"https:\/\/medicina.udd.cl\/nutricion-dietetica-santiago\/\",\"name\":\"Nutrici\u00f3n y Diet\u00e9tica\",\"description\":\"Facultad de Medicina C\u00ednica Alemana Universidad del Desarrollo\",\"inLanguage\":\"es\"}]}<\/script>\n<!-- \/ Yoast SEO plugin. -->","yoast_head_json":{"title":"Descripci\u00f3n de la Carrera | Nutrici\u00f3n y Diet\u00e9tica (Santiago)| Universidad del Desarrollo","description":"Nutrici\u00f3n y Diet\u00e9tica en la UDD involucra todos los aspectos del ser humano durante todo su ciclo vital sano y enfermo, en lo personal y en lo colectivo.","robots":{"index":"index","follow":"follow","max-snippet":"max-snippet:-1","max-image-preview":"max-image-preview:large","max-video-preview":"max-video-preview:-1"},"canonical":"https:\/\/medicina.udd.cl\/nutricion-dietetica-santiago\/la-carrera\/descripcion\/","og_locale":"es_ES","og_type":"article","og_title":"Descripci\u00f3n de la Carrera | Nutrici\u00f3n y Diet\u00e9tica (Santiago)| Universidad del Desarrollo","og_description":"Nutrici\u00f3n y Diet\u00e9tica en la UDD involucra todos los aspectos del ser humano durante todo su ciclo vital sano y enfermo, en lo personal y en lo colectivo.","og_url":"https:\/\/medicina.udd.cl\/nutricion-dietetica-santiago\/la-carrera\/descripcion\/","og_site_name":"Nutrici\u00f3n y Diet\u00e9tica","article_modified_time":"2016-09-21T15:21:21+00:00","twitter_misc":{"Tiempo de lectura":"1 minuto"},"schema":{"@context":"https:\/\/schema.org","@graph":[{"@type":"WebPage","@id":"https:\/\/medicina.udd.cl\/nutricion-dietetica-santiago\/la-carrera\/descripcion\/","url":"https:\/\/medicina.udd.cl\/nutricion-dietetica-santiago\/la-carrera\/descripcion\/","name":"Descripci\u00f3n de la Carrera | Nutrici\u00f3n y Diet\u00e9tica (Santiago)| Universidad del Desarrollo","isPartOf":{"@id":"https:\/\/medicina.udd.cl\/nutricion-dietetica-santiago\/#website"},"datePublished":"2010-03-31T23:29:33+00:00","dateModified":"2016-09-21T15:21:21+00:00","description":"Nutrici\u00f3n y Diet\u00e9tica en la UDD involucra todos los aspectos del ser humano durante todo su ciclo vital sano y enfermo, en lo personal y en lo colectivo.","breadcrumb":{"@id":"https:\/\/medicina.udd.cl\/nutricion-dietetica-santiago\/la-carrera\/descripcion\/#breadcrumb"},"inLanguage":"es","potentialAction":[{"@type":"ReadAction","target":["https:\/\/medicina.udd.cl\/nutricion-dietetica-santiago\/la-carrera\/descripcion\/"]}]},{"@type":"BreadcrumbList","@id":"https:\/\/medicina.udd.cl\/nutricion-dietetica-santiago\/la-carrera\/descripcion\/#breadcrumb","itemListElement":[{"@type":"ListItem","position":1,"name":"Home","item":"https:\/\/medicina.udd.cl\/nutricion-dietetica-santiago\/"},{"@type":"ListItem","position":2,"name":"La Carrera","item":"https:\/\/medicina.udd.cl\/nutricion-dietetica-santiago\/la-carrera\/"},{"@type":"ListItem","position":3,"name":"Descripci\u00f3n"}]},{"@type":"WebSite","@id":"https:\/\/medicina.udd.cl\/nutricion-dietetica-santiago\/#website","url":"https:\/\/medicina.udd.cl\/nutricion-dietetica-santiago\/","name":"Nutrici\u00f3n y Diet\u00e9tica","description":"Facultad de Medicina C\u00ednica Alemana Universidad del Desarrollo","inLanguage":"es"}]}},"_links":{"self":[{"href":"https:\/\/medicina.udd.cl\/nutricion-dietetica-santiago\/wp-json\/wp\/v2\/pages\/9","targetHints":{"allow":["GET"]}}],"collection":[{"href":"https:\/\/medicina.udd.cl\/nutricion-dietetica-santiago\/wp-json\/wp\/v2\/pages"}],"about":[{"href":"https:\/\/medicina.udd.cl\/nutricion-dietetica-santiago\/wp-json\/wp\/v2\/types\/page"}],"author":[{"embeddable":true,"href":"https:\/\/medicina.udd.cl\/nutricion-dietetica-santiago\/wp-json\/wp\/v2\/users\/1"}],"replies":[{"embeddable":true,"href":"https:\/\/medicina.udd.cl\/nutricion-dietetica-santiago\/wp-json\/wp\/v2\/comments?post=9"}],"version-history":[{"count":17,"href":"https:\/\/medicina.udd.cl\/nutricion-dietetica-santiago\/wp-json\/wp\/v2\/pages\/9\/revisions"}],"predecessor-version":[{"id":3620,"href":"https:\/\/medicina.udd.cl\/nutricion-dietetica-santiago\/wp-json\/wp\/v2\/pages\/9\/revisions\/3620"}],"up":[{"embeddable":true,"href":"https:\/\/medicina.udd.cl\/nutricion-dietetica-santiago\/wp-json\/wp\/v2\/pages\/3"}],"wp:attachment":[{"href":"https:\/\/medicina.udd.cl\/nutricion-dietetica-santiago\/wp-json\/wp\/v2\/media?parent=9"}],"curies":[{"name":"wp","href":"https:\/\/api.w.org\/{rel}","templated":true}]}}