{"id":9534,"date":"2025-10-16T17:31:05","date_gmt":"2025-10-16T20:31:05","guid":{"rendered":"https:\/\/medicina.udd.cl\/nutricion-dietetica-santiago\/?page_id=9534"},"modified":"2025-10-22T11:38:16","modified_gmt":"2025-10-22T14:38:16","slug":"quieres-recibir-la-malla-nueva","status":"publish","type":"page","link":"https:\/\/medicina.udd.cl\/nutricion-dietetica-santiago\/quieres-recibir-la-malla-nueva\/","title":{"rendered":"\u00bfQuieres conocer la nueva malla?"},"content":{"rendered":"\n<p>Completa tus datos y te contactaremos para entregar m\u00e1s informaci\u00f3n sobre esta innovaci\u00f3n de la Facultad de Medicina Cl\u00ednica Alemana Universidad del Desarrollo<\/p>\n\n\n<iframe src=\"https:\/\/crmadmision.udd.cl\/formulario_alumno_web3\/?cod_tipo=106&#038;cod_sede=1\" width=\"100%\" height=\"3000\" loading=\"lazy\" frameborder=\"0\" scrolling=\"no\"><\/iframe>\n\n\n\n<p><\/p>\n","protected":false},"excerpt":{"rendered":"<p>Completa tus datos y te contactaremos para entregar m\u00e1s informaci\u00f3n sobre esta innovaci\u00f3n de la Facultad de Medicina Cl\u00ednica Alemana Universidad del Desarrollo<\/p>\n","protected":false},"author":9192215,"featured_media":0,"parent":0,"menu_order":0,"comment_status":"closed","ping_status":"closed","template":"","meta":{"footnotes":""},"class_list":["post-9534","page","type-page","status-publish","hentry"],"yoast_head":"<!-- This site is optimized with the Yoast SEO plugin v26.9 - https:\/\/yoast.com\/product\/yoast-seo-wordpress\/ -->\n<title>\u00bfQuieres conocer la nueva malla? - Nutrici\u00f3n y Diet\u00e9tica<\/title>\n<meta name=\"robots\" content=\"index, follow, max-snippet:-1, max-image-preview:large, max-video-preview:-1\" \/>\n<link rel=\"canonical\" href=\"https:\/\/medicina.udd.cl\/nutricion-dietetica-santiago\/quieres-recibir-la-malla-nueva\/\" \/>\n<meta property=\"og:locale\" content=\"es_ES\" \/>\n<meta property=\"og:type\" content=\"article\" \/>\n<meta property=\"og:title\" content=\"\u00bfQuieres conocer la nueva malla? - Nutrici\u00f3n y Diet\u00e9tica\" \/>\n<meta property=\"og:description\" content=\"Completa tus datos y te contactaremos para entregar m\u00e1s informaci\u00f3n sobre esta innovaci\u00f3n de la Facultad de Medicina Cl\u00ednica Alemana Universidad del Desarrollo\" \/>\n<meta property=\"og:url\" content=\"https:\/\/medicina.udd.cl\/nutricion-dietetica-santiago\/quieres-recibir-la-malla-nueva\/\" \/>\n<meta property=\"og:site_name\" content=\"Nutrici\u00f3n y Diet\u00e9tica\" \/>\n<meta property=\"article:modified_time\" content=\"2025-10-22T14:38:16+00:00\" \/>\n<meta name=\"twitter:label1\" content=\"Tiempo de lectura\" \/>\n\t<meta name=\"twitter:data1\" content=\"1 minuto\" \/>\n<script type=\"application\/ld+json\" class=\"yoast-schema-graph\">{\"@context\":\"https:\/\/schema.org\",\"@graph\":[{\"@type\":\"WebPage\",\"@id\":\"https:\/\/medicina.udd.cl\/nutricion-dietetica-santiago\/quieres-recibir-la-malla-nueva\/\",\"url\":\"https:\/\/medicina.udd.cl\/nutricion-dietetica-santiago\/quieres-recibir-la-malla-nueva\/\",\"name\":\"\u00bfQuieres conocer la nueva malla? - Nutrici\u00f3n y Diet\u00e9tica\",\"isPartOf\":{\"@id\":\"https:\/\/medicina.udd.cl\/nutricion-dietetica-santiago\/#website\"},\"datePublished\":\"2025-10-16T20:31:05+00:00\",\"dateModified\":\"2025-10-22T14:38:16+00:00\",\"breadcrumb\":{\"@id\":\"https:\/\/medicina.udd.cl\/nutricion-dietetica-santiago\/quieres-recibir-la-malla-nueva\/#breadcrumb\"},\"inLanguage\":\"es\",\"potentialAction\":[{\"@type\":\"ReadAction\",\"target\":[\"https:\/\/medicina.udd.cl\/nutricion-dietetica-santiago\/quieres-recibir-la-malla-nueva\/\"]}]},{\"@type\":\"BreadcrumbList\",\"@id\":\"https:\/\/medicina.udd.cl\/nutricion-dietetica-santiago\/quieres-recibir-la-malla-nueva\/#breadcrumb\",\"itemListElement\":[{\"@type\":\"ListItem\",\"position\":1,\"name\":\"Home\",\"item\":\"https:\/\/medicina.udd.cl\/nutricion-dietetica-santiago\/\"},{\"@type\":\"ListItem\",\"position\":2,\"name\":\"\u00bfQuieres conocer la nueva malla?\"}]},{\"@type\":\"WebSite\",\"@id\":\"https:\/\/medicina.udd.cl\/nutricion-dietetica-santiago\/#website\",\"url\":\"https:\/\/medicina.udd.cl\/nutricion-dietetica-santiago\/\",\"name\":\"Nutrici\u00f3n y Diet\u00e9tica\",\"description\":\"Facultad de Medicina C\u00ednica Alemana Universidad del Desarrollo\",\"inLanguage\":\"es\"}]}<\/script>\n<!-- \/ Yoast SEO plugin. -->","yoast_head_json":{"title":"\u00bfQuieres conocer la nueva malla? - Nutrici\u00f3n y Diet\u00e9tica","robots":{"index":"index","follow":"follow","max-snippet":"max-snippet:-1","max-image-preview":"max-image-preview:large","max-video-preview":"max-video-preview:-1"},"canonical":"https:\/\/medicina.udd.cl\/nutricion-dietetica-santiago\/quieres-recibir-la-malla-nueva\/","og_locale":"es_ES","og_type":"article","og_title":"\u00bfQuieres conocer la nueva malla? - Nutrici\u00f3n y Diet\u00e9tica","og_description":"Completa tus datos y te contactaremos para entregar m\u00e1s informaci\u00f3n sobre esta innovaci\u00f3n de la Facultad de Medicina Cl\u00ednica Alemana Universidad del Desarrollo","og_url":"https:\/\/medicina.udd.cl\/nutricion-dietetica-santiago\/quieres-recibir-la-malla-nueva\/","og_site_name":"Nutrici\u00f3n y Diet\u00e9tica","article_modified_time":"2025-10-22T14:38:16+00:00","twitter_misc":{"Tiempo de lectura":"1 minuto"},"schema":{"@context":"https:\/\/schema.org","@graph":[{"@type":"WebPage","@id":"https:\/\/medicina.udd.cl\/nutricion-dietetica-santiago\/quieres-recibir-la-malla-nueva\/","url":"https:\/\/medicina.udd.cl\/nutricion-dietetica-santiago\/quieres-recibir-la-malla-nueva\/","name":"\u00bfQuieres conocer la nueva malla? - Nutrici\u00f3n y Diet\u00e9tica","isPartOf":{"@id":"https:\/\/medicina.udd.cl\/nutricion-dietetica-santiago\/#website"},"datePublished":"2025-10-16T20:31:05+00:00","dateModified":"2025-10-22T14:38:16+00:00","breadcrumb":{"@id":"https:\/\/medicina.udd.cl\/nutricion-dietetica-santiago\/quieres-recibir-la-malla-nueva\/#breadcrumb"},"inLanguage":"es","potentialAction":[{"@type":"ReadAction","target":["https:\/\/medicina.udd.cl\/nutricion-dietetica-santiago\/quieres-recibir-la-malla-nueva\/"]}]},{"@type":"BreadcrumbList","@id":"https:\/\/medicina.udd.cl\/nutricion-dietetica-santiago\/quieres-recibir-la-malla-nueva\/#breadcrumb","itemListElement":[{"@type":"ListItem","position":1,"name":"Home","item":"https:\/\/medicina.udd.cl\/nutricion-dietetica-santiago\/"},{"@type":"ListItem","position":2,"name":"\u00bfQuieres conocer la nueva malla?"}]},{"@type":"WebSite","@id":"https:\/\/medicina.udd.cl\/nutricion-dietetica-santiago\/#website","url":"https:\/\/medicina.udd.cl\/nutricion-dietetica-santiago\/","name":"Nutrici\u00f3n y Diet\u00e9tica","description":"Facultad de Medicina C\u00ednica Alemana Universidad del Desarrollo","inLanguage":"es"}]}},"_links":{"self":[{"href":"https:\/\/medicina.udd.cl\/nutricion-dietetica-santiago\/wp-json\/wp\/v2\/pages\/9534","targetHints":{"allow":["GET"]}}],"collection":[{"href":"https:\/\/medicina.udd.cl\/nutricion-dietetica-santiago\/wp-json\/wp\/v2\/pages"}],"about":[{"href":"https:\/\/medicina.udd.cl\/nutricion-dietetica-santiago\/wp-json\/wp\/v2\/types\/page"}],"author":[{"embeddable":true,"href":"https:\/\/medicina.udd.cl\/nutricion-dietetica-santiago\/wp-json\/wp\/v2\/users\/9192215"}],"replies":[{"embeddable":true,"href":"https:\/\/medicina.udd.cl\/nutricion-dietetica-santiago\/wp-json\/wp\/v2\/comments?post=9534"}],"version-history":[{"count":2,"href":"https:\/\/medicina.udd.cl\/nutricion-dietetica-santiago\/wp-json\/wp\/v2\/pages\/9534\/revisions"}],"predecessor-version":[{"id":9567,"href":"https:\/\/medicina.udd.cl\/nutricion-dietetica-santiago\/wp-json\/wp\/v2\/pages\/9534\/revisions\/9567"}],"wp:attachment":[{"href":"https:\/\/medicina.udd.cl\/nutricion-dietetica-santiago\/wp-json\/wp\/v2\/media?parent=9534"}],"curies":[{"name":"wp","href":"https:\/\/api.w.org\/{rel}","templated":true}]}}