{"id":9536,"date":"2025-10-16T17:35:38","date_gmt":"2025-10-16T20:35:38","guid":{"rendered":"https:\/\/medicina.udd.cl\/nutricion-dietetica-santiago\/?page_id=9536"},"modified":"2025-10-22T11:37:27","modified_gmt":"2025-10-22T14:37:27","slug":"nueva-malla-nutricion-y-dietetica-magister-en-5-anos","status":"publish","type":"page","link":"https:\/\/medicina.udd.cl\/nutricion-dietetica-santiago\/nueva-malla-nutricion-y-dietetica-magister-en-5-anos\/","title":{"rendered":"Nueva Malla: Nutrici\u00f3n y Diet\u00e9tica + Mag\u00edster en 5 a\u00f1os"},"content":{"rendered":"\n<p>La Universidad del Desarrollo implementar\u00e1 en 2026 un <strong>nuevo plan de estudios en Nutrici\u00f3n y Diet\u00e9tica<\/strong>, que integra <strong>bachillerato, licenciatura, t\u00edtulo profesional y m\u00e1ster<\/strong> en un solo programa coherente y progresivo, <strong>manteniendo la duraci\u00f3n de 10 semestres<\/strong>.<\/p>\n\n\n\n<p>Este formato, pionero en Chile, <strong>rompe con los modelos tradicionales<\/strong> de ense\u00f1anza al eliminar la duplicidad entre pregrado y postgrado, permitiendo a los estudiantes egresar con una <strong>formaci\u00f3n avanzada y altamente especializada<\/strong>, sin extender su tiempo de estudio.<\/p>\n\n\n\n<p>La nueva malla potencia la <strong>empleabilidad y las oportunidades laborales<\/strong> de los egresados, incorporando un <strong>Mag\u00edster Profesionalizante<\/strong> que ofrece dos especializaciones: <strong>Nutrici\u00f3n Cl\u00ednica<\/strong> y <strong>Nutrici\u00f3n Deportiva<\/strong>. Ambas responden a las \u00e1reas de mayor crecimiento y demanda en el campo de la salud y el bienestar, con <strong>mejores proyecciones de ingreso y liderazgo profesional<\/strong>.<\/p>\n\n\n\n<p>El programa mantiene una formaci\u00f3n integral en las tres \u00e1reas esenciales de la disciplina \u2014<strong>cl\u00ednica, promoci\u00f3n de la salud y gesti\u00f3n alimentaria<\/strong>\u2014 y refuerza los <strong>sellos distintivos UDD<\/strong>: innovaci\u00f3n y emprendimiento, formaci\u00f3n humanista, sustentabilidad y uso de nuevas tecnolog\u00edas.<\/p>\n\n\n\n<p>Con este cambio, la UDD reafirma su compromiso con una <strong>educaci\u00f3n de excelencia, pertinente y conectada con los desaf\u00edos del futuro profesional<\/strong>.<\/p>\n\n\n\n<div class=\"wp-block-buttons is-layout-flex wp-block-buttons-is-layout-flex\">\n<div class=\"wp-block-button\"><a class=\"wp-block-button__link wp-element-button\" href=\"https:\/\/medicina.udd.cl\/nutricion-dietetica-santiago\/quieres-recibir-la-malla-nueva\/\">\u00bfQuieres conocer la nueva malla?<\/a><\/div>\n<\/div>\n\n\n\n<p><\/p>\n","protected":false},"excerpt":{"rendered":"<p>La Universidad del Desarrollo implementar\u00e1 en 2026 un nuevo plan de estudios en Nutrici\u00f3n y Diet\u00e9tica, que integra bachillerato, licenciatura, t\u00edtulo profesional y m\u00e1ster en un solo programa coherente y progresivo, manteniendo la duraci\u00f3n de 10 semestres. Este formato, pionero en Chile, rompe con los modelos tradicionales de ense\u00f1anza al eliminar la duplicidad entre pregrado [&hellip;]<\/p>\n","protected":false},"author":9192215,"featured_media":0,"parent":0,"menu_order":0,"comment_status":"closed","ping_status":"closed","template":"","meta":{"footnotes":""},"class_list":["post-9536","page","type-page","status-publish","hentry"],"yoast_head":"<!-- This site is optimized with the Yoast SEO plugin v26.9 - https:\/\/yoast.com\/product\/yoast-seo-wordpress\/ -->\n<title>Nueva Malla: Nutrici\u00f3n y Diet\u00e9tica + Mag\u00edster en 5 a\u00f1os - Nutrici\u00f3n y Diet\u00e9tica<\/title>\n<meta name=\"robots\" content=\"index, follow, max-snippet:-1, max-image-preview:large, max-video-preview:-1\" \/>\n<link rel=\"canonical\" href=\"https:\/\/medicina.udd.cl\/nutricion-dietetica-santiago\/nueva-malla-nutricion-y-dietetica-magister-en-5-anos\/\" \/>\n<meta property=\"og:locale\" content=\"es_ES\" \/>\n<meta property=\"og:type\" content=\"article\" \/>\n<meta property=\"og:title\" content=\"Nueva Malla: Nutrici\u00f3n y Diet\u00e9tica + Mag\u00edster en 5 a\u00f1os - Nutrici\u00f3n y Diet\u00e9tica\" \/>\n<meta property=\"og:description\" content=\"La Universidad del Desarrollo implementar\u00e1 en 2026 un nuevo plan de estudios en Nutrici\u00f3n y Diet\u00e9tica, que integra bachillerato, licenciatura, t\u00edtulo profesional y m\u00e1ster en un solo programa coherente y progresivo, manteniendo la duraci\u00f3n de 10 semestres. Este formato, pionero en Chile, rompe con los modelos tradicionales de ense\u00f1anza al eliminar la duplicidad entre pregrado [&hellip;]\" \/>\n<meta property=\"og:url\" content=\"https:\/\/medicina.udd.cl\/nutricion-dietetica-santiago\/nueva-malla-nutricion-y-dietetica-magister-en-5-anos\/\" \/>\n<meta property=\"og:site_name\" content=\"Nutrici\u00f3n y Diet\u00e9tica\" \/>\n<meta property=\"article:modified_time\" content=\"2025-10-22T14:37:27+00:00\" \/>\n<meta name=\"twitter:label1\" content=\"Tiempo de lectura\" \/>\n\t<meta name=\"twitter:data1\" content=\"1 minuto\" \/>\n<script type=\"application\/ld+json\" class=\"yoast-schema-graph\">{\"@context\":\"https:\/\/schema.org\",\"@graph\":[{\"@type\":\"WebPage\",\"@id\":\"https:\/\/medicina.udd.cl\/nutricion-dietetica-santiago\/nueva-malla-nutricion-y-dietetica-magister-en-5-anos\/\",\"url\":\"https:\/\/medicina.udd.cl\/nutricion-dietetica-santiago\/nueva-malla-nutricion-y-dietetica-magister-en-5-anos\/\",\"name\":\"Nueva Malla: Nutrici\u00f3n y Diet\u00e9tica + Mag\u00edster en 5 a\u00f1os - Nutrici\u00f3n y Diet\u00e9tica\",\"isPartOf\":{\"@id\":\"https:\/\/medicina.udd.cl\/nutricion-dietetica-santiago\/#website\"},\"datePublished\":\"2025-10-16T20:35:38+00:00\",\"dateModified\":\"2025-10-22T14:37:27+00:00\",\"breadcrumb\":{\"@id\":\"https:\/\/medicina.udd.cl\/nutricion-dietetica-santiago\/nueva-malla-nutricion-y-dietetica-magister-en-5-anos\/#breadcrumb\"},\"inLanguage\":\"es\",\"potentialAction\":[{\"@type\":\"ReadAction\",\"target\":[\"https:\/\/medicina.udd.cl\/nutricion-dietetica-santiago\/nueva-malla-nutricion-y-dietetica-magister-en-5-anos\/\"]}]},{\"@type\":\"BreadcrumbList\",\"@id\":\"https:\/\/medicina.udd.cl\/nutricion-dietetica-santiago\/nueva-malla-nutricion-y-dietetica-magister-en-5-anos\/#breadcrumb\",\"itemListElement\":[{\"@type\":\"ListItem\",\"position\":1,\"name\":\"Home\",\"item\":\"https:\/\/medicina.udd.cl\/nutricion-dietetica-santiago\/\"},{\"@type\":\"ListItem\",\"position\":2,\"name\":\"Nueva Malla: Nutrici\u00f3n y Diet\u00e9tica + Mag\u00edster en 5 a\u00f1os\"}]},{\"@type\":\"WebSite\",\"@id\":\"https:\/\/medicina.udd.cl\/nutricion-dietetica-santiago\/#website\",\"url\":\"https:\/\/medicina.udd.cl\/nutricion-dietetica-santiago\/\",\"name\":\"Nutrici\u00f3n y Diet\u00e9tica\",\"description\":\"Facultad de Medicina C\u00ednica Alemana Universidad del Desarrollo\",\"inLanguage\":\"es\"}]}<\/script>\n<!-- \/ Yoast SEO plugin. -->","yoast_head_json":{"title":"Nueva Malla: Nutrici\u00f3n y Diet\u00e9tica + Mag\u00edster en 5 a\u00f1os - Nutrici\u00f3n y Diet\u00e9tica","robots":{"index":"index","follow":"follow","max-snippet":"max-snippet:-1","max-image-preview":"max-image-preview:large","max-video-preview":"max-video-preview:-1"},"canonical":"https:\/\/medicina.udd.cl\/nutricion-dietetica-santiago\/nueva-malla-nutricion-y-dietetica-magister-en-5-anos\/","og_locale":"es_ES","og_type":"article","og_title":"Nueva Malla: Nutrici\u00f3n y Diet\u00e9tica + Mag\u00edster en 5 a\u00f1os - Nutrici\u00f3n y Diet\u00e9tica","og_description":"La Universidad del Desarrollo implementar\u00e1 en 2026 un nuevo plan de estudios en Nutrici\u00f3n y Diet\u00e9tica, que integra bachillerato, licenciatura, t\u00edtulo profesional y m\u00e1ster en un solo programa coherente y progresivo, manteniendo la duraci\u00f3n de 10 semestres. Este formato, pionero en Chile, rompe con los modelos tradicionales de ense\u00f1anza al eliminar la duplicidad entre pregrado [&hellip;]","og_url":"https:\/\/medicina.udd.cl\/nutricion-dietetica-santiago\/nueva-malla-nutricion-y-dietetica-magister-en-5-anos\/","og_site_name":"Nutrici\u00f3n y Diet\u00e9tica","article_modified_time":"2025-10-22T14:37:27+00:00","twitter_misc":{"Tiempo de lectura":"1 minuto"},"schema":{"@context":"https:\/\/schema.org","@graph":[{"@type":"WebPage","@id":"https:\/\/medicina.udd.cl\/nutricion-dietetica-santiago\/nueva-malla-nutricion-y-dietetica-magister-en-5-anos\/","url":"https:\/\/medicina.udd.cl\/nutricion-dietetica-santiago\/nueva-malla-nutricion-y-dietetica-magister-en-5-anos\/","name":"Nueva Malla: Nutrici\u00f3n y Diet\u00e9tica + Mag\u00edster en 5 a\u00f1os - Nutrici\u00f3n y Diet\u00e9tica","isPartOf":{"@id":"https:\/\/medicina.udd.cl\/nutricion-dietetica-santiago\/#website"},"datePublished":"2025-10-16T20:35:38+00:00","dateModified":"2025-10-22T14:37:27+00:00","breadcrumb":{"@id":"https:\/\/medicina.udd.cl\/nutricion-dietetica-santiago\/nueva-malla-nutricion-y-dietetica-magister-en-5-anos\/#breadcrumb"},"inLanguage":"es","potentialAction":[{"@type":"ReadAction","target":["https:\/\/medicina.udd.cl\/nutricion-dietetica-santiago\/nueva-malla-nutricion-y-dietetica-magister-en-5-anos\/"]}]},{"@type":"BreadcrumbList","@id":"https:\/\/medicina.udd.cl\/nutricion-dietetica-santiago\/nueva-malla-nutricion-y-dietetica-magister-en-5-anos\/#breadcrumb","itemListElement":[{"@type":"ListItem","position":1,"name":"Home","item":"https:\/\/medicina.udd.cl\/nutricion-dietetica-santiago\/"},{"@type":"ListItem","position":2,"name":"Nueva Malla: Nutrici\u00f3n y Diet\u00e9tica + Mag\u00edster en 5 a\u00f1os"}]},{"@type":"WebSite","@id":"https:\/\/medicina.udd.cl\/nutricion-dietetica-santiago\/#website","url":"https:\/\/medicina.udd.cl\/nutricion-dietetica-santiago\/","name":"Nutrici\u00f3n y Diet\u00e9tica","description":"Facultad de Medicina C\u00ednica Alemana Universidad del Desarrollo","inLanguage":"es"}]}},"_links":{"self":[{"href":"https:\/\/medicina.udd.cl\/nutricion-dietetica-santiago\/wp-json\/wp\/v2\/pages\/9536","targetHints":{"allow":["GET"]}}],"collection":[{"href":"https:\/\/medicina.udd.cl\/nutricion-dietetica-santiago\/wp-json\/wp\/v2\/pages"}],"about":[{"href":"https:\/\/medicina.udd.cl\/nutricion-dietetica-santiago\/wp-json\/wp\/v2\/types\/page"}],"author":[{"embeddable":true,"href":"https:\/\/medicina.udd.cl\/nutricion-dietetica-santiago\/wp-json\/wp\/v2\/users\/9192215"}],"replies":[{"embeddable":true,"href":"https:\/\/medicina.udd.cl\/nutricion-dietetica-santiago\/wp-json\/wp\/v2\/comments?post=9536"}],"version-history":[{"count":3,"href":"https:\/\/medicina.udd.cl\/nutricion-dietetica-santiago\/wp-json\/wp\/v2\/pages\/9536\/revisions"}],"predecessor-version":[{"id":9566,"href":"https:\/\/medicina.udd.cl\/nutricion-dietetica-santiago\/wp-json\/wp\/v2\/pages\/9536\/revisions\/9566"}],"wp:attachment":[{"href":"https:\/\/medicina.udd.cl\/nutricion-dietetica-santiago\/wp-json\/wp\/v2\/media?parent=9536"}],"curies":[{"name":"wp","href":"https:\/\/api.w.org\/{rel}","templated":true}]}}