{"id":9642,"date":"2026-01-26T13:41:04","date_gmt":"2026-01-26T16:41:04","guid":{"rendered":"https:\/\/medicina.udd.cl\/nutricion-dietetica-santiago\/?page_id=9642"},"modified":"2026-01-26T13:50:42","modified_gmt":"2026-01-26T16:50:42","slug":"seminario-de-investigacion-nutricion-udd","status":"publish","type":"page","link":"https:\/\/medicina.udd.cl\/nutricion-dietetica-santiago\/seminario-de-investigacion-nutricion-udd\/","title":{"rendered":"Seminario de Investigaci\u00f3n Nutrici\u00f3n UDD"},"content":{"rendered":"<section class=\"wp-block-udd-videos-row\">\n\t<div class=\"videos-row container\">\n\t\t\t\t<header class=\"block__header\">\n\t\t\t\t\t\t<h2 class=\"block__title\">\n\t\t\t\t2025\t\t\t<\/h2>\n\t\t\t\t\t\t\t\t<\/header>\n\t\t\t\t\t\t<div class=\"row videos-row__videos\">\n\t\t\t<article class=\"udd-video\">\n\t<a href=\"https:\/\/www.youtube.com\/watch?v=4Yz33QoSWTg\" class=\"js-udd-video-modal udd-video__link\" data-video-id=\"4Yz33QoSWTg\">\n\t\t<span class=\"udd-video__label\"><svg class=\"svg-video-dims\"><use xlink:href='https:\/\/medicina.udd.cl\/nutricion-dietetica-santiago\/wp-content\/themes\/facultades-2018\/assets\/img\/svg\/dist\/main.svg?version=1695853099#video'><\/use><\/svg> Ver video<\/span>\n\t\t<h3 class=\"udd-video__title\">\n\t\t\t[11\/06\/2025] I Seminario de Investigaci\u00f3n Nutrici\u00f3n UDD\t\t<\/h3>\n\t\t<span class=\"udd-video__image-container\"><img decoding=\"async\" src=\"https:\/\/i.ytimg.com\/vi\/4Yz33QoSWTg\/hqdefault.jpg\" loading=\"lazy\" alt=\"[11\/06\/2025] I Seminario de Investigaci\u00f3n Nutrici\u00f3n UDD\" class=\"udd-video__image\" alt=\"Previsualizaci\u00f3n de &#039;[11\/06\/2025] I Seminario de Investigaci\u00f3n Nutrici\u00f3n UDD&#039;\"><\/span>\t<\/a>\n<\/article>\n<article class=\"udd-video\">\n\t<a href=\"https:\/\/www.youtube.com\/watch?v=fJ1HBxVc8-o\" class=\"js-udd-video-modal udd-video__link\" data-video-id=\"fJ1HBxVc8-o\">\n\t\t<span class=\"udd-video__label\"><svg class=\"svg-video-dims\"><use xlink:href='https:\/\/medicina.udd.cl\/nutricion-dietetica-santiago\/wp-content\/themes\/facultades-2018\/assets\/img\/svg\/dist\/main.svg?version=1695853099#video'><\/use><\/svg> Ver video<\/span>\n\t\t<h3 class=\"udd-video__title\">\n\t\t\t[08\/07\/2025] II Seminario de Investigaci\u00f3n Nutrici\u00f3n UDD\t\t<\/h3>\n\t\t<span class=\"udd-video__image-container\"><img decoding=\"async\" src=\"https:\/\/i.ytimg.com\/vi\/fJ1HBxVc8-o\/hqdefault.jpg\" loading=\"lazy\" alt=\"[08\/07\/2025] II Seminario de Investigaci\u00f3n Nutrici\u00f3n UDD\" class=\"udd-video__image\" alt=\"Previsualizaci\u00f3n de &#039;[08\/07\/2025] II Seminario de Investigaci\u00f3n Nutrici\u00f3n UDD&#039;\"><\/span>\t<\/a>\n<\/article>\n<article class=\"udd-video\">\n\t<a href=\"https:\/\/www.youtube.com\/watch?v=YUY17kVKEX8&#038;t=3s\" class=\"js-udd-video-modal udd-video__link\" data-video-id=\"YUY17kVKEX8\">\n\t\t<span class=\"udd-video__label\"><svg class=\"svg-video-dims\"><use xlink:href='https:\/\/medicina.udd.cl\/nutricion-dietetica-santiago\/wp-content\/themes\/facultades-2018\/assets\/img\/svg\/dist\/main.svg?version=1695853099#video'><\/use><\/svg> Ver video<\/span>\n\t\t<h3 class=\"udd-video__title\">\n\t\t\t[12\/08\/2025] lll Seminario de Investigaci\u00f3n Nutrici\u00f3n UDD\t\t<\/h3>\n\t\t<span class=\"udd-video__image-container\"><img decoding=\"async\" src=\"https:\/\/i.ytimg.com\/vi\/YUY17kVKEX8\/hqdefault.jpg\" loading=\"lazy\" alt=\"[12\/08\/2025] lll Seminario de Investigaci\u00f3n Nutrici\u00f3n UDD\" class=\"udd-video__image\" alt=\"Previsualizaci\u00f3n de &#039;[12\/08\/2025] lll Seminario de Investigaci\u00f3n Nutrici\u00f3n UDD&#039;\"><\/span>\t<\/a>\n<\/article>\n<article class=\"udd-video\">\n\t<a href=\"https:\/\/www.youtube.com\/watch?v=ueFYr7zXvss&#038;t=1s\" class=\"js-udd-video-modal udd-video__link\" data-video-id=\"ueFYr7zXvss\">\n\t\t<span class=\"udd-video__label\"><svg class=\"svg-video-dims\"><use xlink:href='https:\/\/medicina.udd.cl\/nutricion-dietetica-santiago\/wp-content\/themes\/facultades-2018\/assets\/img\/svg\/dist\/main.svg?version=1695853099#video'><\/use><\/svg> Ver video<\/span>\n\t\t<h3 class=\"udd-video__title\">\n\t\t\t[09\/09\/2025] lV Seminario de Investigaci\u00f3n Nutrici\u00f3n UDD\t\t<\/h3>\n\t\t<span class=\"udd-video__image-container\"><img decoding=\"async\" src=\"https:\/\/i.ytimg.com\/vi\/ueFYr7zXvss\/hqdefault.jpg\" loading=\"lazy\" alt=\"[09\/09\/2025] lV Seminario de Investigaci\u00f3n Nutrici\u00f3n UDD\" class=\"udd-video__image\" alt=\"Previsualizaci\u00f3n de &#039;[09\/09\/2025] lV Seminario de Investigaci\u00f3n Nutrici\u00f3n UDD&#039;\"><\/span>\t<\/a>\n<\/article>\n<article class=\"udd-video\">\n\t<a href=\"https:\/\/www.youtube.com\/watch?v=dkA_IwB9b94\" class=\"js-udd-video-modal udd-video__link\" data-video-id=\"dkA_IwB9b94\">\n\t\t<span class=\"udd-video__label\"><svg class=\"svg-video-dims\"><use xlink:href='https:\/\/medicina.udd.cl\/nutricion-dietetica-santiago\/wp-content\/themes\/facultades-2018\/assets\/img\/svg\/dist\/main.svg?version=1695853099#video'><\/use><\/svg> Ver video<\/span>\n\t\t<h3 class=\"udd-video__title\">\n\t\t\t[14\/10\/2025] V Seminario de Investigaci\u00f3n Nutrici\u00f3n UDD\t\t<\/h3>\n\t\t<span class=\"udd-video__image-container\"><img decoding=\"async\" src=\"https:\/\/i.ytimg.com\/vi\/dkA_IwB9b94\/hqdefault.jpg\" loading=\"lazy\" alt=\"[14\/10\/2025] V Seminario de Investigaci\u00f3n Nutrici\u00f3n UDD\" class=\"udd-video__image\" alt=\"Previsualizaci\u00f3n de &#039;[14\/10\/2025] V Seminario de Investigaci\u00f3n Nutrici\u00f3n UDD&#039;\"><\/span>\t<\/a>\n<\/article>\n<article class=\"udd-video\">\n\t<a href=\"https:\/\/www.youtube.com\/watch?v=NhLoZRei6kw\" class=\"js-udd-video-modal udd-video__link\" data-video-id=\"NhLoZRei6kw\">\n\t\t<span class=\"udd-video__label\"><svg class=\"svg-video-dims\"><use xlink:href='https:\/\/medicina.udd.cl\/nutricion-dietetica-santiago\/wp-content\/themes\/facultades-2018\/assets\/img\/svg\/dist\/main.svg?version=1695853099#video'><\/use><\/svg> Ver video<\/span>\n\t\t<h3 class=\"udd-video__title\">\n\t\t\t[11\/11\/2025] Vl Seminario Investigaci\u00f3n Nutrici\u00f3n UDD\t\t<\/h3>\n\t\t<span class=\"udd-video__image-container\"><img decoding=\"async\" src=\"https:\/\/i.ytimg.com\/vi\/NhLoZRei6kw\/hqdefault.jpg\" loading=\"lazy\" alt=\"[11\/11\/2025] Vl Seminario Investigaci\u00f3n Nutrici\u00f3n UDD\" class=\"udd-video__image\" alt=\"Previsualizaci\u00f3n de &#039;[11\/11\/2025] Vl Seminario Investigaci\u00f3n Nutrici\u00f3n UDD&#039;\"><\/span>\t<\/a>\n<\/article>\n\t\t<\/div>\n\t\t\t<\/div>\n<\/section>\n\n\n<!-- WP Block: UDD - Disposable -->\n<section\n\tdata-sps-offset=\"100\"\n\tid=\"udd-disposable--1--9642\"\n\tclass=\"wp-block-udd-disposable udd-notice disposable-block \"\n>\n\t<div class=\"container\">\n\t\t<div\n\t\t\tclass=\"udd-notice__header \"\n\t\t\tstyle=\"background-color: \"\n\t\t>\n\t\t\t\t\t\t<span class=\"udd-notice__header-label\"><\/span>\n\t\t<\/div>\n\t\t<div\n\t\t\tclass=\"udd-notice__content\"\n\t\t\tstyle=\"background-color: \"\n\t\t>\n\t\t\t<a href=\"https:\/\/medicina.udd.cl\/nutricion-dietetica-santiago\/nucleo-de-investigacion-nutricion-y-dietetica-udd\/\">Home | N\u00facleo de Investigaci\u00f3n Nutrici\u00f3n y Diet\u00e9tica UDD<\/a>\t\t<\/div>\n\t\t\t<\/div>\n<\/section>\n","protected":false},"excerpt":{"rendered":"","protected":false},"author":9192219,"featured_media":0,"parent":0,"menu_order":0,"comment_status":"closed","ping_status":"closed","template":"","meta":{"footnotes":""},"class_list":["post-9642","page","type-page","status-publish","hentry"],"yoast_head":"<!-- This site is optimized with the Yoast SEO plugin v26.9 - https:\/\/yoast.com\/product\/yoast-seo-wordpress\/ -->\n<title>Seminario de Investigaci\u00f3n Nutrici\u00f3n UDD - Nutrici\u00f3n y Diet\u00e9tica<\/title>\n<meta name=\"robots\" content=\"index, follow, max-snippet:-1, max-image-preview:large, max-video-preview:-1\" \/>\n<link rel=\"canonical\" href=\"https:\/\/medicina.udd.cl\/nutricion-dietetica-santiago\/seminario-de-investigacion-nutricion-udd\/\" \/>\n<meta property=\"og:locale\" content=\"es_ES\" \/>\n<meta property=\"og:type\" content=\"article\" \/>\n<meta property=\"og:title\" content=\"Seminario de Investigaci\u00f3n Nutrici\u00f3n UDD - Nutrici\u00f3n y Diet\u00e9tica\" \/>\n<meta property=\"og:url\" content=\"https:\/\/medicina.udd.cl\/nutricion-dietetica-santiago\/seminario-de-investigacion-nutricion-udd\/\" \/>\n<meta property=\"og:site_name\" content=\"Nutrici\u00f3n y Diet\u00e9tica\" \/>\n<meta property=\"article:modified_time\" content=\"2026-01-26T16:50:42+00:00\" \/>\n<script type=\"application\/ld+json\" class=\"yoast-schema-graph\">{\"@context\":\"https:\/\/schema.org\",\"@graph\":[{\"@type\":\"WebPage\",\"@id\":\"https:\/\/medicina.udd.cl\/nutricion-dietetica-santiago\/seminario-de-investigacion-nutricion-udd\/\",\"url\":\"https:\/\/medicina.udd.cl\/nutricion-dietetica-santiago\/seminario-de-investigacion-nutricion-udd\/\",\"name\":\"Seminario de Investigaci\u00f3n Nutrici\u00f3n UDD - Nutrici\u00f3n y Diet\u00e9tica\",\"isPartOf\":{\"@id\":\"https:\/\/medicina.udd.cl\/nutricion-dietetica-santiago\/#website\"},\"datePublished\":\"2026-01-26T16:41:04+00:00\",\"dateModified\":\"2026-01-26T16:50:42+00:00\",\"breadcrumb\":{\"@id\":\"https:\/\/medicina.udd.cl\/nutricion-dietetica-santiago\/seminario-de-investigacion-nutricion-udd\/#breadcrumb\"},\"inLanguage\":\"es\",\"potentialAction\":[{\"@type\":\"ReadAction\",\"target\":[\"https:\/\/medicina.udd.cl\/nutricion-dietetica-santiago\/seminario-de-investigacion-nutricion-udd\/\"]}]},{\"@type\":\"BreadcrumbList\",\"@id\":\"https:\/\/medicina.udd.cl\/nutricion-dietetica-santiago\/seminario-de-investigacion-nutricion-udd\/#breadcrumb\",\"itemListElement\":[{\"@type\":\"ListItem\",\"position\":1,\"name\":\"Home\",\"item\":\"https:\/\/medicina.udd.cl\/nutricion-dietetica-santiago\/\"},{\"@type\":\"ListItem\",\"position\":2,\"name\":\"Seminario de Investigaci\u00f3n Nutrici\u00f3n UDD\"}]},{\"@type\":\"WebSite\",\"@id\":\"https:\/\/medicina.udd.cl\/nutricion-dietetica-santiago\/#website\",\"url\":\"https:\/\/medicina.udd.cl\/nutricion-dietetica-santiago\/\",\"name\":\"Nutrici\u00f3n y Diet\u00e9tica\",\"description\":\"Facultad de Medicina C\u00ednica Alemana Universidad del Desarrollo\",\"inLanguage\":\"es\"}]}<\/script>\n<!-- \/ Yoast SEO plugin. -->","yoast_head_json":{"title":"Seminario de Investigaci\u00f3n Nutrici\u00f3n UDD - Nutrici\u00f3n y Diet\u00e9tica","robots":{"index":"index","follow":"follow","max-snippet":"max-snippet:-1","max-image-preview":"max-image-preview:large","max-video-preview":"max-video-preview:-1"},"canonical":"https:\/\/medicina.udd.cl\/nutricion-dietetica-santiago\/seminario-de-investigacion-nutricion-udd\/","og_locale":"es_ES","og_type":"article","og_title":"Seminario de Investigaci\u00f3n Nutrici\u00f3n UDD - Nutrici\u00f3n y Diet\u00e9tica","og_url":"https:\/\/medicina.udd.cl\/nutricion-dietetica-santiago\/seminario-de-investigacion-nutricion-udd\/","og_site_name":"Nutrici\u00f3n y Diet\u00e9tica","article_modified_time":"2026-01-26T16:50:42+00:00","schema":{"@context":"https:\/\/schema.org","@graph":[{"@type":"WebPage","@id":"https:\/\/medicina.udd.cl\/nutricion-dietetica-santiago\/seminario-de-investigacion-nutricion-udd\/","url":"https:\/\/medicina.udd.cl\/nutricion-dietetica-santiago\/seminario-de-investigacion-nutricion-udd\/","name":"Seminario de Investigaci\u00f3n Nutrici\u00f3n UDD - Nutrici\u00f3n y Diet\u00e9tica","isPartOf":{"@id":"https:\/\/medicina.udd.cl\/nutricion-dietetica-santiago\/#website"},"datePublished":"2026-01-26T16:41:04+00:00","dateModified":"2026-01-26T16:50:42+00:00","breadcrumb":{"@id":"https:\/\/medicina.udd.cl\/nutricion-dietetica-santiago\/seminario-de-investigacion-nutricion-udd\/#breadcrumb"},"inLanguage":"es","potentialAction":[{"@type":"ReadAction","target":["https:\/\/medicina.udd.cl\/nutricion-dietetica-santiago\/seminario-de-investigacion-nutricion-udd\/"]}]},{"@type":"BreadcrumbList","@id":"https:\/\/medicina.udd.cl\/nutricion-dietetica-santiago\/seminario-de-investigacion-nutricion-udd\/#breadcrumb","itemListElement":[{"@type":"ListItem","position":1,"name":"Home","item":"https:\/\/medicina.udd.cl\/nutricion-dietetica-santiago\/"},{"@type":"ListItem","position":2,"name":"Seminario de Investigaci\u00f3n Nutrici\u00f3n UDD"}]},{"@type":"WebSite","@id":"https:\/\/medicina.udd.cl\/nutricion-dietetica-santiago\/#website","url":"https:\/\/medicina.udd.cl\/nutricion-dietetica-santiago\/","name":"Nutrici\u00f3n y Diet\u00e9tica","description":"Facultad de Medicina C\u00ednica Alemana Universidad del Desarrollo","inLanguage":"es"}]}},"_links":{"self":[{"href":"https:\/\/medicina.udd.cl\/nutricion-dietetica-santiago\/wp-json\/wp\/v2\/pages\/9642","targetHints":{"allow":["GET"]}}],"collection":[{"href":"https:\/\/medicina.udd.cl\/nutricion-dietetica-santiago\/wp-json\/wp\/v2\/pages"}],"about":[{"href":"https:\/\/medicina.udd.cl\/nutricion-dietetica-santiago\/wp-json\/wp\/v2\/types\/page"}],"author":[{"embeddable":true,"href":"https:\/\/medicina.udd.cl\/nutricion-dietetica-santiago\/wp-json\/wp\/v2\/users\/9192219"}],"replies":[{"embeddable":true,"href":"https:\/\/medicina.udd.cl\/nutricion-dietetica-santiago\/wp-json\/wp\/v2\/comments?post=9642"}],"version-history":[{"count":4,"href":"https:\/\/medicina.udd.cl\/nutricion-dietetica-santiago\/wp-json\/wp\/v2\/pages\/9642\/revisions"}],"predecessor-version":[{"id":9648,"href":"https:\/\/medicina.udd.cl\/nutricion-dietetica-santiago\/wp-json\/wp\/v2\/pages\/9642\/revisions\/9648"}],"wp:attachment":[{"href":"https:\/\/medicina.udd.cl\/nutricion-dietetica-santiago\/wp-json\/wp\/v2\/media?parent=9642"}],"curies":[{"name":"wp","href":"https:\/\/api.w.org\/{rel}","templated":true}]}}