{"id":1069,"date":"2021-05-11T15:08:51","date_gmt":"2021-05-11T19:08:51","guid":{"rendered":"http:\/\/medicina.udd.cl\/observatorio-bioetica-derecho\/?page_id=1069"},"modified":"2023-07-18T15:43:18","modified_gmt":"2023-07-18T19:43:18","slug":"informes-con-propuestas-regulatorias-en-biomedicina","status":"publish","type":"page","link":"https:\/\/medicina.udd.cl\/observatorio-bioetica-derecho\/informes-con-propuestas-regulatorias-en-biomedicina\/","title":{"rendered":"Informes con propuestas regulatorias en Biomedicina"},"content":{"rendered":"<!-- WP Block: UDD - Access Cards -->\n<section\n\tid=\"udd-access-cards--1\"\n\tclass=\"wp-block-udd-access-cards\n\t\t\"\n\t\tstyle=\"\n\t\t--udd-blocks-has-columns-number: 3\t\t\"\n\t>\n\t<div class=\"container\">\n\t\t\t\t<div class=\"block__content\">\n\t\t\t<div\n\t\t\t\tclass=\"udd-access-cards\"\n\t\t\t\t\t\t\t>\n\t\t\t<div\n\tdata-index=\"1\"\n\tclass=\"udd-access-card-wrapper\"\n\t>\n\t<a href=\"https:\/\/medicina.udd.cl\/observatorio-bioetica-derecho\/files\/2021\/05\/Informe-Regulaci\u00f3n-Investigaci\u00f3n-Biom\u00e9dica.-OBD.-2014.pdf\" class=\"access-card access-card--profile\" data-url=\"https:\/\/medicina.udd.cl\/observatorio-bioetica-derecho\/files\/2021\/05\/Informe-Regulaci\u00f3n-Investigaci\u00f3n-Biom\u00e9dica.-OBD.-2014.pdf\">\n\t\t\t\t\t\t<h3\n\t\t\tdata-index=\"1\"\n\t\t\tclass=\"access-card__title\"\n\t\t>\n\t\t\tInvestigaci\u00f3n Biom\u00e9dica\t\t<\/h3>\n\t\t\t\t<div class=\"access-card__link\">\n\t\t\t<span class=\"access-card__link-text\">Ver aqu\u00ed<\/span>\n\t\t<\/div>\n\t<\/a>\n<\/div>\n<div\n\tdata-index=\"2\"\n\tclass=\"udd-access-card-wrapper\"\n\t>\n\t<a href=\"https:\/\/medicina.udd.cl\/observatorio-bioetica-derecho\/biobancos\/\" class=\"access-card access-card--profile\" data-url=\"https:\/\/medicina.udd.cl\/observatorio-bioetica-derecho\/biobancos\/\">\n\t\t\t\t\t\t<h3\n\t\t\tdata-index=\"2\"\n\t\t\tclass=\"access-card__title\"\n\t\t>\n\t\t\tBiobancos\t\t<\/h3>\n\t\t\t\t<div class=\"access-card__link\">\n\t\t\t<span class=\"access-card__link-text\">Ver aqu\u00ed<\/span>\n\t\t<\/div>\n\t<\/a>\n<\/div>\n<div\n\tdata-index=\"3\"\n\tclass=\"udd-access-card-wrapper\"\n\t>\n\t<a href=\"https:\/\/medicina.udd.cl\/observatorio-bioetica-derecho\/files\/2021\/05\/Informe-Regulaci\u00f3n-Medicina-Regenerativa-UDD.pdf\" class=\"access-card access-card--profile\" data-url=\"https:\/\/medicina.udd.cl\/observatorio-bioetica-derecho\/files\/2021\/05\/Informe-Regulaci\u00f3n-Medicina-Regenerativa-UDD.pdf\">\n\t\t\t\t\t\t<h3\n\t\t\tdata-index=\"3\"\n\t\t\tclass=\"access-card__title\"\n\t\t>\n\t\t\tMedicina Regenerativa\t\t<\/h3>\n\t\t\t\t<div class=\"access-card__link\">\n\t\t\t<span class=\"access-card__link-text\">Ver aqu\u00ed<\/span>\n\t\t<\/div>\n\t<\/a>\n<\/div>\n\t\t\t<\/div>\n\t\t<\/div>\n\t<\/div>\n<\/section>\n","protected":false},"excerpt":{"rendered":"","protected":false},"author":9192219,"featured_media":0,"parent":0,"menu_order":0,"comment_status":"closed","ping_status":"closed","template":"","meta":{"footnotes":""},"class_list":["post-1069","page","type-page","status-publish","hentry"],"yoast_head":"<!-- This site is optimized with the Yoast SEO plugin v26.9 - https:\/\/yoast.com\/product\/yoast-seo-wordpress\/ -->\n<title>Informes con propuestas regulatorias en Biomedicina - Observatorio de Bio\u00e9tica y Derecho<\/title>\n<meta name=\"robots\" content=\"index, follow, max-snippet:-1, max-image-preview:large, max-video-preview:-1\" \/>\n<link rel=\"canonical\" href=\"https:\/\/medicina.udd.cl\/observatorio-bioetica-derecho\/informes-con-propuestas-regulatorias-en-biomedicina\/\" \/>\n<meta property=\"og:locale\" content=\"es_ES\" \/>\n<meta property=\"og:type\" content=\"article\" \/>\n<meta property=\"og:title\" content=\"Informes con propuestas regulatorias en Biomedicina - Observatorio de Bio\u00e9tica y Derecho\" \/>\n<meta property=\"og:url\" content=\"https:\/\/medicina.udd.cl\/observatorio-bioetica-derecho\/informes-con-propuestas-regulatorias-en-biomedicina\/\" \/>\n<meta property=\"og:site_name\" content=\"Observatorio de Bio\u00e9tica y Derecho\" \/>\n<meta property=\"article:modified_time\" content=\"2023-07-18T19:43:18+00:00\" \/>\n<script type=\"application\/ld+json\" class=\"yoast-schema-graph\">{\"@context\":\"https:\/\/schema.org\",\"@graph\":[{\"@type\":\"WebPage\",\"@id\":\"https:\/\/medicina.udd.cl\/observatorio-bioetica-derecho\/informes-con-propuestas-regulatorias-en-biomedicina\/\",\"url\":\"https:\/\/medicina.udd.cl\/observatorio-bioetica-derecho\/informes-con-propuestas-regulatorias-en-biomedicina\/\",\"name\":\"Informes con propuestas regulatorias en Biomedicina - Observatorio de Bio\u00e9tica y Derecho\",\"isPartOf\":{\"@id\":\"https:\/\/medicina.udd.cl\/observatorio-bioetica-derecho\/#website\"},\"datePublished\":\"2021-05-11T19:08:51+00:00\",\"dateModified\":\"2023-07-18T19:43:18+00:00\",\"breadcrumb\":{\"@id\":\"https:\/\/medicina.udd.cl\/observatorio-bioetica-derecho\/informes-con-propuestas-regulatorias-en-biomedicina\/#breadcrumb\"},\"inLanguage\":\"es\",\"potentialAction\":[{\"@type\":\"ReadAction\",\"target\":[\"https:\/\/medicina.udd.cl\/observatorio-bioetica-derecho\/informes-con-propuestas-regulatorias-en-biomedicina\/\"]}]},{\"@type\":\"BreadcrumbList\",\"@id\":\"https:\/\/medicina.udd.cl\/observatorio-bioetica-derecho\/informes-con-propuestas-regulatorias-en-biomedicina\/#breadcrumb\",\"itemListElement\":[{\"@type\":\"ListItem\",\"position\":1,\"name\":\"Home\",\"item\":\"https:\/\/medicina.udd.cl\/observatorio-bioetica-derecho\/\"},{\"@type\":\"ListItem\",\"position\":2,\"name\":\"Informes con propuestas regulatorias en Biomedicina\"}]},{\"@type\":\"WebSite\",\"@id\":\"https:\/\/medicina.udd.cl\/observatorio-bioetica-derecho\/#website\",\"url\":\"https:\/\/medicina.udd.cl\/observatorio-bioetica-derecho\/\",\"name\":\"Observatorio de Bio\u00e9tica y Derecho\",\"description\":\"Observatorio de Bio\u00e9tica y Derecho\",\"inLanguage\":\"es\"}]}<\/script>\n<!-- \/ Yoast SEO plugin. -->","yoast_head_json":{"title":"Informes con propuestas regulatorias en Biomedicina - Observatorio de Bio\u00e9tica y Derecho","robots":{"index":"index","follow":"follow","max-snippet":"max-snippet:-1","max-image-preview":"max-image-preview:large","max-video-preview":"max-video-preview:-1"},"canonical":"https:\/\/medicina.udd.cl\/observatorio-bioetica-derecho\/informes-con-propuestas-regulatorias-en-biomedicina\/","og_locale":"es_ES","og_type":"article","og_title":"Informes con propuestas regulatorias en Biomedicina - Observatorio de Bio\u00e9tica y Derecho","og_url":"https:\/\/medicina.udd.cl\/observatorio-bioetica-derecho\/informes-con-propuestas-regulatorias-en-biomedicina\/","og_site_name":"Observatorio de Bio\u00e9tica y Derecho","article_modified_time":"2023-07-18T19:43:18+00:00","schema":{"@context":"https:\/\/schema.org","@graph":[{"@type":"WebPage","@id":"https:\/\/medicina.udd.cl\/observatorio-bioetica-derecho\/informes-con-propuestas-regulatorias-en-biomedicina\/","url":"https:\/\/medicina.udd.cl\/observatorio-bioetica-derecho\/informes-con-propuestas-regulatorias-en-biomedicina\/","name":"Informes con propuestas regulatorias en Biomedicina - Observatorio de Bio\u00e9tica y Derecho","isPartOf":{"@id":"https:\/\/medicina.udd.cl\/observatorio-bioetica-derecho\/#website"},"datePublished":"2021-05-11T19:08:51+00:00","dateModified":"2023-07-18T19:43:18+00:00","breadcrumb":{"@id":"https:\/\/medicina.udd.cl\/observatorio-bioetica-derecho\/informes-con-propuestas-regulatorias-en-biomedicina\/#breadcrumb"},"inLanguage":"es","potentialAction":[{"@type":"ReadAction","target":["https:\/\/medicina.udd.cl\/observatorio-bioetica-derecho\/informes-con-propuestas-regulatorias-en-biomedicina\/"]}]},{"@type":"BreadcrumbList","@id":"https:\/\/medicina.udd.cl\/observatorio-bioetica-derecho\/informes-con-propuestas-regulatorias-en-biomedicina\/#breadcrumb","itemListElement":[{"@type":"ListItem","position":1,"name":"Home","item":"https:\/\/medicina.udd.cl\/observatorio-bioetica-derecho\/"},{"@type":"ListItem","position":2,"name":"Informes con propuestas regulatorias en Biomedicina"}]},{"@type":"WebSite","@id":"https:\/\/medicina.udd.cl\/observatorio-bioetica-derecho\/#website","url":"https:\/\/medicina.udd.cl\/observatorio-bioetica-derecho\/","name":"Observatorio de Bio\u00e9tica y Derecho","description":"Observatorio de Bio\u00e9tica y Derecho","inLanguage":"es"}]}},"_links":{"self":[{"href":"https:\/\/medicina.udd.cl\/observatorio-bioetica-derecho\/wp-json\/wp\/v2\/pages\/1069","targetHints":{"allow":["GET"]}}],"collection":[{"href":"https:\/\/medicina.udd.cl\/observatorio-bioetica-derecho\/wp-json\/wp\/v2\/pages"}],"about":[{"href":"https:\/\/medicina.udd.cl\/observatorio-bioetica-derecho\/wp-json\/wp\/v2\/types\/page"}],"author":[{"embeddable":true,"href":"https:\/\/medicina.udd.cl\/observatorio-bioetica-derecho\/wp-json\/wp\/v2\/users\/9192219"}],"replies":[{"embeddable":true,"href":"https:\/\/medicina.udd.cl\/observatorio-bioetica-derecho\/wp-json\/wp\/v2\/comments?post=1069"}],"version-history":[{"count":7,"href":"https:\/\/medicina.udd.cl\/observatorio-bioetica-derecho\/wp-json\/wp\/v2\/pages\/1069\/revisions"}],"predecessor-version":[{"id":1192,"href":"https:\/\/medicina.udd.cl\/observatorio-bioetica-derecho\/wp-json\/wp\/v2\/pages\/1069\/revisions\/1192"}],"wp:attachment":[{"href":"https:\/\/medicina.udd.cl\/observatorio-bioetica-derecho\/wp-json\/wp\/v2\/media?parent=1069"}],"curies":[{"name":"wp","href":"https:\/\/api.w.org\/{rel}","templated":true}]}}