{"id":206,"date":"2013-08-12T10:44:33","date_gmt":"2013-08-12T14:44:33","guid":{"rendered":"http:\/\/medicina.udd.cl\/observatorio-bioetica-derecho\/?page_id=206"},"modified":"2023-07-18T13:11:20","modified_gmt":"2023-07-18T17:11:20","slug":"estudios-y-publicaciones","status":"publish","type":"page","link":"https:\/\/medicina.udd.cl\/observatorio-bioetica-derecho\/estudios-y-publicaciones\/","title":{"rendered":"Estudios y Publicaciones"},"content":{"rendered":"\n<ul class=\"wp-block-list\"><li><a href=\"https:\/\/medicina.udd.cl\/observatorio-bioetica-derecho\/files\/2023\/07\/informe-regulacion-biobancos-chile_cbt_obd_udd.pdf\">Propuesta de regulaci\u00f3n para el funcionamiento de Biobancos con fines de investigaci\u00f3n biom\u00e9dica en Chile<\/a><\/li><li><a href=\"https:\/\/medicina.udd.cl\/observatorio-bioetica-derecho\/files\/2015\/07\/Informe-investigacion-biomedica.pdf\">Informe investigaci\u00f3n biom\u00e9dica: nuevas propuestas regulatorias<\/a> <\/li><li><a href=\"https:\/\/medicina.udd.cl\/observatorio-bioetica-derecho\/files\/2014\/12\/A-Lecaros-R-del-Canto-Academia-16-.pdf\">Confidencialidad y secreto\u00a0m\u00e9dico: un deber en el marco\u00a0de la excelencia profesional<\/a> <\/li><li><a href=\"https:\/\/medicina.udd.cl\/observatorio-bioetica-derecho\/files\/2014\/06\/MEMORIA-OBD-2013.pdf\">Memoria 2013<\/a> <\/li><li><a href=\"https:\/\/medicina.udd.cl\/observatorio-bioetica-derecho\/noticias\/2014\/05\/23\/regulacion-juridica-de-la-investigacion-biomedica-en-chile\/\">Regulaci\u00f3n jur\u00eddica de la investigaci\u00f3n biom\u00e9dica en Chile <\/a><\/li><li><a href=\"https:\/\/medicina.udd.cl\/observatorio-bioetica-derecho\/files\/2013\/12\/Lecaros-JA.-%C3%89tica-medioambiental.-Acta-Bioethica-N%C2%B0-19-vol.-2.-20131.pdf\">La \u00c9tica Medioambiental: Principios y valores para una ciudadan\u00eda responsable en la Sociedad Global<\/a> <\/li><li><a href=\"https:\/\/medicina.udd.cl\/observatorio-bioetica-derecho\/files\/2012\/08\/Memoria-2012.pdf\">Memoria 2012 <\/a><\/li><li><a href=\"https:\/\/medicina.udd.cl\/observatorio-bioetica-derecho\/files\/2012\/08\/INFORME-SEMINARIO-REPRODUCCI%C3%93N-HUMANA-ASISTIDA-2012.pdf\">Informe Seminario Reproducci\u00f3n Humana Asistida 2012<\/a> <\/li><\/ul>\n","protected":false},"excerpt":{"rendered":"<p>Propuesta de regulaci\u00f3n para el funcionamiento de Biobancos con fines de investigaci\u00f3n biom\u00e9dica en Chile Informe investigaci\u00f3n biom\u00e9dica: nuevas propuestas regulatorias Confidencialidad y secreto\u00a0m\u00e9dico: un deber en el marco\u00a0de la excelencia profesional Memoria 2013 Regulaci\u00f3n jur\u00eddica de la investigaci\u00f3n biom\u00e9dica en Chile La \u00c9tica Medioambiental: Principios y valores para una ciudadan\u00eda responsable en la Sociedad [&hellip;]<\/p>\n","protected":false},"author":42,"featured_media":390,"parent":0,"menu_order":0,"comment_status":"open","ping_status":"open","template":"","meta":{"footnotes":""},"class_list":["post-206","page","type-page","status-publish","has-post-thumbnail","hentry"],"yoast_head":"<!-- This site is optimized with the Yoast SEO plugin v26.9 - https:\/\/yoast.com\/product\/yoast-seo-wordpress\/ -->\n<title>Estudios y Publicaciones - Observatorio de Bio\u00e9tica y Derecho<\/title>\n<meta name=\"robots\" content=\"index, follow, max-snippet:-1, max-image-preview:large, max-video-preview:-1\" \/>\n<link rel=\"canonical\" href=\"https:\/\/medicina.udd.cl\/observatorio-bioetica-derecho\/estudios-y-publicaciones\/\" \/>\n<meta property=\"og:locale\" content=\"es_ES\" \/>\n<meta property=\"og:type\" content=\"article\" \/>\n<meta property=\"og:title\" content=\"Estudios y Publicaciones - Observatorio de Bio\u00e9tica y Derecho\" \/>\n<meta property=\"og:description\" content=\"Propuesta de regulaci\u00f3n para el funcionamiento de Biobancos con fines de investigaci\u00f3n biom\u00e9dica en Chile Informe investigaci\u00f3n biom\u00e9dica: nuevas propuestas regulatorias Confidencialidad y secreto\u00a0m\u00e9dico: un deber en el marco\u00a0de la excelencia profesional Memoria 2013 Regulaci\u00f3n jur\u00eddica de la investigaci\u00f3n biom\u00e9dica en Chile La \u00c9tica Medioambiental: Principios y valores para una ciudadan\u00eda responsable en la Sociedad [&hellip;]\" \/>\n<meta property=\"og:url\" content=\"https:\/\/medicina.udd.cl\/observatorio-bioetica-derecho\/estudios-y-publicaciones\/\" \/>\n<meta property=\"og:site_name\" content=\"Observatorio de Bio\u00e9tica y Derecho\" \/>\n<meta property=\"article:modified_time\" content=\"2023-07-18T17:11:20+00:00\" \/>\n<meta property=\"og:image\" content=\"https:\/\/medicina.udd.cl\/observatorio-bioetica-derecho\/files\/2014\/05\/Bio\u00e9tica-y-Derecho.jpg\" \/>\n\t<meta property=\"og:image:width\" content=\"3223\" \/>\n\t<meta property=\"og:image:height\" content=\"1968\" \/>\n\t<meta property=\"og:image:type\" content=\"image\/jpeg\" \/>\n<meta name=\"twitter:label1\" content=\"Tiempo de lectura\" \/>\n\t<meta name=\"twitter:data1\" content=\"1 minuto\" \/>\n<script type=\"application\/ld+json\" class=\"yoast-schema-graph\">{\"@context\":\"https:\/\/schema.org\",\"@graph\":[{\"@type\":\"WebPage\",\"@id\":\"https:\/\/medicina.udd.cl\/observatorio-bioetica-derecho\/estudios-y-publicaciones\/\",\"url\":\"https:\/\/medicina.udd.cl\/observatorio-bioetica-derecho\/estudios-y-publicaciones\/\",\"name\":\"Estudios y Publicaciones - Observatorio de Bio\u00e9tica y Derecho\",\"isPartOf\":{\"@id\":\"https:\/\/medicina.udd.cl\/observatorio-bioetica-derecho\/#website\"},\"primaryImageOfPage\":{\"@id\":\"https:\/\/medicina.udd.cl\/observatorio-bioetica-derecho\/estudios-y-publicaciones\/#primaryimage\"},\"image\":{\"@id\":\"https:\/\/medicina.udd.cl\/observatorio-bioetica-derecho\/estudios-y-publicaciones\/#primaryimage\"},\"thumbnailUrl\":\"https:\/\/medicina.udd.cl\/observatorio-bioetica-derecho\/files\/2014\/05\/Bio\u00e9tica-y-Derecho.jpg\",\"datePublished\":\"2013-08-12T14:44:33+00:00\",\"dateModified\":\"2023-07-18T17:11:20+00:00\",\"breadcrumb\":{\"@id\":\"https:\/\/medicina.udd.cl\/observatorio-bioetica-derecho\/estudios-y-publicaciones\/#breadcrumb\"},\"inLanguage\":\"es\",\"potentialAction\":[{\"@type\":\"ReadAction\",\"target\":[\"https:\/\/medicina.udd.cl\/observatorio-bioetica-derecho\/estudios-y-publicaciones\/\"]}]},{\"@type\":\"ImageObject\",\"inLanguage\":\"es\",\"@id\":\"https:\/\/medicina.udd.cl\/observatorio-bioetica-derecho\/estudios-y-publicaciones\/#primaryimage\",\"url\":\"https:\/\/medicina.udd.cl\/observatorio-bioetica-derecho\/files\/2014\/05\/Bio\u00e9tica-y-Derecho.jpg\",\"contentUrl\":\"https:\/\/medicina.udd.cl\/observatorio-bioetica-derecho\/files\/2014\/05\/Bio\u00e9tica-y-Derecho.jpg\",\"width\":3223,\"height\":1968},{\"@type\":\"BreadcrumbList\",\"@id\":\"https:\/\/medicina.udd.cl\/observatorio-bioetica-derecho\/estudios-y-publicaciones\/#breadcrumb\",\"itemListElement\":[{\"@type\":\"ListItem\",\"position\":1,\"name\":\"Home\",\"item\":\"https:\/\/medicina.udd.cl\/observatorio-bioetica-derecho\/\"},{\"@type\":\"ListItem\",\"position\":2,\"name\":\"Estudios y Publicaciones\"}]},{\"@type\":\"WebSite\",\"@id\":\"https:\/\/medicina.udd.cl\/observatorio-bioetica-derecho\/#website\",\"url\":\"https:\/\/medicina.udd.cl\/observatorio-bioetica-derecho\/\",\"name\":\"Observatorio de Bio\u00e9tica y Derecho\",\"description\":\"Observatorio de Bio\u00e9tica y Derecho\",\"inLanguage\":\"es\"}]}<\/script>\n<!-- \/ Yoast SEO plugin. -->","yoast_head_json":{"title":"Estudios y Publicaciones - Observatorio de Bio\u00e9tica y Derecho","robots":{"index":"index","follow":"follow","max-snippet":"max-snippet:-1","max-image-preview":"max-image-preview:large","max-video-preview":"max-video-preview:-1"},"canonical":"https:\/\/medicina.udd.cl\/observatorio-bioetica-derecho\/estudios-y-publicaciones\/","og_locale":"es_ES","og_type":"article","og_title":"Estudios y Publicaciones - Observatorio de Bio\u00e9tica y Derecho","og_description":"Propuesta de regulaci\u00f3n para el funcionamiento de Biobancos con fines de investigaci\u00f3n biom\u00e9dica en Chile Informe investigaci\u00f3n biom\u00e9dica: nuevas propuestas regulatorias Confidencialidad y secreto\u00a0m\u00e9dico: un deber en el marco\u00a0de la excelencia profesional Memoria 2013 Regulaci\u00f3n jur\u00eddica de la investigaci\u00f3n biom\u00e9dica en Chile La \u00c9tica Medioambiental: Principios y valores para una ciudadan\u00eda responsable en la Sociedad [&hellip;]","og_url":"https:\/\/medicina.udd.cl\/observatorio-bioetica-derecho\/estudios-y-publicaciones\/","og_site_name":"Observatorio de Bio\u00e9tica y Derecho","article_modified_time":"2023-07-18T17:11:20+00:00","og_image":[{"width":3223,"height":1968,"url":"https:\/\/medicina.udd.cl\/observatorio-bioetica-derecho\/files\/2014\/05\/Bio\u00e9tica-y-Derecho.jpg","type":"image\/jpeg"}],"twitter_misc":{"Tiempo de lectura":"1 minuto"},"schema":{"@context":"https:\/\/schema.org","@graph":[{"@type":"WebPage","@id":"https:\/\/medicina.udd.cl\/observatorio-bioetica-derecho\/estudios-y-publicaciones\/","url":"https:\/\/medicina.udd.cl\/observatorio-bioetica-derecho\/estudios-y-publicaciones\/","name":"Estudios y Publicaciones - Observatorio de Bio\u00e9tica y Derecho","isPartOf":{"@id":"https:\/\/medicina.udd.cl\/observatorio-bioetica-derecho\/#website"},"primaryImageOfPage":{"@id":"https:\/\/medicina.udd.cl\/observatorio-bioetica-derecho\/estudios-y-publicaciones\/#primaryimage"},"image":{"@id":"https:\/\/medicina.udd.cl\/observatorio-bioetica-derecho\/estudios-y-publicaciones\/#primaryimage"},"thumbnailUrl":"https:\/\/medicina.udd.cl\/observatorio-bioetica-derecho\/files\/2014\/05\/Bio\u00e9tica-y-Derecho.jpg","datePublished":"2013-08-12T14:44:33+00:00","dateModified":"2023-07-18T17:11:20+00:00","breadcrumb":{"@id":"https:\/\/medicina.udd.cl\/observatorio-bioetica-derecho\/estudios-y-publicaciones\/#breadcrumb"},"inLanguage":"es","potentialAction":[{"@type":"ReadAction","target":["https:\/\/medicina.udd.cl\/observatorio-bioetica-derecho\/estudios-y-publicaciones\/"]}]},{"@type":"ImageObject","inLanguage":"es","@id":"https:\/\/medicina.udd.cl\/observatorio-bioetica-derecho\/estudios-y-publicaciones\/#primaryimage","url":"https:\/\/medicina.udd.cl\/observatorio-bioetica-derecho\/files\/2014\/05\/Bio\u00e9tica-y-Derecho.jpg","contentUrl":"https:\/\/medicina.udd.cl\/observatorio-bioetica-derecho\/files\/2014\/05\/Bio\u00e9tica-y-Derecho.jpg","width":3223,"height":1968},{"@type":"BreadcrumbList","@id":"https:\/\/medicina.udd.cl\/observatorio-bioetica-derecho\/estudios-y-publicaciones\/#breadcrumb","itemListElement":[{"@type":"ListItem","position":1,"name":"Home","item":"https:\/\/medicina.udd.cl\/observatorio-bioetica-derecho\/"},{"@type":"ListItem","position":2,"name":"Estudios y Publicaciones"}]},{"@type":"WebSite","@id":"https:\/\/medicina.udd.cl\/observatorio-bioetica-derecho\/#website","url":"https:\/\/medicina.udd.cl\/observatorio-bioetica-derecho\/","name":"Observatorio de Bio\u00e9tica y Derecho","description":"Observatorio de Bio\u00e9tica y Derecho","inLanguage":"es"}]}},"_links":{"self":[{"href":"https:\/\/medicina.udd.cl\/observatorio-bioetica-derecho\/wp-json\/wp\/v2\/pages\/206","targetHints":{"allow":["GET"]}}],"collection":[{"href":"https:\/\/medicina.udd.cl\/observatorio-bioetica-derecho\/wp-json\/wp\/v2\/pages"}],"about":[{"href":"https:\/\/medicina.udd.cl\/observatorio-bioetica-derecho\/wp-json\/wp\/v2\/types\/page"}],"author":[{"embeddable":true,"href":"https:\/\/medicina.udd.cl\/observatorio-bioetica-derecho\/wp-json\/wp\/v2\/users\/42"}],"replies":[{"embeddable":true,"href":"https:\/\/medicina.udd.cl\/observatorio-bioetica-derecho\/wp-json\/wp\/v2\/comments?post=206"}],"version-history":[{"count":13,"href":"https:\/\/medicina.udd.cl\/observatorio-bioetica-derecho\/wp-json\/wp\/v2\/pages\/206\/revisions"}],"predecessor-version":[{"id":1186,"href":"https:\/\/medicina.udd.cl\/observatorio-bioetica-derecho\/wp-json\/wp\/v2\/pages\/206\/revisions\/1186"}],"wp:featuredmedia":[{"embeddable":true,"href":"https:\/\/medicina.udd.cl\/observatorio-bioetica-derecho\/wp-json\/wp\/v2\/media\/390"}],"wp:attachment":[{"href":"https:\/\/medicina.udd.cl\/observatorio-bioetica-derecho\/wp-json\/wp\/v2\/media?parent=206"}],"curies":[{"name":"wp","href":"https:\/\/api.w.org\/{rel}","templated":true}]}}