{"id":484,"date":"2014-07-29T12:41:19","date_gmt":"2014-07-29T16:41:19","guid":{"rendered":"http:\/\/medicina.udd.cl\/observatorio-bioetica-derecho\/?page_id=484"},"modified":"2021-04-23T11:00:12","modified_gmt":"2021-04-23T15:00:12","slug":"difusion-3","status":"publish","type":"page","link":"https:\/\/medicina.udd.cl\/observatorio-bioetica-derecho\/difusion-3\/","title":{"rendered":"Difusi\u00f3n"},"content":{"rendered":"\n<h2 class=\"wp-block-heading\">Apariciones en la prensa<\/h2>\n\n\n\n<h3 class=\"wp-block-heading\">2018<\/h3>\n\n\n\n<ul class=\"wp-block-list\"><li><a href=\"http:\/\/uddmail.udd.cl\/link.php?M=1188292&amp;N=726&amp;L=1334&amp;F=H\">\u00bfSe puede estudiar el cerebro de Hawking? (TVN, 15 de marzo de 2018)<\/a><\/li><\/ul>\n\n\n\n<h3 class=\"wp-block-heading\">2017<\/h3>\n\n\n\n<ul class=\"wp-block-list\"><li> <a href=\"https:\/\/medicina.udd.cl\/files\/2017\/03\/Regulaci%C3%B3n-biom%C3%A9dica.pdf\">Regulaci\u00f3n biom\u00e9dica (El Mercurio, 24 de marzo de 2017)<\/a><\/li><li> <a href=\"https:\/\/medicina.udd.cl\/files\/2017\/01\/Discapacidad-intelectual.pdf\">Discapacidad intelectual (El Mercurio, 18 de enero de 2017)<\/a><\/li><\/ul>\n\n\n\n<h3 class=\"wp-block-heading\">2016<\/h3>\n\n\n\n<ul class=\"wp-block-list\"><li> <a href=\"https:\/\/medicina.udd.cl\/centro-bioetica\/files\/2016\/12\/Ley-Ricarte-Soto-y-ensayos-cl%C3%ADnicos.pdf\">Ley Ricarte Soto y ensayos cl\u00ednicos (La Tercera, 17\u00a0de diciembre de 2016)<\/a><\/li><li><a href=\"https:\/\/medicina.udd.cl\/observatorio-bioetica-derecho\/files\/2016\/06\/Dignidad-animal-y-acad%C3%A9mica-1.pdf\"> Dignidad animal y acad\u00e9mica (El Mercurio, 13 de junio, 2016)<\/a><\/li><li> <a href=\"https:\/\/medicina.udd.cl\/observatorio-bioetica-derecho\/files\/2016\/06\/Debate-sobre-el-animalismo-1.pdf\">Debate sobre el animalismo (El Mercurio, 09 de junio, 2016)<\/a><\/li><li> <a href=\"https:\/\/map.conectamedia.cl\/index.php\/clippingNews\/view?id=543501&amp;email=9227&amp;fromemail=1\">Alerta virus zika en Olimpiadas (Teletrece, 29 de mayo, 2016)<\/a><\/li><li> <a href=\"https:\/\/medicina.udd.cl\/files\/2016\/05\/El-Zika-amenaza-otra-vez-los-Juegos-Ol%C3%ADmpicos.pdf\">El zika amenaza otra vez los Juegos Ol\u00edmpicos de R\u00edo (El Mercurio, 28\u00a0de mayo de 2016)<\/a><\/li><\/ul>\n\n\n\n<h3 class=\"wp-block-heading\">2015<\/h3>\n\n\n\n<ul class=\"wp-block-list\"><li> <a href=\"https:\/\/medicina.udd.cl\/observatorio-bioetica-derecho\/files\/2015\/11\/Rechazo-a-legislar-sobre-eutanasia.pdf\">Rechazo a legislar sobre eutanasia (El Mercurio, 23 de noviembre, 2015)<\/a><\/li><li> <a href=\"https:\/\/www.litoralpress.cl\/design3\/lpi\/video.asp?id=6516008\">Eutanasia (Teletrece \/ Contacto, 2 de agosto)<\/a><\/li><li> <a href=\"https:\/\/medicina.udd.cl\/observatorio-bioetica-derecho\/files\/2015\/06\/portafolio-de-salud-2.pdf\">Las grietas de la Ley Ricarte Soto (Portafolio Salud, junio 2015)<\/a><\/li><li> <a href=\"https:\/\/medicina.udd.cl\/files\/2015\/05\/Investigaci%C3%B3n-biom%C3%A9dica-y-Ley-Ricarte-Soto2.pdf\">Investigaci\u00f3n biom\u00e9dica y Ley Ricarte Soto (La Tercera, 28 de mayo)<\/a><\/li><li> <a href=\"https:\/\/medicina.udd.cl\/observatorio-bioetica-derecho\/files\/2015\/05\/R%C3%A9dito-pol%C3%ADtico-pernicioso.pdf\">R\u00e9dito pol\u00edtico pernicioso (El Mercurio, 23 de mayo)<\/a><\/li><li> <a href=\"https:\/\/medicina.udd.cl\/observatorio-bioetica-derecho\/files\/2015\/05\/Carta-Alberto-Lecaros.pdf\">Cambios legales en la investigaci\u00f3n (El Mercurio, 12 de mayo)<\/a><\/li><li> <a href=\"https:\/\/www.litoralpress.cl\/design3\/lpi\/video.asp?id=6384232\">Embriones congelados, \u00bfqui\u00e9n decide qu\u00e9 hacer con ellos? (Teletrece, 30 de abril)<\/a><\/li><li> <a href=\"https:\/\/medicina.udd.cl\/observatorio-bioetica-derecho\/files\/2015\/04\/Cient%C3%ADficos-advierten-que-Ley-Ricarte-Soto-desincentivar%C3%A1-investigaci%C3%B3n-de-f%C3%A1rmacos-El-Mercurio-23-de-abril-2015.pdf\">Cient\u00edficos advierten que Ley Ricarte Soto desincentivar\u00e1 investigaci\u00f3n de f\u00e1rmacos (El Mercurio, 23 de abril)<\/a><\/li><li> <a href=\"https:\/\/medicina.udd.cl\/observatorio-bioetica-derecho\/files\/2015\/04\/Los-peligros-de-la-Ley-Ricarte-Soto-para-la-investigaci%C3%B3n-biom%C3%A9dica-en-Chile-El-Mostrador-20-de-abril-2015.pdf\">Los peligros de la Ley Ricarte Soto para la investigaci\u00f3n biom\u00e9dica en Chile (El Mostrador, 20 de abril)<\/a><\/li><li> <a href=\"https:\/\/medicina.udd.cl\/observatorio-bioetica-derecho\/files\/2015\/04\/Ley-Ricarte-Soto.pdf\">Proyecto de Ley Ricarte Soto (El Mercurio, 6 de abril)<\/a><\/li><li> <a href=\"https:\/\/medicina.udd.cl\/observatorio-bioetica-derecho\/files\/2015\/03\/Bioderecho-Nuevo-marco-legal-para-los-dilemas-jur%C3%ADdicos-de-la-biomedicina-Portafolio-Salud-marzo-2015.pdf\">Bioderecho: nuevo marco legal para los dilemas jur\u00eddicos de la biomedicina (Portafolio Salud &#8211; edici\u00f3n marzo)<\/a><\/li><li> <a href=\"https:\/\/medicina.udd.cl\/observatorio-bioetica-derecho\/files\/2015\/03\/Tom-L.pdf\">Entrevista\u00a0a Tom L. Beauchamp \u00a0(El Mercurio Legal, 25 de marzo)<\/a><\/li><li> <a href=\"https:\/\/medicina.udd.cl\/observatorio-bioetica-derecho\/files\/2015\/03\/La-mujer-tiene-que-decidir-si-se-hace-un-aborto.-Las-sociedades-no-deber%C3%ADan-prohibirlo-La-Segunda-martes-24-de-marzo-2015.pdf\">Entrevista a Peter Kemp, fundador del Bioderecho en Europa (La Segunda &#8211; 24 de marzo)<\/a><\/li><li> <a href=\"https:\/\/medicina.udd.cl\/observatorio-bioetica-derecho\/files\/2015\/08\/Las-claves-para-entender-el-bioderecho-Publimetro-11-de-marzo-2015.pdf\">Las claves para entender el Bioderecho (Publimetro, 11 de marzo)<\/a><\/li><li> <a href=\"https:\/\/medicina.udd.cl\/observatorio-bioetica-derecho\/files\/2015\/01\/Derecho-a-morir-con-dignidad-Carta-al-Director-El-Mercurio-28-de-enero-2015.pdf\">\u00bfDerecho a morir con dignidad? (El Mercurio &#8211; 27 de enero de 2015)<\/a><\/li><li> <a href=\"https:\/\/medicina.udd.cl\/observatorio-bioetica-derecho\/files\/2015\/01\/Menos-biopolitica-mas-bioderecho-El-Mercurio-19-de-enero.pdf\">Menos biopol\u00edtica, m\u00e1s bioderecho (El Mercurio &#8211; 19 de enero de 2015)<\/a><\/li><\/ul>\n\n\n\n<h3 class=\"wp-block-heading\">2014<\/h3>\n\n\n\n<ul class=\"wp-block-list\"><li> <a href=\"https:\/\/medicina.udd.cl\/observatorio-bioetica-derecho\/files\/2014\/12\/Universidades-acusan-falta-de-reglas-para-el-desarrollo-de-la-innovaci%C3%B3n-en-biomedicina-El-Mercurio-15-de-diciembre-2014.pdf\">Universidades acusan falta de reglas para el desarrollo de la innovaci\u00f3n en biomedicina (El Mercurio &#8211; 15 de diciembre de 2014)<\/a><\/li><li> <a href=\"https:\/\/medicina.udd.cl\/observatorio-bioetica-derecho\/files\/2014\/11\/Desaf%C3%ADos-para-la-innovaci%C3%B3n-en-salud-basada-en-ciencias.pdf\">Desaf\u00edos regulatorios para la innovaci\u00f3n en salud basada en ciencias (El Mercurio &#8211; 24 de octubre de 2014)<\/a><\/li><li> <a href=\"https:\/\/medicina.udd.cl\/observatorio-bioetica-derecho\/files\/2014\/07\/Gen%C3%A9tica-y-derecho-A.-Lecaros-El-Mercurio.pdf\">Gen\u00e9tica y Derecho (El Mercurio &#8211; 27 de julio de 2014)<\/a><\/li><li><a href=\"https:\/\/medicina.udd.cl\/observatorio-bioetica-derecho\/files\/2014\/07\/Trato-digno-Ley-Pacientes-El-Mercurio.pdf\"> Trato digno en la Ley del Paciente (El Mercurio &#8211; 5 de mayo de 2014)<\/a><\/li><\/ul>\n\n\n\n<h3 class=\"wp-block-heading\">2013<\/h3>\n\n\n\n<ul class=\"wp-block-list\"><li> <a href=\"https:\/\/medicina.udd.cl\/observatorio-bioetica-derecho\/files\/2014\/07\/Juan-Pablo-Beca-Alberto-Lecaros-11-de-octubre.pdf\">Donaci\u00f3n de \u00f3rganos (El Mercurio &#8211; 11 de octubre de 2013)<\/a><\/li><li> <a href=\"https:\/\/medicina.udd.cl\/observatorio-bioetica-derecho\/files\/2014\/07\/Donaci%C3%B3n-de-%C3%B3rganos-9-10-JP-Beca-y-Alberto-Lecaros.pdf\">Donaci\u00f3n de \u00f3rganos (El Mercurio &#8211; 9 de octubre de 2013)<\/a><\/li><\/ul>\n","protected":false},"excerpt":{"rendered":"<p>Apariciones en la prensa 2018 \u00bfSe puede estudiar el cerebro de Hawking? (TVN, 15 de marzo de 2018) 2017 Regulaci\u00f3n biom\u00e9dica (El Mercurio, 24 de marzo de 2017) Discapacidad intelectual (El Mercurio, 18 de enero de 2017) 2016 Ley Ricarte Soto y ensayos cl\u00ednicos (La Tercera, 17\u00a0de diciembre de 2016) Dignidad animal y acad\u00e9mica (El [&hellip;]<\/p>\n","protected":false},"author":42,"featured_media":0,"parent":0,"menu_order":0,"comment_status":"open","ping_status":"open","template":"","meta":{"footnotes":""},"class_list":["post-484","page","type-page","status-publish","hentry"],"yoast_head":"<!-- This site is optimized with the Yoast SEO plugin v26.9 - https:\/\/yoast.com\/product\/yoast-seo-wordpress\/ -->\n<title>Difusi\u00f3n - Observatorio de Bio\u00e9tica y Derecho<\/title>\n<meta name=\"robots\" content=\"index, follow, max-snippet:-1, max-image-preview:large, max-video-preview:-1\" \/>\n<link rel=\"canonical\" href=\"https:\/\/medicina.udd.cl\/observatorio-bioetica-derecho\/difusion-3\/\" \/>\n<meta property=\"og:locale\" content=\"es_ES\" \/>\n<meta property=\"og:type\" content=\"article\" \/>\n<meta property=\"og:title\" content=\"Difusi\u00f3n - Observatorio de Bio\u00e9tica y Derecho\" \/>\n<meta property=\"og:description\" content=\"Apariciones en la prensa 2018 \u00bfSe puede estudiar el cerebro de Hawking? (TVN, 15 de marzo de 2018) 2017 Regulaci\u00f3n biom\u00e9dica (El Mercurio, 24 de marzo de 2017) Discapacidad intelectual (El Mercurio, 18 de enero de 2017) 2016 Ley Ricarte Soto y ensayos cl\u00ednicos (La Tercera, 17\u00a0de diciembre de 2016) Dignidad animal y acad\u00e9mica (El [&hellip;]\" \/>\n<meta property=\"og:url\" content=\"https:\/\/medicina.udd.cl\/observatorio-bioetica-derecho\/difusion-3\/\" \/>\n<meta property=\"og:site_name\" content=\"Observatorio de Bio\u00e9tica y Derecho\" \/>\n<meta property=\"article:modified_time\" content=\"2021-04-23T15:00:12+00:00\" \/>\n<meta name=\"twitter:label1\" content=\"Tiempo de lectura\" \/>\n\t<meta name=\"twitter:data1\" content=\"2 minutos\" \/>\n<script type=\"application\/ld+json\" class=\"yoast-schema-graph\">{\"@context\":\"https:\/\/schema.org\",\"@graph\":[{\"@type\":\"WebPage\",\"@id\":\"https:\/\/medicina.udd.cl\/observatorio-bioetica-derecho\/difusion-3\/\",\"url\":\"https:\/\/medicina.udd.cl\/observatorio-bioetica-derecho\/difusion-3\/\",\"name\":\"Difusi\u00f3n - Observatorio de Bio\u00e9tica y Derecho\",\"isPartOf\":{\"@id\":\"https:\/\/medicina.udd.cl\/observatorio-bioetica-derecho\/#website\"},\"datePublished\":\"2014-07-29T16:41:19+00:00\",\"dateModified\":\"2021-04-23T15:00:12+00:00\",\"breadcrumb\":{\"@id\":\"https:\/\/medicina.udd.cl\/observatorio-bioetica-derecho\/difusion-3\/#breadcrumb\"},\"inLanguage\":\"es\",\"potentialAction\":[{\"@type\":\"ReadAction\",\"target\":[\"https:\/\/medicina.udd.cl\/observatorio-bioetica-derecho\/difusion-3\/\"]}]},{\"@type\":\"BreadcrumbList\",\"@id\":\"https:\/\/medicina.udd.cl\/observatorio-bioetica-derecho\/difusion-3\/#breadcrumb\",\"itemListElement\":[{\"@type\":\"ListItem\",\"position\":1,\"name\":\"Home\",\"item\":\"https:\/\/medicina.udd.cl\/observatorio-bioetica-derecho\/\"},{\"@type\":\"ListItem\",\"position\":2,\"name\":\"Difusi\u00f3n\"}]},{\"@type\":\"WebSite\",\"@id\":\"https:\/\/medicina.udd.cl\/observatorio-bioetica-derecho\/#website\",\"url\":\"https:\/\/medicina.udd.cl\/observatorio-bioetica-derecho\/\",\"name\":\"Observatorio de Bio\u00e9tica y Derecho\",\"description\":\"Observatorio de Bio\u00e9tica y Derecho\",\"inLanguage\":\"es\"}]}<\/script>\n<!-- \/ Yoast SEO plugin. -->","yoast_head_json":{"title":"Difusi\u00f3n - Observatorio de Bio\u00e9tica y Derecho","robots":{"index":"index","follow":"follow","max-snippet":"max-snippet:-1","max-image-preview":"max-image-preview:large","max-video-preview":"max-video-preview:-1"},"canonical":"https:\/\/medicina.udd.cl\/observatorio-bioetica-derecho\/difusion-3\/","og_locale":"es_ES","og_type":"article","og_title":"Difusi\u00f3n - Observatorio de Bio\u00e9tica y Derecho","og_description":"Apariciones en la prensa 2018 \u00bfSe puede estudiar el cerebro de Hawking? (TVN, 15 de marzo de 2018) 2017 Regulaci\u00f3n biom\u00e9dica (El Mercurio, 24 de marzo de 2017) Discapacidad intelectual (El Mercurio, 18 de enero de 2017) 2016 Ley Ricarte Soto y ensayos cl\u00ednicos (La Tercera, 17\u00a0de diciembre de 2016) Dignidad animal y acad\u00e9mica (El [&hellip;]","og_url":"https:\/\/medicina.udd.cl\/observatorio-bioetica-derecho\/difusion-3\/","og_site_name":"Observatorio de Bio\u00e9tica y Derecho","article_modified_time":"2021-04-23T15:00:12+00:00","twitter_misc":{"Tiempo de lectura":"2 minutos"},"schema":{"@context":"https:\/\/schema.org","@graph":[{"@type":"WebPage","@id":"https:\/\/medicina.udd.cl\/observatorio-bioetica-derecho\/difusion-3\/","url":"https:\/\/medicina.udd.cl\/observatorio-bioetica-derecho\/difusion-3\/","name":"Difusi\u00f3n - Observatorio de Bio\u00e9tica y Derecho","isPartOf":{"@id":"https:\/\/medicina.udd.cl\/observatorio-bioetica-derecho\/#website"},"datePublished":"2014-07-29T16:41:19+00:00","dateModified":"2021-04-23T15:00:12+00:00","breadcrumb":{"@id":"https:\/\/medicina.udd.cl\/observatorio-bioetica-derecho\/difusion-3\/#breadcrumb"},"inLanguage":"es","potentialAction":[{"@type":"ReadAction","target":["https:\/\/medicina.udd.cl\/observatorio-bioetica-derecho\/difusion-3\/"]}]},{"@type":"BreadcrumbList","@id":"https:\/\/medicina.udd.cl\/observatorio-bioetica-derecho\/difusion-3\/#breadcrumb","itemListElement":[{"@type":"ListItem","position":1,"name":"Home","item":"https:\/\/medicina.udd.cl\/observatorio-bioetica-derecho\/"},{"@type":"ListItem","position":2,"name":"Difusi\u00f3n"}]},{"@type":"WebSite","@id":"https:\/\/medicina.udd.cl\/observatorio-bioetica-derecho\/#website","url":"https:\/\/medicina.udd.cl\/observatorio-bioetica-derecho\/","name":"Observatorio de Bio\u00e9tica y Derecho","description":"Observatorio de Bio\u00e9tica y Derecho","inLanguage":"es"}]}},"_links":{"self":[{"href":"https:\/\/medicina.udd.cl\/observatorio-bioetica-derecho\/wp-json\/wp\/v2\/pages\/484","targetHints":{"allow":["GET"]}}],"collection":[{"href":"https:\/\/medicina.udd.cl\/observatorio-bioetica-derecho\/wp-json\/wp\/v2\/pages"}],"about":[{"href":"https:\/\/medicina.udd.cl\/observatorio-bioetica-derecho\/wp-json\/wp\/v2\/types\/page"}],"author":[{"embeddable":true,"href":"https:\/\/medicina.udd.cl\/observatorio-bioetica-derecho\/wp-json\/wp\/v2\/users\/42"}],"replies":[{"embeddable":true,"href":"https:\/\/medicina.udd.cl\/observatorio-bioetica-derecho\/wp-json\/wp\/v2\/comments?post=484"}],"version-history":[{"count":4,"href":"https:\/\/medicina.udd.cl\/observatorio-bioetica-derecho\/wp-json\/wp\/v2\/pages\/484\/revisions"}],"predecessor-version":[{"id":1029,"href":"https:\/\/medicina.udd.cl\/observatorio-bioetica-derecho\/wp-json\/wp\/v2\/pages\/484\/revisions\/1029"}],"wp:attachment":[{"href":"https:\/\/medicina.udd.cl\/observatorio-bioetica-derecho\/wp-json\/wp\/v2\/media?parent=484"}],"curies":[{"name":"wp","href":"https:\/\/api.w.org\/{rel}","templated":true}]}}