{"id":51,"date":"2012-08-03T03:31:32","date_gmt":"2012-08-03T07:31:32","guid":{"rendered":"http:\/\/medicina.udd.cl\/obd\/"},"modified":"2021-04-23T11:04:53","modified_gmt":"2021-04-23T15:04:53","slug":"seminario-de-debate-publico","status":"publish","type":"page","link":"https:\/\/medicina.udd.cl\/observatorio-bioetica-derecho\/eventos-y-actividades\/seminario-de-debate-publico\/","title":{"rendered":"Seminario de Debate P\u00fablico"},"content":{"rendered":"\n<h2 class=\"wp-block-heading\"><span style=\"text-align: justify;\">Tema: <\/span><\/h2>\n\n\n\n<p><span style=\"text-align: justify;\">An\u00e1lisis y debate sobre un \u00e1rea del bioderecho<\/span><span style=\"text-align: justify;\">&nbsp;que cuenta con una normativa deficiente o bien que no cuenta con una regulaci\u00f3n.<\/span><\/p>\n\n\n\n<h2 class=\"wp-block-heading\">Metodolog\u00eda de trabajo<span style=\"text-align: justify;\">:<\/span><\/h2>\n\n\n\n<h3 class=\"wp-block-heading\">1.- Comisi\u00f3n interdisciplinaria:<\/h3>\n\n\n\n<p>La Comisi\u00f3n est\u00e1 conformada por un equipo interdisciplinario encargado de la discusi\u00f3n y elaboraci\u00f3n del tema regulatorio seleccionado, cuyos resultados se entregar\u00e1n en un informe anual. La Comisi\u00f3n coordina el aporte de los expertos invitados en mesas de trabajo subdivididas en temas espec\u00edficos.<\/p>\n\n\n\n<p>La Comisi\u00f3n sesiona una vez cada quince d\u00edas.&nbsp;En cada sesi\u00f3n se levanta un acta con los temas analizados y discutidos, y con los puntos de consenso alcanzados. Estas actas son enviadas, una vez finalizada cada sesi\u00f3n, a los invitados expertos con el objetivo de que env\u00eden correcciones o nuevas propuestas.<\/p>\n\n\n\n<h3 class=\"wp-block-heading\">2. Seminario de Debate P\u00fablico:<\/h3>\n\n\n\n<p>El Seminario tiene por objetivo abrir un espacio de di\u00e1logo plural e interdisciplinario &nbsp;que convoque,&nbsp;en el tema regulatorio seleccionado,&nbsp;a los especialistas, a las agencias de gobierno, asociaciones cient\u00edficas, representantes de organizaciones sociales, pol\u00edticos y otros grupos de inter\u00e9s.<\/p>\n\n\n\n<p>El Seminario se realiza en una sola jornada y es organizado por el Observatorio de Bio\u00e9tica y Derecho y, eventualmente, con la co-organizaci\u00f3n de otros grupos de inter\u00e9s.<\/p>\n\n\n\n<p>Finalizado el Seminario, se efectuar\u00e1 una evaluaci\u00f3n a cargo de los miembros de la Comisi\u00f3n con el objetivo de preparar un Informe Preliminar.<\/p>\n\n\n\n<h3 class=\"wp-block-heading\">3. Informe Anual:<\/h3>\n\n\n\n<p>El Informe Anual es el resultado de la discusi\u00f3n y los consensos alcanzados en las sesiones de la Comisi\u00f3n. El objetivo de este informe es contribuir al debate p\u00fablico nacional con propuestas normativas en bioderecho.<\/p>\n\n\n\n<p>Una vez publicado, se har\u00e1 llegar a todas las agencias de gobierno correspondientes, al Parlamento, a centros de estudios de pol\u00edticas p\u00fablicas y a las organizaciones sociales pertinentes.<\/p>\n\n\n\n<p>El documento del Informe Anual ser\u00e1 impreso en papel para ser entregado a las instancias reci\u00e9n mencionadas y se adjuntar\u00e1 en formato pdf. en la p\u00e1gina web del Observatorio de Bio\u00e9tica y Derecho UDD.<\/p>\n","protected":false},"excerpt":{"rendered":"<p>Revisa los temas y metodolog\u00eda de trabajo de este espacio de di\u00e1logo que se realiza anualmente.<\/p>\n","protected":false},"author":9192194,"featured_media":0,"parent":5,"menu_order":0,"comment_status":"open","ping_status":"open","template":"","meta":{"footnotes":""},"class_list":["post-51","page","type-page","status-publish","hentry"],"yoast_head":"<!-- This site is optimized with the Yoast SEO plugin v26.9 - https:\/\/yoast.com\/product\/yoast-seo-wordpress\/ -->\n<title>Seminario de Debate P\u00fablico - Observatorio de Bio\u00e9tica y Derecho<\/title>\n<meta name=\"robots\" content=\"index, follow, max-snippet:-1, max-image-preview:large, max-video-preview:-1\" \/>\n<link rel=\"canonical\" href=\"https:\/\/medicina.udd.cl\/observatorio-bioetica-derecho\/eventos-y-actividades\/seminario-de-debate-publico\/\" \/>\n<meta property=\"og:locale\" content=\"es_ES\" \/>\n<meta property=\"og:type\" content=\"article\" \/>\n<meta property=\"og:title\" content=\"Seminario de Debate P\u00fablico - Observatorio de Bio\u00e9tica y Derecho\" \/>\n<meta property=\"og:description\" content=\"Revisa los temas y metodolog\u00eda de trabajo de este espacio de di\u00e1logo que se realiza anualmente.\" \/>\n<meta property=\"og:url\" content=\"https:\/\/medicina.udd.cl\/observatorio-bioetica-derecho\/eventos-y-actividades\/seminario-de-debate-publico\/\" \/>\n<meta property=\"og:site_name\" content=\"Observatorio de Bio\u00e9tica y Derecho\" \/>\n<meta property=\"article:modified_time\" content=\"2021-04-23T15:04:53+00:00\" \/>\n<meta name=\"twitter:label1\" content=\"Tiempo de lectura\" \/>\n\t<meta name=\"twitter:data1\" content=\"2 minutos\" \/>\n<script type=\"application\/ld+json\" class=\"yoast-schema-graph\">{\"@context\":\"https:\/\/schema.org\",\"@graph\":[{\"@type\":\"WebPage\",\"@id\":\"https:\/\/medicina.udd.cl\/observatorio-bioetica-derecho\/eventos-y-actividades\/seminario-de-debate-publico\/\",\"url\":\"https:\/\/medicina.udd.cl\/observatorio-bioetica-derecho\/eventos-y-actividades\/seminario-de-debate-publico\/\",\"name\":\"Seminario de Debate P\u00fablico - Observatorio de Bio\u00e9tica y Derecho\",\"isPartOf\":{\"@id\":\"https:\/\/medicina.udd.cl\/observatorio-bioetica-derecho\/#website\"},\"datePublished\":\"2012-08-03T07:31:32+00:00\",\"dateModified\":\"2021-04-23T15:04:53+00:00\",\"breadcrumb\":{\"@id\":\"https:\/\/medicina.udd.cl\/observatorio-bioetica-derecho\/eventos-y-actividades\/seminario-de-debate-publico\/#breadcrumb\"},\"inLanguage\":\"es\",\"potentialAction\":[{\"@type\":\"ReadAction\",\"target\":[\"https:\/\/medicina.udd.cl\/observatorio-bioetica-derecho\/eventos-y-actividades\/seminario-de-debate-publico\/\"]}]},{\"@type\":\"BreadcrumbList\",\"@id\":\"https:\/\/medicina.udd.cl\/observatorio-bioetica-derecho\/eventos-y-actividades\/seminario-de-debate-publico\/#breadcrumb\",\"itemListElement\":[{\"@type\":\"ListItem\",\"position\":1,\"name\":\"Home\",\"item\":\"https:\/\/medicina.udd.cl\/observatorio-bioetica-derecho\/\"},{\"@type\":\"ListItem\",\"position\":2,\"name\":\"Eventos y actividades\",\"item\":\"https:\/\/medicina.udd.cl\/observatorio-bioetica-derecho\/?page_id=5\"},{\"@type\":\"ListItem\",\"position\":3,\"name\":\"Seminario de Debate P\u00fablico\"}]},{\"@type\":\"WebSite\",\"@id\":\"https:\/\/medicina.udd.cl\/observatorio-bioetica-derecho\/#website\",\"url\":\"https:\/\/medicina.udd.cl\/observatorio-bioetica-derecho\/\",\"name\":\"Observatorio de Bio\u00e9tica y Derecho\",\"description\":\"Observatorio de Bio\u00e9tica y Derecho\",\"inLanguage\":\"es\"}]}<\/script>\n<!-- \/ Yoast SEO plugin. -->","yoast_head_json":{"title":"Seminario de Debate P\u00fablico - Observatorio de Bio\u00e9tica y Derecho","robots":{"index":"index","follow":"follow","max-snippet":"max-snippet:-1","max-image-preview":"max-image-preview:large","max-video-preview":"max-video-preview:-1"},"canonical":"https:\/\/medicina.udd.cl\/observatorio-bioetica-derecho\/eventos-y-actividades\/seminario-de-debate-publico\/","og_locale":"es_ES","og_type":"article","og_title":"Seminario de Debate P\u00fablico - Observatorio de Bio\u00e9tica y Derecho","og_description":"Revisa los temas y metodolog\u00eda de trabajo de este espacio de di\u00e1logo que se realiza anualmente.","og_url":"https:\/\/medicina.udd.cl\/observatorio-bioetica-derecho\/eventos-y-actividades\/seminario-de-debate-publico\/","og_site_name":"Observatorio de Bio\u00e9tica y Derecho","article_modified_time":"2021-04-23T15:04:53+00:00","twitter_misc":{"Tiempo de lectura":"2 minutos"},"schema":{"@context":"https:\/\/schema.org","@graph":[{"@type":"WebPage","@id":"https:\/\/medicina.udd.cl\/observatorio-bioetica-derecho\/eventos-y-actividades\/seminario-de-debate-publico\/","url":"https:\/\/medicina.udd.cl\/observatorio-bioetica-derecho\/eventos-y-actividades\/seminario-de-debate-publico\/","name":"Seminario de Debate P\u00fablico - Observatorio de Bio\u00e9tica y Derecho","isPartOf":{"@id":"https:\/\/medicina.udd.cl\/observatorio-bioetica-derecho\/#website"},"datePublished":"2012-08-03T07:31:32+00:00","dateModified":"2021-04-23T15:04:53+00:00","breadcrumb":{"@id":"https:\/\/medicina.udd.cl\/observatorio-bioetica-derecho\/eventos-y-actividades\/seminario-de-debate-publico\/#breadcrumb"},"inLanguage":"es","potentialAction":[{"@type":"ReadAction","target":["https:\/\/medicina.udd.cl\/observatorio-bioetica-derecho\/eventos-y-actividades\/seminario-de-debate-publico\/"]}]},{"@type":"BreadcrumbList","@id":"https:\/\/medicina.udd.cl\/observatorio-bioetica-derecho\/eventos-y-actividades\/seminario-de-debate-publico\/#breadcrumb","itemListElement":[{"@type":"ListItem","position":1,"name":"Home","item":"https:\/\/medicina.udd.cl\/observatorio-bioetica-derecho\/"},{"@type":"ListItem","position":2,"name":"Eventos y actividades","item":"https:\/\/medicina.udd.cl\/observatorio-bioetica-derecho\/?page_id=5"},{"@type":"ListItem","position":3,"name":"Seminario de Debate P\u00fablico"}]},{"@type":"WebSite","@id":"https:\/\/medicina.udd.cl\/observatorio-bioetica-derecho\/#website","url":"https:\/\/medicina.udd.cl\/observatorio-bioetica-derecho\/","name":"Observatorio de Bio\u00e9tica y Derecho","description":"Observatorio de Bio\u00e9tica y Derecho","inLanguage":"es"}]}},"_links":{"self":[{"href":"https:\/\/medicina.udd.cl\/observatorio-bioetica-derecho\/wp-json\/wp\/v2\/pages\/51","targetHints":{"allow":["GET"]}}],"collection":[{"href":"https:\/\/medicina.udd.cl\/observatorio-bioetica-derecho\/wp-json\/wp\/v2\/pages"}],"about":[{"href":"https:\/\/medicina.udd.cl\/observatorio-bioetica-derecho\/wp-json\/wp\/v2\/types\/page"}],"author":[{"embeddable":true,"href":"https:\/\/medicina.udd.cl\/observatorio-bioetica-derecho\/wp-json\/wp\/v2\/users\/9192194"}],"replies":[{"embeddable":true,"href":"https:\/\/medicina.udd.cl\/observatorio-bioetica-derecho\/wp-json\/wp\/v2\/comments?post=51"}],"version-history":[{"count":11,"href":"https:\/\/medicina.udd.cl\/observatorio-bioetica-derecho\/wp-json\/wp\/v2\/pages\/51\/revisions"}],"predecessor-version":[{"id":1037,"href":"https:\/\/medicina.udd.cl\/observatorio-bioetica-derecho\/wp-json\/wp\/v2\/pages\/51\/revisions\/1037"}],"up":[{"embeddable":true,"href":"https:\/\/medicina.udd.cl\/observatorio-bioetica-derecho\/wp-json\/wp\/v2\/pages\/5"}],"wp:attachment":[{"href":"https:\/\/medicina.udd.cl\/observatorio-bioetica-derecho\/wp-json\/wp\/v2\/media?parent=51"}],"curies":[{"name":"wp","href":"https:\/\/api.w.org\/{rel}","templated":true}]}}