{"id":994,"date":"2021-04-23T10:01:43","date_gmt":"2021-04-23T14:01:43","guid":{"rendered":"http:\/\/medicina.udd.cl\/observatorio-bioetica-derecho\/?page_id=994"},"modified":"2024-07-01T16:42:19","modified_gmt":"2024-07-01T20:42:19","slug":"inicio","status":"publish","type":"page","link":"https:\/\/medicina.udd.cl\/observatorio-bioetica-derecho\/","title":{"rendered":"Inicio"},"content":{"rendered":"<section class=\"wp-block-udd-text-row block--bg-gray\">\n\t<div class=\"text-row\">\n\t\t<div class=\"text-row__content\">\n\t\t\t<div class=\"text-row__content-inner text\">\n\t\t\t\t\t\t\t\t<h2>Qu\u00e9 hacemos<\/h2>\n\t\t\t\t\t\t\t\t\n<p>Estudio del impacto \u00e9tico, jur\u00eddico, social y pol\u00edtico de las regulaciones legales, reglamentarias y administrativas en materia de bio\u00e9tica en nuestro pa\u00eds. <\/p>\n\n<p>Revisi\u00f3n de las materias bio\u00e9ticas que requieren regulaci\u00f3n a nivel legal, con el objeto de elaborar propuestas normativas que las regulen.<\/p>\n\t\t\t<\/div>\n\t\t<\/div>\n\t\t<div class=\"text-row__media\">\n\t\t\t<img loading=\"lazy\" decoding=\"async\" width=\"801\" height=\"534\" src=\"https:\/\/medicina.udd.cl\/observatorio-bioetica-derecho\/files\/2019\/12\/IMG_1878-1-800x450.jpg\" class=\"text-row__media-image lazyload\" alt=\"\" sizes=\"auto, (max-width: 801px) 100vw, 801px\" data-src=\"https:\/\/medicina.udd.cl\/observatorio-bioetica-derecho\/files\/2019\/12\/IMG_1878-1.jpg\" data-srcset=\"https:\/\/medicina.udd.cl\/observatorio-bioetica-derecho\/files\/2019\/12\/IMG_1878-1.jpg 5184w, https:\/\/medicina.udd.cl\/observatorio-bioetica-derecho\/files\/2019\/12\/IMG_1878-1-300x200.jpg 300w, https:\/\/medicina.udd.cl\/observatorio-bioetica-derecho\/files\/2019\/12\/IMG_1878-1-768x512.jpg 768w, https:\/\/medicina.udd.cl\/observatorio-bioetica-derecho\/files\/2019\/12\/IMG_1878-1-1024x683.jpg 1024w, https:\/\/medicina.udd.cl\/observatorio-bioetica-derecho\/files\/2019\/12\/IMG_1878-1-960x640.jpg 960w\" \/>\t\t<\/div>\n\t<\/div>\n<\/section>\n\n\n<!-- WP Block: UDD - Fullwidth Cards -->\n<section class=\"wp-block-udd-fullwidth-cards is-style-clear\">\n\t<div class=\"container\">\n\t\t<header class=\"block__header\">\n\t\t\t<h2 class=\"block__title\">Noticias<\/h2>\n\t\t\t\t\t\t<a href=\"https:\/\/medicina.udd.cl\/observatorio-bioetica-derecho\/noticias\/\" class=\"block__view-more\">\n\t\t\t\tVer m\u00e1s noticias\t\t\t<\/a>\n\t\t\t\t\t<\/header>\n\t\t<div class=\"block__content\">\n\t\t\t<div class=\"fullwidth-cards\">\n\t\t\t<div class=\"fullwidth-card-wrapper is-style-clear\">\n\t<a href=\"https:\/\/medicina.udd.cl\/observatorio-bioetica-derecho\/noticias\/2025\/04\/16\/realizan-lanzamiento-de-libro-sobre-filosofia-ambiental-que-promueve-una-ciudadania-ecologica-planetaria\/\" class=\"fullwidth-card fullwidth-card--linkable\">\n\t\t\t\t<img loading=\"lazy\" decoding=\"async\" width=\"469\" height=\"500\" src=\"https:\/\/medicina.udd.cl\/observatorio-bioetica-derecho\/files\/2025\/04\/facebook-1080x1080px-62x62.jpg\" class=\"fullwidth-card__image wp-post-image lazyload\" alt=\"\" data-src=\"https:\/\/medicina.udd.cl\/observatorio-bioetica-derecho\/files\/2025\/04\/facebook-1080x1080px-469x500.jpg\" \/>\t\t\t\t<div class=\"fullwidth-card__content\">\n\t\t\t<span class=\"fullwidth-card__date\">\n\t\t\t\t16 de abril 2025\t\t\t<\/span>\n\t\t\t<h3 class=\"fullwidth-card__title\">Realizan lanzamiento de libro sobre filosof\u00eda ambiental que promueve una ciudadan\u00eda ecol\u00f3gica planetaria<\/h3>\n\t\t\t<span class=\"fullwidth-card__link\">\n\t\t\t\tConocer m\u00e1s\t\t\t<\/span>\n\t\t<\/div>\n\t<\/a>\n<\/div>\n<div class=\"fullwidth-card-wrapper is-style-clear\">\n\t<a href=\"https:\/\/medicina.udd.cl\/observatorio-bioetica-derecho\/noticias\/2024\/10\/28\/icim-udd-lidera-el-desarrollo-de-entornos-seguros-de-investigacion-y-gobernanza-de-los-datos-personales-de-salud\/\" class=\"fullwidth-card fullwidth-card--linkable\">\n\t\t\t\t<img loading=\"lazy\" decoding=\"async\" width=\"500\" height=\"500\" src=\"https:\/\/medicina.udd.cl\/observatorio-bioetica-derecho\/files\/2024\/11\/datos_personales_salud-62x62.jpg\" class=\"fullwidth-card__image wp-post-image lazyload\" alt=\"\" sizes=\"auto, (max-width: 500px) 100vw, 500px\" data-src=\"https:\/\/medicina.udd.cl\/observatorio-bioetica-derecho\/files\/2024\/11\/datos_personales_salud-500x500.jpg\" data-srcset=\"https:\/\/medicina.udd.cl\/observatorio-bioetica-derecho\/files\/2024\/11\/datos_personales_salud-500x500.jpg 500w, https:\/\/medicina.udd.cl\/observatorio-bioetica-derecho\/files\/2024\/11\/datos_personales_salud-150x150.jpg 150w, https:\/\/medicina.udd.cl\/observatorio-bioetica-derecho\/files\/2024\/11\/datos_personales_salud-62x62.jpg 62w, https:\/\/medicina.udd.cl\/observatorio-bioetica-derecho\/files\/2024\/11\/datos_personales_salud-250x250.jpg 250w, https:\/\/medicina.udd.cl\/observatorio-bioetica-derecho\/files\/2024\/11\/datos_personales_salud-126x126.jpg 126w\" \/>\t\t\t\t<div class=\"fullwidth-card__content\">\n\t\t\t<span class=\"fullwidth-card__date\">\n\t\t\t\t28 de octubre 2024\t\t\t<\/span>\n\t\t\t<h3 class=\"fullwidth-card__title\">ICIM-UDD lidera el desarrollo de entornos seguros de investigaci\u00f3n y gobernanza de los datos personales de salud<\/h3>\n\t\t\t<span class=\"fullwidth-card__link\">\n\t\t\t\tConocer m\u00e1s\t\t\t<\/span>\n\t\t<\/div>\n\t<\/a>\n<\/div>\n<div class=\"fullwidth-card-wrapper is-style-clear\">\n\t<a href=\"https:\/\/medicina.udd.cl\/observatorio-bioetica-derecho\/noticias\/2023\/10\/05\/realizan-lanzamiento-y-presentacion-de-libros-sobre-abordaje-de-problemas-fundamentales-de-la-bioetica-contemporanea\/\" class=\"fullwidth-card fullwidth-card--linkable\">\n\t\t\t\t<img loading=\"lazy\" decoding=\"async\" width=\"500\" height=\"500\" src=\"https:\/\/medicina.udd.cl\/observatorio-bioetica-derecho\/files\/2023\/10\/afiche-libros-bioetica-62x62.jpg\" class=\"fullwidth-card__image wp-post-image lazyload\" alt=\"\" sizes=\"auto, (max-width: 500px) 100vw, 500px\" data-src=\"https:\/\/medicina.udd.cl\/observatorio-bioetica-derecho\/files\/2023\/10\/afiche-libros-bioetica-500x500.jpg\" data-srcset=\"https:\/\/medicina.udd.cl\/observatorio-bioetica-derecho\/files\/2023\/10\/afiche-libros-bioetica-500x500.jpg 500w, https:\/\/medicina.udd.cl\/observatorio-bioetica-derecho\/files\/2023\/10\/afiche-libros-bioetica-150x150.jpg 150w, https:\/\/medicina.udd.cl\/observatorio-bioetica-derecho\/files\/2023\/10\/afiche-libros-bioetica-62x62.jpg 62w, https:\/\/medicina.udd.cl\/observatorio-bioetica-derecho\/files\/2023\/10\/afiche-libros-bioetica-750x750.jpg 750w, https:\/\/medicina.udd.cl\/observatorio-bioetica-derecho\/files\/2023\/10\/afiche-libros-bioetica-250x250.jpg 250w, https:\/\/medicina.udd.cl\/observatorio-bioetica-derecho\/files\/2023\/10\/afiche-libros-bioetica-126x126.jpg 126w\" \/>\t\t\t\t<div class=\"fullwidth-card__content\">\n\t\t\t<span class=\"fullwidth-card__date\">\n\t\t\t\t5 de octubre 2023\t\t\t<\/span>\n\t\t\t<h3 class=\"fullwidth-card__title\">Realizan lanzamiento y presentaci\u00f3n de libros sobre abordaje de problemas fundamentales de la bio\u00e9tica contempor\u00e1nea<\/h3>\n\t\t\t<span class=\"fullwidth-card__link\">\n\t\t\t\tConocer m\u00e1s\t\t\t<\/span>\n\t\t<\/div>\n\t<\/a>\n<\/div>\n<div class=\"fullwidth-card-wrapper is-style-clear\">\n\t<a href=\"https:\/\/medicina.udd.cl\/observatorio-bioetica-derecho\/noticias\/2023\/05\/22\/realizan-lanzamiento-y-presentacion-de-libros-sobre-el-impacto-del-bioderecho-en-la-legislacion-y-jurisprudencia-constitucional-chilena-y-comparada\/\" class=\"fullwidth-card fullwidth-card--linkable\">\n\t\t\t\t<img loading=\"lazy\" decoding=\"async\" width=\"500\" height=\"500\" src=\"https:\/\/medicina.udd.cl\/observatorio-bioetica-derecho\/files\/2023\/05\/icim-lanzamiento-de-libros-de-erick-valdes-22-62x62.jpg\" class=\"fullwidth-card__image wp-post-image lazyload\" alt=\"\" sizes=\"auto, (max-width: 500px) 100vw, 500px\" data-src=\"https:\/\/medicina.udd.cl\/observatorio-bioetica-derecho\/files\/2023\/05\/icim-lanzamiento-de-libros-de-erick-valdes-22-500x500.jpg\" data-srcset=\"https:\/\/medicina.udd.cl\/observatorio-bioetica-derecho\/files\/2023\/05\/icim-lanzamiento-de-libros-de-erick-valdes-22-500x500.jpg 500w, https:\/\/medicina.udd.cl\/observatorio-bioetica-derecho\/files\/2023\/05\/icim-lanzamiento-de-libros-de-erick-valdes-22-150x150.jpg 150w, https:\/\/medicina.udd.cl\/observatorio-bioetica-derecho\/files\/2023\/05\/icim-lanzamiento-de-libros-de-erick-valdes-22-62x62.jpg 62w, https:\/\/medicina.udd.cl\/observatorio-bioetica-derecho\/files\/2023\/05\/icim-lanzamiento-de-libros-de-erick-valdes-22-750x750.jpg 750w, https:\/\/medicina.udd.cl\/observatorio-bioetica-derecho\/files\/2023\/05\/icim-lanzamiento-de-libros-de-erick-valdes-22-250x250.jpg 250w, https:\/\/medicina.udd.cl\/observatorio-bioetica-derecho\/files\/2023\/05\/icim-lanzamiento-de-libros-de-erick-valdes-22-126x126.jpg 126w\" \/>\t\t\t\t<div class=\"fullwidth-card__content\">\n\t\t\t<span class=\"fullwidth-card__date\">\n\t\t\t\t22 de mayo 2023\t\t\t<\/span>\n\t\t\t<h3 class=\"fullwidth-card__title\">Realizan lanzamiento y presentaci\u00f3n de libros sobre \u201cEl Impacto del Bioderecho en la Legislaci\u00f3n y Jurisprudencia Constitucional Chilena y Comparada\u201d<\/h3>\n\t\t\t<span class=\"fullwidth-card__link\">\n\t\t\t\tConocer m\u00e1s\t\t\t<\/span>\n\t\t<\/div>\n\t<\/a>\n<\/div>\n<div class=\"fullwidth-card-wrapper is-style-clear\">\n\t<a href=\"https:\/\/medicina.udd.cl\/observatorio-bioetica-derecho\/noticias\/2023\/05\/18\/seminario-internacional-destaca-el-potencial-de-la-inteligencia-artificial-en-la-practica-clinica-y-subraya-la-importancia-de-su-regulacion-etica\/\" class=\"fullwidth-card fullwidth-card--linkable\">\n\t\t\t\t<img loading=\"lazy\" decoding=\"async\" width=\"500\" height=\"500\" src=\"https:\/\/medicina.udd.cl\/observatorio-bioetica-derecho\/files\/2023\/05\/icim-seminario-ia-en-medicina-carlo-casonato-22-62x62.jpg\" class=\"fullwidth-card__image wp-post-image lazyload\" alt=\"\" sizes=\"auto, (max-width: 500px) 100vw, 500px\" data-src=\"https:\/\/medicina.udd.cl\/observatorio-bioetica-derecho\/files\/2023\/05\/icim-seminario-ia-en-medicina-carlo-casonato-22-500x500.jpg\" data-srcset=\"https:\/\/medicina.udd.cl\/observatorio-bioetica-derecho\/files\/2023\/05\/icim-seminario-ia-en-medicina-carlo-casonato-22-500x500.jpg 500w, https:\/\/medicina.udd.cl\/observatorio-bioetica-derecho\/files\/2023\/05\/icim-seminario-ia-en-medicina-carlo-casonato-22-150x150.jpg 150w, https:\/\/medicina.udd.cl\/observatorio-bioetica-derecho\/files\/2023\/05\/icim-seminario-ia-en-medicina-carlo-casonato-22-62x62.jpg 62w, https:\/\/medicina.udd.cl\/observatorio-bioetica-derecho\/files\/2023\/05\/icim-seminario-ia-en-medicina-carlo-casonato-22-750x750.jpg 750w, https:\/\/medicina.udd.cl\/observatorio-bioetica-derecho\/files\/2023\/05\/icim-seminario-ia-en-medicina-carlo-casonato-22-250x250.jpg 250w, https:\/\/medicina.udd.cl\/observatorio-bioetica-derecho\/files\/2023\/05\/icim-seminario-ia-en-medicina-carlo-casonato-22-126x126.jpg 126w\" \/>\t\t\t\t<div class=\"fullwidth-card__content\">\n\t\t\t<span class=\"fullwidth-card__date\">\n\t\t\t\t18 de mayo 2023\t\t\t<\/span>\n\t\t\t<h3 class=\"fullwidth-card__title\">Seminario Internacional destaca el potencial de la Inteligencia Artificial en la pr\u00e1ctica cl\u00ednica y subraya la importancia de su regulaci\u00f3n \u00e9tica<\/h3>\n\t\t\t<span class=\"fullwidth-card__link\">\n\t\t\t\tConocer m\u00e1s\t\t\t<\/span>\n\t\t<\/div>\n\t<\/a>\n<\/div>\n\t\t\t<\/div>\n\t\t<\/div>\n\t<\/div>\n<\/section>\n\n\n<!-- WP Block: UDD - Access Cards -->\n<section\n\tid=\"udd-access-cards--1\"\n\tclass=\"wp-block-udd-access-cards\n\t\t\"\n\t\tstyle=\"\n\t\t--udd-blocks-has-columns-number: 2\t\t\"\n\t>\n\t<div class=\"container\">\n\t\t\t\t<div class=\"block__content\">\n\t\t\t<div\n\t\t\t\tclass=\"udd-access-cards\"\n\t\t\t\t\t\t\t>\n\t\t\t<div\n\tdata-index=\"1\"\n\tclass=\"udd-access-card-wrapper udd-access-card-wrapper--has-description\"\n\t>\n\t<a href=\"https:\/\/www.youtube.com\/watch?v=IKCvM101Lts&#038;ab_channel=UniversidaddelDesarrollo\" class=\"access-card access-card--profile\" data-url=\"https:\/\/www.youtube.com\/watch?v=IKCvM101Lts&#038;ab_channel=UniversidaddelDesarrollo\">\n\t\t\t\t\t\t<h3\n\t\t\tdata-index=\"1\"\n\t\t\tclass=\"access-card__title\"\n\t\t>\n\t\t\tPrimer seminario internacional de bioderecho en la UDD\t\t<\/h3>\n\t\t\t\t<p class=\"access-card__description\">\n\t\t\tM\u00e1s de 300 personas y los mayores exponentes mundiales de la bio\u00e9tica se dieron cita en el Primer Seminario Internacional de Bioderecho, organizado por el Observatorio de Bio\u00e9tica y Derecho de la Universidad del Desarrollo, realizado el 12 y 13 de mayo en la Cl\u00ednica Alemana de Santiago.\t\t<\/p>\n\t\t\t\t<div class=\"access-card__link\">\n\t\t\t<span class=\"access-card__link-text\">Ver video en YouTube<\/span>\n\t\t<\/div>\n\t<\/a>\n<\/div>\n<div\n\tdata-index=\"2\"\n\tclass=\"udd-access-card-wrapper udd-access-card-wrapper--has-description\"\n\t>\n\t<a href=\"https:\/\/medicina.udd.cl\/observatorio-bioetica-derecho\/informes-con-propuestas-regulatorias-en-biomedicina\/\" class=\"access-card access-card--profile\" data-url=\"https:\/\/medicina.udd.cl\/observatorio-bioetica-derecho\/informes-con-propuestas-regulatorias-en-biomedicina\/\">\n\t\t\t\t\t\t<h3\n\t\t\tdata-index=\"2\"\n\t\t\tclass=\"access-card__title\"\n\t\t>\n\t\t\tInformes con propuestas regulatorias en Biomedicina\t\t<\/h3>\n\t\t\t\t<p class=\"access-card__description\">\n\t\t\tInvestigaci\u00f3n biom\u00e9dica, Biobancos y Medicina Regenerativa  \t\t<\/p>\n\t\t\t\t<div class=\"access-card__link\">\n\t\t\t<span class=\"access-card__link-text\">Ver aqu\u00ed<\/span>\n\t\t<\/div>\n\t<\/a>\n<\/div>\n\t\t\t<\/div>\n\t\t<\/div>\n\t<\/div>\n<\/section>\n\n\n\n\n<section class=\"wp-block-udd-text-row\">\n\t<div class=\"text-row\">\n\t\t<div class=\"text-row__content\">\n\t\t\t<div class=\"text-row__content-inner text\">\n\t\t\t\t\t\t\t\t<h2>Links de inter\u00e9s<\/h2>\n\t\t\t\t\t\t\t\t\n<ul class=\"wp-block-list\">\n<li><a href=\"http:\/\/medicina.udd.cl\/centro-bioetica\/\">Centro de Bio\u00e9tica Facultad de Medicina CAS &#8211; UDD<\/a><\/li>\n\n\n\n<li><a href=\"http:\/\/derecho-scl.udd.cl\/\">Facultad de Derecho UDD<\/a><\/li>\n\n\n\n<li><a href=\"http:\/\/medicina.udd.cl\/\">Facultad de Medicina CAS-UDD<\/a><\/li>\n<\/ul>\n\t\t\t<\/div>\n\t\t<\/div>\n\t\t<div class=\"text-row__media\">\n\t\t\t<img loading=\"lazy\" decoding=\"async\" width=\"802\" height=\"534\" src=\"https:\/\/medicina.udd.cl\/observatorio-bioetica-derecho\/files\/2015\/03\/Seminario-Internacional-de-Bioderecho-Discurso-Dr.-Vial-800x450.jpg\" class=\"text-row__media-image lazyload\" alt=\"\" sizes=\"auto, (max-width: 802px) 100vw, 802px\" data-src=\"https:\/\/medicina.udd.cl\/observatorio-bioetica-derecho\/files\/2015\/03\/Seminario-Internacional-de-Bioderecho-Discurso-Dr.-Vial.jpg\" data-srcset=\"https:\/\/medicina.udd.cl\/observatorio-bioetica-derecho\/files\/2015\/03\/Seminario-Internacional-de-Bioderecho-Discurso-Dr.-Vial.jpg 4000w, https:\/\/medicina.udd.cl\/observatorio-bioetica-derecho\/files\/2015\/03\/Seminario-Internacional-de-Bioderecho-Discurso-Dr.-Vial-300x200.jpg 300w, https:\/\/medicina.udd.cl\/observatorio-bioetica-derecho\/files\/2015\/03\/Seminario-Internacional-de-Bioderecho-Discurso-Dr.-Vial-768x511.jpg 768w, https:\/\/medicina.udd.cl\/observatorio-bioetica-derecho\/files\/2015\/03\/Seminario-Internacional-de-Bioderecho-Discurso-Dr.-Vial-1024x682.jpg 1024w, https:\/\/medicina.udd.cl\/observatorio-bioetica-derecho\/files\/2015\/03\/Seminario-Internacional-de-Bioderecho-Discurso-Dr.-Vial-960x639.jpg 960w\" \/>\t\t<\/div>\n\t<\/div>\n<\/section>\n\n\n<!-- WP Block: UDD - People -->\n<section class=\"wp-block-udd-contacts\">\n\t\t<div class=\"block__bg\">\n\t\t\t<\/div>\n\t\t<div class=\"container\">\n\t\t<header class=\"block__header\">\n\t\t\t<h2 class=\"block__title\">Contacto<\/h2>\n\t\t<\/header>\n\t\t<div class=\"block__content\">\n\t\t\t<ul class=\"contacts\">\n\t\t\t\t\t\t\t<li class=\"contact\">\n\t\t\t\t\t<div class=\"person-contact\">\n\t\t\t\t\t\t\t\t\t\t\t\t<h3 class=\"person-contact__name\">Ver\u00f3nica Silva<\/h3>\n\t\t\t\t\t\t\t\t\t\t\t\t\t\t\t\t\t\t<span class=\"person-contact__job-title\">Asistente acad\u00e9mica<\/span>\n\t\t\t\t\t\t\t\t\t\t\t\t\t\t\t\t\t\t\t\t\t\t\t\t\t<span class=\"person-contact__phone\">Tel\u00e9fono: <a href=\"tel:+56 22 3279157\">+56 22 3279157<\/a><\/span>\n\t\t\t\t\t\t\t\t\t\t\t\t\t\t\t\t\t\t\t<span class=\"person-contact__email\">Email: <a href=\"mailto:&#109;&#118;&#115;i&#108;va&#64;&#117;&#100;&#100;.&#99;&#108;\">&#109;v&#115;&#105;lva&#64;&#117;&#100;&#100;.&#99;&#108;<\/a><\/span>\n\t\t\t\t\t\t\t\t\t\t\t<\/div>\n\t\t\t\t<\/li>\n\t\t\t\t\t\t\t<li class=\"contact\">\n\t\t\t\t\t<div class=\"person-contact\">\n\t\t\t\t\t\t\t\t\t\t\t\t<h3 class=\"person-contact__name\">M\u00e1s informaci\u00f3n<\/h3>\n\t\t\t\t\t\t\t\t\t\t\t\t\t\t\t\t\t\t\t\t\t\t\t\t\t\t\t\t\t\t\t\t\t\t\t\t\t<span class=\"person-contact__email\">Email: <a href=\"mailto:&#111;&#98;&#115;&#101;rvator&#105;&#111;bi&#111;eti&#99;&#97;y&#100;e&#114;ec&#104;o&#64;u&#100;d.&#99;l\">ob&#115;&#101;&#114;&#118;&#97;&#116;&#111;&#114;i&#111;b&#105;&#111;et&#105;&#99;a&#121;der&#101;c&#104;o&#64;ud&#100;&#46;&#99;l<\/a><\/span>\n\t\t\t\t\t\t\t\t\t\t\t<\/div>\n\t\t\t\t<\/li>\n\t\t\t\t\t\t<\/ul>\n\t\t<\/div>\n\t<\/div>\n<\/section>\n","protected":false},"excerpt":{"rendered":"","protected":false},"author":9192224,"featured_media":0,"parent":0,"menu_order":0,"comment_status":"closed","ping_status":"closed","template":"","meta":{"footnotes":""},"class_list":["post-994","page","type-page","status-publish","hentry"],"yoast_head":"<!-- This site is optimized with the Yoast SEO plugin v26.9 - https:\/\/yoast.com\/product\/yoast-seo-wordpress\/ -->\n<title>Inicio - Observatorio de Bio\u00e9tica y Derecho<\/title>\n<meta name=\"robots\" content=\"index, follow, max-snippet:-1, max-image-preview:large, max-video-preview:-1\" \/>\n<link rel=\"canonical\" href=\"https:\/\/medicina.udd.cl\/observatorio-bioetica-derecho\/\" \/>\n<meta property=\"og:locale\" content=\"es_ES\" \/>\n<meta property=\"og:type\" content=\"article\" \/>\n<meta property=\"og:title\" content=\"Inicio - Observatorio de Bio\u00e9tica y Derecho\" \/>\n<meta property=\"og:url\" content=\"https:\/\/medicina.udd.cl\/observatorio-bioetica-derecho\/\" \/>\n<meta property=\"og:site_name\" content=\"Observatorio de Bio\u00e9tica y Derecho\" \/>\n<meta property=\"article:modified_time\" content=\"2024-07-01T20:42:19+00:00\" \/>\n<meta property=\"og:image\" content=\"https:\/\/medicina.udd.cl\/observatorio-bioetica-derecho\/files\/2019\/12\/IMG_1878-1.jpg\" \/>\n<meta name=\"twitter:label1\" content=\"Tiempo de lectura\" \/>\n\t<meta name=\"twitter:data1\" content=\"1 minuto\" \/>\n<script type=\"application\/ld+json\" class=\"yoast-schema-graph\">{\"@context\":\"https:\/\/schema.org\",\"@graph\":[{\"@type\":\"WebPage\",\"@id\":\"https:\/\/medicina.udd.cl\/observatorio-bioetica-derecho\/\",\"url\":\"https:\/\/medicina.udd.cl\/observatorio-bioetica-derecho\/\",\"name\":\"Inicio - Observatorio de Bio\u00e9tica y Derecho\",\"isPartOf\":{\"@id\":\"https:\/\/medicina.udd.cl\/observatorio-bioetica-derecho\/#website\"},\"primaryImageOfPage\":{\"@id\":\"https:\/\/medicina.udd.cl\/observatorio-bioetica-derecho\/#primaryimage\"},\"image\":{\"@id\":\"https:\/\/medicina.udd.cl\/observatorio-bioetica-derecho\/#primaryimage\"},\"thumbnailUrl\":\"https:\/\/medicina.udd.cl\/observatorio-bioetica-derecho\/files\/2019\/12\/IMG_1878-1.jpg\",\"datePublished\":\"2021-04-23T14:01:43+00:00\",\"dateModified\":\"2024-07-01T20:42:19+00:00\",\"breadcrumb\":{\"@id\":\"https:\/\/medicina.udd.cl\/observatorio-bioetica-derecho\/#breadcrumb\"},\"inLanguage\":\"es\",\"potentialAction\":[{\"@type\":\"ReadAction\",\"target\":[\"https:\/\/medicina.udd.cl\/observatorio-bioetica-derecho\/\"]}]},{\"@type\":\"ImageObject\",\"inLanguage\":\"es\",\"@id\":\"https:\/\/medicina.udd.cl\/observatorio-bioetica-derecho\/#primaryimage\",\"url\":\"https:\/\/medicina.udd.cl\/observatorio-bioetica-derecho\/files\/2019\/12\/IMG_1878-1.jpg\",\"contentUrl\":\"https:\/\/medicina.udd.cl\/observatorio-bioetica-derecho\/files\/2019\/12\/IMG_1878-1.jpg\",\"width\":5184,\"height\":3456},{\"@type\":\"BreadcrumbList\",\"@id\":\"https:\/\/medicina.udd.cl\/observatorio-bioetica-derecho\/#breadcrumb\",\"itemListElement\":[{\"@type\":\"ListItem\",\"position\":1,\"name\":\"Home\",\"item\":\"https:\/\/medicina.udd.cl\/observatorio-bioetica-derecho\/\"},{\"@type\":\"ListItem\",\"position\":2,\"name\":\"Inicio\"}]},{\"@type\":\"WebSite\",\"@id\":\"https:\/\/medicina.udd.cl\/observatorio-bioetica-derecho\/#website\",\"url\":\"https:\/\/medicina.udd.cl\/observatorio-bioetica-derecho\/\",\"name\":\"Observatorio de Bio\u00e9tica y Derecho\",\"description\":\"Observatorio de Bio\u00e9tica y Derecho\",\"inLanguage\":\"es\"}]}<\/script>\n<!-- \/ Yoast SEO plugin. -->","yoast_head_json":{"title":"Inicio - Observatorio de Bio\u00e9tica y Derecho","robots":{"index":"index","follow":"follow","max-snippet":"max-snippet:-1","max-image-preview":"max-image-preview:large","max-video-preview":"max-video-preview:-1"},"canonical":"https:\/\/medicina.udd.cl\/observatorio-bioetica-derecho\/","og_locale":"es_ES","og_type":"article","og_title":"Inicio - Observatorio de Bio\u00e9tica y Derecho","og_url":"https:\/\/medicina.udd.cl\/observatorio-bioetica-derecho\/","og_site_name":"Observatorio de Bio\u00e9tica y Derecho","article_modified_time":"2024-07-01T20:42:19+00:00","og_image":[{"url":"https:\/\/medicina.udd.cl\/observatorio-bioetica-derecho\/files\/2019\/12\/IMG_1878-1.jpg","type":"","width":"","height":""}],"twitter_misc":{"Tiempo de lectura":"1 minuto"},"schema":{"@context":"https:\/\/schema.org","@graph":[{"@type":"WebPage","@id":"https:\/\/medicina.udd.cl\/observatorio-bioetica-derecho\/","url":"https:\/\/medicina.udd.cl\/observatorio-bioetica-derecho\/","name":"Inicio - Observatorio de Bio\u00e9tica y Derecho","isPartOf":{"@id":"https:\/\/medicina.udd.cl\/observatorio-bioetica-derecho\/#website"},"primaryImageOfPage":{"@id":"https:\/\/medicina.udd.cl\/observatorio-bioetica-derecho\/#primaryimage"},"image":{"@id":"https:\/\/medicina.udd.cl\/observatorio-bioetica-derecho\/#primaryimage"},"thumbnailUrl":"https:\/\/medicina.udd.cl\/observatorio-bioetica-derecho\/files\/2019\/12\/IMG_1878-1.jpg","datePublished":"2021-04-23T14:01:43+00:00","dateModified":"2024-07-01T20:42:19+00:00","breadcrumb":{"@id":"https:\/\/medicina.udd.cl\/observatorio-bioetica-derecho\/#breadcrumb"},"inLanguage":"es","potentialAction":[{"@type":"ReadAction","target":["https:\/\/medicina.udd.cl\/observatorio-bioetica-derecho\/"]}]},{"@type":"ImageObject","inLanguage":"es","@id":"https:\/\/medicina.udd.cl\/observatorio-bioetica-derecho\/#primaryimage","url":"https:\/\/medicina.udd.cl\/observatorio-bioetica-derecho\/files\/2019\/12\/IMG_1878-1.jpg","contentUrl":"https:\/\/medicina.udd.cl\/observatorio-bioetica-derecho\/files\/2019\/12\/IMG_1878-1.jpg","width":5184,"height":3456},{"@type":"BreadcrumbList","@id":"https:\/\/medicina.udd.cl\/observatorio-bioetica-derecho\/#breadcrumb","itemListElement":[{"@type":"ListItem","position":1,"name":"Home","item":"https:\/\/medicina.udd.cl\/observatorio-bioetica-derecho\/"},{"@type":"ListItem","position":2,"name":"Inicio"}]},{"@type":"WebSite","@id":"https:\/\/medicina.udd.cl\/observatorio-bioetica-derecho\/#website","url":"https:\/\/medicina.udd.cl\/observatorio-bioetica-derecho\/","name":"Observatorio de Bio\u00e9tica y Derecho","description":"Observatorio de Bio\u00e9tica y Derecho","inLanguage":"es"}]}},"_links":{"self":[{"href":"https:\/\/medicina.udd.cl\/observatorio-bioetica-derecho\/wp-json\/wp\/v2\/pages\/994","targetHints":{"allow":["GET"]}}],"collection":[{"href":"https:\/\/medicina.udd.cl\/observatorio-bioetica-derecho\/wp-json\/wp\/v2\/pages"}],"about":[{"href":"https:\/\/medicina.udd.cl\/observatorio-bioetica-derecho\/wp-json\/wp\/v2\/types\/page"}],"author":[{"embeddable":true,"href":"https:\/\/medicina.udd.cl\/observatorio-bioetica-derecho\/wp-json\/wp\/v2\/users\/9192224"}],"replies":[{"embeddable":true,"href":"https:\/\/medicina.udd.cl\/observatorio-bioetica-derecho\/wp-json\/wp\/v2\/comments?post=994"}],"version-history":[{"count":9,"href":"https:\/\/medicina.udd.cl\/observatorio-bioetica-derecho\/wp-json\/wp\/v2\/pages\/994\/revisions"}],"predecessor-version":[{"id":1237,"href":"https:\/\/medicina.udd.cl\/observatorio-bioetica-derecho\/wp-json\/wp\/v2\/pages\/994\/revisions\/1237"}],"wp:attachment":[{"href":"https:\/\/medicina.udd.cl\/observatorio-bioetica-derecho\/wp-json\/wp\/v2\/media?parent=994"}],"curies":[{"name":"wp","href":"https:\/\/api.w.org\/{rel}","templated":true}]}}