{"id":268,"date":"2019-09-23T12:11:34","date_gmt":"2019-09-23T12:11:34","guid":{"rendered":"http:\/\/medicina.udd.cl\/obstetricia-santiago\/?page_id=268"},"modified":"2024-12-11T17:26:54","modified_gmt":"2024-12-11T20:26:54","slug":"la-carrera-2","status":"publish","type":"page","link":"https:\/\/medicina.udd.cl\/obstetricia-santiago\/la-carrera-2\/","title":{"rendered":"La Carrera"},"content":{"rendered":"\n<p>En la Carrera de <strong>Obstetricia<\/strong>  formamos profesionales capaces de dar respuesta a los desaf\u00edos de salud sexual y reproductiva considerando a todos los grupos sociales de manera inclusiva, atendiendo a la diversidad sexual, a personas con necesidades especiales y a la poblaci\u00f3n perteneciente a la tercera y cuarta edad. Demuestra competencias tanto en \u00e1reas tradicionales, tales como ginecolog\u00eda, obstetricia y neonatolog\u00eda, como en \u00e1reas emergentes, tales como salud sexual masculina y sexolog\u00eda cl\u00ednica.<\/p>\n\n\n\n<p>Los estudiantes se enfrentan a experiencias cl\u00ednicas y atenci\u00f3n integral en salud, desde los primeros a\u00f1os de la carrera, lo que facilita un aprendizaje significativo y a largo plazo. Se desempe\u00f1an en todos los niveles de atenci\u00f3n del sistema de salud, en servicios ambulatorios y hospitalarios, en las unidades de obstetricia, ginecolog\u00eda y neonatolog\u00eda, en el \u00e1mbito p\u00fablico y privado.<\/p>\n\n\n<!-- WP Block: UDD - Cards Alternate -->\n<section class=\"wp-block-udd-access-cards\">\n\t<div class=\"container\">\n\t\t\t\t<div class=\"block__content\">\n\t\t\t<div class=\"access-cards\">\n\t\t\t\t\t\t\t<div class=\"access-card-wrapper\">\n\t\t\t\t\t\t\t\t\t\t<div class=\"access-card\">\n\t\t\t\t\t\t<h3 class=\"access-card__title\">Misi\u00f3n<\/h3>\n\t\t\t\t\t\t<p class=\"access-card__description\">\n\t\t\t\t\t\t\tEntregar conocimientos y ense\u00f1anzas integrales sobre el cuidado de la mujer durante todo su ciclo vital, del reci\u00e9n nacido, familia y comunidad; comprendiendo que la esencia de nuestro rol es la promoci\u00f3n, prevenci\u00f3n, recuperaci\u00f3n y rehabilitaci\u00f3n de la salud. \t\t\t\t\t\t<\/p>\n\t\t\t\t\t\t\t\t\t\t\t\t\t\t\t\t<\/div>\n\t\t\t\t<\/div>\n\t\t\t\t\t\t\t<div class=\"access-card-wrapper\">\n\t\t\t\t\t\t\t\t\t\t<div class=\"access-card\">\n\t\t\t\t\t\t<h3 class=\"access-card__title\">Visi\u00f3n<\/h3>\n\t\t\t\t\t\t<p class=\"access-card__description\">\n\t\t\t\t\t\t\t Caminar a la velocidad de los tiempos dentro del mundo globalizado en que vivimos hoy, considerando los determinantes sociales y las necesidades de salud de la poblaci\u00f3n, que hacen que nuestras competencias den respuesta a los nuevos desaf\u00edos, incluso m\u00e1s all\u00e1 de nuestras propias fronteras. \t\t\t\t\t\t<\/p>\n\t\t\t\t\t\t\t\t\t\t\t\t\t\t\t\t<\/div>\n\t\t\t\t<\/div>\n\t\t\t\t\t\t\t<div class=\"access-card-wrapper\">\n\t\t\t\t\t\t\t\t\t\t<div class=\"access-card\">\n\t\t\t\t\t\t<h3 class=\"access-card__title\">Objetivos<\/h3>\n\t\t\t\t\t\t<p class=\"access-card__description\">\n\t\t\t\t\t\t\tEntregar el mayor conocimiento posible y disponible, la mejor pedagog\u00eda, y por supuesto, una gran vocaci\u00f3n de quienes decidan dedicarse a esta profesi\u00f3n; una profunda vocaci\u00f3n, que implica no s\u00f3lo mucho estudio, sino que tambi\u00e9n una constante preocupaci\u00f3n por las personas, sensibilidad social y deseo de servicio. \t\t\t\t\t\t<\/p>\n\t\t\t\t\t\t\t\t\t\t\t\t\t\t\t\t<\/div>\n\t\t\t\t<\/div>\n\t\t\t\t\t\t<\/div>\n\t\t<\/div>\n\t<\/div>\n<\/section>\n\n\n<!-- WP Block: UDD - Content Gallery -->\n<section class=\"wp-block-udd-content-gallery\">\n\t<div class=\"content-gallery\">\n\t\t<main class=\"content-gallery__content\">\n\t\t\t<div class=\"content-gallery__content-inner\">\n\t\t\t\t<h2 class=\"block__title content-gallery__title\">Perfil de Egreso<\/h2>\n\t\t\t\t<div class=\"text\">\n\t\t\t\t\t\n<p>El Egresado de la Carrera de Obstetricia de la Facultad de Medicina Cl\u00ednica Alemana, Universidad del Desarrollo es capaz de otorgar una atenci\u00f3n completa, integral y oportuna en el \u00e1mbito de la salud sexual y reproductiva, dando servicios de prevenci\u00f3n, promoci\u00f3n, rehabilitaci\u00f3n y recuperaci\u00f3n de la salud a las personas a lo largo del ciclo vital, considerando todos los grupos sociales de manera inclusiva, atendiendo a la diversidad sexual, a personas con necesidades especiales y a la poblaci\u00f3n perteneciente a la tercera y cuarta edad&#8230; <a href=\"https:\/\/medicina.udd.cl\/obstetricia-santiago\/perfil-de-egreso-2\/\">Leer m\u00e1s.<\/a><\/p>\n\t\t\t\t<\/div>\n\t\t\t<\/div>\n\t\t<\/main>\n\t\t<aside class=\"content-gallery__media\">\n\t\t\t<div id=\"gallery-carousel-3a30c5b2f9\" class=\"carousel slide carousel-gallery\" data-ride=\"carousel\" data-interval=\"false\">\n\t\t\t\t<div class=\"carousel-inner\" role=\"listbox\">\n\t\t\t\t\t\t\t\t\t\t\t<div class=\"carousel-item active\">\n\t\t\t\t\t\t\t<img loading=\"lazy\" decoding=\"async\" width=\"1366\" height=\"768\" src=\"https:\/\/medicina.udd.cl\/obstetricia-santiago\/files\/2019\/09\/IMG_0012-1366x768.jpg\" class=\"content-gallery__media-image\" alt=\"\" srcset=\"https:\/\/medicina.udd.cl\/obstetricia-santiago\/files\/2019\/09\/IMG_0012-1366x768.jpg 1366w, https:\/\/medicina.udd.cl\/obstetricia-santiago\/files\/2019\/09\/IMG_0012-1920x1080.jpg 1920w, https:\/\/medicina.udd.cl\/obstetricia-santiago\/files\/2019\/09\/IMG_0012-952x534.jpg 952w, https:\/\/medicina.udd.cl\/obstetricia-santiago\/files\/2019\/09\/IMG_0012-680x382.jpg 680w\" sizes=\"auto, (max-width: 1366px) 100vw, 1366px\" \/>\t\t\t\t\t\t\t\t\t\t\t\t\t<\/div>\n\t\t\t\t\t\t\t\t\t\t\t<div class=\"carousel-item\">\n\t\t\t\t\t\t\t<img loading=\"lazy\" decoding=\"async\" width=\"1366\" height=\"768\" src=\"https:\/\/medicina.udd.cl\/obstetricia-santiago\/files\/2019\/09\/IMG_0017-1366x768.jpg\" class=\"content-gallery__media-image\" alt=\"\" srcset=\"https:\/\/medicina.udd.cl\/obstetricia-santiago\/files\/2019\/09\/IMG_0017-1366x768.jpg 1366w, https:\/\/medicina.udd.cl\/obstetricia-santiago\/files\/2019\/09\/IMG_0017-1920x1080.jpg 1920w, https:\/\/medicina.udd.cl\/obstetricia-santiago\/files\/2019\/09\/IMG_0017-952x534.jpg 952w, https:\/\/medicina.udd.cl\/obstetricia-santiago\/files\/2019\/09\/IMG_0017-680x382.jpg 680w\" sizes=\"auto, (max-width: 1366px) 100vw, 1366px\" \/>\t\t\t\t\t\t\t\t\t\t\t\t\t<\/div>\n\t\t\t\t\t\t\t\t\t\t\t<div class=\"carousel-item\">\n\t\t\t\t\t\t\t<img loading=\"lazy\" decoding=\"async\" width=\"1366\" height=\"768\" src=\"https:\/\/medicina.udd.cl\/obstetricia-santiago\/files\/2019\/09\/IMG_0237-1366x768.jpg\" class=\"content-gallery__media-image\" alt=\"\" srcset=\"https:\/\/medicina.udd.cl\/obstetricia-santiago\/files\/2019\/09\/IMG_0237-1366x768.jpg 1366w, https:\/\/medicina.udd.cl\/obstetricia-santiago\/files\/2019\/09\/IMG_0237-1920x1080.jpg 1920w, https:\/\/medicina.udd.cl\/obstetricia-santiago\/files\/2019\/09\/IMG_0237-952x534.jpg 952w, https:\/\/medicina.udd.cl\/obstetricia-santiago\/files\/2019\/09\/IMG_0237-680x382.jpg 680w\" sizes=\"auto, (max-width: 1366px) 100vw, 1366px\" \/>\t\t\t\t\t\t\t\t\t\t\t\t\t<\/div>\n\t\t\t\t\t\t\t\t\t\t\t<div class=\"carousel-item\">\n\t\t\t\t\t\t\t<img loading=\"lazy\" decoding=\"async\" width=\"1366\" height=\"768\" src=\"https:\/\/medicina.udd.cl\/obstetricia-santiago\/files\/2019\/09\/IMG_0248-1366x768.jpg\" class=\"content-gallery__media-image\" alt=\"\" srcset=\"https:\/\/medicina.udd.cl\/obstetricia-santiago\/files\/2019\/09\/IMG_0248-1366x768.jpg 1366w, https:\/\/medicina.udd.cl\/obstetricia-santiago\/files\/2019\/09\/IMG_0248-1920x1080.jpg 1920w, https:\/\/medicina.udd.cl\/obstetricia-santiago\/files\/2019\/09\/IMG_0248-952x534.jpg 952w, https:\/\/medicina.udd.cl\/obstetricia-santiago\/files\/2019\/09\/IMG_0248-680x382.jpg 680w\" sizes=\"auto, (max-width: 1366px) 100vw, 1366px\" \/>\t\t\t\t\t\t\t\t\t\t\t\t\t<\/div>\n\t\t\t\t\t\t\t\t\t\t\t<div class=\"carousel-item\">\n\t\t\t\t\t\t\t<img loading=\"lazy\" decoding=\"async\" width=\"1366\" height=\"768\" src=\"https:\/\/medicina.udd.cl\/obstetricia-santiago\/files\/2019\/09\/IMG_0276-1366x768.jpg\" class=\"content-gallery__media-image\" alt=\"\" srcset=\"https:\/\/medicina.udd.cl\/obstetricia-santiago\/files\/2019\/09\/IMG_0276-1366x768.jpg 1366w, https:\/\/medicina.udd.cl\/obstetricia-santiago\/files\/2019\/09\/IMG_0276-1920x1080.jpg 1920w, https:\/\/medicina.udd.cl\/obstetricia-santiago\/files\/2019\/09\/IMG_0276-952x534.jpg 952w, https:\/\/medicina.udd.cl\/obstetricia-santiago\/files\/2019\/09\/IMG_0276-680x382.jpg 680w\" sizes=\"auto, (max-width: 1366px) 100vw, 1366px\" \/>\t\t\t\t\t\t\t\t\t\t\t\t\t<\/div>\n\t\t\t\t\t\t\t\t\t\t\t<div class=\"carousel-item\">\n\t\t\t\t\t\t\t<img loading=\"lazy\" decoding=\"async\" width=\"1366\" height=\"768\" src=\"https:\/\/medicina.udd.cl\/obstetricia-santiago\/files\/2019\/09\/IMG_0278-1366x768.jpg\" class=\"content-gallery__media-image\" alt=\"\" srcset=\"https:\/\/medicina.udd.cl\/obstetricia-santiago\/files\/2019\/09\/IMG_0278-1366x768.jpg 1366w, https:\/\/medicina.udd.cl\/obstetricia-santiago\/files\/2019\/09\/IMG_0278-1920x1080.jpg 1920w, https:\/\/medicina.udd.cl\/obstetricia-santiago\/files\/2019\/09\/IMG_0278-952x534.jpg 952w, https:\/\/medicina.udd.cl\/obstetricia-santiago\/files\/2019\/09\/IMG_0278-680x382.jpg 680w\" sizes=\"auto, (max-width: 1366px) 100vw, 1366px\" \/>\t\t\t\t\t\t\t\t\t\t\t\t\t<\/div>\n\t\t\t\t\t\t\t\t\t<\/div>\n\t\t\t\t\t\t\t<footer class=\"carousel-footer\">\n\t\t\t\t\t<div class=\"carousel-counter\">\n\t\t\t\t\t\t<span class=\"carousel-counter-current\"><\/span> \/ <span class=\"carousel-counter-total\"><\/span>\n\t\t\t\t\t<\/div>\n\t\t\t\t\t<a class=\"carousel-control-prev\" href=\"#gallery-carousel-3a30c5b2f9\" role=\"button\" data-slide=\"prev\">\n\t\t\t\t\t\t<svg class=\"svg-chevron-left-dims\"><use xlink:href='https:\/\/medicina.udd.cl\/obstetricia-santiago\/wp-content\/themes\/facultades-2018\/assets\/img\/svg\/dist\/main.svg?version=1695853099#chevron-left'><\/use><\/svg>\t\t\t\t\t\t<span class=\"sr-only\">Anterior<\/span>\n\t\t\t\t\t<\/a>\n\t\t\t\t\t<a class=\"carousel-control-next\" href=\"#gallery-carousel-3a30c5b2f9\" role=\"button\" data-slide=\"next\">\n\t\t\t\t\t\t<svg class=\"svg-chevron-right-dims\"><use xlink:href='https:\/\/medicina.udd.cl\/obstetricia-santiago\/wp-content\/themes\/facultades-2018\/assets\/img\/svg\/dist\/main.svg?version=1695853099#chevron-right'><\/use><\/svg>\t\t\t\t\t\t<span class=\"sr-only\">Siguiente<\/span>\n\t\t\t\t\t<\/a>\n\t\t\t\t<\/footer>\n\t\t\t\t\t\t<\/div>\n\t\t<\/aside>\n\t<\/div>\n<\/section>\n","protected":false},"excerpt":{"rendered":"<p>En la Carrera de Obstetricia formamos profesionales capaces de dar respuesta a los desaf\u00edos de salud sexual y reproductiva considerando a todos los grupos sociales de manera inclusiva, atendiendo a la diversidad sexual, a personas con necesidades especiales y a la poblaci\u00f3n perteneciente a la tercera y cuarta edad. Demuestra competencias tanto en \u00e1reas tradicionales, [&hellip;]<\/p>\n","protected":false},"author":9192194,"featured_media":0,"parent":0,"menu_order":0,"comment_status":"closed","ping_status":"closed","template":"","meta":{"footnotes":""},"class_list":["post-268","page","type-page","status-publish","hentry"],"yoast_head":"<!-- This site is optimized with the Yoast SEO plugin v26.9 - https:\/\/yoast.com\/product\/yoast-seo-wordpress\/ -->\n<title>La Carrera - Obstetricia<\/title>\n<meta name=\"description\" content=\"En la Carrera de Obstetricia formamos profesionales capaces de dar respuesta a los desaf\u00edos de salud sexual y reproductiva considerando a todos los grupos sociales de manera inclusiva, atendiendo a la diversidad sexual, a personas con necesidades especiales y a la poblaci\u00f3n perteneciente a la tercera y cuarta edad. Demuestra competencias tanto en \u00e1reas tradicionales, tales como ginecolog\u00eda, obstetricia y neonatolog\u00eda, como en \u00e1reas emergentes, tales como salud sexual masculina y sexolog\u00eda cl\u00ednica.\" \/>\n<meta name=\"robots\" content=\"index, follow, max-snippet:-1, max-image-preview:large, max-video-preview:-1\" \/>\n<link rel=\"canonical\" href=\"https:\/\/medicina.udd.cl\/obstetricia-santiago\/la-carrera-2\/\" \/>\n<meta property=\"og:locale\" content=\"es_ES\" \/>\n<meta property=\"og:type\" content=\"article\" \/>\n<meta property=\"og:title\" content=\"La Carrera - Obstetricia\" \/>\n<meta property=\"og:description\" content=\"En la Carrera de Obstetricia formamos profesionales capaces de dar respuesta a los desaf\u00edos de salud sexual y reproductiva considerando a todos los grupos sociales de manera inclusiva, atendiendo a la diversidad sexual, a personas con necesidades especiales y a la poblaci\u00f3n perteneciente a la tercera y cuarta edad. Demuestra competencias tanto en \u00e1reas tradicionales, tales como ginecolog\u00eda, obstetricia y neonatolog\u00eda, como en \u00e1reas emergentes, tales como salud sexual masculina y sexolog\u00eda cl\u00ednica.\" \/>\n<meta property=\"og:url\" content=\"https:\/\/medicina.udd.cl\/obstetricia-santiago\/la-carrera-2\/\" \/>\n<meta property=\"og:site_name\" content=\"Obstetricia\" \/>\n<meta property=\"article:modified_time\" content=\"2024-12-11T20:26:54+00:00\" \/>\n<meta name=\"twitter:card\" content=\"summary_large_image\" \/>\n<meta name=\"twitter:label1\" content=\"Tiempo de lectura\" \/>\n\t<meta name=\"twitter:data1\" content=\"2 minutos\" \/>\n<script type=\"application\/ld+json\" class=\"yoast-schema-graph\">{\"@context\":\"https:\/\/schema.org\",\"@graph\":[{\"@type\":\"WebPage\",\"@id\":\"https:\/\/medicina.udd.cl\/obstetricia-santiago\/la-carrera-2\/\",\"url\":\"https:\/\/medicina.udd.cl\/obstetricia-santiago\/la-carrera-2\/\",\"name\":\"La Carrera - Obstetricia\",\"isPartOf\":{\"@id\":\"https:\/\/medicina.udd.cl\/obstetricia-santiago\/#website\"},\"datePublished\":\"2019-09-23T12:11:34+00:00\",\"dateModified\":\"2024-12-11T20:26:54+00:00\",\"description\":\"En la Carrera de Obstetricia formamos profesionales capaces de dar respuesta a los desaf\u00edos de salud sexual y reproductiva considerando a todos los grupos sociales de manera inclusiva, atendiendo a la diversidad sexual, a personas con necesidades especiales y a la poblaci\u00f3n perteneciente a la tercera y cuarta edad. Demuestra competencias tanto en \u00e1reas tradicionales, tales como ginecolog\u00eda, obstetricia y neonatolog\u00eda, como en \u00e1reas emergentes, tales como salud sexual masculina y sexolog\u00eda cl\u00ednica.\",\"breadcrumb\":{\"@id\":\"https:\/\/medicina.udd.cl\/obstetricia-santiago\/la-carrera-2\/#breadcrumb\"},\"inLanguage\":\"es\",\"potentialAction\":[{\"@type\":\"ReadAction\",\"target\":[\"https:\/\/medicina.udd.cl\/obstetricia-santiago\/la-carrera-2\/\"]}]},{\"@type\":\"BreadcrumbList\",\"@id\":\"https:\/\/medicina.udd.cl\/obstetricia-santiago\/la-carrera-2\/#breadcrumb\",\"itemListElement\":[{\"@type\":\"ListItem\",\"position\":1,\"name\":\"Portada\",\"item\":\"https:\/\/medicina.udd.cl\/obstetricia-santiago\/\"},{\"@type\":\"ListItem\",\"position\":2,\"name\":\"La Carrera\"}]},{\"@type\":\"WebSite\",\"@id\":\"https:\/\/medicina.udd.cl\/obstetricia-santiago\/#website\",\"url\":\"https:\/\/medicina.udd.cl\/obstetricia-santiago\/\",\"name\":\"Obstetricia\",\"description\":\"Facultad de Medicina Cl\u00ednica Alemana Universidad del Desarrollo\",\"inLanguage\":\"es\"}]}<\/script>\n<!-- \/ Yoast SEO plugin. -->","yoast_head_json":{"title":"La Carrera - Obstetricia","description":"En la Carrera de Obstetricia formamos profesionales capaces de dar respuesta a los desaf\u00edos de salud sexual y reproductiva considerando a todos los grupos sociales de manera inclusiva, atendiendo a la diversidad sexual, a personas con necesidades especiales y a la poblaci\u00f3n perteneciente a la tercera y cuarta edad. Demuestra competencias tanto en \u00e1reas tradicionales, tales como ginecolog\u00eda, obstetricia y neonatolog\u00eda, como en \u00e1reas emergentes, tales como salud sexual masculina y sexolog\u00eda cl\u00ednica.","robots":{"index":"index","follow":"follow","max-snippet":"max-snippet:-1","max-image-preview":"max-image-preview:large","max-video-preview":"max-video-preview:-1"},"canonical":"https:\/\/medicina.udd.cl\/obstetricia-santiago\/la-carrera-2\/","og_locale":"es_ES","og_type":"article","og_title":"La Carrera - Obstetricia","og_description":"En la Carrera de Obstetricia formamos profesionales capaces de dar respuesta a los desaf\u00edos de salud sexual y reproductiva considerando a todos los grupos sociales de manera inclusiva, atendiendo a la diversidad sexual, a personas con necesidades especiales y a la poblaci\u00f3n perteneciente a la tercera y cuarta edad. Demuestra competencias tanto en \u00e1reas tradicionales, tales como ginecolog\u00eda, obstetricia y neonatolog\u00eda, como en \u00e1reas emergentes, tales como salud sexual masculina y sexolog\u00eda cl\u00ednica.","og_url":"https:\/\/medicina.udd.cl\/obstetricia-santiago\/la-carrera-2\/","og_site_name":"Obstetricia","article_modified_time":"2024-12-11T20:26:54+00:00","twitter_card":"summary_large_image","twitter_misc":{"Tiempo de lectura":"2 minutos"},"schema":{"@context":"https:\/\/schema.org","@graph":[{"@type":"WebPage","@id":"https:\/\/medicina.udd.cl\/obstetricia-santiago\/la-carrera-2\/","url":"https:\/\/medicina.udd.cl\/obstetricia-santiago\/la-carrera-2\/","name":"La Carrera - Obstetricia","isPartOf":{"@id":"https:\/\/medicina.udd.cl\/obstetricia-santiago\/#website"},"datePublished":"2019-09-23T12:11:34+00:00","dateModified":"2024-12-11T20:26:54+00:00","description":"En la Carrera de Obstetricia formamos profesionales capaces de dar respuesta a los desaf\u00edos de salud sexual y reproductiva considerando a todos los grupos sociales de manera inclusiva, atendiendo a la diversidad sexual, a personas con necesidades especiales y a la poblaci\u00f3n perteneciente a la tercera y cuarta edad. Demuestra competencias tanto en \u00e1reas tradicionales, tales como ginecolog\u00eda, obstetricia y neonatolog\u00eda, como en \u00e1reas emergentes, tales como salud sexual masculina y sexolog\u00eda cl\u00ednica.","breadcrumb":{"@id":"https:\/\/medicina.udd.cl\/obstetricia-santiago\/la-carrera-2\/#breadcrumb"},"inLanguage":"es","potentialAction":[{"@type":"ReadAction","target":["https:\/\/medicina.udd.cl\/obstetricia-santiago\/la-carrera-2\/"]}]},{"@type":"BreadcrumbList","@id":"https:\/\/medicina.udd.cl\/obstetricia-santiago\/la-carrera-2\/#breadcrumb","itemListElement":[{"@type":"ListItem","position":1,"name":"Portada","item":"https:\/\/medicina.udd.cl\/obstetricia-santiago\/"},{"@type":"ListItem","position":2,"name":"La Carrera"}]},{"@type":"WebSite","@id":"https:\/\/medicina.udd.cl\/obstetricia-santiago\/#website","url":"https:\/\/medicina.udd.cl\/obstetricia-santiago\/","name":"Obstetricia","description":"Facultad de Medicina Cl\u00ednica Alemana Universidad del Desarrollo","inLanguage":"es"}]}},"_links":{"self":[{"href":"https:\/\/medicina.udd.cl\/obstetricia-santiago\/wp-json\/wp\/v2\/pages\/268","targetHints":{"allow":["GET"]}}],"collection":[{"href":"https:\/\/medicina.udd.cl\/obstetricia-santiago\/wp-json\/wp\/v2\/pages"}],"about":[{"href":"https:\/\/medicina.udd.cl\/obstetricia-santiago\/wp-json\/wp\/v2\/types\/page"}],"author":[{"embeddable":true,"href":"https:\/\/medicina.udd.cl\/obstetricia-santiago\/wp-json\/wp\/v2\/users\/9192194"}],"replies":[{"embeddable":true,"href":"https:\/\/medicina.udd.cl\/obstetricia-santiago\/wp-json\/wp\/v2\/comments?post=268"}],"version-history":[{"count":13,"href":"https:\/\/medicina.udd.cl\/obstetricia-santiago\/wp-json\/wp\/v2\/pages\/268\/revisions"}],"predecessor-version":[{"id":569,"href":"https:\/\/medicina.udd.cl\/obstetricia-santiago\/wp-json\/wp\/v2\/pages\/268\/revisions\/569"}],"wp:attachment":[{"href":"https:\/\/medicina.udd.cl\/obstetricia-santiago\/wp-json\/wp\/v2\/media?parent=268"}],"curies":[{"name":"wp","href":"https:\/\/api.w.org\/{rel}","templated":true}]}}