{"id":39,"date":"2018-09-13T14:54:26","date_gmt":"2018-09-13T14:54:26","guid":{"rendered":"http:\/\/medicina.udd.cl\/obstetricia-santiago\/?page_id=39"},"modified":"2018-09-13T14:54:26","modified_gmt":"2018-09-13T14:54:26","slug":"descripcion","status":"publish","type":"page","link":"https:\/\/medicina.udd.cl\/obstetricia-santiago\/descripcion\/","title":{"rendered":"Descripci\u00f3n"},"content":{"rendered":"<p>En la Carrera de Obstetricia, Facultad de Medicina CAS-UDD, formamos profesionales capaces de dar respuesta a los desaf\u00edos de salud sexual y reproductiva considerando a todos los grupos sociales de manera inclusiva, atendiendo a la diversidad sexual, a personas con necesidades especiales y a la poblaci\u00f3n perteneciente a la tercera y cuarta edad. Demuestra competencias tanto en \u00e1reas tradicionales, tales como ginecolog\u00eda, obstetricia y neonatolog\u00eda, como en \u00e1reas emergentes, tales como salud sexual masculina y sexolog\u00eda cl\u00ednica.<\/p>\n<p>Los estudiantes se enfrentan a experiencias cl\u00ednicas y atenci\u00f3n integral en salud, desde los primeros a\u00f1os de la carrera, lo que facilita un aprendizaje significativo y a largo plazo. Se desempe\u00f1an en todos los niveles de atenci\u00f3n del sistema de salud, en servicios ambulatorios y hospitalarios, en las unidades de obstetricia, ginecolog\u00eda y neonatolog\u00eda, en el \u00e1mbito p\u00fablico y privado.<\/p>\n","protected":false},"excerpt":{"rendered":"<p>En la Carrera de Obstetricia, Facultad de Medicina CAS-UDD, formamos profesionales capaces de dar respuesta a los desaf\u00edos de salud sexual y reproductiva considerando a todos los grupos sociales de manera inclusiva, atendiendo a la diversidad sexual, a personas con necesidades especiales y a la poblaci\u00f3n perteneciente a la tercera y cuarta edad. Demuestra competencias [&hellip;]<\/p>\n","protected":false},"author":9192210,"featured_media":0,"parent":0,"menu_order":0,"comment_status":"closed","ping_status":"closed","template":"","meta":{"footnotes":""},"class_list":["post-39","page","type-page","status-publish","hentry"],"yoast_head":"<!-- This site is optimized with the Yoast SEO plugin v26.9 - https:\/\/yoast.com\/product\/yoast-seo-wordpress\/ -->\n<title>Descripci\u00f3n - Obstetricia<\/title>\n<meta name=\"robots\" content=\"index, follow, max-snippet:-1, max-image-preview:large, max-video-preview:-1\" \/>\n<link rel=\"canonical\" href=\"https:\/\/medicina.udd.cl\/obstetricia-santiago\/descripcion\/\" \/>\n<meta property=\"og:locale\" content=\"es_ES\" \/>\n<meta property=\"og:type\" content=\"article\" \/>\n<meta property=\"og:title\" content=\"Descripci\u00f3n - Obstetricia\" \/>\n<meta property=\"og:description\" content=\"En la Carrera de Obstetricia, Facultad de Medicina CAS-UDD, formamos profesionales capaces de dar respuesta a los desaf\u00edos de salud sexual y reproductiva considerando a todos los grupos sociales de manera inclusiva, atendiendo a la diversidad sexual, a personas con necesidades especiales y a la poblaci\u00f3n perteneciente a la tercera y cuarta edad. Demuestra competencias [&hellip;]\" \/>\n<meta property=\"og:url\" content=\"https:\/\/medicina.udd.cl\/obstetricia-santiago\/descripcion\/\" \/>\n<meta property=\"og:site_name\" content=\"Obstetricia\" \/>\n<meta name=\"twitter:card\" content=\"summary_large_image\" \/>\n<meta name=\"twitter:label1\" content=\"Tiempo de lectura\" \/>\n\t<meta name=\"twitter:data1\" content=\"1 minuto\" \/>\n<script type=\"application\/ld+json\" class=\"yoast-schema-graph\">{\"@context\":\"https:\/\/schema.org\",\"@graph\":[{\"@type\":\"WebPage\",\"@id\":\"https:\/\/medicina.udd.cl\/obstetricia-santiago\/descripcion\/\",\"url\":\"https:\/\/medicina.udd.cl\/obstetricia-santiago\/descripcion\/\",\"name\":\"Descripci\u00f3n - Obstetricia\",\"isPartOf\":{\"@id\":\"https:\/\/medicina.udd.cl\/obstetricia-santiago\/#website\"},\"datePublished\":\"2018-09-13T14:54:26+00:00\",\"breadcrumb\":{\"@id\":\"https:\/\/medicina.udd.cl\/obstetricia-santiago\/descripcion\/#breadcrumb\"},\"inLanguage\":\"es\",\"potentialAction\":[{\"@type\":\"ReadAction\",\"target\":[\"https:\/\/medicina.udd.cl\/obstetricia-santiago\/descripcion\/\"]}]},{\"@type\":\"BreadcrumbList\",\"@id\":\"https:\/\/medicina.udd.cl\/obstetricia-santiago\/descripcion\/#breadcrumb\",\"itemListElement\":[{\"@type\":\"ListItem\",\"position\":1,\"name\":\"Portada\",\"item\":\"https:\/\/medicina.udd.cl\/obstetricia-santiago\/\"},{\"@type\":\"ListItem\",\"position\":2,\"name\":\"Descripci\u00f3n\"}]},{\"@type\":\"WebSite\",\"@id\":\"https:\/\/medicina.udd.cl\/obstetricia-santiago\/#website\",\"url\":\"https:\/\/medicina.udd.cl\/obstetricia-santiago\/\",\"name\":\"Obstetricia\",\"description\":\"Facultad de Medicina Cl\u00ednica Alemana Universidad del Desarrollo\",\"inLanguage\":\"es\"}]}<\/script>\n<!-- \/ Yoast SEO plugin. -->","yoast_head_json":{"title":"Descripci\u00f3n - Obstetricia","robots":{"index":"index","follow":"follow","max-snippet":"max-snippet:-1","max-image-preview":"max-image-preview:large","max-video-preview":"max-video-preview:-1"},"canonical":"https:\/\/medicina.udd.cl\/obstetricia-santiago\/descripcion\/","og_locale":"es_ES","og_type":"article","og_title":"Descripci\u00f3n - Obstetricia","og_description":"En la Carrera de Obstetricia, Facultad de Medicina CAS-UDD, formamos profesionales capaces de dar respuesta a los desaf\u00edos de salud sexual y reproductiva considerando a todos los grupos sociales de manera inclusiva, atendiendo a la diversidad sexual, a personas con necesidades especiales y a la poblaci\u00f3n perteneciente a la tercera y cuarta edad. Demuestra competencias [&hellip;]","og_url":"https:\/\/medicina.udd.cl\/obstetricia-santiago\/descripcion\/","og_site_name":"Obstetricia","twitter_card":"summary_large_image","twitter_misc":{"Tiempo de lectura":"1 minuto"},"schema":{"@context":"https:\/\/schema.org","@graph":[{"@type":"WebPage","@id":"https:\/\/medicina.udd.cl\/obstetricia-santiago\/descripcion\/","url":"https:\/\/medicina.udd.cl\/obstetricia-santiago\/descripcion\/","name":"Descripci\u00f3n - Obstetricia","isPartOf":{"@id":"https:\/\/medicina.udd.cl\/obstetricia-santiago\/#website"},"datePublished":"2018-09-13T14:54:26+00:00","breadcrumb":{"@id":"https:\/\/medicina.udd.cl\/obstetricia-santiago\/descripcion\/#breadcrumb"},"inLanguage":"es","potentialAction":[{"@type":"ReadAction","target":["https:\/\/medicina.udd.cl\/obstetricia-santiago\/descripcion\/"]}]},{"@type":"BreadcrumbList","@id":"https:\/\/medicina.udd.cl\/obstetricia-santiago\/descripcion\/#breadcrumb","itemListElement":[{"@type":"ListItem","position":1,"name":"Portada","item":"https:\/\/medicina.udd.cl\/obstetricia-santiago\/"},{"@type":"ListItem","position":2,"name":"Descripci\u00f3n"}]},{"@type":"WebSite","@id":"https:\/\/medicina.udd.cl\/obstetricia-santiago\/#website","url":"https:\/\/medicina.udd.cl\/obstetricia-santiago\/","name":"Obstetricia","description":"Facultad de Medicina Cl\u00ednica Alemana Universidad del Desarrollo","inLanguage":"es"}]}},"_links":{"self":[{"href":"https:\/\/medicina.udd.cl\/obstetricia-santiago\/wp-json\/wp\/v2\/pages\/39","targetHints":{"allow":["GET"]}}],"collection":[{"href":"https:\/\/medicina.udd.cl\/obstetricia-santiago\/wp-json\/wp\/v2\/pages"}],"about":[{"href":"https:\/\/medicina.udd.cl\/obstetricia-santiago\/wp-json\/wp\/v2\/types\/page"}],"author":[{"embeddable":true,"href":"https:\/\/medicina.udd.cl\/obstetricia-santiago\/wp-json\/wp\/v2\/users\/9192210"}],"replies":[{"embeddable":true,"href":"https:\/\/medicina.udd.cl\/obstetricia-santiago\/wp-json\/wp\/v2\/comments?post=39"}],"version-history":[{"count":1,"href":"https:\/\/medicina.udd.cl\/obstetricia-santiago\/wp-json\/wp\/v2\/pages\/39\/revisions"}],"predecessor-version":[{"id":41,"href":"https:\/\/medicina.udd.cl\/obstetricia-santiago\/wp-json\/wp\/v2\/pages\/39\/revisions\/41"}],"wp:attachment":[{"href":"https:\/\/medicina.udd.cl\/obstetricia-santiago\/wp-json\/wp\/v2\/media?parent=39"}],"curies":[{"name":"wp","href":"https:\/\/api.w.org\/{rel}","templated":true}]}}