{"id":556,"date":"2020-05-05T04:37:19","date_gmt":"2020-05-05T04:37:19","guid":{"rendered":"http:\/\/medicina.udd.cl\/obstetricia-santiago\/?page_id=556"},"modified":"2024-12-11T17:29:00","modified_gmt":"2024-12-11T20:29:00","slug":"requisitos-de-postulacion","status":"publish","type":"page","link":"https:\/\/medicina.udd.cl\/obstetricia-santiago\/requisitos-de-postulacion\/","title":{"rendered":"Requisitos de postulaci\u00f3n"},"content":{"rendered":"\n<h2 class=\"wp-block-heading\">\u00bfC\u00f3mo postular a la Admisi\u00f3n Centralizada o Regular UDD?<\/h2>\n\n\n\n<p>La Universidad del Desarrollo (UDD) es parte del <a href=\"https:\/\/acceso.mineduc.cl\/\" target=\"_blank\" rel=\"noreferrer noopener\">Sistema de Acceso a las Instituciones de Educaci\u00f3n Superior<\/a>, dependiente de la Subsecretar\u00eda de Educaci\u00f3n Superior del Ministerio de Educaci\u00f3n. Para ingresar a la UDD por la v\u00eda de la <strong>Admisi\u00f3n Centralizada\/Regular<\/strong>, los estudiantes deber\u00e1n contar con:<\/p>\n\n\n\n<ul class=\"wp-block-list\">\n<li>Prueba de Acceso a la Educaci\u00f3n Superior (PAES) vigente.<\/li>\n\n\n\n<li>Postular a la(s) carrera(s) de su inter\u00e9s a trav\u00e9s del Sistema de Acceso a las Universidades.<\/li>\n\n\n\n<li>Haber sido seleccionado de acuerdo al puntaje ponderado de postulaci\u00f3n.<\/li>\n<\/ul>\n\n\n\n<p>Este proceso de admisi\u00f3n se organiza de forma centralizada en todo el pa\u00eds y participan en \u00e9l las universidades p\u00fablicas, privadas e instituciones de educaci\u00f3n t\u00e9cnico profesional adscritas. <\/p>\n\n\n\n<p>Te invitamos a revisar en el siguiente enlace las<strong> <a href=\"https:\/\/www.udd.cl\/admision-pregrado\/ponderaciones\/\">Ponderaciones, Vacantes y Puntajes<\/a><\/strong> m\u00ednimos de postulaci\u00f3n.<\/p>\n\n\n\n<h3 class=\"wp-block-heading\">Requisitos para el Proceso de Admisi\u00f3n Centralizada\/Regular 2026:<\/h3>\n\n\n\n<ol class=\"wp-block-list\">\n<li><strong>Notas de Ense\u00f1anza Media (NEM) <\/strong><\/li>\n\n\n\n<li><strong>Ranking de Notas de Ense\u00f1anza Media<\/strong><\/li>\n\n\n\n<li><strong>Prueba de Acceso a la Educaci\u00f3n Superior (PAES) <\/strong>rendida:\n<ul class=\"wp-block-list\">\n<li>PAES Obligatoria de Competencia Matem\u00e1tica 1 (M1).<\/li>\n\n\n\n<li>PAES Obligatoria de Competencia Lectora.<\/li>\n\n\n\n<li>PAES de Ciencias y\/o Prueba de Historia y Ciencias Sociales.<\/li>\n\n\n\n<li>PAES de Competencia Matem\u00e1tica 2 (M2). Esta prueba es solo de car\u00e1cter obligatoria para las carreras de:&nbsp;<em>Ingenier\u00eda Civil en Inform\u00e1tica e Innovaci\u00f3n Tecnol\u00f3gica<\/em> (sedes Santiago y Concepci\u00f3n), <em>Ingenier\u00eda Civil Industrial<\/em> (sedes Santiago y Concepci\u00f3n), <em>Ingenier\u00eda Civil Plan Com\u00fan<\/em>, <em>Ingenier\u00eda Civil en Obras Civiles<\/em>, <em>Ingenier\u00eda Civil en Miner\u00eda<\/em>.<\/li>\n<\/ul>\n<\/li>\n\n\n\n<li><strong>Licencia de Ense\u00f1anza Media<\/strong> y <strong>copia de su C\u00e9dula de Identidad o Pasaporte<\/strong>.<\/li>\n<\/ol>\n\n\n<!-- WP Block: UDD - Disposable -->\n<section\n\tdata-sps-offset=\"100\"\n\tid=\"udd-disposable--1--107375\"\n\tclass=\"wp-block-udd-disposable udd-notice disposable-block \"\n>\n\t<div class=\"container\">\n\t\t<div\n\t\t\tclass=\"udd-notice__header \"\n\t\t\tstyle=\"background-color: \"\n\t\t>\n\t\t\t\t\t\t<span class=\"udd-notice__header-label\">Importante<\/span>\n\t\t<\/div>\n\t\t<div\n\t\t\tclass=\"udd-notice__content\"\n\t\t\tstyle=\"background-color: \"\n\t\t>\n\t\t\tEl temario de la PAES 2026 ha sido actualizado por el DEMRE, <strong><a href=\"https:\/\/demre.cl\/la-prueba\/pruebas-y-temarios\/presentacion-pruebas-temarios-paes-regular\" target=\"_blank\">revisa los cambios aqu\u00ed<\/a><\/strong>\t\t<\/div>\n\t\t\t<\/div>\n<\/section>\n\n\n\n<p>Inf\u00f3rmate m\u00e1s en <a href=\"https:\/\/acceso.mineduc.cl\/preguntas-frecuentes\/admision-universidades\/\">Mineduc<\/a>.<\/p>\n\n\n\n<h2 class=\"wp-block-heading\" id=\"fechas-clave\">Fechas clave para el Proceso de Admisi\u00f3n Centralizada\/Regular 2026:<\/h2>\n\n\n\n<p>Conoce las pr\u00f3ximas fechas correspondientes al <strong>Proceso de Admisi\u00f3n 2026\u00a0<\/strong>que fueron establecidas por la Subsecretar\u00eda de Educaci\u00f3n Superior.<\/p>\n\n\n\n<figure class=\"wp-block-table is-style-stripes has-large-font-size\"><table class=\"has-brand-primary-color has-text-color\"><tbody><tr><td>5 DE ENERO<\/td><td><strong>Resultados de Puntajes PAES Regular<br>Inicia Etapa de Postulaciones<\/strong><\/td><\/tr><tr><td>8 DE ENERO<\/td><td><strong>Finaliza Etapa de Postulaciones<\/strong><br><strong>Publicaci\u00f3n oficial Instrucciones de Matr\u00edcula<\/strong><\/td><\/tr><tr><td>19 DE ENERO<\/td><td><strong>Resultados del Proceso de Selecci\u00f3n<\/strong><\/td><\/tr><tr><td>20 DE ENERO<\/td><td><strong>Inicia Primera Etapa de Matr\u00edculas<\/strong><\/td><\/tr><tr><td>22 DE ENERO<\/td><td><strong>Cierre Primera Etapa de Matr\u00edculas<\/strong><\/td><\/tr><tr><td>23 DE ENERO<\/td><td><strong>Inicia Segunda Etapa de Matr\u00edculas<\/strong><\/td><\/tr><tr><td>29 DE ENERO<\/td><td><strong>Cierre Segunda Etapa de Matr\u00edculas<\/strong><\/td><\/tr><\/tbody><\/table><\/figure>\n\n\n<p class=\"wp-block-udd-button text-left\"><a class=\"btn btn-secondary btn-lg\" href=\"https:\/\/www.udd.cl\/wp-content\/uploads\/2022\/03\/dr-n13-22-reglamento-admision-y-matricula-marzo-2022.pdf\" data-url=\"https:\/\/www.udd.cl\/wp-content\/uploads\/2022\/03\/dr-n13-22-reglamento-admision-y-matricula-marzo-2022.pdf\" target=\"_blank\" rel=\"noreferrer noopener\"><svg class='svg-download-dims'><use xlink:href='\/wp-content\/themes\/udd-2018\/assets\/img\/svg\/dist\/main.svg?version=1774534682#download'><\/use><\/svg> Ver reglamento de Admisi\u00f3n <\/a><\/p>\n\n","protected":false},"excerpt":{"rendered":"","protected":false},"author":9192194,"featured_media":0,"parent":0,"menu_order":0,"comment_status":"closed","ping_status":"closed","template":"","meta":{"footnotes":""},"class_list":["post-556","page","type-page","status-publish","hentry"],"yoast_head":"<!-- This site is optimized with the Yoast SEO plugin v26.9 - https:\/\/yoast.com\/product\/yoast-seo-wordpress\/ -->\n<title>Requisitos de postulaci\u00f3n 2025 - Obstetricia<\/title>\n<meta name=\"robots\" content=\"index, follow, max-snippet:-1, max-image-preview:large, max-video-preview:-1\" \/>\n<link rel=\"canonical\" href=\"https:\/\/medicina.udd.cl\/obstetricia-santiago\/requisitos-de-postulacion\/\" \/>\n<meta property=\"og:locale\" content=\"es_ES\" \/>\n<meta property=\"og:type\" content=\"article\" \/>\n<meta property=\"og:title\" content=\"Requisitos de postulaci\u00f3n 2025 - Obstetricia\" \/>\n<meta property=\"og:url\" content=\"https:\/\/medicina.udd.cl\/obstetricia-santiago\/requisitos-de-postulacion\/\" \/>\n<meta property=\"og:site_name\" content=\"Obstetricia\" \/>\n<meta property=\"article:modified_time\" content=\"2024-12-11T20:29:00+00:00\" \/>\n<meta name=\"twitter:card\" content=\"summary_large_image\" \/>\n<meta name=\"twitter:label1\" content=\"Tiempo de lectura\" \/>\n\t<meta name=\"twitter:data1\" content=\"1 minuto\" \/>\n<script type=\"application\/ld+json\" class=\"yoast-schema-graph\">{\"@context\":\"https:\/\/schema.org\",\"@graph\":[{\"@type\":\"WebPage\",\"@id\":\"https:\/\/medicina.udd.cl\/obstetricia-santiago\/requisitos-de-postulacion\/\",\"url\":\"https:\/\/medicina.udd.cl\/obstetricia-santiago\/requisitos-de-postulacion\/\",\"name\":\"Requisitos de postulaci\u00f3n 2025 - Obstetricia\",\"isPartOf\":{\"@id\":\"https:\/\/medicina.udd.cl\/obstetricia-santiago\/#website\"},\"datePublished\":\"2020-05-05T04:37:19+00:00\",\"dateModified\":\"2024-12-11T20:29:00+00:00\",\"breadcrumb\":{\"@id\":\"https:\/\/medicina.udd.cl\/obstetricia-santiago\/requisitos-de-postulacion\/#breadcrumb\"},\"inLanguage\":\"es\",\"potentialAction\":[{\"@type\":\"ReadAction\",\"target\":[\"https:\/\/medicina.udd.cl\/obstetricia-santiago\/requisitos-de-postulacion\/\"]}]},{\"@type\":\"BreadcrumbList\",\"@id\":\"https:\/\/medicina.udd.cl\/obstetricia-santiago\/requisitos-de-postulacion\/#breadcrumb\",\"itemListElement\":[{\"@type\":\"ListItem\",\"position\":1,\"name\":\"Portada\",\"item\":\"https:\/\/medicina.udd.cl\/obstetricia-santiago\/\"},{\"@type\":\"ListItem\",\"position\":2,\"name\":\"Requisitos de postulaci\u00f3n\"}]},{\"@type\":\"WebSite\",\"@id\":\"https:\/\/medicina.udd.cl\/obstetricia-santiago\/#website\",\"url\":\"https:\/\/medicina.udd.cl\/obstetricia-santiago\/\",\"name\":\"Obstetricia\",\"description\":\"Facultad de Medicina Cl\u00ednica Alemana Universidad del Desarrollo\",\"inLanguage\":\"es\"}]}<\/script>\n<!-- \/ Yoast SEO plugin. -->","yoast_head_json":{"title":"Requisitos de postulaci\u00f3n 2025 - Obstetricia","robots":{"index":"index","follow":"follow","max-snippet":"max-snippet:-1","max-image-preview":"max-image-preview:large","max-video-preview":"max-video-preview:-1"},"canonical":"https:\/\/medicina.udd.cl\/obstetricia-santiago\/requisitos-de-postulacion\/","og_locale":"es_ES","og_type":"article","og_title":"Requisitos de postulaci\u00f3n 2025 - Obstetricia","og_url":"https:\/\/medicina.udd.cl\/obstetricia-santiago\/requisitos-de-postulacion\/","og_site_name":"Obstetricia","article_modified_time":"2024-12-11T20:29:00+00:00","twitter_card":"summary_large_image","twitter_misc":{"Tiempo de lectura":"1 minuto"},"schema":{"@context":"https:\/\/schema.org","@graph":[{"@type":"WebPage","@id":"https:\/\/medicina.udd.cl\/obstetricia-santiago\/requisitos-de-postulacion\/","url":"https:\/\/medicina.udd.cl\/obstetricia-santiago\/requisitos-de-postulacion\/","name":"Requisitos de postulaci\u00f3n 2025 - Obstetricia","isPartOf":{"@id":"https:\/\/medicina.udd.cl\/obstetricia-santiago\/#website"},"datePublished":"2020-05-05T04:37:19+00:00","dateModified":"2024-12-11T20:29:00+00:00","breadcrumb":{"@id":"https:\/\/medicina.udd.cl\/obstetricia-santiago\/requisitos-de-postulacion\/#breadcrumb"},"inLanguage":"es","potentialAction":[{"@type":"ReadAction","target":["https:\/\/medicina.udd.cl\/obstetricia-santiago\/requisitos-de-postulacion\/"]}]},{"@type":"BreadcrumbList","@id":"https:\/\/medicina.udd.cl\/obstetricia-santiago\/requisitos-de-postulacion\/#breadcrumb","itemListElement":[{"@type":"ListItem","position":1,"name":"Portada","item":"https:\/\/medicina.udd.cl\/obstetricia-santiago\/"},{"@type":"ListItem","position":2,"name":"Requisitos de postulaci\u00f3n"}]},{"@type":"WebSite","@id":"https:\/\/medicina.udd.cl\/obstetricia-santiago\/#website","url":"https:\/\/medicina.udd.cl\/obstetricia-santiago\/","name":"Obstetricia","description":"Facultad de Medicina Cl\u00ednica Alemana Universidad del Desarrollo","inLanguage":"es"}]}},"_links":{"self":[{"href":"https:\/\/medicina.udd.cl\/obstetricia-santiago\/wp-json\/wp\/v2\/pages\/556","targetHints":{"allow":["GET"]}}],"collection":[{"href":"https:\/\/medicina.udd.cl\/obstetricia-santiago\/wp-json\/wp\/v2\/pages"}],"about":[{"href":"https:\/\/medicina.udd.cl\/obstetricia-santiago\/wp-json\/wp\/v2\/types\/page"}],"author":[{"embeddable":true,"href":"https:\/\/medicina.udd.cl\/obstetricia-santiago\/wp-json\/wp\/v2\/users\/9192194"}],"replies":[{"embeddable":true,"href":"https:\/\/medicina.udd.cl\/obstetricia-santiago\/wp-json\/wp\/v2\/comments?post=556"}],"version-history":[{"count":3,"href":"https:\/\/medicina.udd.cl\/obstetricia-santiago\/wp-json\/wp\/v2\/pages\/556\/revisions"}],"predecessor-version":[{"id":699,"href":"https:\/\/medicina.udd.cl\/obstetricia-santiago\/wp-json\/wp\/v2\/pages\/556\/revisions\/699"}],"wp:attachment":[{"href":"https:\/\/medicina.udd.cl\/obstetricia-santiago\/wp-json\/wp\/v2\/media?parent=556"}],"curies":[{"name":"wp","href":"https:\/\/api.w.org\/{rel}","templated":true}]}}