{"id":565,"date":"2020-05-05T04:47:29","date_gmt":"2020-05-05T04:47:29","guid":{"rendered":"http:\/\/medicina.udd.cl\/obstetricia-santiago\/?page_id=565"},"modified":"2025-08-26T16:21:56","modified_gmt":"2025-08-26T20:21:56","slug":"por-que-estudiar-obstetricia-en-la-udd","status":"publish","type":"page","link":"https:\/\/medicina.udd.cl\/obstetricia-santiago\/por-que-estudiar-obstetricia-en-la-udd\/","title":{"rendered":"\u00bfPor qu\u00e9 estudiar Obstetricia en la UDD?"},"content":{"rendered":"<!-- WP Block: UDD - Content Gallery -->\n<section class=\"wp-block-udd-content-gallery\">\n\t<div class=\"content-gallery\">\n\t\t<main class=\"content-gallery__content\">\n\t\t\t<div class=\"content-gallery__content-inner\">\n\t\t\t\t<h2 class=\"block__title content-gallery__title\">Vanguardia<\/h2>\n\t\t\t\t<div class=\"text\">\n\t\t\t\t\t\n<p>Contamos con una malla innovadora, acorde a las necesidades de salud del pa\u00eds y a los desaf\u00edos de la profesi\u00f3n.<\/p>\n\t\t\t\t<\/div>\n\t\t\t<\/div>\n\t\t<\/main>\n\t\t<aside class=\"content-gallery__media\">\n\t\t\t<div id=\"gallery-carousel-3b48d8ba09\" class=\"carousel slide carousel-gallery\" data-ride=\"carousel\" data-interval=\"false\">\n\t\t\t\t<div class=\"carousel-inner\" role=\"listbox\">\n\t\t\t\t\t\t\t\t\t\t\t<div class=\"carousel-item active\">\n\t\t\t\t\t\t\t<img loading=\"lazy\" decoding=\"async\" width=\"900\" height=\"500\" src=\"https:\/\/medicina.udd.cl\/obstetricia-santiago\/files\/2018\/09\/obstetricia.jpg\" class=\"content-gallery__media-image\" alt=\"\" srcset=\"https:\/\/medicina.udd.cl\/obstetricia-santiago\/files\/2018\/09\/obstetricia.jpg 900w, https:\/\/medicina.udd.cl\/obstetricia-santiago\/files\/2018\/09\/obstetricia-300x167.jpg 300w, https:\/\/medicina.udd.cl\/obstetricia-santiago\/files\/2018\/09\/obstetricia-768x427.jpg 768w\" sizes=\"auto, (max-width: 900px) 100vw, 900px\" \/>\t\t\t\t\t\t\t\t\t\t\t\t\t<\/div>\n\t\t\t\t\t\t\t\t\t<\/div>\n\t\t\t\t\t\t<\/div>\n\t\t<\/aside>\n\t<\/div>\n<\/section>\n\n\n<!-- WP Block: UDD - Content Gallery -->\n<section class=\"wp-block-udd-content-gallery wp-block-udd-content-gallery--align-left\">\n\t<div class=\"content-gallery\">\n\t\t<main class=\"content-gallery__content\">\n\t\t\t<div class=\"content-gallery__content-inner\">\n\t\t\t\t<h2 class=\"block__title content-gallery__title\">Cl\u00ednica UDD<\/h2>\n\t\t\t\t<div class=\"text\">\n\t\t\t\t\t\n<p>Campo cl\u00ednico exclusivo de la Facultad de Medicina Cl\u00ednica Alemana Universidad del Desarrollo.<\/p>\n\n<p>Concentra actividades docentes asistenciales de la Facultad y ofrece atenci\u00f3n ambulatoria para los habitantes de La Florida, la Granja, San Ram\u00f3n y La Cisterna.<\/p>\n\n<p><a href=\"https:\/\/clinicaudd.udd.cl\/\">Visitar el sitio<\/a><\/p>\n\t\t\t\t<\/div>\n\t\t\t<\/div>\n\t\t<\/main>\n\t\t<aside class=\"content-gallery__media\">\n\t\t\t<div id=\"gallery-carousel-e76edabf19\" class=\"carousel slide carousel-gallery\" data-ride=\"carousel\" data-interval=\"false\">\n\t\t\t\t<div class=\"carousel-inner\" role=\"listbox\">\n\t\t\t\t\t\t\t\t\t\t\t<div class=\"carousel-item active\">\n\t\t\t\t\t\t\t<img loading=\"lazy\" decoding=\"async\" width=\"1181\" height=\"745\" src=\"https:\/\/medicina.udd.cl\/obstetricia-santiago\/files\/2020\/12\/clinicaudd.jpg\" class=\"content-gallery__media-image\" alt=\"\" srcset=\"https:\/\/medicina.udd.cl\/obstetricia-santiago\/files\/2020\/12\/clinicaudd.jpg 1181w, https:\/\/medicina.udd.cl\/obstetricia-santiago\/files\/2020\/12\/clinicaudd-300x189.jpg 300w, https:\/\/medicina.udd.cl\/obstetricia-santiago\/files\/2020\/12\/clinicaudd-1024x646.jpg 1024w, https:\/\/medicina.udd.cl\/obstetricia-santiago\/files\/2020\/12\/clinicaudd-768x484.jpg 768w\" sizes=\"auto, (max-width: 1181px) 100vw, 1181px\" \/>\t\t\t\t\t\t\t\t\t\t\t\t\t<\/div>\n\t\t\t\t\t\t\t\t\t<\/div>\n\t\t\t\t\t\t<\/div>\n\t\t<\/aside>\n\t<\/div>\n<\/section>\n\n\n<!-- WP Block: UDD - Content Gallery -->\n<section class=\"wp-block-udd-content-gallery\">\n\t<div class=\"content-gallery\">\n\t\t<main class=\"content-gallery__content\">\n\t\t\t<div class=\"content-gallery__content-inner\">\n\t\t\t\t<h2 class=\"block__title content-gallery__title\">Profesionales de excelencia<\/h2>\n\t\t\t\t<div class=\"text\">\n\t\t\t\t\t\n<p>Formaci\u00f3n de excelencia, con s\u00f3lidos principios \u00e9ticos, basada en la equidad de g\u00e9nero, la integraci\u00f3n cultural y los derechos sexuales y reproductivos de las personas.<\/p>\n\t\t\t\t<\/div>\n\t\t\t<\/div>\n\t\t<\/main>\n\t\t<aside class=\"content-gallery__media\">\n\t\t\t<div id=\"gallery-carousel-819490d4b5\" class=\"carousel slide carousel-gallery\" data-ride=\"carousel\" data-interval=\"false\">\n\t\t\t\t<div class=\"carousel-inner\" role=\"listbox\">\n\t\t\t\t\t\t\t\t\t\t\t<div class=\"carousel-item active\">\n\t\t\t\t\t\t\t<img loading=\"lazy\" decoding=\"async\" width=\"1215\" height=\"768\" src=\"https:\/\/medicina.udd.cl\/obstetricia-santiago\/files\/2019\/08\/4-1215x768.jpg\" class=\"content-gallery__media-image\" alt=\"\" \/>\t\t\t\t\t\t\t\t\t\t\t\t\t<\/div>\n\t\t\t\t\t\t\t\t\t<\/div>\n\t\t\t\t\t\t<\/div>\n\t\t<\/aside>\n\t<\/div>\n<\/section>\n\n\n<!-- WP Block: UDD - Content Gallery -->\n<section class=\"wp-block-udd-content-gallery wp-block-udd-content-gallery--align-left\">\n\t<div class=\"content-gallery\">\n\t\t<main class=\"content-gallery__content\">\n\t\t\t<div class=\"content-gallery__content-inner\">\n\t\t\t\t<h2 class=\"block__title content-gallery__title\">Experiencia cl\u00ednica<\/h2>\n\t\t\t\t<div class=\"text\">\n\t\t\t\t\t\n<p>Tendr\u00e1s experiencias cl\u00ednicas y atenci\u00f3n integral en salud desde los primeros a\u00f1os de la carrera, lo que facilita un aprendizaje significativo y a largo plazo.<\/p>\n\t\t\t\t<\/div>\n\t\t\t<\/div>\n\t\t<\/main>\n\t\t<aside class=\"content-gallery__media\">\n\t\t\t<div id=\"gallery-carousel-140a02aac8\" class=\"carousel slide carousel-gallery\" data-ride=\"carousel\" data-interval=\"false\">\n\t\t\t\t<div class=\"carousel-inner\" role=\"listbox\">\n\t\t\t\t\t\t\t\t\t\t\t<div class=\"carousel-item active\">\n\t\t\t\t\t\t\t<img loading=\"lazy\" decoding=\"async\" width=\"1366\" height=\"768\" src=\"https:\/\/medicina.udd.cl\/obstetricia-santiago\/files\/2019\/09\/IMG_0012-1366x768.jpg\" class=\"content-gallery__media-image\" alt=\"\" srcset=\"https:\/\/medicina.udd.cl\/obstetricia-santiago\/files\/2019\/09\/IMG_0012-1366x768.jpg 1366w, https:\/\/medicina.udd.cl\/obstetricia-santiago\/files\/2019\/09\/IMG_0012-1920x1080.jpg 1920w, https:\/\/medicina.udd.cl\/obstetricia-santiago\/files\/2019\/09\/IMG_0012-952x534.jpg 952w, https:\/\/medicina.udd.cl\/obstetricia-santiago\/files\/2019\/09\/IMG_0012-680x382.jpg 680w\" sizes=\"auto, (max-width: 1366px) 100vw, 1366px\" \/>\t\t\t\t\t\t\t\t\t\t\t\t\t<\/div>\n\t\t\t\t\t\t\t\t\t<\/div>\n\t\t\t\t\t\t<\/div>\n\t\t<\/aside>\n\t<\/div>\n<\/section>\n\n\n<!-- WP Block: UDD - Content Gallery -->\n<section class=\"wp-block-udd-content-gallery\">\n\t<div class=\"content-gallery\">\n\t\t<main class=\"content-gallery__content\">\n\t\t\t<div class=\"content-gallery__content-inner\">\n\t\t\t\t<h2 class=\"block__title content-gallery__title\">Formaci\u00f3n integral<\/h2>\n\t\t\t\t<div class=\"text\">\n\t\t\t\t\t\n<p>Te desempe\u00f1ar\u00e1s en todos los niveles de atenci\u00f3n del sistema de salud: servicios ambulatorios y hospitalarios, unidades de obstetricia, ginecolog\u00eda y neonatolog\u00eda del \u00e1mbito p\u00fablico y privado.<\/p>\n\t\t\t\t<\/div>\n\t\t\t<\/div>\n\t\t<\/main>\n\t\t<aside class=\"content-gallery__media\">\n\t\t\t<div id=\"gallery-carousel-e7c52897ea\" class=\"carousel slide carousel-gallery\" data-ride=\"carousel\" data-interval=\"false\">\n\t\t\t\t<div class=\"carousel-inner\" role=\"listbox\">\n\t\t\t\t\t\t\t\t\t\t\t<div class=\"carousel-item active\">\n\t\t\t\t\t\t\t<img loading=\"lazy\" decoding=\"async\" width=\"1366\" height=\"768\" src=\"https:\/\/medicina.udd.cl\/obstetricia-santiago\/files\/2019\/09\/IMG_0248-1366x768.jpg\" class=\"content-gallery__media-image\" alt=\"\" srcset=\"https:\/\/medicina.udd.cl\/obstetricia-santiago\/files\/2019\/09\/IMG_0248-1366x768.jpg 1366w, https:\/\/medicina.udd.cl\/obstetricia-santiago\/files\/2019\/09\/IMG_0248-1920x1080.jpg 1920w, https:\/\/medicina.udd.cl\/obstetricia-santiago\/files\/2019\/09\/IMG_0248-952x534.jpg 952w, https:\/\/medicina.udd.cl\/obstetricia-santiago\/files\/2019\/09\/IMG_0248-680x382.jpg 680w\" sizes=\"auto, (max-width: 1366px) 100vw, 1366px\" \/>\t\t\t\t\t\t\t\t\t\t\t\t\t<\/div>\n\t\t\t\t\t\t\t\t\t<\/div>\n\t\t\t\t\t\t<\/div>\n\t\t<\/aside>\n\t<\/div>\n<\/section>\n","protected":false},"excerpt":{"rendered":"","protected":false},"author":9192194,"featured_media":0,"parent":0,"menu_order":0,"comment_status":"closed","ping_status":"closed","template":"","meta":{"footnotes":""},"class_list":["post-565","page","type-page","status-publish","hentry"],"yoast_head":"<!-- This site is optimized with the Yoast SEO plugin v26.9 - https:\/\/yoast.com\/product\/yoast-seo-wordpress\/ -->\n<title>\u00bfPor qu\u00e9 estudiar Obstetricia en la UDD? - Obstetricia<\/title>\n<meta name=\"robots\" content=\"index, follow, max-snippet:-1, max-image-preview:large, max-video-preview:-1\" \/>\n<link rel=\"canonical\" href=\"https:\/\/medicina.udd.cl\/obstetricia-santiago\/por-que-estudiar-obstetricia-en-la-udd\/\" \/>\n<meta property=\"og:locale\" content=\"es_ES\" \/>\n<meta property=\"og:type\" content=\"article\" \/>\n<meta property=\"og:title\" content=\"\u00bfPor qu\u00e9 estudiar Obstetricia en la UDD? - Obstetricia\" \/>\n<meta property=\"og:url\" content=\"https:\/\/medicina.udd.cl\/obstetricia-santiago\/por-que-estudiar-obstetricia-en-la-udd\/\" \/>\n<meta property=\"og:site_name\" content=\"Obstetricia\" \/>\n<meta property=\"article:modified_time\" content=\"2025-08-26T20:21:56+00:00\" \/>\n<meta name=\"twitter:card\" content=\"summary_large_image\" \/>\n<meta name=\"twitter:label1\" content=\"Tiempo de lectura\" \/>\n\t<meta name=\"twitter:data1\" content=\"1 minuto\" \/>\n<script type=\"application\/ld+json\" class=\"yoast-schema-graph\">{\"@context\":\"https:\/\/schema.org\",\"@graph\":[{\"@type\":\"WebPage\",\"@id\":\"https:\/\/medicina.udd.cl\/obstetricia-santiago\/por-que-estudiar-obstetricia-en-la-udd\/\",\"url\":\"https:\/\/medicina.udd.cl\/obstetricia-santiago\/por-que-estudiar-obstetricia-en-la-udd\/\",\"name\":\"\u00bfPor qu\u00e9 estudiar Obstetricia en la UDD? - Obstetricia\",\"isPartOf\":{\"@id\":\"https:\/\/medicina.udd.cl\/obstetricia-santiago\/#website\"},\"datePublished\":\"2020-05-05T04:47:29+00:00\",\"dateModified\":\"2025-08-26T20:21:56+00:00\",\"breadcrumb\":{\"@id\":\"https:\/\/medicina.udd.cl\/obstetricia-santiago\/por-que-estudiar-obstetricia-en-la-udd\/#breadcrumb\"},\"inLanguage\":\"es\",\"potentialAction\":[{\"@type\":\"ReadAction\",\"target\":[\"https:\/\/medicina.udd.cl\/obstetricia-santiago\/por-que-estudiar-obstetricia-en-la-udd\/\"]}]},{\"@type\":\"BreadcrumbList\",\"@id\":\"https:\/\/medicina.udd.cl\/obstetricia-santiago\/por-que-estudiar-obstetricia-en-la-udd\/#breadcrumb\",\"itemListElement\":[{\"@type\":\"ListItem\",\"position\":1,\"name\":\"Portada\",\"item\":\"https:\/\/medicina.udd.cl\/obstetricia-santiago\/\"},{\"@type\":\"ListItem\",\"position\":2,\"name\":\"\u00bfPor qu\u00e9 estudiar Obstetricia en la UDD?\"}]},{\"@type\":\"WebSite\",\"@id\":\"https:\/\/medicina.udd.cl\/obstetricia-santiago\/#website\",\"url\":\"https:\/\/medicina.udd.cl\/obstetricia-santiago\/\",\"name\":\"Obstetricia\",\"description\":\"Facultad de Medicina Cl\u00ednica Alemana Universidad del Desarrollo\",\"inLanguage\":\"es\"}]}<\/script>\n<!-- \/ Yoast SEO plugin. -->","yoast_head_json":{"title":"\u00bfPor qu\u00e9 estudiar Obstetricia en la UDD? - Obstetricia","robots":{"index":"index","follow":"follow","max-snippet":"max-snippet:-1","max-image-preview":"max-image-preview:large","max-video-preview":"max-video-preview:-1"},"canonical":"https:\/\/medicina.udd.cl\/obstetricia-santiago\/por-que-estudiar-obstetricia-en-la-udd\/","og_locale":"es_ES","og_type":"article","og_title":"\u00bfPor qu\u00e9 estudiar Obstetricia en la UDD? - Obstetricia","og_url":"https:\/\/medicina.udd.cl\/obstetricia-santiago\/por-que-estudiar-obstetricia-en-la-udd\/","og_site_name":"Obstetricia","article_modified_time":"2025-08-26T20:21:56+00:00","twitter_card":"summary_large_image","twitter_misc":{"Tiempo de lectura":"1 minuto"},"schema":{"@context":"https:\/\/schema.org","@graph":[{"@type":"WebPage","@id":"https:\/\/medicina.udd.cl\/obstetricia-santiago\/por-que-estudiar-obstetricia-en-la-udd\/","url":"https:\/\/medicina.udd.cl\/obstetricia-santiago\/por-que-estudiar-obstetricia-en-la-udd\/","name":"\u00bfPor qu\u00e9 estudiar Obstetricia en la UDD? - Obstetricia","isPartOf":{"@id":"https:\/\/medicina.udd.cl\/obstetricia-santiago\/#website"},"datePublished":"2020-05-05T04:47:29+00:00","dateModified":"2025-08-26T20:21:56+00:00","breadcrumb":{"@id":"https:\/\/medicina.udd.cl\/obstetricia-santiago\/por-que-estudiar-obstetricia-en-la-udd\/#breadcrumb"},"inLanguage":"es","potentialAction":[{"@type":"ReadAction","target":["https:\/\/medicina.udd.cl\/obstetricia-santiago\/por-que-estudiar-obstetricia-en-la-udd\/"]}]},{"@type":"BreadcrumbList","@id":"https:\/\/medicina.udd.cl\/obstetricia-santiago\/por-que-estudiar-obstetricia-en-la-udd\/#breadcrumb","itemListElement":[{"@type":"ListItem","position":1,"name":"Portada","item":"https:\/\/medicina.udd.cl\/obstetricia-santiago\/"},{"@type":"ListItem","position":2,"name":"\u00bfPor qu\u00e9 estudiar Obstetricia en la UDD?"}]},{"@type":"WebSite","@id":"https:\/\/medicina.udd.cl\/obstetricia-santiago\/#website","url":"https:\/\/medicina.udd.cl\/obstetricia-santiago\/","name":"Obstetricia","description":"Facultad de Medicina Cl\u00ednica Alemana Universidad del Desarrollo","inLanguage":"es"}]}},"_links":{"self":[{"href":"https:\/\/medicina.udd.cl\/obstetricia-santiago\/wp-json\/wp\/v2\/pages\/565","targetHints":{"allow":["GET"]}}],"collection":[{"href":"https:\/\/medicina.udd.cl\/obstetricia-santiago\/wp-json\/wp\/v2\/pages"}],"about":[{"href":"https:\/\/medicina.udd.cl\/obstetricia-santiago\/wp-json\/wp\/v2\/types\/page"}],"author":[{"embeddable":true,"href":"https:\/\/medicina.udd.cl\/obstetricia-santiago\/wp-json\/wp\/v2\/users\/9192194"}],"replies":[{"embeddable":true,"href":"https:\/\/medicina.udd.cl\/obstetricia-santiago\/wp-json\/wp\/v2\/comments?post=565"}],"version-history":[{"count":6,"href":"https:\/\/medicina.udd.cl\/obstetricia-santiago\/wp-json\/wp\/v2\/pages\/565\/revisions"}],"predecessor-version":[{"id":2244,"href":"https:\/\/medicina.udd.cl\/obstetricia-santiago\/wp-json\/wp\/v2\/pages\/565\/revisions\/2244"}],"wp:attachment":[{"href":"https:\/\/medicina.udd.cl\/obstetricia-santiago\/wp-json\/wp\/v2\/media?parent=565"}],"curies":[{"name":"wp","href":"https:\/\/api.w.org\/{rel}","templated":true}]}}