{"id":6,"date":"2018-09-13T13:58:57","date_gmt":"2018-09-13T13:58:57","guid":{"rendered":"http:\/\/medicina.udd.cl\/obstetricia-santiago\/?page_id=6"},"modified":"2018-09-13T13:58:57","modified_gmt":"2018-09-13T13:58:57","slug":"perfil-de-egreso","status":"publish","type":"page","link":"https:\/\/medicina.udd.cl\/obstetricia-santiago\/perfil-de-egreso\/","title":{"rendered":"Perfil de Egreso"},"content":{"rendered":"<p>El Egresado de la Carrera de Obstetricia de la Facultad de Medicina Cl\u00ednica Alemana, Universidad del Desarrollo es capaz de otorgar una atenci\u00f3n completa, integral y oportuna en el \u00e1mbito de la salud sexual y reproductiva, dando servicios de prevenci\u00f3n, promoci\u00f3n, rehabilitaci\u00f3n y recuperaci\u00f3n de la salud a las personas a lo largo del ciclo vital, considerando todos los grupos sociales de manera inclusiva, atendiendo a la diversidad sexual, a personas con necesidades especiales y a la poblaci\u00f3n perteneciente a la tercera y cuarta edad.<\/p>\n<p>Pone \u00e9nfasis en las mujeres en las distintas etapas de la vida, incluyendo la atenci\u00f3n del embarazo, parto, puerperio, lactancia materna, sexualidad, climaterio y edad adulta. Tambi\u00e9n da atenci\u00f3n al reci\u00e9n nacido sano y enfermo.<\/p>\n<p>Como sello diferenciador, se desempe\u00f1a en \u00e1reas emergentes como son la salud sexual masculina, la sexolog\u00eda cl\u00ednica y la salud global, aplicando estrategias de innovaci\u00f3n y liderazgo.<\/p>\n<p>Maneja herramientas de gesti\u00f3n, educaci\u00f3n e investigaci\u00f3n, con el fin de desarrollar emprendimientos, proyectos y acciones que beneficien la calidad de vida y la condici\u00f3n de salud de la poblaci\u00f3n, actuando de manera \u00e9tica, reflexiva y acorde a la realidad socio cultural del lugar donde se desempe\u00f1e, trabajando en equipos interdisciplinarios, mostrando capacidad de pensamiento cr\u00edtico y promoviendo la equidad de g\u00e9nero, la integraci\u00f3n cultural y los derechos sexuales y reproductivos de las personas.<\/p>\n<p>&nbsp;<\/p>\n<p>&nbsp;<\/p>\n","protected":false},"excerpt":{"rendered":"<p>El Egresado de la Carrera de Obstetricia de la Facultad de Medicina Cl\u00ednica Alemana, Universidad del Desarrollo es capaz de otorgar una atenci\u00f3n completa, integral y oportuna en el \u00e1mbito de la salud sexual y reproductiva, dando servicios de prevenci\u00f3n, promoci\u00f3n, rehabilitaci\u00f3n y recuperaci\u00f3n de la salud a las personas a lo largo del ciclo [&hellip;]<\/p>\n","protected":false},"author":9192210,"featured_media":0,"parent":0,"menu_order":0,"comment_status":"closed","ping_status":"closed","template":"","meta":{"footnotes":""},"class_list":["post-6","page","type-page","status-publish","hentry"],"yoast_head":"<!-- This site is optimized with the Yoast SEO plugin v26.9 - https:\/\/yoast.com\/product\/yoast-seo-wordpress\/ -->\n<title>Perfil de Egreso - Obstetricia<\/title>\n<meta name=\"robots\" content=\"index, follow, max-snippet:-1, max-image-preview:large, max-video-preview:-1\" \/>\n<link rel=\"canonical\" href=\"https:\/\/medicina.udd.cl\/obstetricia-santiago\/perfil-de-egreso\/\" \/>\n<meta property=\"og:locale\" content=\"es_ES\" \/>\n<meta property=\"og:type\" content=\"article\" \/>\n<meta property=\"og:title\" content=\"Perfil de Egreso - Obstetricia\" \/>\n<meta property=\"og:description\" content=\"El Egresado de la Carrera de Obstetricia de la Facultad de Medicina Cl\u00ednica Alemana, Universidad del Desarrollo es capaz de otorgar una atenci\u00f3n completa, integral y oportuna en el \u00e1mbito de la salud sexual y reproductiva, dando servicios de prevenci\u00f3n, promoci\u00f3n, rehabilitaci\u00f3n y recuperaci\u00f3n de la salud a las personas a lo largo del ciclo [&hellip;]\" \/>\n<meta property=\"og:url\" content=\"https:\/\/medicina.udd.cl\/obstetricia-santiago\/perfil-de-egreso\/\" \/>\n<meta property=\"og:site_name\" content=\"Obstetricia\" \/>\n<meta name=\"twitter:card\" content=\"summary_large_image\" \/>\n<meta name=\"twitter:label1\" content=\"Tiempo de lectura\" \/>\n\t<meta name=\"twitter:data1\" content=\"1 minuto\" \/>\n<script type=\"application\/ld+json\" class=\"yoast-schema-graph\">{\"@context\":\"https:\/\/schema.org\",\"@graph\":[{\"@type\":\"WebPage\",\"@id\":\"https:\/\/medicina.udd.cl\/obstetricia-santiago\/perfil-de-egreso\/\",\"url\":\"https:\/\/medicina.udd.cl\/obstetricia-santiago\/perfil-de-egreso\/\",\"name\":\"Perfil de Egreso - Obstetricia\",\"isPartOf\":{\"@id\":\"https:\/\/medicina.udd.cl\/obstetricia-santiago\/#website\"},\"datePublished\":\"2018-09-13T13:58:57+00:00\",\"breadcrumb\":{\"@id\":\"https:\/\/medicina.udd.cl\/obstetricia-santiago\/perfil-de-egreso\/#breadcrumb\"},\"inLanguage\":\"es\",\"potentialAction\":[{\"@type\":\"ReadAction\",\"target\":[\"https:\/\/medicina.udd.cl\/obstetricia-santiago\/perfil-de-egreso\/\"]}]},{\"@type\":\"BreadcrumbList\",\"@id\":\"https:\/\/medicina.udd.cl\/obstetricia-santiago\/perfil-de-egreso\/#breadcrumb\",\"itemListElement\":[{\"@type\":\"ListItem\",\"position\":1,\"name\":\"Portada\",\"item\":\"https:\/\/medicina.udd.cl\/obstetricia-santiago\/\"},{\"@type\":\"ListItem\",\"position\":2,\"name\":\"Perfil de Egreso\"}]},{\"@type\":\"WebSite\",\"@id\":\"https:\/\/medicina.udd.cl\/obstetricia-santiago\/#website\",\"url\":\"https:\/\/medicina.udd.cl\/obstetricia-santiago\/\",\"name\":\"Obstetricia\",\"description\":\"Facultad de Medicina Cl\u00ednica Alemana Universidad del Desarrollo\",\"inLanguage\":\"es\"}]}<\/script>\n<!-- \/ Yoast SEO plugin. -->","yoast_head_json":{"title":"Perfil de Egreso - Obstetricia","robots":{"index":"index","follow":"follow","max-snippet":"max-snippet:-1","max-image-preview":"max-image-preview:large","max-video-preview":"max-video-preview:-1"},"canonical":"https:\/\/medicina.udd.cl\/obstetricia-santiago\/perfil-de-egreso\/","og_locale":"es_ES","og_type":"article","og_title":"Perfil de Egreso - Obstetricia","og_description":"El Egresado de la Carrera de Obstetricia de la Facultad de Medicina Cl\u00ednica Alemana, Universidad del Desarrollo es capaz de otorgar una atenci\u00f3n completa, integral y oportuna en el \u00e1mbito de la salud sexual y reproductiva, dando servicios de prevenci\u00f3n, promoci\u00f3n, rehabilitaci\u00f3n y recuperaci\u00f3n de la salud a las personas a lo largo del ciclo [&hellip;]","og_url":"https:\/\/medicina.udd.cl\/obstetricia-santiago\/perfil-de-egreso\/","og_site_name":"Obstetricia","twitter_card":"summary_large_image","twitter_misc":{"Tiempo de lectura":"1 minuto"},"schema":{"@context":"https:\/\/schema.org","@graph":[{"@type":"WebPage","@id":"https:\/\/medicina.udd.cl\/obstetricia-santiago\/perfil-de-egreso\/","url":"https:\/\/medicina.udd.cl\/obstetricia-santiago\/perfil-de-egreso\/","name":"Perfil de Egreso - Obstetricia","isPartOf":{"@id":"https:\/\/medicina.udd.cl\/obstetricia-santiago\/#website"},"datePublished":"2018-09-13T13:58:57+00:00","breadcrumb":{"@id":"https:\/\/medicina.udd.cl\/obstetricia-santiago\/perfil-de-egreso\/#breadcrumb"},"inLanguage":"es","potentialAction":[{"@type":"ReadAction","target":["https:\/\/medicina.udd.cl\/obstetricia-santiago\/perfil-de-egreso\/"]}]},{"@type":"BreadcrumbList","@id":"https:\/\/medicina.udd.cl\/obstetricia-santiago\/perfil-de-egreso\/#breadcrumb","itemListElement":[{"@type":"ListItem","position":1,"name":"Portada","item":"https:\/\/medicina.udd.cl\/obstetricia-santiago\/"},{"@type":"ListItem","position":2,"name":"Perfil de Egreso"}]},{"@type":"WebSite","@id":"https:\/\/medicina.udd.cl\/obstetricia-santiago\/#website","url":"https:\/\/medicina.udd.cl\/obstetricia-santiago\/","name":"Obstetricia","description":"Facultad de Medicina Cl\u00ednica Alemana Universidad del Desarrollo","inLanguage":"es"}]}},"_links":{"self":[{"href":"https:\/\/medicina.udd.cl\/obstetricia-santiago\/wp-json\/wp\/v2\/pages\/6","targetHints":{"allow":["GET"]}}],"collection":[{"href":"https:\/\/medicina.udd.cl\/obstetricia-santiago\/wp-json\/wp\/v2\/pages"}],"about":[{"href":"https:\/\/medicina.udd.cl\/obstetricia-santiago\/wp-json\/wp\/v2\/types\/page"}],"author":[{"embeddable":true,"href":"https:\/\/medicina.udd.cl\/obstetricia-santiago\/wp-json\/wp\/v2\/users\/9192210"}],"replies":[{"embeddable":true,"href":"https:\/\/medicina.udd.cl\/obstetricia-santiago\/wp-json\/wp\/v2\/comments?post=6"}],"version-history":[{"count":1,"href":"https:\/\/medicina.udd.cl\/obstetricia-santiago\/wp-json\/wp\/v2\/pages\/6\/revisions"}],"predecessor-version":[{"id":7,"href":"https:\/\/medicina.udd.cl\/obstetricia-santiago\/wp-json\/wp\/v2\/pages\/6\/revisions\/7"}],"wp:attachment":[{"href":"https:\/\/medicina.udd.cl\/obstetricia-santiago\/wp-json\/wp\/v2\/media?parent=6"}],"curies":[{"name":"wp","href":"https:\/\/api.w.org\/{rel}","templated":true}]}}