{"id":75,"date":"2018-10-02T13:01:31","date_gmt":"2018-10-02T13:01:31","guid":{"rendered":"http:\/\/medicina.udd.cl\/obstetricia-santiago\/?page_id=75"},"modified":"2018-10-03T13:07:50","modified_gmt":"2018-10-03T13:07:50","slug":"palabras-de-la-directora","status":"publish","type":"page","link":"https:\/\/medicina.udd.cl\/obstetricia-santiago\/palabras-de-la-directora\/","title":{"rendered":"Palabras de la directora"},"content":{"rendered":"<p><img loading=\"lazy\" decoding=\"async\" class=\"aligncenter wp-image-106 \" src=\"http:\/\/medicina.udd.cl\/obstetricia-santiago\/files\/2018\/10\/Foto-Obstetricia-Mimy-Mayol-1-683x1024.jpeg\" alt=\"\" width=\"214\" height=\"321\" srcset=\"https:\/\/medicina.udd.cl\/obstetricia-santiago\/files\/2018\/10\/Foto-Obstetricia-Mimy-Mayol-1-683x1024.jpeg 683w, https:\/\/medicina.udd.cl\/obstetricia-santiago\/files\/2018\/10\/Foto-Obstetricia-Mimy-Mayol-1-200x300.jpeg 200w, https:\/\/medicina.udd.cl\/obstetricia-santiago\/files\/2018\/10\/Foto-Obstetricia-Mimy-Mayol-1-768x1152.jpeg 768w, https:\/\/medicina.udd.cl\/obstetricia-santiago\/files\/2018\/10\/Foto-Obstetricia-Mimy-Mayol-1-640x960.jpeg 640w, https:\/\/medicina.udd.cl\/obstetricia-santiago\/files\/2018\/10\/Foto-Obstetricia-Mimy-Mayol-1.jpeg 1728w\" sizes=\"auto, (max-width: 214px) 100vw, 214px\" \/><\/p>\n<p>Estudiar Obstetricia en la Facultad de Medicina, Cl\u00ednica Alemana, Universidad del Desarrollo es elegir una profesi\u00f3n que se entrega por completo al cuidado de la mujer durante todo su ciclo vital, del reci\u00e9n nacido, familia y comunidad; comprendiendo que la esencia de nuestro rol es la promoci\u00f3n, prevenci\u00f3n, recuperaci\u00f3n y rehabilitaci\u00f3n de la salud.<\/p>\n<p>Por lo mismo, nuestra profesi\u00f3n requiere de profundos conocimientos, de una formaci\u00f3n basada en s\u00f3lidos pricipios \u00e9ticos, junto con el manejo de nuevas tecnolog\u00edas que apoyan el quehacer de la matrona\/matr\u00f3n. Debemos caminar a la velocidad de los tiempos dentro del mundo globalizado en que vivimos hoy, considerando los determinantes sociales y las necesidades de salud de la poblaci\u00f3n, que hacen que nuestras competencias den respuesta a los nuevos desaf\u00edos, incluso m\u00e1s all\u00e1 de nuestras propias fronteras.<\/p>\n<p>Lo que hacemos, c\u00f3mo lo hacemos, las dificultades que debemos enfrentar durante el proceso de embarazo, parto y puerperio y el impacto de las acciones realizadas en la vida de la madre y el ni\u00f1o\/a, son cuestiones de tal valor que es imprescindible contar con el mayor conocimiento posible y disponible, la mejor pedagog\u00eda, y por supuesto, una gran vocaci\u00f3n de quienes decidan dedicarse a esta profesi\u00f3n; una profunda vocaci\u00f3n, que implica no s\u00f3lo mucho estudio, sino que tambi\u00e9n una constante preocupaci\u00f3n por las personas, sensibilidad social y deseo de servicio.<\/p>\n<p>Quienes estudien Obstetricia deben encantarse con la profesi\u00f3n que escogieron para que puedan ser felices en cada atenci\u00f3n que realicen y sentirse orgullosos de contribuir favorablemente en la salud del pa\u00eds.<\/p>\n<p>Por lo anterior y porque recibir\u00e1n muchas satisfacciones en su vida profesional, los invito a estudiar esta hermosa Carrera.<\/p>\n<p style=\"text-align: right\">Mimy Mayol Manr\u00edquez, directora Carrera de Obstetricia.<\/p>\n<p>&nbsp;<\/p>\n<p>&nbsp;<\/p>\n<p>&nbsp;<\/p>\n<p>&nbsp;<\/p>\n","protected":false},"excerpt":{"rendered":"<p>Estudiar Obstetricia en la Facultad de Medicina, Cl\u00ednica Alemana, Universidad del Desarrollo es elegir una profesi\u00f3n que se entrega por completo al cuidado de la mujer durante todo su ciclo vital, del reci\u00e9n nacido, familia y comunidad; comprendiendo que la esencia de nuestro rol es la promoci\u00f3n, prevenci\u00f3n, recuperaci\u00f3n y rehabilitaci\u00f3n de la salud. Por [&hellip;]<\/p>\n","protected":false},"author":9192210,"featured_media":0,"parent":0,"menu_order":0,"comment_status":"closed","ping_status":"closed","template":"","meta":{"footnotes":""},"class_list":["post-75","page","type-page","status-publish","hentry"],"yoast_head":"<!-- This site is optimized with the Yoast SEO plugin v26.9 - https:\/\/yoast.com\/product\/yoast-seo-wordpress\/ -->\n<title>Palabras de la directora - Obstetricia<\/title>\n<meta name=\"robots\" content=\"index, follow, max-snippet:-1, max-image-preview:large, max-video-preview:-1\" \/>\n<link rel=\"canonical\" href=\"https:\/\/medicina.udd.cl\/obstetricia-santiago\/palabras-de-la-directora\/\" \/>\n<meta property=\"og:locale\" content=\"es_ES\" \/>\n<meta property=\"og:type\" content=\"article\" \/>\n<meta property=\"og:title\" content=\"Palabras de la directora - Obstetricia\" \/>\n<meta property=\"og:description\" content=\"Estudiar Obstetricia en la Facultad de Medicina, Cl\u00ednica Alemana, Universidad del Desarrollo es elegir una profesi\u00f3n que se entrega por completo al cuidado de la mujer durante todo su ciclo vital, del reci\u00e9n nacido, familia y comunidad; comprendiendo que la esencia de nuestro rol es la promoci\u00f3n, prevenci\u00f3n, recuperaci\u00f3n y rehabilitaci\u00f3n de la salud. Por [&hellip;]\" \/>\n<meta property=\"og:url\" content=\"https:\/\/medicina.udd.cl\/obstetricia-santiago\/palabras-de-la-directora\/\" \/>\n<meta property=\"og:site_name\" content=\"Obstetricia\" \/>\n<meta property=\"article:modified_time\" content=\"2018-10-03T13:07:50+00:00\" \/>\n<meta property=\"og:image\" content=\"http:\/\/medicina.udd.cl\/obstetricia-santiago\/files\/2018\/10\/Foto-Obstetricia-Mimy-Mayol-1-683x1024.jpeg\" \/>\n<meta name=\"twitter:card\" content=\"summary_large_image\" \/>\n<meta name=\"twitter:label1\" content=\"Tiempo de lectura\" \/>\n\t<meta name=\"twitter:data1\" content=\"2 minutos\" \/>\n<script type=\"application\/ld+json\" class=\"yoast-schema-graph\">{\"@context\":\"https:\/\/schema.org\",\"@graph\":[{\"@type\":\"WebPage\",\"@id\":\"https:\/\/medicina.udd.cl\/obstetricia-santiago\/palabras-de-la-directora\/\",\"url\":\"https:\/\/medicina.udd.cl\/obstetricia-santiago\/palabras-de-la-directora\/\",\"name\":\"Palabras de la directora - Obstetricia\",\"isPartOf\":{\"@id\":\"https:\/\/medicina.udd.cl\/obstetricia-santiago\/#website\"},\"primaryImageOfPage\":{\"@id\":\"https:\/\/medicina.udd.cl\/obstetricia-santiago\/palabras-de-la-directora\/#primaryimage\"},\"image\":{\"@id\":\"https:\/\/medicina.udd.cl\/obstetricia-santiago\/palabras-de-la-directora\/#primaryimage\"},\"thumbnailUrl\":\"http:\/\/medicina.udd.cl\/obstetricia-santiago\/files\/2018\/10\/Foto-Obstetricia-Mimy-Mayol-1-683x1024.jpeg\",\"datePublished\":\"2018-10-02T13:01:31+00:00\",\"dateModified\":\"2018-10-03T13:07:50+00:00\",\"breadcrumb\":{\"@id\":\"https:\/\/medicina.udd.cl\/obstetricia-santiago\/palabras-de-la-directora\/#breadcrumb\"},\"inLanguage\":\"es\",\"potentialAction\":[{\"@type\":\"ReadAction\",\"target\":[\"https:\/\/medicina.udd.cl\/obstetricia-santiago\/palabras-de-la-directora\/\"]}]},{\"@type\":\"ImageObject\",\"inLanguage\":\"es\",\"@id\":\"https:\/\/medicina.udd.cl\/obstetricia-santiago\/palabras-de-la-directora\/#primaryimage\",\"url\":\"http:\/\/medicina.udd.cl\/obstetricia-santiago\/files\/2018\/10\/Foto-Obstetricia-Mimy-Mayol-1-683x1024.jpeg\",\"contentUrl\":\"http:\/\/medicina.udd.cl\/obstetricia-santiago\/files\/2018\/10\/Foto-Obstetricia-Mimy-Mayol-1-683x1024.jpeg\"},{\"@type\":\"BreadcrumbList\",\"@id\":\"https:\/\/medicina.udd.cl\/obstetricia-santiago\/palabras-de-la-directora\/#breadcrumb\",\"itemListElement\":[{\"@type\":\"ListItem\",\"position\":1,\"name\":\"Portada\",\"item\":\"https:\/\/medicina.udd.cl\/obstetricia-santiago\/\"},{\"@type\":\"ListItem\",\"position\":2,\"name\":\"Palabras de la directora\"}]},{\"@type\":\"WebSite\",\"@id\":\"https:\/\/medicina.udd.cl\/obstetricia-santiago\/#website\",\"url\":\"https:\/\/medicina.udd.cl\/obstetricia-santiago\/\",\"name\":\"Obstetricia\",\"description\":\"Facultad de Medicina Cl\u00ednica Alemana Universidad del Desarrollo\",\"inLanguage\":\"es\"}]}<\/script>\n<!-- \/ Yoast SEO plugin. -->","yoast_head_json":{"title":"Palabras de la directora - Obstetricia","robots":{"index":"index","follow":"follow","max-snippet":"max-snippet:-1","max-image-preview":"max-image-preview:large","max-video-preview":"max-video-preview:-1"},"canonical":"https:\/\/medicina.udd.cl\/obstetricia-santiago\/palabras-de-la-directora\/","og_locale":"es_ES","og_type":"article","og_title":"Palabras de la directora - Obstetricia","og_description":"Estudiar Obstetricia en la Facultad de Medicina, Cl\u00ednica Alemana, Universidad del Desarrollo es elegir una profesi\u00f3n que se entrega por completo al cuidado de la mujer durante todo su ciclo vital, del reci\u00e9n nacido, familia y comunidad; comprendiendo que la esencia de nuestro rol es la promoci\u00f3n, prevenci\u00f3n, recuperaci\u00f3n y rehabilitaci\u00f3n de la salud. Por [&hellip;]","og_url":"https:\/\/medicina.udd.cl\/obstetricia-santiago\/palabras-de-la-directora\/","og_site_name":"Obstetricia","article_modified_time":"2018-10-03T13:07:50+00:00","og_image":[{"url":"http:\/\/medicina.udd.cl\/obstetricia-santiago\/files\/2018\/10\/Foto-Obstetricia-Mimy-Mayol-1-683x1024.jpeg","type":"","width":"","height":""}],"twitter_card":"summary_large_image","twitter_misc":{"Tiempo de lectura":"2 minutos"},"schema":{"@context":"https:\/\/schema.org","@graph":[{"@type":"WebPage","@id":"https:\/\/medicina.udd.cl\/obstetricia-santiago\/palabras-de-la-directora\/","url":"https:\/\/medicina.udd.cl\/obstetricia-santiago\/palabras-de-la-directora\/","name":"Palabras de la directora - Obstetricia","isPartOf":{"@id":"https:\/\/medicina.udd.cl\/obstetricia-santiago\/#website"},"primaryImageOfPage":{"@id":"https:\/\/medicina.udd.cl\/obstetricia-santiago\/palabras-de-la-directora\/#primaryimage"},"image":{"@id":"https:\/\/medicina.udd.cl\/obstetricia-santiago\/palabras-de-la-directora\/#primaryimage"},"thumbnailUrl":"http:\/\/medicina.udd.cl\/obstetricia-santiago\/files\/2018\/10\/Foto-Obstetricia-Mimy-Mayol-1-683x1024.jpeg","datePublished":"2018-10-02T13:01:31+00:00","dateModified":"2018-10-03T13:07:50+00:00","breadcrumb":{"@id":"https:\/\/medicina.udd.cl\/obstetricia-santiago\/palabras-de-la-directora\/#breadcrumb"},"inLanguage":"es","potentialAction":[{"@type":"ReadAction","target":["https:\/\/medicina.udd.cl\/obstetricia-santiago\/palabras-de-la-directora\/"]}]},{"@type":"ImageObject","inLanguage":"es","@id":"https:\/\/medicina.udd.cl\/obstetricia-santiago\/palabras-de-la-directora\/#primaryimage","url":"http:\/\/medicina.udd.cl\/obstetricia-santiago\/files\/2018\/10\/Foto-Obstetricia-Mimy-Mayol-1-683x1024.jpeg","contentUrl":"http:\/\/medicina.udd.cl\/obstetricia-santiago\/files\/2018\/10\/Foto-Obstetricia-Mimy-Mayol-1-683x1024.jpeg"},{"@type":"BreadcrumbList","@id":"https:\/\/medicina.udd.cl\/obstetricia-santiago\/palabras-de-la-directora\/#breadcrumb","itemListElement":[{"@type":"ListItem","position":1,"name":"Portada","item":"https:\/\/medicina.udd.cl\/obstetricia-santiago\/"},{"@type":"ListItem","position":2,"name":"Palabras de la directora"}]},{"@type":"WebSite","@id":"https:\/\/medicina.udd.cl\/obstetricia-santiago\/#website","url":"https:\/\/medicina.udd.cl\/obstetricia-santiago\/","name":"Obstetricia","description":"Facultad de Medicina Cl\u00ednica Alemana Universidad del Desarrollo","inLanguage":"es"}]}},"_links":{"self":[{"href":"https:\/\/medicina.udd.cl\/obstetricia-santiago\/wp-json\/wp\/v2\/pages\/75","targetHints":{"allow":["GET"]}}],"collection":[{"href":"https:\/\/medicina.udd.cl\/obstetricia-santiago\/wp-json\/wp\/v2\/pages"}],"about":[{"href":"https:\/\/medicina.udd.cl\/obstetricia-santiago\/wp-json\/wp\/v2\/types\/page"}],"author":[{"embeddable":true,"href":"https:\/\/medicina.udd.cl\/obstetricia-santiago\/wp-json\/wp\/v2\/users\/9192210"}],"replies":[{"embeddable":true,"href":"https:\/\/medicina.udd.cl\/obstetricia-santiago\/wp-json\/wp\/v2\/comments?post=75"}],"version-history":[{"count":4,"href":"https:\/\/medicina.udd.cl\/obstetricia-santiago\/wp-json\/wp\/v2\/pages\/75\/revisions"}],"predecessor-version":[{"id":107,"href":"https:\/\/medicina.udd.cl\/obstetricia-santiago\/wp-json\/wp\/v2\/pages\/75\/revisions\/107"}],"wp:attachment":[{"href":"https:\/\/medicina.udd.cl\/obstetricia-santiago\/wp-json\/wp\/v2\/media?parent=75"}],"curies":[{"name":"wp","href":"https:\/\/api.w.org\/{rel}","templated":true}]}}