{"id":87,"date":"2018-10-02T17:13:40","date_gmt":"2018-10-02T17:13:40","guid":{"rendered":"http:\/\/medicina.udd.cl\/obstetricia-santiago\/?page_id=87"},"modified":"2020-07-10T21:16:54","modified_gmt":"2020-07-10T21:16:54","slug":"coordinador-de-admision","status":"publish","type":"page","link":"https:\/\/medicina.udd.cl\/obstetricia-santiago\/admision\/coordinador-de-admision\/","title":{"rendered":"Contacto de Admisi\u00f3n"},"content":{"rendered":"\n<p>Para consultas dirigirse a:<\/p>\n\n\n\n<p>Mar\u00eda Francisca Villal\u00f3n <br>\nFono: +56225785878<\/p>\n\n\n<iframe src=\"https:\/\/crmadmision.udd.cl\/formulario_alumno_web_carrera\/?cod_carrera=1905&#038;cod_sede=1\" width=\"100%\" height=\"2000\" loading=\"lazy\" frameborder=\"0\" scrolling=\"no\"><\/iframe>","protected":false},"excerpt":{"rendered":"<p>Para consultas dirigirse a: Mar\u00eda Francisca Villal\u00f3n Fono: +56225785878<\/p>\n","protected":false},"author":1,"featured_media":0,"parent":284,"menu_order":0,"comment_status":"closed","ping_status":"closed","template":"","meta":{"footnotes":""},"class_list":["post-87","page","type-page","status-publish","hentry"],"yoast_head":"<!-- This site is optimized with the Yoast SEO plugin v26.9 - https:\/\/yoast.com\/product\/yoast-seo-wordpress\/ -->\n<title>Contacto de Admisi\u00f3n - Obstetricia<\/title>\n<meta name=\"robots\" content=\"index, follow, max-snippet:-1, max-image-preview:large, max-video-preview:-1\" \/>\n<link rel=\"canonical\" href=\"https:\/\/medicina.udd.cl\/obstetricia-santiago\/admision\/coordinador-de-admision\/\" \/>\n<meta property=\"og:locale\" content=\"es_ES\" \/>\n<meta property=\"og:type\" content=\"article\" \/>\n<meta property=\"og:title\" content=\"Contacto de Admisi\u00f3n - Obstetricia\" \/>\n<meta property=\"og:description\" content=\"Para consultas dirigirse a: Mar\u00eda Francisca Villal\u00f3n Fono: +56225785878\" \/>\n<meta property=\"og:url\" content=\"https:\/\/medicina.udd.cl\/obstetricia-santiago\/admision\/coordinador-de-admision\/\" \/>\n<meta property=\"og:site_name\" content=\"Obstetricia\" \/>\n<meta property=\"article:modified_time\" content=\"2020-07-10T21:16:54+00:00\" \/>\n<meta name=\"twitter:card\" content=\"summary_large_image\" \/>\n<script type=\"application\/ld+json\" class=\"yoast-schema-graph\">{\"@context\":\"https:\/\/schema.org\",\"@graph\":[{\"@type\":\"WebPage\",\"@id\":\"https:\/\/medicina.udd.cl\/obstetricia-santiago\/admision\/coordinador-de-admision\/\",\"url\":\"https:\/\/medicina.udd.cl\/obstetricia-santiago\/admision\/coordinador-de-admision\/\",\"name\":\"Contacto de Admisi\u00f3n - Obstetricia\",\"isPartOf\":{\"@id\":\"https:\/\/medicina.udd.cl\/obstetricia-santiago\/#website\"},\"datePublished\":\"2018-10-02T17:13:40+00:00\",\"dateModified\":\"2020-07-10T21:16:54+00:00\",\"breadcrumb\":{\"@id\":\"https:\/\/medicina.udd.cl\/obstetricia-santiago\/admision\/coordinador-de-admision\/#breadcrumb\"},\"inLanguage\":\"es\",\"potentialAction\":[{\"@type\":\"ReadAction\",\"target\":[\"https:\/\/medicina.udd.cl\/obstetricia-santiago\/admision\/coordinador-de-admision\/\"]}]},{\"@type\":\"BreadcrumbList\",\"@id\":\"https:\/\/medicina.udd.cl\/obstetricia-santiago\/admision\/coordinador-de-admision\/#breadcrumb\",\"itemListElement\":[{\"@type\":\"ListItem\",\"position\":1,\"name\":\"Portada\",\"item\":\"https:\/\/medicina.udd.cl\/obstetricia-santiago\/\"},{\"@type\":\"ListItem\",\"position\":2,\"name\":\"Admisi\u00f3n\",\"item\":\"https:\/\/medicina.udd.cl\/obstetricia-santiago\/admision\/\"},{\"@type\":\"ListItem\",\"position\":3,\"name\":\"Contacto de Admisi\u00f3n\"}]},{\"@type\":\"WebSite\",\"@id\":\"https:\/\/medicina.udd.cl\/obstetricia-santiago\/#website\",\"url\":\"https:\/\/medicina.udd.cl\/obstetricia-santiago\/\",\"name\":\"Obstetricia\",\"description\":\"Facultad de Medicina Cl\u00ednica Alemana Universidad del Desarrollo\",\"inLanguage\":\"es\"}]}<\/script>\n<!-- \/ Yoast SEO plugin. -->","yoast_head_json":{"title":"Contacto de Admisi\u00f3n - Obstetricia","robots":{"index":"index","follow":"follow","max-snippet":"max-snippet:-1","max-image-preview":"max-image-preview:large","max-video-preview":"max-video-preview:-1"},"canonical":"https:\/\/medicina.udd.cl\/obstetricia-santiago\/admision\/coordinador-de-admision\/","og_locale":"es_ES","og_type":"article","og_title":"Contacto de Admisi\u00f3n - Obstetricia","og_description":"Para consultas dirigirse a: Mar\u00eda Francisca Villal\u00f3n Fono: +56225785878","og_url":"https:\/\/medicina.udd.cl\/obstetricia-santiago\/admision\/coordinador-de-admision\/","og_site_name":"Obstetricia","article_modified_time":"2020-07-10T21:16:54+00:00","twitter_card":"summary_large_image","schema":{"@context":"https:\/\/schema.org","@graph":[{"@type":"WebPage","@id":"https:\/\/medicina.udd.cl\/obstetricia-santiago\/admision\/coordinador-de-admision\/","url":"https:\/\/medicina.udd.cl\/obstetricia-santiago\/admision\/coordinador-de-admision\/","name":"Contacto de Admisi\u00f3n - Obstetricia","isPartOf":{"@id":"https:\/\/medicina.udd.cl\/obstetricia-santiago\/#website"},"datePublished":"2018-10-02T17:13:40+00:00","dateModified":"2020-07-10T21:16:54+00:00","breadcrumb":{"@id":"https:\/\/medicina.udd.cl\/obstetricia-santiago\/admision\/coordinador-de-admision\/#breadcrumb"},"inLanguage":"es","potentialAction":[{"@type":"ReadAction","target":["https:\/\/medicina.udd.cl\/obstetricia-santiago\/admision\/coordinador-de-admision\/"]}]},{"@type":"BreadcrumbList","@id":"https:\/\/medicina.udd.cl\/obstetricia-santiago\/admision\/coordinador-de-admision\/#breadcrumb","itemListElement":[{"@type":"ListItem","position":1,"name":"Portada","item":"https:\/\/medicina.udd.cl\/obstetricia-santiago\/"},{"@type":"ListItem","position":2,"name":"Admisi\u00f3n","item":"https:\/\/medicina.udd.cl\/obstetricia-santiago\/admision\/"},{"@type":"ListItem","position":3,"name":"Contacto de Admisi\u00f3n"}]},{"@type":"WebSite","@id":"https:\/\/medicina.udd.cl\/obstetricia-santiago\/#website","url":"https:\/\/medicina.udd.cl\/obstetricia-santiago\/","name":"Obstetricia","description":"Facultad de Medicina Cl\u00ednica Alemana Universidad del Desarrollo","inLanguage":"es"}]}},"_links":{"self":[{"href":"https:\/\/medicina.udd.cl\/obstetricia-santiago\/wp-json\/wp\/v2\/pages\/87","targetHints":{"allow":["GET"]}}],"collection":[{"href":"https:\/\/medicina.udd.cl\/obstetricia-santiago\/wp-json\/wp\/v2\/pages"}],"about":[{"href":"https:\/\/medicina.udd.cl\/obstetricia-santiago\/wp-json\/wp\/v2\/types\/page"}],"author":[{"embeddable":true,"href":"https:\/\/medicina.udd.cl\/obstetricia-santiago\/wp-json\/wp\/v2\/users\/1"}],"replies":[{"embeddable":true,"href":"https:\/\/medicina.udd.cl\/obstetricia-santiago\/wp-json\/wp\/v2\/comments?post=87"}],"version-history":[{"count":9,"href":"https:\/\/medicina.udd.cl\/obstetricia-santiago\/wp-json\/wp\/v2\/pages\/87\/revisions"}],"predecessor-version":[{"id":656,"href":"https:\/\/medicina.udd.cl\/obstetricia-santiago\/wp-json\/wp\/v2\/pages\/87\/revisions\/656"}],"up":[{"embeddable":true,"href":"https:\/\/medicina.udd.cl\/obstetricia-santiago\/wp-json\/wp\/v2\/pages\/284"}],"wp:attachment":[{"href":"https:\/\/medicina.udd.cl\/obstetricia-santiago\/wp-json\/wp\/v2\/media?parent=87"}],"curies":[{"name":"wp","href":"https:\/\/api.w.org\/{rel}","templated":true}]}}