{"id":92,"date":"2018-10-02T17:47:33","date_gmt":"2018-10-02T17:47:33","guid":{"rendered":"http:\/\/medicina.udd.cl\/obstetricia-santiago\/?page_id=92"},"modified":"2025-07-09T12:36:12","modified_gmt":"2025-07-09T16:36:12","slug":"malla-curricular","status":"publish","type":"page","link":"https:\/\/medicina.udd.cl\/obstetricia-santiago\/admision\/malla-curricular\/","title":{"rendered":"Malla Curricular"},"content":{"rendered":"\n<div class=\"wp-block-media-text alignfull is-stacked-on-mobile\" style=\"grid-template-columns:35% auto\"><figure class=\"wp-block-media-text__media\"><img loading=\"lazy\" decoding=\"async\" width=\"1024\" height=\"683\" src=\"https:\/\/medicina.udd.cl\/obstetricia-santiago\/files\/2025\/07\/obstetricia-1024x683.jpg\" alt=\"\" class=\"wp-image-2225 size-large\" srcset=\"https:\/\/medicina.udd.cl\/obstetricia-santiago\/files\/2025\/07\/obstetricia-1024x683.jpg 1024w, https:\/\/medicina.udd.cl\/obstetricia-santiago\/files\/2025\/07\/obstetricia-300x200.jpg 300w, https:\/\/medicina.udd.cl\/obstetricia-santiago\/files\/2025\/07\/obstetricia-768x512.jpg 768w, https:\/\/medicina.udd.cl\/obstetricia-santiago\/files\/2025\/07\/obstetricia-1536x1024.jpg 1536w, https:\/\/medicina.udd.cl\/obstetricia-santiago\/files\/2025\/07\/obstetricia-2048x1365.jpg 2048w\" sizes=\"auto, (max-width: 1024px) 100vw, 1024px\" \/><\/figure><div class=\"wp-block-media-text__content\">\n<p>Estudiar Obstetricia en la UDD es formarte con una malla innovadora que ampl\u00eda tu campo profesional al incorporar nuevas \u00e1reas de la profesi\u00f3n, como la sexolog\u00eda cl\u00ednica, salud sexual masculina, piso p\u00e9lvico y ultrasonograf\u00eda, adem\u00e1s de utilizar metodolog\u00edas de vanguardia como la simulaci\u00f3n cl\u00ednica y la Realidad Virtual.<\/p>\n<\/div><\/div>\n\n\n<p class=\"wp-block-udd-button text-center\"><a class=\"btn btn-primary btn-lg\" href=\"https:\/\/www.udd.cl\/mallas\/obstetricia.pdf\" data-url=\"https:\/\/www.udd.cl\/mallas\/obstetricia.pdf\" target=\"_blank\" rel=\"noreferrer noopener\"><svg class=\"svg-download-dims\"><use xlink:href='https:\/\/medicina.udd.cl\/obstetricia-santiago\/wp-content\/themes\/facultades-2018\/assets\/img\/svg\/dist\/main.svg?version=1695853099#download'><\/use><\/svg> Descarga la malla en .PDF <\/a><\/p>\n","protected":false},"excerpt":{"rendered":"<p>Estudiar Obstetricia en la UDD es formarte con una malla innovadora que ampl\u00eda tu campo profesional al incorporar nuevas \u00e1reas de la profesi\u00f3n, como la sexolog\u00eda cl\u00ednica, salud sexual masculina, piso p\u00e9lvico y ultrasonograf\u00eda, adem\u00e1s de utilizar metodolog\u00edas de vanguardia como la simulaci\u00f3n cl\u00ednica y la Realidad Virtual.<\/p>\n","protected":false},"author":1,"featured_media":0,"parent":284,"menu_order":0,"comment_status":"closed","ping_status":"closed","template":"","meta":{"footnotes":""},"class_list":["post-92","page","type-page","status-publish","hentry"],"yoast_head":"<!-- This site is optimized with the Yoast SEO plugin v26.9 - https:\/\/yoast.com\/product\/yoast-seo-wordpress\/ -->\n<title>Malla Curricular - Obstetricia 2025<\/title>\n<meta name=\"description\" content=\"Conoce la malla curricular de la carrera Obstetricia en la Universidad del Desarrollo - Cl\u00ednica Alemana. Admisi\u00f3n 2025.\" \/>\n<meta name=\"robots\" content=\"index, follow, max-snippet:-1, max-image-preview:large, max-video-preview:-1\" \/>\n<link rel=\"canonical\" href=\"https:\/\/medicina.udd.cl\/obstetricia-santiago\/admision\/malla-curricular\/\" \/>\n<meta property=\"og:locale\" content=\"es_ES\" \/>\n<meta property=\"og:type\" content=\"article\" \/>\n<meta property=\"og:title\" content=\"Malla Curricular - Obstetricia 2025\" \/>\n<meta property=\"og:description\" content=\"Conoce la malla curricular de la carrera Obstetricia en la Universidad del Desarrollo - Cl\u00ednica Alemana. Admisi\u00f3n 2025.\" \/>\n<meta property=\"og:url\" content=\"https:\/\/medicina.udd.cl\/obstetricia-santiago\/admision\/malla-curricular\/\" \/>\n<meta property=\"og:site_name\" content=\"Obstetricia\" \/>\n<meta property=\"article:modified_time\" content=\"2025-07-09T16:36:12+00:00\" \/>\n<meta property=\"og:image\" content=\"https:\/\/medicina.udd.cl\/obstetricia-santiago\/files\/2025\/07\/obstetricia-1024x683.jpg\" \/>\n<meta name=\"twitter:card\" content=\"summary_large_image\" \/>\n<meta name=\"twitter:label1\" content=\"Tiempo de lectura\" \/>\n\t<meta name=\"twitter:data1\" content=\"1 minuto\" \/>\n<script type=\"application\/ld+json\" class=\"yoast-schema-graph\">{\"@context\":\"https:\/\/schema.org\",\"@graph\":[{\"@type\":\"WebPage\",\"@id\":\"https:\/\/medicina.udd.cl\/obstetricia-santiago\/admision\/malla-curricular\/\",\"url\":\"https:\/\/medicina.udd.cl\/obstetricia-santiago\/admision\/malla-curricular\/\",\"name\":\"Malla Curricular - Obstetricia 2025\",\"isPartOf\":{\"@id\":\"https:\/\/medicina.udd.cl\/obstetricia-santiago\/#website\"},\"primaryImageOfPage\":{\"@id\":\"https:\/\/medicina.udd.cl\/obstetricia-santiago\/admision\/malla-curricular\/#primaryimage\"},\"image\":{\"@id\":\"https:\/\/medicina.udd.cl\/obstetricia-santiago\/admision\/malla-curricular\/#primaryimage\"},\"thumbnailUrl\":\"https:\/\/medicina.udd.cl\/obstetricia-santiago\/files\/2025\/07\/obstetricia-1024x683.jpg\",\"datePublished\":\"2018-10-02T17:47:33+00:00\",\"dateModified\":\"2025-07-09T16:36:12+00:00\",\"description\":\"Conoce la malla curricular de la carrera Obstetricia en la Universidad del Desarrollo - Cl\u00ednica Alemana. Admisi\u00f3n 2025.\",\"breadcrumb\":{\"@id\":\"https:\/\/medicina.udd.cl\/obstetricia-santiago\/admision\/malla-curricular\/#breadcrumb\"},\"inLanguage\":\"es\",\"potentialAction\":[{\"@type\":\"ReadAction\",\"target\":[\"https:\/\/medicina.udd.cl\/obstetricia-santiago\/admision\/malla-curricular\/\"]}]},{\"@type\":\"ImageObject\",\"inLanguage\":\"es\",\"@id\":\"https:\/\/medicina.udd.cl\/obstetricia-santiago\/admision\/malla-curricular\/#primaryimage\",\"url\":\"https:\/\/medicina.udd.cl\/obstetricia-santiago\/files\/2025\/07\/obstetricia-scaled.jpg\",\"contentUrl\":\"https:\/\/medicina.udd.cl\/obstetricia-santiago\/files\/2025\/07\/obstetricia-scaled.jpg\",\"width\":2560,\"height\":1707},{\"@type\":\"BreadcrumbList\",\"@id\":\"https:\/\/medicina.udd.cl\/obstetricia-santiago\/admision\/malla-curricular\/#breadcrumb\",\"itemListElement\":[{\"@type\":\"ListItem\",\"position\":1,\"name\":\"Portada\",\"item\":\"https:\/\/medicina.udd.cl\/obstetricia-santiago\/\"},{\"@type\":\"ListItem\",\"position\":2,\"name\":\"Admisi\u00f3n\",\"item\":\"https:\/\/medicina.udd.cl\/obstetricia-santiago\/admision\/\"},{\"@type\":\"ListItem\",\"position\":3,\"name\":\"Malla Curricular\"}]},{\"@type\":\"WebSite\",\"@id\":\"https:\/\/medicina.udd.cl\/obstetricia-santiago\/#website\",\"url\":\"https:\/\/medicina.udd.cl\/obstetricia-santiago\/\",\"name\":\"Obstetricia\",\"description\":\"Facultad de Medicina Cl\u00ednica Alemana Universidad del Desarrollo\",\"inLanguage\":\"es\"}]}<\/script>\n<!-- \/ Yoast SEO plugin. -->","yoast_head_json":{"title":"Malla Curricular - Obstetricia 2025","description":"Conoce la malla curricular de la carrera Obstetricia en la Universidad del Desarrollo - Cl\u00ednica Alemana. Admisi\u00f3n 2025.","robots":{"index":"index","follow":"follow","max-snippet":"max-snippet:-1","max-image-preview":"max-image-preview:large","max-video-preview":"max-video-preview:-1"},"canonical":"https:\/\/medicina.udd.cl\/obstetricia-santiago\/admision\/malla-curricular\/","og_locale":"es_ES","og_type":"article","og_title":"Malla Curricular - Obstetricia 2025","og_description":"Conoce la malla curricular de la carrera Obstetricia en la Universidad del Desarrollo - Cl\u00ednica Alemana. Admisi\u00f3n 2025.","og_url":"https:\/\/medicina.udd.cl\/obstetricia-santiago\/admision\/malla-curricular\/","og_site_name":"Obstetricia","article_modified_time":"2025-07-09T16:36:12+00:00","og_image":[{"url":"https:\/\/medicina.udd.cl\/obstetricia-santiago\/files\/2025\/07\/obstetricia-1024x683.jpg","type":"","width":"","height":""}],"twitter_card":"summary_large_image","twitter_misc":{"Tiempo de lectura":"1 minuto"},"schema":{"@context":"https:\/\/schema.org","@graph":[{"@type":"WebPage","@id":"https:\/\/medicina.udd.cl\/obstetricia-santiago\/admision\/malla-curricular\/","url":"https:\/\/medicina.udd.cl\/obstetricia-santiago\/admision\/malla-curricular\/","name":"Malla Curricular - Obstetricia 2025","isPartOf":{"@id":"https:\/\/medicina.udd.cl\/obstetricia-santiago\/#website"},"primaryImageOfPage":{"@id":"https:\/\/medicina.udd.cl\/obstetricia-santiago\/admision\/malla-curricular\/#primaryimage"},"image":{"@id":"https:\/\/medicina.udd.cl\/obstetricia-santiago\/admision\/malla-curricular\/#primaryimage"},"thumbnailUrl":"https:\/\/medicina.udd.cl\/obstetricia-santiago\/files\/2025\/07\/obstetricia-1024x683.jpg","datePublished":"2018-10-02T17:47:33+00:00","dateModified":"2025-07-09T16:36:12+00:00","description":"Conoce la malla curricular de la carrera Obstetricia en la Universidad del Desarrollo - Cl\u00ednica Alemana. Admisi\u00f3n 2025.","breadcrumb":{"@id":"https:\/\/medicina.udd.cl\/obstetricia-santiago\/admision\/malla-curricular\/#breadcrumb"},"inLanguage":"es","potentialAction":[{"@type":"ReadAction","target":["https:\/\/medicina.udd.cl\/obstetricia-santiago\/admision\/malla-curricular\/"]}]},{"@type":"ImageObject","inLanguage":"es","@id":"https:\/\/medicina.udd.cl\/obstetricia-santiago\/admision\/malla-curricular\/#primaryimage","url":"https:\/\/medicina.udd.cl\/obstetricia-santiago\/files\/2025\/07\/obstetricia-scaled.jpg","contentUrl":"https:\/\/medicina.udd.cl\/obstetricia-santiago\/files\/2025\/07\/obstetricia-scaled.jpg","width":2560,"height":1707},{"@type":"BreadcrumbList","@id":"https:\/\/medicina.udd.cl\/obstetricia-santiago\/admision\/malla-curricular\/#breadcrumb","itemListElement":[{"@type":"ListItem","position":1,"name":"Portada","item":"https:\/\/medicina.udd.cl\/obstetricia-santiago\/"},{"@type":"ListItem","position":2,"name":"Admisi\u00f3n","item":"https:\/\/medicina.udd.cl\/obstetricia-santiago\/admision\/"},{"@type":"ListItem","position":3,"name":"Malla Curricular"}]},{"@type":"WebSite","@id":"https:\/\/medicina.udd.cl\/obstetricia-santiago\/#website","url":"https:\/\/medicina.udd.cl\/obstetricia-santiago\/","name":"Obstetricia","description":"Facultad de Medicina Cl\u00ednica Alemana Universidad del Desarrollo","inLanguage":"es"}]}},"_links":{"self":[{"href":"https:\/\/medicina.udd.cl\/obstetricia-santiago\/wp-json\/wp\/v2\/pages\/92","targetHints":{"allow":["GET"]}}],"collection":[{"href":"https:\/\/medicina.udd.cl\/obstetricia-santiago\/wp-json\/wp\/v2\/pages"}],"about":[{"href":"https:\/\/medicina.udd.cl\/obstetricia-santiago\/wp-json\/wp\/v2\/types\/page"}],"author":[{"embeddable":true,"href":"https:\/\/medicina.udd.cl\/obstetricia-santiago\/wp-json\/wp\/v2\/users\/1"}],"replies":[{"embeddable":true,"href":"https:\/\/medicina.udd.cl\/obstetricia-santiago\/wp-json\/wp\/v2\/comments?post=92"}],"version-history":[{"count":10,"href":"https:\/\/medicina.udd.cl\/obstetricia-santiago\/wp-json\/wp\/v2\/pages\/92\/revisions"}],"predecessor-version":[{"id":2226,"href":"https:\/\/medicina.udd.cl\/obstetricia-santiago\/wp-json\/wp\/v2\/pages\/92\/revisions\/2226"}],"up":[{"embeddable":true,"href":"https:\/\/medicina.udd.cl\/obstetricia-santiago\/wp-json\/wp\/v2\/pages\/284"}],"wp:attachment":[{"href":"https:\/\/medicina.udd.cl\/obstetricia-santiago\/wp-json\/wp\/v2\/media?parent=92"}],"curies":[{"name":"wp","href":"https:\/\/api.w.org\/{rel}","templated":true}]}}