{"id":17,"date":"2010-03-31T19:30:07","date_gmt":"2010-03-31T22:30:07","guid":{"rendered":"http:\/\/medicina.udd.cl\/odontologia\/admision\/becas\/"},"modified":"2025-12-02T11:36:50","modified_gmt":"2025-12-02T14:36:50","slug":"becas","status":"publish","type":"page","link":"https:\/\/medicina.udd.cl\/odontologia-santiago\/admision\/becas\/","title":{"rendered":"Becas"},"content":{"rendered":"<div id=\"app\" class=\"scholarships\">\n\t<section class=\"find-scholarships__filters fullwidth\">\n\t\t<form action=\"\" method=\"get\" class=\"find-scholarships__form\">\n\t\t\t<div class=\"container\">\n\t\t\t\t<h2 class=\"find-scholarships__form-title\">Encuentra tu beca<\/h2>\n\t\t\t\t<div v-if=\"career && career.locations && career.locations.length > 1 && terms_by_tax.locations.length > 1\" class=\"find-scholarships__form-groups\">\n\t\t\t\t\t<div class=\"find-scholarships__form-group find-scholarships__form-group--radio\">\n\t\t\t\t\t\t<p class=\"find-scholarships__form-label\">\n\t\t\t\t\t\t\tSede de inter\u00e9s\t\t\t\t\t\t<\/p>\n\t\t\t\t\t\t<div class=\"find-scholarships__form-radio-container\">\n\t\t\t\t\t\t\t<div\n\t\t\t\t\t\t\t\tv-for=\"career in career.terms_data\"\n\t\t\t\t\t\t\t\tv-bind:class=\"['find-scholarships__form-radio', query?.terms_by_tax?.careers?.[0] === career.id ? 'active' : '']\"\n\t\t\t\t\t\t\t>\n\t\t\t\t\t\t\t\t<input\n\t\t\t\t\t\t\t\t\ttype=\"radio\"\n\t\t\t\t\t\t\t\t\tname=\"terms_by_tax[careers]\"\n\t\t\t\t\t\t\t\t\tv-bind:id=\"'carrera-'+ career.id \"\n\t\t\t\t\t\t\t\t\tv-bind:value=\"career.id\"\n\t\t\t\t\t\t\t\t\tv-model=\"query.terms_by_tax.careers[0]\"\n\t\t\t\t\t\t\t\t\tv-on:change=\"searchAndFilter\"\n\t\t\t\t\t\t\t\t\tclass=\"sr-only\"\n\t\t\t\t\t\t\t\t>\n\t\t\t\t\t\t\t\t<label v-bind:for=\"'carrera-'+ career.id \">{{ career.slug.indexOf('concepcion') !== -1 ? 'Concepci\u00f3n' : 'Santiago' }}<\/label>\n\t\t\t\t\t\t\t<\/div>\n\t\t\t\t\t\t<\/div>\n\t\t\t\t\t<\/div>\n\t\t\t\t<\/div>\n\t\t\t\t<div v-if=\"terms_by_tax?.admission_type?.length > 1\" class=\"find-scholarships__form-groups\">\n\t\t\t\t\t<div class=\"find-scholarships__form-group find-scholarships__form-group--radio\">\n\t\t\t\t\t\t<p class=\"find-scholarships__form-label\">\n\t\t\t\t\t\t\tTipo de admisi\u00f3n\t\t\t\t\t\t<\/p>\n\t\t\t\t\t\t<div class=\"find-scholarships__form-radio-container\">\n\t\t\t\t\t\t\t<div\n\t\t\t\t\t\t\t\tv-for=\"type in terms_by_tax.admission_type\"\n\t\t\t\t\t\t\t\tv-bind:class=\"['find-scholarships__form-radio', query?.terms_by_tax?.admission_type?.[0] === type.id ? 'active' : '']\"\n\t\t\t\t\t\t\t>\n\t\t\t\t\t\t\t\t<input\n\t\t\t\t\t\t\t\t\ttype=\"radio\"\n\t\t\t\t\t\t\t\t\tv-bind:id=\"'type-'+ type.id \"\n\t\t\t\t\t\t\t\t\tv-bind:value=\"type.id\"\n\t\t\t\t\t\t\t\t\tv-model=\"query.terms_by_tax.admission_type[0]\"\n\t\t\t\t\t\t\t\t\tv-on:change=\"searchAndFilter\"\n\t\t\t\t\t\t\t\t\tclass=\"sr-only\"\n\t\t\t\t\t\t\t\t>\n\t\t\t\t\t\t\t\t<label v-bind:for=\"'type-'+ type.id \">{{ type.name }}<\/label>\n\t\t\t\t\t\t\t<\/div>\n\t\t\t\t\t\t<\/div>\n\t\t\t\t\t<\/div>\n\t\t\t\t<\/div>\n\t\t\t\t<div class=\"find-scholarships__form-groups\">\n\t\t\t\t\t<div\n\t\t\t\t\t\tclass=\"find-scholarships__form-group find-scholarships__form-group--radio find-scholarships__form-group--schools\">\n\t\t\t\t\t\t<p class=\"find-scholarships__form-label\">Tipo de establecimiento<\/p>\n\t\t\t\t\t\t<div class=\"find-scholarships__form-radio-container\">\n\t\t\t\t\t\t\t<div v-bind:class=\"['find-scholarships__form-radio', query.terms_by_tax.careers[0] != '' && query.terms_by_tax.school_type[0] == '' ? 'active' : '' ]\">\n\t\t\t\t\t\t\t\t<input\n\t\t\t\t\t\t\t\t\ttype=\"radio\"\n\t\t\t\t\t\t\t\t\tid=\"colegio-todos\"\n\t\t\t\t\t\t\t\t\tvalue=\"\"\n\t\t\t\t\t\t\t\t\tv-model=\"query.terms_by_tax.school_type[0]\"\n\t\t\t\t\t\t\t\t\tv-on:change=\"searchAndFilter\"\n\t\t\t\t\t\t\t\t\tclass=\"sr-only\"\n\t\t\t\t\t\t\t\t>\n\t\t\t\t\t\t\t\t<label for=\"colegio-todos\">Todos<\/label>\n\t\t\t\t\t\t\t<\/div>\n\t\t\t\t\t\t\t<div\n\t\t\t\t\t\t\t\tv-for=\"school_type in terms_by_tax.school_type\"\n\t\t\t\t\t\t\t\tv-bind:class=\"['find-scholarships__form-radio', query?.terms_by_tax?.school_type?.[0] == school_type.id ? 'active' : '']\"\n\t\t\t\t\t\t\t>\n\t\t\t\t\t\t\t\t<input\n\t\t\t\t\t\t\t\t\ttype=\"radio\"\n\t\t\t\t\t\t\t\t\tv-bind:id=\"'sede-'+ school_type.id \"\n\t\t\t\t\t\t\t\t\tv-bind:value=\"school_type.id\"\n\t\t\t\t\t\t\t\t\tname=\"terms_by_tax[school_types]\"\n\t\t\t\t\t\t\t\t\tv-model=\"query.terms_by_tax.school_type[0]\"\n\t\t\t\t\t\t\t\t\tv-on:change=\"searchAndFilter\"\n\t\t\t\t\t\t\t\t\tclass=\"sr-only\"\n\t\t\t\t\t\t\t\t>\n\t\t\t\t\t\t\t\t<label v-bind:for=\"'sede-'+ school_type.id \">{{ school_type.name.replace('Colegios', '') }}<\/label>\n\t\t\t\t\t\t\t<\/div>\n\t\t\t\t\t\t<\/div>\n\t\t\t\t\t<\/div>\n\t\t\t\t<\/div>\n\t\t\t<\/div>\n\t\t<\/form>\n\t<\/section>\n\t<main>\n\t\t<div class=\"find-scholarships__entries\">\n\t\t\t<div class=\"access-cards\">\n\t\t\t\t<div\n\t\t\t\t\tv-for=\"entry in results\"\n\t\t\t\t\tclass=\"access-card-wrapper\"\n\t\t\t\t\tv-bind:key=\"entry.id\"\n\t\t\t\t>\n\t\t\t\t\t<a\n\t\t\t\t\t\tclass=\"access-card\"\n\t\t\t\t\t\tv-bind:href=\"entry.bookmark\"\n\t\t\t\t\t\tv-bind:data-url=\"entry.bookmark\"\n\t\t\t\t\t\tv-bind:data-bookmark=\"entry.bookmark\"\n\t\t\t\t\t\tv-bind:data-name=\"entry.meta.slug\"\n\t\t\t\t\t\tv-bind:data-id=\"entry.id\"\n\t\t\t\t\t\tv-on:click.prevent=\"triggerEvent( 'scholarship__entry--click', entry, true )\"\n\t\t\t\t\t>\n\t\t\t\t\t\t<h3 class=\"access-card__title\">{{ entry.title }}<\/h3>\n\t\t\t\t\t\t<ul class=\"access-card__list\">\n\t\t\t\t\t\t\t<li v-for=\"school_type in entry.categories.filter( item => item.taxonomy === 'school_type' )\">\n\t\t\t\t\t\t\t\t{{ school_type.name }}\n\t\t\t\t\t\t\t<\/li>\n\t\t\t\t\t\t<\/ul>\n\t\t\t\t\t\t<div class=\"access-card__link\">\n\t\t\t\t\t\t\t<span class=\"access-card__link-text\">M\u00e1s informaci\u00f3n<\/span>\n\t\t\t\t\t\t<\/div>\n\t\t\t\t\t<\/a>\n\t\t\t\t<\/div>\n\t\t\t<\/div>\n\t\t\t<div class=\"scholarships__scolarships-note__wrapper\" v-if=\"scholarships_note\">\n\t\t\t\t<div class=\"scholarships__scolarships-note\" v-html=\"scholarships_note\"><\/div>\n\t\t\t<\/div>\n\t\t<\/div>\n\t<\/main>\n<\/div>\n<script type=\"text\/html\" id=\"tmpl-scolarship-modal\">\n\t<div class=\"scolarship-modal\">\n\t\t<header class=\"scolarship-modal__header\">\n\t\t\t<div class=\"scolarship-modal__bg\">\n\t\t\t\t<# if ( data.cover_image_url ) { #>\n\t\t\t\t\t<img decoding=\"async\" src=\"{{ data.cover_image_url }}\" alt=\"{{ data.title.rendered }}\" class=\"scolarship-modal__image object-cover\">\n\t\t\t\t<# } #>\n\t\t\t<\/div>\n\t\t\t<div class=\"modal-container\">\n\t\t\t\t<h1 class=\"scolarship-modal__title\">{{ data.title.rendered }}<\/h1>\n\t\t\t\t<# if ( data.simulator_button_label ) { #>\n\t\t\t\t<a href=\"https:\/\/simulador.udd.cl\/\" class=\"btn btn-primary scolarship-modal__simulate-link\" target=\"_blank\">{{{ data.simulator_button_label }}}<\/a>\n\t\t\t\t<# } #>\n\t\t\t\t<div class=\"scolarship-modal__header-disclaimer\">\n\t\t\t\t\t{{{ data.career_disclaimer }}}\n\t\t\t\t<\/div>\n\t\t\t<\/div>\n\t\t<\/header>\n\t\t<div class=\"scolarship-modal__content\">\n\t\t\t<div class=\"modal-container text\">\n\t\t\t\t<# if ( data.content.rendered ) { #>\n\t\t\t\t\t{{{ data.content.rendered }}}\n\t\t\t\t<# } #>\n\t\t\t<\/div>\n\t\t<\/div>\n\t<\/div>\n<\/script>\n\n","protected":false},"excerpt":{"rendered":"<p>Conoce las becas para la carrera.<\/p>\n","protected":false},"author":1,"featured_media":0,"parent":5304,"menu_order":30,"comment_status":"open","ping_status":"closed","template":"","meta":{"footnotes":""},"class_list":["post-17","page","type-page","status-publish","hentry"],"yoast_head":"<!-- This site is optimized with the Yoast SEO plugin v26.9 - https:\/\/yoast.com\/product\/yoast-seo-wordpress\/ -->\n<title>Becas Odontolog\u00eda - Facultad de Medicina Cl\u00ednica Alemana UDD<\/title>\n<meta name=\"description\" content=\"Inf\u00f3rmate sobre las alternativas de becas que te ofrece la Facultad de Medicina Cl\u00ednica Alemana Universidad del Desarrollo.\" \/>\n<meta name=\"robots\" content=\"index, follow, max-snippet:-1, max-image-preview:large, max-video-preview:-1\" \/>\n<link rel=\"canonical\" href=\"https:\/\/medicina.udd.cl\/odontologia-santiago\/admision\/becas\/\" \/>\n<meta property=\"og:locale\" content=\"es_ES\" \/>\n<meta property=\"og:type\" content=\"article\" \/>\n<meta property=\"og:title\" content=\"Becas Odontolog\u00eda - Facultad de Medicina Cl\u00ednica Alemana UDD\" \/>\n<meta property=\"og:description\" content=\"Inf\u00f3rmate sobre las alternativas de becas que te ofrece la Facultad de Medicina Cl\u00ednica Alemana Universidad del Desarrollo.\" \/>\n<meta property=\"og:url\" content=\"https:\/\/medicina.udd.cl\/odontologia-santiago\/admision\/becas\/\" \/>\n<meta property=\"og:site_name\" content=\"Odontolog\u00eda\" \/>\n<meta property=\"article:modified_time\" content=\"2025-12-02T14:36:50+00:00\" \/>\n<meta name=\"twitter:label1\" content=\"Tiempo de lectura\" \/>\n\t<meta name=\"twitter:data1\" content=\"1 minuto\" \/>\n<script type=\"application\/ld+json\" class=\"yoast-schema-graph\">{\"@context\":\"https:\/\/schema.org\",\"@graph\":[{\"@type\":\"WebPage\",\"@id\":\"https:\/\/medicina.udd.cl\/odontologia-santiago\/admision\/becas\/\",\"url\":\"https:\/\/medicina.udd.cl\/odontologia-santiago\/admision\/becas\/\",\"name\":\"Becas Odontolog\u00eda - Facultad de Medicina Cl\u00ednica Alemana UDD\",\"isPartOf\":{\"@id\":\"https:\/\/medicina.udd.cl\/odontologia-santiago\/#website\"},\"datePublished\":\"2010-03-31T22:30:07+00:00\",\"dateModified\":\"2025-12-02T14:36:50+00:00\",\"description\":\"Inf\u00f3rmate sobre las alternativas de becas que te ofrece la Facultad de Medicina Cl\u00ednica Alemana Universidad del Desarrollo.\",\"breadcrumb\":{\"@id\":\"https:\/\/medicina.udd.cl\/odontologia-santiago\/admision\/becas\/#breadcrumb\"},\"inLanguage\":\"es\",\"potentialAction\":[{\"@type\":\"ReadAction\",\"target\":[\"https:\/\/medicina.udd.cl\/odontologia-santiago\/admision\/becas\/\"]}]},{\"@type\":\"BreadcrumbList\",\"@id\":\"https:\/\/medicina.udd.cl\/odontologia-santiago\/admision\/becas\/#breadcrumb\",\"itemListElement\":[{\"@type\":\"ListItem\",\"position\":1,\"name\":\"Home\",\"item\":\"https:\/\/medicina.udd.cl\/odontologia-santiago\/\"},{\"@type\":\"ListItem\",\"position\":2,\"name\":\"Admisi\u00f3n\",\"item\":\"https:\/\/medicina.udd.cl\/odontologia-santiago\/admision\/\"},{\"@type\":\"ListItem\",\"position\":3,\"name\":\"Becas\"}]},{\"@type\":\"WebSite\",\"@id\":\"https:\/\/medicina.udd.cl\/odontologia-santiago\/#website\",\"url\":\"https:\/\/medicina.udd.cl\/odontologia-santiago\/\",\"name\":\"Odontolog\u00eda\",\"description\":\"Facultad de Medicina Cl\u00ednica Alemana Universidad del Desarrollo\",\"inLanguage\":\"es\"}]}<\/script>\n<!-- \/ Yoast SEO plugin. -->","yoast_head_json":{"title":"Becas Odontolog\u00eda - Facultad de Medicina Cl\u00ednica Alemana UDD","description":"Inf\u00f3rmate sobre las alternativas de becas que te ofrece la Facultad de Medicina Cl\u00ednica Alemana Universidad del Desarrollo.","robots":{"index":"index","follow":"follow","max-snippet":"max-snippet:-1","max-image-preview":"max-image-preview:large","max-video-preview":"max-video-preview:-1"},"canonical":"https:\/\/medicina.udd.cl\/odontologia-santiago\/admision\/becas\/","og_locale":"es_ES","og_type":"article","og_title":"Becas Odontolog\u00eda - Facultad de Medicina Cl\u00ednica Alemana UDD","og_description":"Inf\u00f3rmate sobre las alternativas de becas que te ofrece la Facultad de Medicina Cl\u00ednica Alemana Universidad del Desarrollo.","og_url":"https:\/\/medicina.udd.cl\/odontologia-santiago\/admision\/becas\/","og_site_name":"Odontolog\u00eda","article_modified_time":"2025-12-02T14:36:50+00:00","twitter_misc":{"Tiempo de lectura":"1 minuto"},"schema":{"@context":"https:\/\/schema.org","@graph":[{"@type":"WebPage","@id":"https:\/\/medicina.udd.cl\/odontologia-santiago\/admision\/becas\/","url":"https:\/\/medicina.udd.cl\/odontologia-santiago\/admision\/becas\/","name":"Becas Odontolog\u00eda - Facultad de Medicina Cl\u00ednica Alemana UDD","isPartOf":{"@id":"https:\/\/medicina.udd.cl\/odontologia-santiago\/#website"},"datePublished":"2010-03-31T22:30:07+00:00","dateModified":"2025-12-02T14:36:50+00:00","description":"Inf\u00f3rmate sobre las alternativas de becas que te ofrece la Facultad de Medicina Cl\u00ednica Alemana Universidad del Desarrollo.","breadcrumb":{"@id":"https:\/\/medicina.udd.cl\/odontologia-santiago\/admision\/becas\/#breadcrumb"},"inLanguage":"es","potentialAction":[{"@type":"ReadAction","target":["https:\/\/medicina.udd.cl\/odontologia-santiago\/admision\/becas\/"]}]},{"@type":"BreadcrumbList","@id":"https:\/\/medicina.udd.cl\/odontologia-santiago\/admision\/becas\/#breadcrumb","itemListElement":[{"@type":"ListItem","position":1,"name":"Home","item":"https:\/\/medicina.udd.cl\/odontologia-santiago\/"},{"@type":"ListItem","position":2,"name":"Admisi\u00f3n","item":"https:\/\/medicina.udd.cl\/odontologia-santiago\/admision\/"},{"@type":"ListItem","position":3,"name":"Becas"}]},{"@type":"WebSite","@id":"https:\/\/medicina.udd.cl\/odontologia-santiago\/#website","url":"https:\/\/medicina.udd.cl\/odontologia-santiago\/","name":"Odontolog\u00eda","description":"Facultad de Medicina Cl\u00ednica Alemana Universidad del Desarrollo","inLanguage":"es"}]}},"_links":{"self":[{"href":"https:\/\/medicina.udd.cl\/odontologia-santiago\/wp-json\/wp\/v2\/pages\/17","targetHints":{"allow":["GET"]}}],"collection":[{"href":"https:\/\/medicina.udd.cl\/odontologia-santiago\/wp-json\/wp\/v2\/pages"}],"about":[{"href":"https:\/\/medicina.udd.cl\/odontologia-santiago\/wp-json\/wp\/v2\/types\/page"}],"author":[{"embeddable":true,"href":"https:\/\/medicina.udd.cl\/odontologia-santiago\/wp-json\/wp\/v2\/users\/1"}],"replies":[{"embeddable":true,"href":"https:\/\/medicina.udd.cl\/odontologia-santiago\/wp-json\/wp\/v2\/comments?post=17"}],"version-history":[{"count":20,"href":"https:\/\/medicina.udd.cl\/odontologia-santiago\/wp-json\/wp\/v2\/pages\/17\/revisions"}],"predecessor-version":[{"id":9137,"href":"https:\/\/medicina.udd.cl\/odontologia-santiago\/wp-json\/wp\/v2\/pages\/17\/revisions\/9137"}],"up":[{"embeddable":true,"href":"https:\/\/medicina.udd.cl\/odontologia-santiago\/wp-json\/wp\/v2\/pages\/5304"}],"wp:attachment":[{"href":"https:\/\/medicina.udd.cl\/odontologia-santiago\/wp-json\/wp\/v2\/media?parent=17"}],"curies":[{"name":"wp","href":"https:\/\/api.w.org\/{rel}","templated":true}]}}