{"id":2117,"date":"2014-03-27T14:18:49","date_gmt":"2014-03-27T18:18:49","guid":{"rendered":"http:\/\/medicina.udd.cl\/odontologia-santiago\/?page_id=2117"},"modified":"2014-04-14T10:19:40","modified_gmt":"2014-04-14T14:19:40","slug":"quieres-ser-odontologo-por-un-dia","status":"publish","type":"page","link":"https:\/\/medicina.udd.cl\/odontologia-santiago\/quieres-ser-odontologo-por-un-dia\/","title":{"rendered":"\u00bfQuieres ser odont\u00f3logo por un d\u00eda?"},"content":{"rendered":"<p>Si eres estudiante de 4to medio y te interesa el \u00e1rea de la Salud, visita la Cl\u00ednica UDD en La Florida.<\/p>\n<h3>\u00bfQu\u00e9 har\u00e1s?<\/h3>\n<p>Podr\u00e1s participar en el trabajo cl\u00ednico de nuestros profesores, estudiantes y pacientes.<\/p>\n<h3>\u00bfCu\u00e1ndo?<\/h3>\n<p>Los primeros jueves de cada mes, a partir de junio.<\/p>\n<h3>\u00bfA qu\u00e9 hora?<\/h3>\n<p>Programamos horarios en la ma\u00f1ana y en la tarde.<\/p>\n<h4>Completa el formulario de inscripci\u00f3n <a href=\"http:\/\/crmadmision.udd.cl\/formulario_alumno_web_odontologia\/\">AQU\u00cd<\/a>.<\/h4>\n<h4>\u00a1Te esperamos!<\/h4>\n<p>&nbsp;<\/p>\n","protected":false},"excerpt":{"rendered":"<p>Si eres estudiante de 4to medio y te interesa el \u00e1rea de la Salud, visita la Cl\u00ednica UDD en La Florida. \u00bfQu\u00e9 har\u00e1s? Podr\u00e1s participar en el trabajo cl\u00ednico de nuestros profesores, estudiantes y pacientes. \u00bfCu\u00e1ndo? Los primeros jueves de cada mes, a partir de junio. \u00bfA qu\u00e9 hora? Programamos horarios en la ma\u00f1ana y [&hellip;]<\/p>\n","protected":false},"author":40,"featured_media":2160,"parent":0,"menu_order":0,"comment_status":"open","ping_status":"closed","template":"","meta":{"footnotes":""},"class_list":["post-2117","page","type-page","status-publish","has-post-thumbnail","hentry"],"yoast_head":"<!-- This site is optimized with the Yoast SEO plugin v26.9 - https:\/\/yoast.com\/product\/yoast-seo-wordpress\/ -->\n<title>\u00bfQuieres ser odont\u00f3logo por un d\u00eda? - Odontolog\u00eda (Santiago) UDD<\/title>\n<meta name=\"description\" content=\"Si eres estudiante de 4to medio y te interesa el \u00e1rea de la Salud, inscr\u00edbete y visita nuestra Cl\u00ednica UDD en La Florida.\" \/>\n<meta name=\"robots\" content=\"index, follow, max-snippet:-1, max-image-preview:large, max-video-preview:-1\" \/>\n<link rel=\"canonical\" href=\"https:\/\/medicina.udd.cl\/odontologia-santiago\/quieres-ser-odontologo-por-un-dia\/\" \/>\n<meta property=\"og:locale\" content=\"es_ES\" \/>\n<meta property=\"og:type\" content=\"article\" \/>\n<meta property=\"og:title\" content=\"\u00bfQuieres ser odont\u00f3logo por un d\u00eda? - Odontolog\u00eda (Santiago) UDD\" \/>\n<meta property=\"og:description\" content=\"Si eres estudiante de 4to medio y te interesa el \u00e1rea de la Salud, inscr\u00edbete y visita nuestra Cl\u00ednica UDD en La Florida.\" \/>\n<meta property=\"og:url\" content=\"https:\/\/medicina.udd.cl\/odontologia-santiago\/quieres-ser-odontologo-por-un-dia\/\" \/>\n<meta property=\"og:site_name\" content=\"Odontolog\u00eda\" \/>\n<meta property=\"article:modified_time\" content=\"2014-04-14T14:19:40+00:00\" \/>\n<meta property=\"og:image\" content=\"https:\/\/medicina.udd.cl\/odontologia-santiago\/files\/2014\/03\/DSC_08597.jpg\" \/>\n\t<meta property=\"og:image:width\" content=\"1000\" \/>\n\t<meta property=\"og:image:height\" content=\"385\" \/>\n\t<meta property=\"og:image:type\" content=\"image\/jpeg\" \/>\n<script type=\"application\/ld+json\" class=\"yoast-schema-graph\">{\"@context\":\"https:\/\/schema.org\",\"@graph\":[{\"@type\":\"WebPage\",\"@id\":\"https:\/\/medicina.udd.cl\/odontologia-santiago\/quieres-ser-odontologo-por-un-dia\/\",\"url\":\"https:\/\/medicina.udd.cl\/odontologia-santiago\/quieres-ser-odontologo-por-un-dia\/\",\"name\":\"\u00bfQuieres ser odont\u00f3logo por un d\u00eda? - Odontolog\u00eda (Santiago) UDD\",\"isPartOf\":{\"@id\":\"https:\/\/medicina.udd.cl\/odontologia-santiago\/#website\"},\"primaryImageOfPage\":{\"@id\":\"https:\/\/medicina.udd.cl\/odontologia-santiago\/quieres-ser-odontologo-por-un-dia\/#primaryimage\"},\"image\":{\"@id\":\"https:\/\/medicina.udd.cl\/odontologia-santiago\/quieres-ser-odontologo-por-un-dia\/#primaryimage\"},\"thumbnailUrl\":\"https:\/\/medicina.udd.cl\/odontologia-santiago\/files\/2014\/03\/DSC_08597.jpg\",\"datePublished\":\"2014-03-27T18:18:49+00:00\",\"dateModified\":\"2014-04-14T14:19:40+00:00\",\"description\":\"Si eres estudiante de 4to medio y te interesa el \u00e1rea de la Salud, inscr\u00edbete y visita nuestra Cl\u00ednica UDD en La Florida.\",\"breadcrumb\":{\"@id\":\"https:\/\/medicina.udd.cl\/odontologia-santiago\/quieres-ser-odontologo-por-un-dia\/#breadcrumb\"},\"inLanguage\":\"es\",\"potentialAction\":[{\"@type\":\"ReadAction\",\"target\":[\"https:\/\/medicina.udd.cl\/odontologia-santiago\/quieres-ser-odontologo-por-un-dia\/\"]}]},{\"@type\":\"ImageObject\",\"inLanguage\":\"es\",\"@id\":\"https:\/\/medicina.udd.cl\/odontologia-santiago\/quieres-ser-odontologo-por-un-dia\/#primaryimage\",\"url\":\"https:\/\/medicina.udd.cl\/odontologia-santiago\/files\/2014\/03\/DSC_08597.jpg\",\"contentUrl\":\"https:\/\/medicina.udd.cl\/odontologia-santiago\/files\/2014\/03\/DSC_08597.jpg\",\"width\":1000,\"height\":385},{\"@type\":\"BreadcrumbList\",\"@id\":\"https:\/\/medicina.udd.cl\/odontologia-santiago\/quieres-ser-odontologo-por-un-dia\/#breadcrumb\",\"itemListElement\":[{\"@type\":\"ListItem\",\"position\":1,\"name\":\"Home\",\"item\":\"https:\/\/medicina.udd.cl\/odontologia-santiago\/\"},{\"@type\":\"ListItem\",\"position\":2,\"name\":\"\u00bfQuieres ser odont\u00f3logo por un d\u00eda?\"}]},{\"@type\":\"WebSite\",\"@id\":\"https:\/\/medicina.udd.cl\/odontologia-santiago\/#website\",\"url\":\"https:\/\/medicina.udd.cl\/odontologia-santiago\/\",\"name\":\"Odontolog\u00eda\",\"description\":\"Facultad de Medicina Cl\u00ednica Alemana Universidad del Desarrollo\",\"inLanguage\":\"es\"}]}<\/script>\n<!-- \/ Yoast SEO plugin. -->","yoast_head_json":{"title":"\u00bfQuieres ser odont\u00f3logo por un d\u00eda? - Odontolog\u00eda (Santiago) UDD","description":"Si eres estudiante de 4to medio y te interesa el \u00e1rea de la Salud, inscr\u00edbete y visita nuestra Cl\u00ednica UDD en La Florida.","robots":{"index":"index","follow":"follow","max-snippet":"max-snippet:-1","max-image-preview":"max-image-preview:large","max-video-preview":"max-video-preview:-1"},"canonical":"https:\/\/medicina.udd.cl\/odontologia-santiago\/quieres-ser-odontologo-por-un-dia\/","og_locale":"es_ES","og_type":"article","og_title":"\u00bfQuieres ser odont\u00f3logo por un d\u00eda? - Odontolog\u00eda (Santiago) UDD","og_description":"Si eres estudiante de 4to medio y te interesa el \u00e1rea de la Salud, inscr\u00edbete y visita nuestra Cl\u00ednica UDD en La Florida.","og_url":"https:\/\/medicina.udd.cl\/odontologia-santiago\/quieres-ser-odontologo-por-un-dia\/","og_site_name":"Odontolog\u00eda","article_modified_time":"2014-04-14T14:19:40+00:00","og_image":[{"width":1000,"height":385,"url":"https:\/\/medicina.udd.cl\/odontologia-santiago\/files\/2014\/03\/DSC_08597.jpg","type":"image\/jpeg"}],"schema":{"@context":"https:\/\/schema.org","@graph":[{"@type":"WebPage","@id":"https:\/\/medicina.udd.cl\/odontologia-santiago\/quieres-ser-odontologo-por-un-dia\/","url":"https:\/\/medicina.udd.cl\/odontologia-santiago\/quieres-ser-odontologo-por-un-dia\/","name":"\u00bfQuieres ser odont\u00f3logo por un d\u00eda? - Odontolog\u00eda (Santiago) UDD","isPartOf":{"@id":"https:\/\/medicina.udd.cl\/odontologia-santiago\/#website"},"primaryImageOfPage":{"@id":"https:\/\/medicina.udd.cl\/odontologia-santiago\/quieres-ser-odontologo-por-un-dia\/#primaryimage"},"image":{"@id":"https:\/\/medicina.udd.cl\/odontologia-santiago\/quieres-ser-odontologo-por-un-dia\/#primaryimage"},"thumbnailUrl":"https:\/\/medicina.udd.cl\/odontologia-santiago\/files\/2014\/03\/DSC_08597.jpg","datePublished":"2014-03-27T18:18:49+00:00","dateModified":"2014-04-14T14:19:40+00:00","description":"Si eres estudiante de 4to medio y te interesa el \u00e1rea de la Salud, inscr\u00edbete y visita nuestra Cl\u00ednica UDD en La Florida.","breadcrumb":{"@id":"https:\/\/medicina.udd.cl\/odontologia-santiago\/quieres-ser-odontologo-por-un-dia\/#breadcrumb"},"inLanguage":"es","potentialAction":[{"@type":"ReadAction","target":["https:\/\/medicina.udd.cl\/odontologia-santiago\/quieres-ser-odontologo-por-un-dia\/"]}]},{"@type":"ImageObject","inLanguage":"es","@id":"https:\/\/medicina.udd.cl\/odontologia-santiago\/quieres-ser-odontologo-por-un-dia\/#primaryimage","url":"https:\/\/medicina.udd.cl\/odontologia-santiago\/files\/2014\/03\/DSC_08597.jpg","contentUrl":"https:\/\/medicina.udd.cl\/odontologia-santiago\/files\/2014\/03\/DSC_08597.jpg","width":1000,"height":385},{"@type":"BreadcrumbList","@id":"https:\/\/medicina.udd.cl\/odontologia-santiago\/quieres-ser-odontologo-por-un-dia\/#breadcrumb","itemListElement":[{"@type":"ListItem","position":1,"name":"Home","item":"https:\/\/medicina.udd.cl\/odontologia-santiago\/"},{"@type":"ListItem","position":2,"name":"\u00bfQuieres ser odont\u00f3logo por un d\u00eda?"}]},{"@type":"WebSite","@id":"https:\/\/medicina.udd.cl\/odontologia-santiago\/#website","url":"https:\/\/medicina.udd.cl\/odontologia-santiago\/","name":"Odontolog\u00eda","description":"Facultad de Medicina Cl\u00ednica Alemana Universidad del Desarrollo","inLanguage":"es"}]}},"_links":{"self":[{"href":"https:\/\/medicina.udd.cl\/odontologia-santiago\/wp-json\/wp\/v2\/pages\/2117","targetHints":{"allow":["GET"]}}],"collection":[{"href":"https:\/\/medicina.udd.cl\/odontologia-santiago\/wp-json\/wp\/v2\/pages"}],"about":[{"href":"https:\/\/medicina.udd.cl\/odontologia-santiago\/wp-json\/wp\/v2\/types\/page"}],"author":[{"embeddable":true,"href":"https:\/\/medicina.udd.cl\/odontologia-santiago\/wp-json\/wp\/v2\/users\/40"}],"replies":[{"embeddable":true,"href":"https:\/\/medicina.udd.cl\/odontologia-santiago\/wp-json\/wp\/v2\/comments?post=2117"}],"version-history":[{"count":51,"href":"https:\/\/medicina.udd.cl\/odontologia-santiago\/wp-json\/wp\/v2\/pages\/2117\/revisions"}],"predecessor-version":[{"id":2143,"href":"https:\/\/medicina.udd.cl\/odontologia-santiago\/wp-json\/wp\/v2\/pages\/2117\/revisions\/2143"}],"wp:featuredmedia":[{"embeddable":true,"href":"https:\/\/medicina.udd.cl\/odontologia-santiago\/wp-json\/wp\/v2\/media\/2160"}],"wp:attachment":[{"href":"https:\/\/medicina.udd.cl\/odontologia-santiago\/wp-json\/wp\/v2\/media?parent=2117"}],"curies":[{"name":"wp","href":"https:\/\/api.w.org\/{rel}","templated":true}]}}