{"id":2190,"date":"2014-04-11T16:07:58","date_gmt":"2014-04-11T20:07:58","guid":{"rendered":"http:\/\/medicina.udd.cl\/odontologia-santiago\/?page_id=2190"},"modified":"2014-04-11T16:07:58","modified_gmt":"2014-04-11T20:07:58","slug":"confirmacion-odontologo-por-un-dia","status":"publish","type":"page","link":"https:\/\/medicina.udd.cl\/odontologia-santiago\/confirmacion-odontologo-por-un-dia\/","title":{"rendered":"Confirmaci\u00f3n &#8211; Odont\u00f3logo por un d\u00eda"},"content":{"rendered":"<p>Gracias! pronto nos pondremos en contacto contigo.<\/p>\n","protected":false},"excerpt":{"rendered":"<p>Gracias! pronto nos pondremos en contacto contigo.<\/p>\n","protected":false},"author":1,"featured_media":0,"parent":0,"menu_order":0,"comment_status":"open","ping_status":"open","template":"","meta":{"footnotes":""},"class_list":["post-2190","page","type-page","status-publish","hentry"],"yoast_head":"<!-- This site is optimized with the Yoast SEO plugin v26.9 - https:\/\/yoast.com\/product\/yoast-seo-wordpress\/ -->\n<title>Confirmaci\u00f3n - Odont\u00f3logo por un d\u00eda - Odontolog\u00eda<\/title>\n<meta name=\"robots\" content=\"index, follow, max-snippet:-1, max-image-preview:large, max-video-preview:-1\" \/>\n<link rel=\"canonical\" href=\"https:\/\/medicina.udd.cl\/odontologia-santiago\/confirmacion-odontologo-por-un-dia\/\" \/>\n<meta property=\"og:locale\" content=\"es_ES\" \/>\n<meta property=\"og:type\" content=\"article\" \/>\n<meta property=\"og:title\" content=\"Confirmaci\u00f3n - Odont\u00f3logo por un d\u00eda - Odontolog\u00eda\" \/>\n<meta property=\"og:description\" content=\"Gracias! pronto nos pondremos en contacto contigo.\" \/>\n<meta property=\"og:url\" content=\"https:\/\/medicina.udd.cl\/odontologia-santiago\/confirmacion-odontologo-por-un-dia\/\" \/>\n<meta property=\"og:site_name\" content=\"Odontolog\u00eda\" \/>\n<script type=\"application\/ld+json\" class=\"yoast-schema-graph\">{\"@context\":\"https:\/\/schema.org\",\"@graph\":[{\"@type\":\"WebPage\",\"@id\":\"https:\/\/medicina.udd.cl\/odontologia-santiago\/confirmacion-odontologo-por-un-dia\/\",\"url\":\"https:\/\/medicina.udd.cl\/odontologia-santiago\/confirmacion-odontologo-por-un-dia\/\",\"name\":\"Confirmaci\u00f3n - Odont\u00f3logo por un d\u00eda - Odontolog\u00eda\",\"isPartOf\":{\"@id\":\"https:\/\/medicina.udd.cl\/odontologia-santiago\/#website\"},\"datePublished\":\"2014-04-11T20:07:58+00:00\",\"breadcrumb\":{\"@id\":\"https:\/\/medicina.udd.cl\/odontologia-santiago\/confirmacion-odontologo-por-un-dia\/#breadcrumb\"},\"inLanguage\":\"es\",\"potentialAction\":[{\"@type\":\"ReadAction\",\"target\":[\"https:\/\/medicina.udd.cl\/odontologia-santiago\/confirmacion-odontologo-por-un-dia\/\"]}]},{\"@type\":\"BreadcrumbList\",\"@id\":\"https:\/\/medicina.udd.cl\/odontologia-santiago\/confirmacion-odontologo-por-un-dia\/#breadcrumb\",\"itemListElement\":[{\"@type\":\"ListItem\",\"position\":1,\"name\":\"Home\",\"item\":\"https:\/\/medicina.udd.cl\/odontologia-santiago\/\"},{\"@type\":\"ListItem\",\"position\":2,\"name\":\"Confirmaci\u00f3n &#8211; Odont\u00f3logo por un d\u00eda\"}]},{\"@type\":\"WebSite\",\"@id\":\"https:\/\/medicina.udd.cl\/odontologia-santiago\/#website\",\"url\":\"https:\/\/medicina.udd.cl\/odontologia-santiago\/\",\"name\":\"Odontolog\u00eda\",\"description\":\"Facultad de Medicina Cl\u00ednica Alemana Universidad del Desarrollo\",\"inLanguage\":\"es\"}]}<\/script>\n<!-- \/ Yoast SEO plugin. -->","yoast_head_json":{"title":"Confirmaci\u00f3n - Odont\u00f3logo por un d\u00eda - Odontolog\u00eda","robots":{"index":"index","follow":"follow","max-snippet":"max-snippet:-1","max-image-preview":"max-image-preview:large","max-video-preview":"max-video-preview:-1"},"canonical":"https:\/\/medicina.udd.cl\/odontologia-santiago\/confirmacion-odontologo-por-un-dia\/","og_locale":"es_ES","og_type":"article","og_title":"Confirmaci\u00f3n - Odont\u00f3logo por un d\u00eda - Odontolog\u00eda","og_description":"Gracias! pronto nos pondremos en contacto contigo.","og_url":"https:\/\/medicina.udd.cl\/odontologia-santiago\/confirmacion-odontologo-por-un-dia\/","og_site_name":"Odontolog\u00eda","schema":{"@context":"https:\/\/schema.org","@graph":[{"@type":"WebPage","@id":"https:\/\/medicina.udd.cl\/odontologia-santiago\/confirmacion-odontologo-por-un-dia\/","url":"https:\/\/medicina.udd.cl\/odontologia-santiago\/confirmacion-odontologo-por-un-dia\/","name":"Confirmaci\u00f3n - Odont\u00f3logo por un d\u00eda - Odontolog\u00eda","isPartOf":{"@id":"https:\/\/medicina.udd.cl\/odontologia-santiago\/#website"},"datePublished":"2014-04-11T20:07:58+00:00","breadcrumb":{"@id":"https:\/\/medicina.udd.cl\/odontologia-santiago\/confirmacion-odontologo-por-un-dia\/#breadcrumb"},"inLanguage":"es","potentialAction":[{"@type":"ReadAction","target":["https:\/\/medicina.udd.cl\/odontologia-santiago\/confirmacion-odontologo-por-un-dia\/"]}]},{"@type":"BreadcrumbList","@id":"https:\/\/medicina.udd.cl\/odontologia-santiago\/confirmacion-odontologo-por-un-dia\/#breadcrumb","itemListElement":[{"@type":"ListItem","position":1,"name":"Home","item":"https:\/\/medicina.udd.cl\/odontologia-santiago\/"},{"@type":"ListItem","position":2,"name":"Confirmaci\u00f3n &#8211; Odont\u00f3logo por un d\u00eda"}]},{"@type":"WebSite","@id":"https:\/\/medicina.udd.cl\/odontologia-santiago\/#website","url":"https:\/\/medicina.udd.cl\/odontologia-santiago\/","name":"Odontolog\u00eda","description":"Facultad de Medicina Cl\u00ednica Alemana Universidad del Desarrollo","inLanguage":"es"}]}},"_links":{"self":[{"href":"https:\/\/medicina.udd.cl\/odontologia-santiago\/wp-json\/wp\/v2\/pages\/2190","targetHints":{"allow":["GET"]}}],"collection":[{"href":"https:\/\/medicina.udd.cl\/odontologia-santiago\/wp-json\/wp\/v2\/pages"}],"about":[{"href":"https:\/\/medicina.udd.cl\/odontologia-santiago\/wp-json\/wp\/v2\/types\/page"}],"author":[{"embeddable":true,"href":"https:\/\/medicina.udd.cl\/odontologia-santiago\/wp-json\/wp\/v2\/users\/1"}],"replies":[{"embeddable":true,"href":"https:\/\/medicina.udd.cl\/odontologia-santiago\/wp-json\/wp\/v2\/comments?post=2190"}],"version-history":[{"count":2,"href":"https:\/\/medicina.udd.cl\/odontologia-santiago\/wp-json\/wp\/v2\/pages\/2190\/revisions"}],"predecessor-version":[{"id":2192,"href":"https:\/\/medicina.udd.cl\/odontologia-santiago\/wp-json\/wp\/v2\/pages\/2190\/revisions\/2192"}],"wp:attachment":[{"href":"https:\/\/medicina.udd.cl\/odontologia-santiago\/wp-json\/wp\/v2\/media?parent=2190"}],"curies":[{"name":"wp","href":"https:\/\/api.w.org\/{rel}","templated":true}]}}